{"id":220,"date":"2026-01-14T12:40:02","date_gmt":"2026-01-14T12:40:02","guid":{"rendered":"https:\/\/vigo-rio.com\/?post_type=product&#038;p=220"},"modified":"2026-02-20T08:20:33","modified_gmt":"2026-02-20T08:20:33","slug":"fc-10-healthy-joints","status":"publish","type":"product","link":"https:\/\/vigo-rio.com\/en\/product\/fc-10-healthy-joints\/","title":{"rendered":"FC Gesunde Gelenke\/ Healthy Joints"},"content":{"rendered":"<p><strong>Kolzov-Platte\u00a0&#8222;Nr.10 &#8211; Gesunde Gelenke&#8220;<\/strong><\/p>\n<p><strong>&#8211; neueste Version mit 8-Elementen (8 enthaltenen Energiespeicher-Chips)<\/strong><\/p>\n<p><em>Die Aussagen beziehen sich auf alternative Testmethoden wie Meridianenergie-Messungen der Organfunktionskreisl\u00e4ufe nach TCM, Kirlian-Fotografie (EPG\/GDV-Kamera), Oberon, Amsat o.\u00e4. durch den Hersteller &#8222;Planet der Regionen&#8220; und stellen keine medizinische oder auf den physischen K\u00f6rper und dessen Organe bezogenen Aussage im Sinne der westlichen Schulmedizin dar.<br \/>\n<\/em><\/p>\n<p><strong>Die Platte ist in diesem Sinne vor allem geeignet f\u00fcr:<\/strong><\/p>\n<p>Platte Nr.10 ist f\u00fcr die Regulierung der Funktionen der R\u00fcckenmarksfl\u00fcssigkeit, der Gelenkfl\u00fcssigkeit, die Wiederherstellung der Funktionen der Geweberegeneration bestimmt. Enthalten sind Informationen gegen verschiedene Entz\u00fcndungsprozesse, die mit den Gelenken in Zusammenhang stehen. Darunter sind die Schwingungen von Mineralen wie Rosenquarz, T\u00fcrkis, Achat, Bergkristall und von Pflanzen wie Ackerschachtelhalm, Luzerne und Helmkraut. Ebenfalls enthalten sind die kosmo-energetischen Kan\u00e4le \u201eFarun Buddha\u201c, dieser erm\u00f6glicht die bessere Zirkulation der Chakras, die Wiederherstellung der Aura und befreit aus Grenzsituationen wie einem Ohnmachtsanfall; die Kan\u00e4le Firast und Schaon, welche das Verbrennen negativer Programme erm\u00f6glichen, die Abf\u00fchrung von Toxinen und \u00fcberfl\u00fcssigen Salzen und Grie\u00df aufl\u00f6sen und abf\u00fchren Grie\u00df; sowie der Kanal \u201eHeiliger Buddha\u201c, welcher die Magen- und Gelenkfunktionen wieder herstellt.<\/p>\n<p>TIPP: Die Platte Nr.10 passt beispielsweise auch sehr gut als gemeinsame Anwendung mit den blauen Platten Nr.2 und Nr.8 und\/oder der gr\u00fcnen Themen-Platte &#8222;Heilung 1&#8220; und\/oder den goldenen Nr.17, 18 und\/oder 21.<\/p>\n<p>ZUR BEACHTUNG: Die Aktivierungszeit von Wasser auf der Platte betr\u00e4gt mindestens 15 Sekunden<\/p>\n<p><em><u>Ergebnis im LIFE-TEST:<\/u>\u00a0Die Kolzov-Platte &#8222;Nr.10 &#8211; Gesunde Gelenke&#8220; hat ein neutrales Energiefeld mit 40 000 Bovis. Damit aktiviert sie das Herz- und das Solarplexus-Chakra auf 40 000 Bovis. Wurzel- und Blase-\/Sexual-Chakra steigen auf 28 000 Bovis, das Hals-Chakra auf 21 000 Bovis und Kronen- und Stirn-Chakra verdoppeln noch ihre Energie auf 14 000 Bovis. Durch die Aufladung der Chakras w\u00e4chst der bioenergetische Reaktionsabstand von zirka 75 Zentimetern um den K\u00f6rper auf 1,20 Meter.<br \/>\n<\/em><\/p>\n<p><em><strong>Wichtiger Hinweis:<br \/>\nWir weisen ausdr\u00fccklich darauf hin, dass die Kolzov-Platte (russische Bezeichnung: &#8222;Korrektoren des funktionalen Zustands&#8220;) ein alternatives Energie- und Informationsprodukt ist und kein Heilmittel im Sinne der westlichen Schulmedizin. Vielmehr ist es ein rein energetisches Hilfsmittel zur ganzheitlichen Balancierung von energetischen Disharmonien und Blockaden. Informationen \u00fcber Qualit\u00e4t und Eigenschaften des Energieobjekts beziehen sich auf Aussagen des russischen Herstellers und alternativen Theorien zu Mensch und Umwelt, auf alternative Anschauungen und esoterische \u00dcberlieferungen oder Aussagen. Sie gelten nur im Sinne der esoterischen Lebensphilosophie und daran angelehnte Alternativheilkunde. Wirkungen im Sinne westlicher Wissenschaft oder Medizin werden hier nicht behauptet.<\/strong><\/em><\/p>","protected":false},"excerpt":{"rendered":"<p>Stimuliert die Regenerationsprozesse der Gelenke und f\u00f6rdert die Durchblutung. Erh\u00f6ht die Anpassungsf\u00e4higkeit der Gelenke an k\u00f6rperliche Belastungen.<\/p>","protected":false},"featured_media":1689,"comment_status":"open","ping_status":"closed","template":"","meta":[],"product_brand":[],"product_cat":[28],"product_tag":[],"class_list":{"0":"post-220","1":"product","2":"type-product","3":"status-publish","4":"has-post-thumbnail","6":"product_cat-purple-series","8":"first","9":"instock","10":"sale","11":"taxable","12":"shipping-taxable","13":"purchasable","14":"product-type-variable"},"_links":{"self":[{"href":"https:\/\/vigo-rio.com\/en\/wp-json\/wp\/v2\/product\/220","targetHints":{"allow":["GET"]}}],"collection":[{"href":"https:\/\/vigo-rio.com\/en\/wp-json\/wp\/v2\/product"}],"about":[{"href":"https:\/\/vigo-rio.com\/en\/wp-json\/wp\/v2\/types\/product"}],"replies":[{"embeddable":true,"href":"https:\/\/vigo-rio.com\/en\/wp-json\/wp\/v2\/comments?post=220"}],"wp:featuredmedia":[{"embeddable":true,"href":"https:\/\/vigo-rio.com\/en\/wp-json\/wp\/v2\/media\/1689"}],"wp:attachment":[{"href":"https:\/\/vigo-rio.com\/en\/wp-json\/wp\/v2\/media?parent=220"}],"wp:term":[{"taxonomy":"product_brand","embeddable":true,"href":"https:\/\/vigo-rio.com\/en\/wp-json\/wp\/v2\/product_brand?post=220"},{"taxonomy":"product_cat","embeddable":true,"href":"https:\/\/vigo-rio.com\/en\/wp-json\/wp\/v2\/product_cat?post=220"},{"taxonomy":"product_tag","embeddable":true,"href":"https:\/\/vigo-rio.com\/en\/wp-json\/wp\/v2\/product_tag?post=220"}],"curies":[{"name":"wp","href":"https:\/\/api.w.org\/{rel}","templated":true}]}}