{"id":2193,"date":"2026-01-19T22:37:06","date_gmt":"2026-01-19T22:37:06","guid":{"rendered":"https:\/\/vigo-rio.com\/?post_type=product&#038;p=2193"},"modified":"2026-02-04T19:49:25","modified_gmt":"2026-02-04T19:49:25","slug":"fc-12-secret-of-the-wise-man","status":"publish","type":"product","link":"https:\/\/vigo-rio.com\/en\/product\/fc-12-secret-of-the-wise-man\/","title":{"rendered":"FC Geheimnis des Weisen \/ Secret of the Wise Man"},"content":{"rendered":"<p><strong>Kolzov-Platte: &#8222;Geheimnis des Weisen&#8220;\u00a0&#8211; (Anti-Aging, Verlangsamung der Alterungsprozesse, Hautverj\u00fcngung, Verbesserung der Zellerneuerung)<\/strong><br \/>\n<em><br \/>\n<\/em><\/p>\n<p><em>Die Platte tr\u00e4gt die russische Aufschrift &#8222;\u0422\u0410\u0419\u041d\u0410 \u041c\u0423\u0414\u0420\u0415\u0426\u0410&#8220;<\/em><\/p>\n<p>Die Platte &#8222;Geheimnis des Weisen&#8220; wurden zur St\u00e4rkung der Zellerneuerung, f\u00fcr Anti-Aging und besseren Resistenz gegen\u00fcber Stress und Krankheiten entwickelt.<\/p>\n<p><em>Die Aussagen beziehen sich auf alternative Testmethoden wie Meridianenergie-Messungen der Organfunktionskreisl\u00e4ufe nach TCM, Kirlian-Fotografie (EPG\/GDV-Kamera), Oberon, Amsat o.\u00e4. durch den Hersteller &#8222;Planet der Regionen&#8220; und stellen keine medizinische oder auf den physischen K\u00f6rper und dessen Organe bezogenen Aussage im Sinne der westlichen Schulmedizin dar.<\/em><\/p>\n<p><strong>Die Platte ist in diesem Sinne vor allem geeignet f\u00fcr:<\/strong><\/p>\n<ul>\n<li>die Platte erh\u00f6ht das bioenergetische Niveau der Zellen und tr\u00e4gt energetisch zur gesunden Erneuerung der Gewebe und Harmonisierung der K\u00f6rperfunktionen auf all seinen Ebenen bei,<\/li>\n<li>f\u00f6rdert die \u00e4u\u00dferliche Verj\u00fcngung der Haut, unterst\u00fctzt die Produktion von Kollagen und Elastin, verlangsamt die Prozesse der Hautalterung und verl\u00e4ngert das jugendliche Aussehen der Haut,<\/li>\n<li>unterst\u00fctzt Regeneration und Reinigung der Haut bei Verletzungen (Schnitte, Absch\u00fcrfungen, Verbrennungen) und bei Sch\u00e4digungen durch Hauterkrankungen, wie Psoriasis, Neurodermatitis, Dermatitis usw., unterst\u00fctzt Behandlungen bei Hautkrankheiten durch der antibakterielle und entz\u00fcndungshemmende Wirkungen,<\/li>\n<li>tr\u00e4gt dazu bei, dass alle Informations- und Steuerungsebenen des Organismus bis hin zur Ebene der Zellen, Organe und Organsysteme mit gen\u00fcgend Energie versorgt werden,<\/li>\n<li>unterst\u00fctzt auf energetischem Wege die Zell- und DNA-Reparaturen, f\u00f6rdert die k\u00f6rpereigene Synthese wichtiger Substanzen und Botenstoffe, die an den Vitalfunktionen beteiligt sind und verbessert energetisch so die Lebensprozesse der Zellen, Geweben und Organe,<\/li>\n<li>st\u00e4rkt so die Zellerneuerung und die Energie- und Schutzfunktionen des K\u00f6rpers (Anti-Aging-Effekt),<\/li>\n<li>st\u00e4rkt die allgemeine, unspezifische Immunabwehr des K\u00f6rpers gegen sch\u00e4dliche \u00e4u\u00dfere und innere Faktoren &#8211; egal, ob diese chemischen, physikalischen und biologischen Ursprungs sind,<\/li>\n<li>unterst\u00fctzt auf energetischem Wege die Behandlung einer Vielzahl von neurologischen Erkrankungen (Neurose, Neuralgie, Neuropathie, Migr\u00e4ne, vegetativ-vaskul\u00e4re Dystonie usw.),<\/li>\n<li>hat im Energetischen positive Wirkungen auf die weibliche Fortpflanzungsorgane, st\u00e4rkt die Fortpflanzungsf\u00e4higkeit und stellt das hormonelle Gleichgewicht wieder her,<\/li>\n<li>hat positiven Einfluss bei der Vorbeugung und Behandlung verschiedener entz\u00fcndlicher, infekti\u00f6ser und bakterieller Erkrankungen und kann daher auch sehr gut in der Genesung nach gyn\u00e4kologischen Operationen verwendet werden.<\/li>\n<\/ul>\n<p>Auf der Kolzov- Platte &#8222;Geheimnis des Weisen&#8220; sind unter anderem die Informationen der Yak-Su-Quelle (\u201eMedizinisches Wasser\u201c) aus dem Gebirge des Bukhansan-Nationalparks in S\u00fcdkorea gespeichert.<\/p>\n<p>TIPP: F\u00fcr eine noch intensivere Anti-Aging-Wirkung, f\u00fcr Heilung, mehr Lebensenergie und besseren energetischen Schutz kann die Platte &#8222;Geheimnis des Weisen&#8220; sehr gut kombiniert werden mit den Platten: &#8222;Ph\u00f6nix&#8220;, &#8222;Sch\u00f6ne Haut&#8220;, &#8222;Goldener Schnitt&#8220;, Nr.6 und Nr.7 der blauen Serie sowie Nr.1 und 2, mit der Platte Nr.16 der Serie Violett, &#8222;Geheimer Heiliger See&#8220;, Welikozki&#8220;, &#8222;Neurovita&#8220;, Code Gobi&#8220;, &#8222;Perle von Sergijewsk&#8220; und Wegef\u00e4hrte&#8220;.<\/p>\n<p>ZUR BEACHTUNG: Bei dieser Platte sollte das Wasser zum Energetisieren mindestens 2 Stunden lang darauf gestellt werden. Trinken Sie das Wasser und tragen Sie die Platte am K\u00f6rper.<\/p>\n<p><em><u>Ergebnis im LIFE-TEST:<\/u>\u00a0Die Kolzov-Platte &#8222;Geheimnis des Weisen&#8220; hat ein neutrales Energiefeld mit mehr als 40 000 Bovis. Damit aktiviert sie alle (!) Chakras auf enorme 40 000 Bovis (40 000 Bovis ist in dieser Testmethode die gesicherte Nachweisgrenze, also das oberste Ende der Skala). In der Messung der Meridianenergien per Hautwiderstandsmessung zeigt sich insgesamt eine sehr deutliche Aktivierung, so dass das Energieniveau sogar \u00fcber das normale Niveau eines gesunden Erwachsenen hinaus auf ein hohes Energielavel angehoben wird. Ein solches Energieniveau findet man auch bei Menschen, die regelm\u00e4\u00dfig \u00fcber einen l\u00e4ngeren Zeitraum meditieren, Yoga u.a. Techniken trainieren oder \u00e4hnliche energetische oder spirituelle Praktiken l\u00e4ngere Zeit durchf\u00fchren. Die hohe Aufladung aller Chakras bewirkt auch eine gro\u00dfe Ausdehnung des gesamten Energiefeldes: der bioenergetische Reaktionsabstand w\u00e4chst von 75 Zentimetern um den K\u00f6rper auf 2,30 Meter.<\/em><\/p>\n<p><strong><em>Wichtiger Hinweis:<br \/>\nWir weisen ausdr\u00fccklich darauf hin, dass die Kolzov-Platte (russische Bezeichnung: &#8222;Korrektoren des funktionalen Zustands&#8220;) ein alternatives Energie- und Informationsprodukt ist und kein Heilmittel im Sinne der westlichen Schulmedizin. Vielmehr ist es ein rein energetisches Hilfsmittel zur ganzheitlichen Balancierung von energetischen Disharmonien und Blockaden. Informationen \u00fcber Qualit\u00e4t und Eigenschaften des Energieobjekts beziehen sich auf Aussagen des russischen Herstellers und alternativen Theorien zu Mensch und Umwelt, auf alternative Anschauungen und esoterische \u00dcberlieferungen oder Aussagen. Sie gelten nur im Sinne der esoterischen Lebensphilosophie und daran angelehnte Alternativheilkunde. Wirkungen im Sinne westlicher Wissenschaft oder Medizin werden hier nicht behauptet.<\/em><\/strong><\/p>","protected":false},"excerpt":{"rendered":"<p data-path-to-node=\"1\"><b data-path-to-node=\"1\" data-index-in-node=\"0\">Die Kolzov-Platte \u201eGeheimnis des Weisen\u201c (russisch: \u0422\u0410\u0419\u041d\u0410 \u041c\u0423\u0414\u0420\u0415\u0426\u0410) ist ein kraftvoller Regenerations-Beschleuniger, der speziell f\u00fcr Anti-Aging, DNA-Reparatur und die St\u00e4rkung der Stressresistenz entwickelt wurde. Sie versorgt alle Steuerungsebenen des Organismus mit Energie, f\u00f6rdert die Produktion von Kollagen und Elastin und bietet energetische Unterst\u00fctzung bei neurologischen sowie hormonellen Herausforderungen.<\/b><\/p>","protected":false},"featured_media":2194,"comment_status":"open","ping_status":"closed","template":"","meta":[],"product_brand":[],"product_cat":[33],"product_tag":[104],"class_list":{"0":"post-2193","1":"product","2":"type-product","3":"status-publish","4":"has-post-thumbnail","6":"product_cat-elite-series","7":"product_tag-104","9":"first","10":"instock","11":"taxable","12":"shipping-taxable","13":"purchasable","14":"product-type-simple"},"_links":{"self":[{"href":"https:\/\/vigo-rio.com\/en\/wp-json\/wp\/v2\/product\/2193","targetHints":{"allow":["GET"]}}],"collection":[{"href":"https:\/\/vigo-rio.com\/en\/wp-json\/wp\/v2\/product"}],"about":[{"href":"https:\/\/vigo-rio.com\/en\/wp-json\/wp\/v2\/types\/product"}],"replies":[{"embeddable":true,"href":"https:\/\/vigo-rio.com\/en\/wp-json\/wp\/v2\/comments?post=2193"}],"wp:featuredmedia":[{"embeddable":true,"href":"https:\/\/vigo-rio.com\/en\/wp-json\/wp\/v2\/media\/2194"}],"wp:attachment":[{"href":"https:\/\/vigo-rio.com\/en\/wp-json\/wp\/v2\/media?parent=2193"}],"wp:term":[{"taxonomy":"product_brand","embeddable":true,"href":"https:\/\/vigo-rio.com\/en\/wp-json\/wp\/v2\/product_brand?post=2193"},{"taxonomy":"product_cat","embeddable":true,"href":"https:\/\/vigo-rio.com\/en\/wp-json\/wp\/v2\/product_cat?post=2193"},{"taxonomy":"product_tag","embeddable":true,"href":"https:\/\/vigo-rio.com\/en\/wp-json\/wp\/v2\/product_tag?post=2193"}],"curies":[{"name":"wp","href":"https:\/\/api.w.org\/{rel}","templated":true}]}}