{"id":2190,"date":"2026-01-19T22:35:20","date_gmt":"2026-01-19T22:35:20","guid":{"rendered":"https:\/\/vigo-rio.com\/?post_type=product&#038;p=2190"},"modified":"2026-02-04T19:49:31","modified_gmt":"2026-02-04T19:49:31","slug":"fc-28-springtime-of-life","status":"publish","type":"product","link":"https:\/\/vigo-rio.com\/en\/product\/fc-28-springtime-of-life\/","title":{"rendered":"FC Fr\u00fchling des Lebens \/ Springtime of Life"},"content":{"rendered":"<p><strong>Kolzov-Platte: &#8222;Fr\u00fchling des Lebens&#8220;\u00a0&#8211; (Anti-Aging, Verj\u00fcngung, Erneuerung von Haut, Haar und N\u00e4geln)<\/strong><br \/>\n<em><br \/>\n<\/em><\/p>\n<p><em>Die Platte tr\u00e4gt die russische Aufschrift: \u0412\u0415\u0421\u041d\u0410 \u0416\u0418\u0417\u041d\u0418<\/em><\/p>\n<p>Die Platte &#8222;Fr\u00fchling des Lebens&#8220; ist wertvolle energetische Unterst\u00fctzung f\u00fcr Anti-Aging und Verj\u00fcngung. Sie ist eine sehr universelle Platte, die im Alltag, bei Sport und Fitness, begleitend zum Entschlacken und Entgiften und bei Fastenkuren und Di\u00e4ten eingesetzt werden kann. Sie k\u00f6nnen die Platte ganz normal bei sich tragen und das damit energetisierte Wasser trinken, sich Durchstr\u00f6men lassen (mit einer weiteren Platte) und sie auch zum Duschen und Baden f\u00fcr die Wasser-Energetisierung verwenden. Die Platte eignet sich sehr gut zum Energetsieren von Pflegekosmetik. Sie kann in der Meditation verwendet werden oder auch von Therapeuten wie Kosmetikerinnen, Masseuren, Osteopathen, Atmetherapeuten usw.<\/p>\n<p><em>Die Aussagen beziehen sich auf alternative Testmethoden wie Meridianenergie-Messungen der Organfunktionskreisl\u00e4ufe nach TCM, Kirlian-Fotografie (EPG\/GDV-Kamera), Oberon, Amsat o.\u00e4. durch den Hersteller &#8222;Planet der Regionen&#8220; und stellen keine medizinische oder auf den physischen K\u00f6rper und dessen Organe bezogenen Aussage im Sinne der westlichen Schulmedizin dar.<\/em><\/p>\n<p><strong>Die Platte ist in diesem Sinne vor allem geeignet f\u00fcr:<\/strong><\/p>\n<ul>\n<li>startet auf energetischem Wege tiefgreifende Verj\u00fcngungsprozesse, die sich erheblich positiv auf die Gesundheit auswirken k\u00f6nnen,<\/li>\n<li>dazu f\u00f6rdert die Platte die Verj\u00fcngung des K\u00f6rpers auf zellul\u00e4rer Ebene, beginnend mit der Wiederherstellung der physiologisch korrekten Funktion der Zell-Energien,<\/li>\n<li>lindert auf energetischem Wege prim\u00e4re \u00e4u\u00dfere Zeichen des Alterns auch bei ausgepr\u00e4gten altersbedingten Ver\u00e4nderungen, f\u00f6rdert die Ern\u00e4hrung von Haut, Haaren und N\u00e4geln von innen, verbessert die Aufnahme von Vitaminen, Mineralien und biologisch aktiven Substanzen,<\/li>\n<li>die Platte zielt energetisch darauf ab, die Produktion k\u00f6rpereigener Fibroblasten zu stimulieren &#8211; also der wichtigsten Hautzellen, die f\u00fcr die Produktion von Kollagen und Elastin und damit f\u00fcr Regeneration, Erneuerung und Verj\u00fcngung der Haut verantwortlich sind,<\/li>\n<li>die Platte hilft, das Funktionspotential von Zellen bei \u00e4lteren Menschen zu erh\u00f6hen, um den Zustand des aktiven Lebens und der \u00e4u\u00dferen Jugendlichkeit zu verl\u00e4ngern,<\/li>\n<li>tr\u00e4gt auf energetischem Wege dazu bei, altersbedingte Ver\u00e4nderungen und die Entwicklung m\u00f6glicher Krankheiten zu verhindern,<\/li>\n<li>tr\u00e4gt zum Aufbau eines individuellen Programms zur Korrektur bestehender Ver\u00e4nderungen, zur Verl\u00e4ngerung der Lebensdauer und zur Unterbrechung von Alterungsprozessen bei,<\/li>\n<li>Ziel ist es, das menschliche bioenergetische System wiederherzustellen, zu erhalten und zu harmonisieren und die aktive Arbeit aller Energiezentren in jedem Alter aufrechtzuerhalten,<\/li>\n<li>hilft dabei M\u00fcdigkeit zu \u00fcberwinden, die durch eine \u00dcberlastung des Gehirns mit zu viel verschiedenen Informationen verursacht wird,<\/li>\n<li>die Platte tr\u00e4gt im Energetischen zur einer schnellen Erholung w\u00e4hrend und nach k\u00f6rperlicher Aktivit\u00e4t, Fitness und Sport,<\/li>\n<li>steigert allgemein die Vitalit\u00e4t, verbessert die Stimmung, harmonisiert den emotionalen Hintergrund, schafft innere Jugendlichkeit,<\/li>\n<li>hilft, das Leben in einem Zustand bedingungsloser Liebe, Treue, Hingabe, in Energien zu leben, die Hass und Wut entgegengesetzt sind,<\/li>\n<li>f\u00f6rdert die Erf\u00fcllung von W\u00fcnschen.<\/li>\n<\/ul>\n<p>Auf der Kolzov-Platte &#8222;Fr\u00fchling des Lebens&#8220; sind u.a. die Informationen von Wasser aus dem Vogelschnabel-Wasserfall des Ritsa-Nationalparks (Abchasien) gespeichert.<\/p>\n<p>TIPP 1: Die Platte &#8222;Fr\u00fchling des Lebens&#8220; arbeitet mit der Platte &#8222;Ph\u00f6nix&#8220; ideal zusammen f\u00fcr eine schnelle Rehabilitation und Wiederherstellung des Hautzustands nach Verletzungen (Verbrennungen, Wunden, Sch\u00fcrfwunden) und schweren kosmetischen Eingriffen (nach Akne, Peelings, Biorevitalisierung, plastische Chirurgie usw.).<\/p>\n<p>TIPP 2: Die Platte &#8222;Fr\u00fchling des Lebens&#8220; kann einzeln oder in Kombination verwendet werden vor allem mit den Platten: &#8222;Nr.6&#8220; und &#8222;Nr.7&#8220; aus der Serie Blau, &#8222;Amaranth&#8220;, &#8222;Sch\u00f6ne Haut&#8220;, &#8222;Langes Leben&#8220; und &#8222;Goldener Schnitt&#8220; (Serie Effizient), &#8222;Wahrhaftige Liebe, &#8222;Harmonie&#8220; (Serie Gr\u00fcn), &#8222;Machtvolles Wasser&#8220;, &#8222;Ph\u00f6nix&#8220;, &#8222;Sieger&#8220; (Serie Kolektion), Bogurajew&#8220; (Winterserie 2020), &#8222;Kraft desVerstandes&#8220;, &#8222;Kraft der Lada&#8220; und &#8222;Kolzovs Lichtgeschenk&#8220; (Serie Elite) und mit dem Armb\u00e4ndern &#8222;Fitness&#8220;, &#8222;Cardio&#8220;, Storch&#8220;, &#8222;Charme\/Frau&#8220;.<\/p>\n<p>ZUR BEACHTUNG: Bei der Platte &#8222;Fr\u00fchling des Lebens&#8220; sollte das Wasser zum Energetisieren mindestens 2 Stunden lang darauf gestellt werden.<\/p>\n<p><em><u>Ergebnis im LIFE-TEST:\u00a0<\/u>Die Kolzov-Platte &#8222;Fr\u00fchling des Lebens&#8220; hat ein neutrales Energiefeld mit mehr als 40 000 Bovis. Damit aktiviert sie gleich vier Chakras auf 40 000 Bovis: Stirn- und Hals-Chakra, Solarplexus- und Blase-\/Sexual-Chakra. Das Kronen-Chakra steigt auf ebenfalls sehr hohe 35 000 Bovis, das Herz-Chakra auf 21 000 Bovis und das Wurzel-Chara auf 28 000 Bovis. Durch die Aufladung der Chakras w\u00e4chst der bioenergetische Reaktionsabstand von zirka 75 Zentimetern um den K\u00f6rper auf 2,10 Meter.<\/em><\/p>\n<p>&nbsp;<\/p>\n<p><strong><em>Wichtiger Hinweis:<br \/>\nWir weisen ausdr\u00fccklich darauf hin, dass die Kolzov-Platte (russische Bezeichnung: &#8222;Korrektoren des funktionalen Zustands&#8220;) ein alternatives Energie- und Informationsprodukt ist und kein Heilmittel im Sinne der westlichen Schulmedizin. Vielmehr ist es ein rein energetisches Hilfsmittel zur ganzheitlichen Balancierung von energetischen Disharmonien und Blockaden. Informationen \u00fcber Qualit\u00e4t und Eigenschaften des Energieobjekts beziehen sich auf Aussagen des russischen Herstellers und alternativen Theorien zu Mensch und Umwelt, auf alternative Anschauungen und esoterische \u00dcberlieferungen oder Aussagen. Sie gelten nur im Sinne der esoterischen Lebensphilosophie und daran angelehnte Alternativheilkunde. Wirkungen im Sinne westlicher Wissenschaft oder Medizin werden hier nicht behauptet.<\/em><\/strong><\/p>","protected":false},"excerpt":{"rendered":"<p>Die Kolzov-Platte \u201eFr\u00fchling des Lebens\u201c (russisch: \u0412\u0415\u0421\u041d\u0410 \u0416\u0418\u0417\u041d\u0418) ist ein universeller Spezialist f\u00fcr Anti-Aging und zellul\u00e4re Verj\u00fcngung. Sie stimuliert energetisch die Produktion von Kollagen und Elastin, verbessert das Erscheinungsbild von Haut, Haaren und N\u00e4geln und unterst\u00fctzt die schnelle Regeneration nach sportlicher Aktivit\u00e4t oder kosmetischen Eingriffen.<\/p>","protected":false},"featured_media":2191,"comment_status":"open","ping_status":"closed","template":"","meta":[],"product_brand":[],"product_cat":[33],"product_tag":[103],"class_list":{"0":"post-2190","1":"product","2":"type-product","3":"status-publish","4":"has-post-thumbnail","6":"product_cat-elite-series","7":"product_tag-103","9":"first","10":"instock","11":"taxable","12":"shipping-taxable","13":"purchasable","14":"product-type-simple"},"_links":{"self":[{"href":"https:\/\/vigo-rio.com\/en\/wp-json\/wp\/v2\/product\/2190","targetHints":{"allow":["GET"]}}],"collection":[{"href":"https:\/\/vigo-rio.com\/en\/wp-json\/wp\/v2\/product"}],"about":[{"href":"https:\/\/vigo-rio.com\/en\/wp-json\/wp\/v2\/types\/product"}],"replies":[{"embeddable":true,"href":"https:\/\/vigo-rio.com\/en\/wp-json\/wp\/v2\/comments?post=2190"}],"wp:featuredmedia":[{"embeddable":true,"href":"https:\/\/vigo-rio.com\/en\/wp-json\/wp\/v2\/media\/2191"}],"wp:attachment":[{"href":"https:\/\/vigo-rio.com\/en\/wp-json\/wp\/v2\/media?parent=2190"}],"wp:term":[{"taxonomy":"product_brand","embeddable":true,"href":"https:\/\/vigo-rio.com\/en\/wp-json\/wp\/v2\/product_brand?post=2190"},{"taxonomy":"product_cat","embeddable":true,"href":"https:\/\/vigo-rio.com\/en\/wp-json\/wp\/v2\/product_cat?post=2190"},{"taxonomy":"product_tag","embeddable":true,"href":"https:\/\/vigo-rio.com\/en\/wp-json\/wp\/v2\/product_tag?post=2190"}],"curies":[{"name":"wp","href":"https:\/\/api.w.org\/{rel}","templated":true}]}}