{"id":219,"date":"2026-01-14T12:39:32","date_gmt":"2026-01-14T12:39:32","guid":{"rendered":"https:\/\/vigo-rio.com\/?post_type=product&#038;p=219"},"modified":"2026-04-15T08:51:22","modified_gmt":"2026-04-15T08:51:22","slug":"fc-09-healthy-heart","status":"publish","type":"product","link":"https:\/\/vigo-rio.com\/en\/product\/fc-09-healthy-heart\/","title":{"rendered":"FC Gesundes Herz\/ Healthy Heart"},"content":{"rendered":"<p><strong>Kolzov-Platte &#8222;Nr. 9\u00a0&#8211; Gesundes Herz&#8220;<\/strong><\/p>\n<p><strong>&#8211; neueste Version mit 8-Elementen (8 enthaltenen Energiespeicher-Chips)<\/strong><\/p>\n<p>Kolzov- Platte Nr. 9 enth\u00e4lt eine Vielzahl von Informationen f\u00fcr die Unterst\u00fctzung der Herzt\u00e4tigkeit und den kosmo-energetischen Kanal \u201eHektas\u201c. Er reinigt und beseitigt alles, was den Empfang der Informationen behindert. Er \u00f6ffnet das Bewusstsein und erm\u00f6glicht die Entwicklung sch\u00f6pferischer F\u00e4higkeiten.<\/p>\n<p><em>Die Aussagen beziehen sich auf alternative Testmethoden wie Meridianenergie-Messungen der Organfunktionskreisl\u00e4ufe nach TCM, Kirlian-Fotografie (EPG\/GDV-Kamera), Oberon, Amsat o.\u00e4. durch den Hersteller &#8222;Planet der Regionen&#8220; und stellen keine medizinische oder auf den physischen K\u00f6rper und dessen Organe bezogenen Aussage im Sinne der westlichen Schulmedizin dar.<br \/>\n<\/em><\/p>\n<p><strong>Die Platte ist in diesem Sinne vor allem geeignet f\u00fcr:<\/strong><\/p>\n<p>Die Platte Nr.9 enth\u00e4lt vierzig Programme zur Harmonisierung und Vorbeugung gegen die verschiedenen St\u00f6rungen des Herz-Kreislauf-Systems \u2013 unter anderem zur Regeneration der Herzkrangef\u00e4\u00dfe und Kapillaren, des Nerven-Systems, des endokrinen und hormonellen Systems sowie des Gro\u00dfhirns. Eine Gruppe von Kan\u00e4len ist auf die Regulierung des Blutdrucks ausgerichtet, welcher mit der St\u00f6rung der Nieren- und Nebennieren-Funktionen zusammenh\u00e4ngen kann. Hinzugef\u00fcgt wurden daf\u00fcr Informationen von Gr\u00e4sern und Mineralen, die f\u00fcr das Herz-Kreislauf-System positiv sind, wie Zedernharz, Hagedorn, Hagebutte, Herzgespann, Klee, Baldrian Melisse, Ringelblume, Wegerich, gr\u00fcner Tee, Schachtelhalm, Vogelkn\u00f6terich, Jaspis, Rosenquarz, Onyx, Aquamarin. Au\u00dferdem sind kosmo-energetische Kan\u00e4le enthalten, die helfen, verschiedene Erkrankungen vorbeugen kann: Zeus, Schaon, Firast, Ninalis, Mama, das G\u00f6ttliche Feuer, das G\u00f6ttliche Licht, die Heilende Liebe, das Licht der ewigen Liebe, der Kanal der \u00d6ffnung des Spirituellen Herzens. Das Programm zur \u00d6ffnung des Spirituellen Herzens unterst\u00fctzt auch die allgemeine harmonische Pers\u00f6nlichkeitsentwicklung.<\/p>\n<p>TIPP: Die Platte Nr.9 passt beispielsweise auch sehr gut als gemeinsame Anwendung mit den blauen Platten Nr.2 (z.B. bei Herz-Kreislaufproblemen), Nr.5 und\/oder 8, der gr\u00fcnen Themen-Platte &#8222;Wahrhaftige Liebe&#8220; und &#8222;Langes Leben&#8220; und\/oder den goldenen Nr.17 und Nr.18.<\/p>\n<p>ZUR BEACHTUNG: Die Aktivierungszeit von Wasser auf der Platte betr\u00e4gt mindestens 15 Sekunden.<\/p>\n<p><em><u>Ergebnis im LIFE-TEST:\u00a0<\/u>Die Kolzov-Platte &#8222;Nr.9 &#8211; Gesundes Herz&#8220; hat ein neutrales Energiefeld mit 40 000 Bovis. Damit aktiviert sie die beiden oberen Chakras, das Kronen- und Stirn-Chakra, auf 40 000 Bovis und auch das Herz-Chakras steigt auf 40 000 Bovis. Das Hals-Chakra steigt auf 28 000 Bovis. Das Solarplexus- und das Wurzel-Chakra steigen auf 21 000 Bovis und das Blase-\/Sexual-Chakra verdoppelt seine Energie auf 14 000 Bovis! Durch die Aufladung der Chakras w\u00e4chst der bioenergetische Reaktionsabstand von zirka 75 Zentimetern um den K\u00f6rper auf 2,20 Meter.<br \/>\n<\/em><\/p>\n<p><em><strong>Wichtiger Hinweis:<br \/>\nWir weisen ausdr\u00fccklich darauf hin, dass die Kolzov-Platte (russische Bezeichnung: &#8222;Korrektoren des funktionalen Zustands&#8220;) ein alternatives Energie- und Informationsprodukt ist und kein Heilmittel im Sinne der westlichen Schulmedizin. Vielmehr ist es ein rein energetisches Hilfsmittel zur ganzheitlichen Balancierung von energetischen Disharmonien und Blockaden. Informationen \u00fcber Qualit\u00e4t und Eigenschaften des Energieobjekts beziehen sich auf Aussagen des russischen Herstellers und alternativen Theorien zu Mensch und Umwelt, auf alternative Anschauungen und esoterische \u00dcberlieferungen oder Aussagen. Sie gelten nur im Sinne der esoterischen Lebensphilosophie und daran angelehnte Alternativheilkunde. Wirkungen im Sinne westlicher Wissenschaft oder Medizin werden hier nicht behauptet.<\/strong><\/em><\/p>","protected":false},"excerpt":{"rendered":"<p>Es unterst\u00fctzt das Herz-Kreislauf-System und hilft dabei, Herz- und Gef\u00e4\u00dferkrankungen vorzubeugen<\/p>","protected":false},"featured_media":1688,"comment_status":"open","ping_status":"closed","template":"","meta":[],"product_brand":[],"product_cat":[28],"product_tag":[],"class_list":{"0":"post-219","1":"product","2":"type-product","3":"status-publish","4":"has-post-thumbnail","6":"product_cat-purple-series","8":"first","9":"instock","10":"sale","11":"taxable","12":"shipping-taxable","13":"purchasable","14":"product-type-variable"},"_links":{"self":[{"href":"https:\/\/vigo-rio.com\/en\/wp-json\/wp\/v2\/product\/219","targetHints":{"allow":["GET"]}}],"collection":[{"href":"https:\/\/vigo-rio.com\/en\/wp-json\/wp\/v2\/product"}],"about":[{"href":"https:\/\/vigo-rio.com\/en\/wp-json\/wp\/v2\/types\/product"}],"replies":[{"embeddable":true,"href":"https:\/\/vigo-rio.com\/en\/wp-json\/wp\/v2\/comments?post=219"}],"wp:featuredmedia":[{"embeddable":true,"href":"https:\/\/vigo-rio.com\/en\/wp-json\/wp\/v2\/media\/1688"}],"wp:attachment":[{"href":"https:\/\/vigo-rio.com\/en\/wp-json\/wp\/v2\/media?parent=219"}],"wp:term":[{"taxonomy":"product_brand","embeddable":true,"href":"https:\/\/vigo-rio.com\/en\/wp-json\/wp\/v2\/product_brand?post=219"},{"taxonomy":"product_cat","embeddable":true,"href":"https:\/\/vigo-rio.com\/en\/wp-json\/wp\/v2\/product_cat?post=219"},{"taxonomy":"product_tag","embeddable":true,"href":"https:\/\/vigo-rio.com\/en\/wp-json\/wp\/v2\/product_tag?post=219"}],"curies":[{"name":"wp","href":"https:\/\/api.w.org\/{rel}","templated":true}]}}