{"id":218,"date":"2026-01-14T12:38:32","date_gmt":"2026-01-14T12:38:32","guid":{"rendered":"https:\/\/vigo-rio.com\/?post_type=product&#038;p=218"},"modified":"2026-04-18T07:27:49","modified_gmt":"2026-04-18T07:27:49","slug":"fc-08-night-formula","status":"publish","type":"product","link":"https:\/\/vigo-rio.com\/en\/product\/fc-08-night-formula\/","title":{"rendered":"FC Night Formula"},"content":{"rendered":"<p><strong>Kolzov-Platte &#8222;Nr.8 &#8211; NACHT-FORMEL&#8220;\u00a0(Gesunder Schlaf und Regeneration &#8211; f\u00fcr Regulation des gesamten Organismus in der Nacht, energetische Entspannung)<br \/>\n<\/strong><\/p>\n<p><strong>&#8211; neueste Version mit 8-Elementen (8 enthaltenen Energiespeicher-Chips)<br \/>\n<\/strong><\/p>\n<p>Besonders w\u00e4hrend des Schlafs korrigiert die Kolzov-Platte Nr.8 eventuelle St\u00f6rungen in allen Funktionssystemen des Organismus. Wenn wir schlafen, dann regeneriert und repariert sich unser gesamter Organismus. Die Melatonin-Aussch\u00fcttung ist dabei von zentraler Bedeutung, um \u00fcberhaupt erst einmal in die wichtigen regenerativen Tiefschlafphasen zu gelangen. Eine verminderte Synthesef\u00e4higkeit von Melatonin kann zur Entstehung von vielen chronischen Erkrankungen wie z.B. Diabetes, Herz-Kreislauf-Erkrankungen, Schlafst\u00f6rungen, Asthma oder Depressionen beitragen. Auch der Alterungsprozess ist in vielf\u00e4ltiger Weise an die Melatoninproduktion gebunden \u2013 schon ab einem Alter von etwa 30 Jahren aber sinkt die k\u00f6rpereigene Melatoninproduktion. Melatonin ist eines der st\u00e4rksten nat\u00fcrlichen Antioxidantien und Immunmodulatoren und sch\u00fctzt unsere Zellen und das Gewebe. Die Kolzov-Platte Nr.8 reguliert die k\u00f6rpereigene Melatoninproduktion und erh\u00f6ht sie wieder auf ein gesunderhaltendes Ma\u00df.<br \/>\nEbenso wichtig ist ihre regulierende Wirkung auf die Produktion der Stammzellen, die f\u00fcr die Erneuerung von Zellen ben\u00f6tigt werden, die Regulation des Hormonsystems, des S\u00e4ure-Basen-Haushaltes und der Biorhythmen des gesamten biologischen Systems.<br \/>\nDie Platte harmonisiert zudem das Nervensystem und gibt zum Beispiel Erholung nach hoher Stressbelastung w\u00e4hrend des Tages. Stress sch\u00e4digt nicht nur durch die Nebenprodukte des Cortisol-Metabolismus. Stress verursacht auch die Aussch\u00fcttung des astralen Nervengiftes \u201eImperil5\u201c, das sich entlang der Nervenbahnen verteilt, wodurch es den Fluss der Prana-Energie hemmt, zum anderen verhindert es damit auch die Errichtung \u00e4therisch-astraler Br\u00fccken, was sich bewusstseinsdegenerierend auswirkt.<br \/>\nDie Platte Nr.8 kann wegen ihrer entspannenden Wirkung auch sehr gut w\u00e4hrend der Meditation verwendet werden.<\/p>\n<p><em>Die Aussagen beziehen sich auf alternative Testmethoden wie Meridianenergie-Messungen der Organfunktionskreisl\u00e4ufe nach TCM, Kirlian-Fotografie (EPG\/GDV-Kamera), Oberon, Amsat o.\u00e4. durch den Hersteller &#8222;Planet der Regionen&#8220; und stellen keine medizinische oder auf den physischen K\u00f6rper und dessen Organe bezogenen Aussage im Sinne der westlichen Schulmedizin dar.<br \/>\n<\/em><\/p>\n<p><strong>Die Platte ist in diesem Sinne vor allem geeignet f\u00fcr:<\/strong><\/p>\n<ul>\n<li>Regeneration und Verj\u00fcngung des gesamten Systems,<\/li>\n<li>Regulation der Zirbeldr\u00fcse (Melatonin),<\/li>\n<li>Regulation der Schilddr\u00fcse (Thyroxin),<\/li>\n<li>Regeneration des Dr\u00fcsen-Systems und Regulation des Hormonstoffwechsels,<\/li>\n<li>Regulation der Stammzellen-Aussch\u00fcttung,<\/li>\n<li>Regulation des S\u00e4ure-Basen-Haushaltes,<\/li>\n<li>Regulation der Proteinbiosynthese (Sirtuin)<\/li>\n<li>Harmonisierung bei allen chronischen Erkrankungen,<\/li>\n<li>Harmonisierung des zentrale Nervensystem,<\/li>\n<li>Regulation des Blutdrucks,<\/li>\n<li>Anti-Aging-Wirkung und Pr\u00e4vention ab dem 30. Lebensjahr,<\/li>\n<li>Stimulation kognitiven Denkens und vieles mehr.<\/li>\n<\/ul>\n<p>ZUR BEACHTUNG: Die Aktivierungszeit von Wasser auf der Platte betr\u00e4gt mindestens 15 Sekunden.<\/p>\n<p><em><u>Ergebnis im LIFE-TEST:<\/u>\u00a0Die Kolzov-Platte &#8222;Nr.8 &#8211; Nacht-Formel&#8220; hat ein neutrales Energiefeld mit 40 000 Bovis. Damit aktiviert sie oberen 4 Chakras auf 40 000 Bovis: Kronen-, Stirn-, Hals- und noch \u00fcber 40 000 Bovis das Herz-Chakra. Das Solarplexus-Chakra steigt in seiner Enerige auf 28 000 Bovis, das Blase-Sexual-Chakra auf 21 000 Bovis und das Wurzel-Chakra verdoppelt seine Energie auf 14 000 Bovis. Durch die Aufladung der Chakras w\u00e4chst der bioenergetische Reaktionsabstand von zirka 75 Zentimetern um den K\u00f6rper auf 1,70 Meter.<br \/>\n<\/em><\/p>\n<p><strong><em>Wichtiger Hinweis:<br \/>\nWir weisen ausdr\u00fccklich darauf hin, dass die Kolzov-Platte (russische Bezeichnung: &#8222;Korrektoren des funktionalen Zustands&#8220;) ein alternatives Energie- und Informationsprodukt ist und kein Heilmittel im Sinne der westlichen Schulmedizin. Vielmehr ist es ein rein energetisches Hilfsmittel zur ganzheitlichen Balancierung von energetischen Disharmonien und Blockaden. Informationen \u00fcber Qualit\u00e4t und Eigenschaften des Energieobjekts beziehen sich auf Aussagen des russischen Herstellers und alternativen Theorien zu Mensch und Umwelt, auf alternative Anschauungen und esoterische \u00dcberlieferungen oder Aussagen. Sie gelten nur im Sinne der esoterischen Lebensphilosophie und daran angelehnte Alternativheilkunde. Wirkungen im Sinne westlicher Wissenschaft oder Medizin werden hier nicht behauptet.<\/em><\/strong><\/p>","protected":false},"excerpt":{"rendered":"<p>Es hilft, die Schlafqualit\u00e4t zu verbessern. Es f\u00f6rdert die Wiederherstellung eines gesunden Hormonhaushalts, um alle K\u00f6rperfunktionen zu normalisieren<\/p>","protected":false},"featured_media":1687,"comment_status":"open","ping_status":"closed","template":"","meta":[],"product_brand":[],"product_cat":[27],"product_tag":[],"class_list":{"0":"post-218","1":"product","2":"type-product","3":"status-publish","4":"has-post-thumbnail","6":"product_cat-blue-series","8":"first","9":"instock","10":"sale","11":"taxable","12":"shipping-taxable","13":"purchasable","14":"product-type-variable"},"_links":{"self":[{"href":"https:\/\/vigo-rio.com\/en\/wp-json\/wp\/v2\/product\/218","targetHints":{"allow":["GET"]}}],"collection":[{"href":"https:\/\/vigo-rio.com\/en\/wp-json\/wp\/v2\/product"}],"about":[{"href":"https:\/\/vigo-rio.com\/en\/wp-json\/wp\/v2\/types\/product"}],"replies":[{"embeddable":true,"href":"https:\/\/vigo-rio.com\/en\/wp-json\/wp\/v2\/comments?post=218"}],"wp:featuredmedia":[{"embeddable":true,"href":"https:\/\/vigo-rio.com\/en\/wp-json\/wp\/v2\/media\/1687"}],"wp:attachment":[{"href":"https:\/\/vigo-rio.com\/en\/wp-json\/wp\/v2\/media?parent=218"}],"wp:term":[{"taxonomy":"product_brand","embeddable":true,"href":"https:\/\/vigo-rio.com\/en\/wp-json\/wp\/v2\/product_brand?post=218"},{"taxonomy":"product_cat","embeddable":true,"href":"https:\/\/vigo-rio.com\/en\/wp-json\/wp\/v2\/product_cat?post=218"},{"taxonomy":"product_tag","embeddable":true,"href":"https:\/\/vigo-rio.com\/en\/wp-json\/wp\/v2\/product_tag?post=218"}],"curies":[{"name":"wp","href":"https:\/\/api.w.org\/{rel}","templated":true}]}}