{"id":2173,"date":"2026-01-19T22:15:25","date_gmt":"2026-01-19T22:15:25","guid":{"rendered":"https:\/\/vigo-rio.com\/?post_type=product&#038;p=2173"},"modified":"2026-02-04T19:49:36","modified_gmt":"2026-02-04T19:49:36","slug":"fc-13-happiness","status":"publish","type":"product","link":"https:\/\/vigo-rio.com\/en\/product\/fc-13-happiness\/","title":{"rendered":"FC Gl\u00fcck \/ Happiness"},"content":{"rendered":"<p><strong>Kolzov-Platte: &#8222;Gl\u00fcck&#8220;\u00a0&#8211; (f\u00fcr Gl\u00fcck, Freude und Harmonie im Leben)<\/strong><br \/>\n<em><br \/>\n<\/em><\/p>\n<p><em>Die Platte tr\u00e4gt die russische Aufschrift: \u0421\u0427\u0410\u0421\u0422\u042c\u0415<\/em><\/p>\n<p>Die Kolzov-Platte &#8222;Gl\u00fcck&#8220; f\u00f6rdert die Verbindung mit der Energie des Gl\u00fccks und aktiviert das Gef\u00fchl der Freude. Sie hilft dabei, Liebe und Harmonie und Verbundenheit mit der ganzen Welt zu versp\u00fcren.<\/p>\n<p><em>Die Aussagen beziehen sich auf alternative Testmethoden wie Meridianenergie-Messungen der Organfunktionskreisl\u00e4ufe nach TCM, Kirlian-Fotografie (EPG\/GDV-Kamera), Oberon, Amsat o.\u00e4. durch den Hersteller &#8222;Planet der Regionen&#8220; und stellen keine medizinische oder auf den physischen K\u00f6rper und dessen Organe bezogenen Aussage im Sinne der westlichen Schulmedizin dar.<\/em><\/p>\n<p><strong>Die Platte ist in diesem Sinne vor allem geeignet f\u00fcr:<\/strong><\/p>\n<ul>\n<li>transformiert alle Probleme und negativen Manifestationen des Lebens in ein positives Ergebnis. Sie verleiht die F\u00e4higkeit, sich voller grenzenloser Kraft und Gl\u00fcck zu f\u00fchlen, in Liebe und Harmonie mit der ganzen Welt zu leben.<\/li>\n<li>Sie schenkt Jugend und Freude und hilft dabei, f\u00fcr sich selbst eine gew\u00fcnschte positive Realit\u00e4t zu erschaffen.<\/li>\n<li>tr\u00e4gt zur Aktivierung und Harmonisierung des Feuerelements bei, f\u00f6rdert die Gesundheit und ein langes Leben, vertreibt innere Unruhe sowie \u00fcbertriebene emotionale Anhaftungen an Mitleid, Depressionen, Niedergeschlagenheit und Apathie.<\/li>\n<li>st\u00e4rkt die Bewusstheit und Achtsamkeit und hilft, seine Lebensziele klar zu erkennen.<\/li>\n<li>hilft dabei, eine harmonische Beziehung zur g\u00f6ttlichen Kraft, zur inneren Welt, zu anderen Menschen und zur Natur aufzubauen, um wahrhaftig gl\u00fccklich zu werden.<\/li>\n<li>aktiviert die F\u00e4higkeit, mit den feinstofflichen Welten in Verbindung zu treten (im Ma\u00dfe der Entwicklung des spirituellen Potenzials und der pers\u00f6nlichen Absichten).<\/li>\n<li>erm\u00f6glicht die Anbindung an das Ahnenged\u00e4chtnis und erm\u00f6glichst es, zuvor gesammelte Lebenserfahrungen nutzen und umsetzen zu k\u00f6nnen.<\/li>\n<li>erm\u00f6glicht es, sich als untrennbarer und wichtiger Teil des &#8222;Gro\u00dfen Kosmischen Ganzen&#8220; zu f\u00fchlen.<\/li>\n<li>Auf der Kolzov- Platte &#8222;Gl\u00fcck&#8220; sind unter anderem die Informationen des kosmo-energetischen Kanals des Gottes Jarila gespeichert, die dazu verhelfen, den von der Menschheit seit Langem vergessenen Zustand der g\u00f6ttlichen Freude zu erleben, der als Gl\u00fccksgef\u00fchl das Geschenk des Gottes Jarila ist.<\/li>\n<\/ul>\n<p>TIPP 1: Die Energetisierung von Wasser oder Lebensmitteln mit der Platte &#8222;Gl\u00fcck&#8220; kann jederzeit durchgef\u00fchrt werden.<br \/>\nWenn man die Platte bei Meditationen, Gebeten oder energetischen Praktiken nutzen m\u00f6chten, dann ist die Tageszeit um zirka 21 Uhr besonders effektiv.<\/p>\n<p>TIPP 2: Um die Energien der Platte &#8222;Gl\u00fcck&#8220; schneller in sich zu verankern, nimmt man die Platte in die rechte Hand, spannt den Hals leicht an und ber\u00fchrt mit der rechten Hand die rechte Halsschlagader (und informiert so mit der Platte das vorbeiflie\u00dfende Blut in der rechten Halsschlagader). Danach wechselt man Seite: die Platte in die linke Hand nehmen und an die linke Halsseite halten. Wird die Platte zusammen mit dem Halbedelstein Jaspis verwendet, kann die Wirkung der Platte noch verst\u00e4rkt werden.<\/p>\n<p>TIPP 3: Wenn folgende Lebensmittel mittels der Platte &#8222;Gl\u00fcck&#8220; mindestens 4 Stunden oder l\u00e4nger energetisiert wurden, kann deren Verzehr Kraft und Energie spenden: Paranuss, Zwiebel, Eberesche, Pfifferlinge, Hafer, Kalmus.<br \/>\nDie Energien des Gl\u00fccks werden zus\u00e4tzlich auch durch das H\u00f6ren von Musik oder das Spielen von verschiedenen Musikinstrumenten, wie der Viola oder der 7-saitigen Gitarre bei Verwendung der Platte aktiviert.<\/p>\n<p>TIPP 4: Die Platte &#8222;Gl\u00fcck&#8220; kann einzeln oder in Kombination verwendet werden mit den Platten: &#8222;Wahrhaftige Liebe&#8220; und &#8222;Harmonie&#8220; (Serie Gr\u00fcn), &#8222;Unfall-Schutz&#8220; und &#8222;Geheimer Heiliger See&#8220; (Serie Effizient), &#8222;Nr.12&#8220; (&#8222;Gesunder Schlaf&#8220;, Serie Violett), &#8222;Kolzovs Lichtgeschenk&#8220; und &#8222;Gold der W\u00fcste Gobi&#8220; (Serie Elite).<\/p>\n<p>ZUR BEACHTUNG: Bei der Platte &#8222;Gl\u00fcck&#8220; sollte das Wasser zum Energetisieren mindestens 6 Stunden lang darauf gestellt werden.<\/p>\n<p><em><u>Ergebnis im LIFE-TEST:<\/u>\u00a0Die Kolzov-Platte &#8222;Gl\u00fcck&#8220; hat ein neutrales Energiefeld mit mehr als 40 000 Bovis. Damit aktiviert sie vor allem die vier oberen Chakras: Herz- und Stirn-Chakra steigen auf 40 000 Bovis, Kronen- und Hals-Chakra auf 35 000 Bovis. Das Solarplexus-Chakra erh\u00f6ht seine Aktivit\u00e4t auf 28 000 Bovis, das Blase-\/Sexual-Chakra verdoppelt seine Energie auf 14 000 Bovis und das Wurzel-Chakra ver\u00e4ndert sich nicht. Durch die Aufladung der Chakras w\u00e4chst der bioenergetische Reaktionsabstand von zirka 75 Zentimetern um den K\u00f6rper sofort auf 1,80 Meter.<\/em><\/p>\n<p>&nbsp;<\/p>\n<p><strong><em>Wichtiger Hinweis:<br \/>\nWir weisen ausdr\u00fccklich darauf hin, dass die Kolzov-Platte (russische Bezeichnung: &#8222;Korrektoren des funktionalen Zustands&#8220;) ein alternatives Energie- und Informationsprodukt ist und kein Heilmittel im Sinne der westlichen Schulmedizin. Vielmehr ist es ein rein energetisches Hilfsmittel zur ganzheitlichen Balancierung von energetischen Disharmonien und Blockaden. Informationen \u00fcber Qualit\u00e4t und Eigenschaften des Energieobjekts beziehen sich auf Aussagen des russischen Herstellers und alternativen Theorien zu Mensch und Umwelt, auf alternative Anschauungen und esoterische \u00dcberlieferungen oder Aussagen. Sie gelten nur im Sinne der esoterischen Lebensphilosophie und daran angelehnte Alternativheilkunde. Wirkungen im Sinne westlicher Wissenschaft oder Medizin werden hier nicht behauptet.<\/em><\/strong><\/p>","protected":false},"excerpt":{"rendered":"<p>Die Kolzov-Platte \u201eGl\u00fcck\u201c (russisch: \u0421\u0427\u0410\u0421\u0422\u042c\u0415) fungiert als energetischer Transformator, der negative Einfl\u00fcsse in positive Resultate umwandelt und das Gef\u00fchl tiefer Freude und Verbundenheit aktiviert. Sie harmonisiert das Feuerelement im Menschen, vertreibt Apathie sowie Depressionen und unterst\u00fctzt dabei, Lebensziele klar zu erkennen und die eigene Realit\u00e4t in Liebe und Harmonie mit der Welt zu gestalten.<\/p>","protected":false},"featured_media":2174,"comment_status":"open","ping_status":"closed","template":"","meta":[],"product_brand":[],"product_cat":[33],"product_tag":[89],"class_list":{"0":"post-2173","1":"product","2":"type-product","3":"status-publish","4":"has-post-thumbnail","6":"product_cat-elite-series","7":"product_tag-89","9":"first","10":"instock","11":"taxable","12":"shipping-taxable","13":"purchasable","14":"product-type-simple"},"_links":{"self":[{"href":"https:\/\/vigo-rio.com\/en\/wp-json\/wp\/v2\/product\/2173","targetHints":{"allow":["GET"]}}],"collection":[{"href":"https:\/\/vigo-rio.com\/en\/wp-json\/wp\/v2\/product"}],"about":[{"href":"https:\/\/vigo-rio.com\/en\/wp-json\/wp\/v2\/types\/product"}],"replies":[{"embeddable":true,"href":"https:\/\/vigo-rio.com\/en\/wp-json\/wp\/v2\/comments?post=2173"}],"wp:featuredmedia":[{"embeddable":true,"href":"https:\/\/vigo-rio.com\/en\/wp-json\/wp\/v2\/media\/2174"}],"wp:attachment":[{"href":"https:\/\/vigo-rio.com\/en\/wp-json\/wp\/v2\/media?parent=2173"}],"wp:term":[{"taxonomy":"product_brand","embeddable":true,"href":"https:\/\/vigo-rio.com\/en\/wp-json\/wp\/v2\/product_brand?post=2173"},{"taxonomy":"product_cat","embeddable":true,"href":"https:\/\/vigo-rio.com\/en\/wp-json\/wp\/v2\/product_cat?post=2173"},{"taxonomy":"product_tag","embeddable":true,"href":"https:\/\/vigo-rio.com\/en\/wp-json\/wp\/v2\/product_tag?post=2173"}],"curies":[{"name":"wp","href":"https:\/\/api.w.org\/{rel}","templated":true}]}}