{"id":217,"date":"2026-01-14T12:38:14","date_gmt":"2026-01-14T12:38:14","guid":{"rendered":"https:\/\/vigo-rio.com\/?post_type=product&#038;p=217"},"modified":"2026-04-02T08:40:19","modified_gmt":"2026-04-02T08:40:19","slug":"fc-07-anti-wrinkle","status":"publish","type":"product","link":"https:\/\/vigo-rio.com\/en\/product\/fc-07-anti-wrinkle\/","title":{"rendered":"FC Anti-Falten\/ Anti-Wrinkle"},"content":{"rendered":"<p><strong>Kolzov-Platte &#8222;Nr.7 &#8211; ANTI-FALTEN&#8220;\u00a0(Haut und Gewebe: Zellern\u00e4hrung &#8211; f\u00fcr Hautern\u00e4hrung, Hautfeuchtigkeit und Regulationsf\u00e4higkeit verbessern, optische Verj\u00fcngung, Energetisieren kosmetischer Produkte, Energie f\u00fcr die Hautzellen 2)<br \/>\n<\/strong><\/p>\n<p><strong>&#8211; neueste Version mit 8-Elementen (8 enthaltenen Energiespeicher-Chips)<\/strong><\/p>\n<p>Diese Kolzov-Platte wurde mit einer besonders hohe Dichte an regenerativen und entgiftenden Felder und Informationen versehen und verf\u00fcgt \u00fcber eine sehr hohe Energie (daher kann es bei Anwendung in der Nacht zu unruhigen Schlaf f\u00fchren). Am besten Wasser damit aufladen und trinken. Und alle kosmetischen Produkte darauf stellen, also Cremes, \u00d6le, Badezus\u00e4tze, Shampoo und sonstige K\u00f6rperpflegeprodukte. Auch Waschmittel und Weichsp\u00fcler k\u00f6nnen mit der Kolzov-Platte Nr.7 energetisiert und deren negative Informationen aus Schadstoffen neutralisiert werden.<\/p>\n<p><em>Die Aussagen beziehen sich auf alternative Testmethoden wie Meridianenergie-Messungen der Organfunktionskreisl\u00e4ufe nach TCM, Kirlian-Fotografie (EPG\/GDV-Kamera), Oberon, Amsat o.\u00e4. durch den Hersteller &#8222;Planet der Regionen&#8220; und stellen keine medizinische oder auf den physischen K\u00f6rper und dessen Organe bezogenen Aussage im Sinne der westlichen Schulmedizin dar.<br \/>\n<\/em><\/p>\n<p><strong>Die Platte ist in diesem Sinne vor allem geeignet f\u00fcr:<\/strong><\/p>\n<ul>\n<li>Hautern\u00e4hrung und Feuchtigkeit der Haut werden verbessert,<\/li>\n<li>Regulierung und Normierung des Haut-Stoffwechsels,<\/li>\n<li>Hautern\u00e4hrung und Feuchtigkeit der Haut werden verbessert,<\/li>\n<li>Regulierung und Normierung des Haut-Stoffwechsels,<\/li>\n<li>Regeneration und Synchronisation aller Hautschichten,<\/li>\n<li>Harmonisierung im Gewebes etwa bei Schwellungen, Dekubitus u.a.,<\/li>\n<li>ausgleichende Balancierung im Hautteint,<\/li>\n<li>Anti-Aging-Wirkung auf die gesamte Haut<\/li>\n<li>Schutz und N\u00e4hrstoffregulation,<\/li>\n<li>verbessert die Haut- und Gewebeerneuerung,<\/li>\n<li>hilft bei allen Arten von Hauterkrankungen,<\/li>\n<li>harmonisiert die Hormonproduktion der Schilddr\u00fcse,<\/li>\n<li>aktiviert antioxidative Systeme,<\/li>\n<li>harmonisiert Blutwerte (H\u00e4moglobin, Kalzium-Spiegel),<\/li>\n<li>regeneriert das Bindegewebe (auch bei Gelenken, Muskeln, Sehnen),<\/li>\n<li>verbessert die Regeneration nach Knochenbr\u00fcchen und operativen Eingriffen.<\/li>\n<li>reguliert die Skelettmuskulatur und vieles mehr.<\/li>\n<\/ul>\n<p>TIPP 1: Die Kozov-Platte Nr.7 kann sehr gut mit Nr.6 kombiniert werden.<br \/>\n<u><\/u><\/p>\n<p>TIPP 2: Alle kosmetischen Produkte f\u00fcr die Zufuhr von Feuchtikgeit und N\u00e4hrstoffen f\u00fcr die Haut auf die Platte Nr.7 stellen und aktivieren lassen.<\/p>\n<p>ZUR BEACHTUNG: Die Aktivierungszeit von Wasser auf der Platte betr\u00e4gt mindestens 15 Sekunden.<\/p>\n<p><em><u>Ergebnis im LIFE-TEST:<\/u>\u00a0Die Kolzov-Platte &#8222;Nr.7 &#8211; Anti-Falten&#8220; hat ein neutrales Energiefeld mit \u00fcber 40 000 Bovis. Damit aktiviert sie 4 Chakras auf 40 000 Bovis: die oberen drei Charkas, das Kronen-, Stirn-, und Hals-Chakra sowie das Solarplexus-Chakra. Herz- und Blase-Sexual-Chakra steigen auf 28 000 Bovis. Das Wurzel-Chakra verdoppelt seine Energie auf 14 000 Bovis. Durch die Aufladung der Chakras w\u00e4chst der bioenergetische Reaktionsabstand von zirka 75 Zentimetern um den K\u00f6rper auf 2,00 Meter.<br \/>\n<\/em><\/p>\n<p><em><strong>Wichtiger Hinweis:<br \/>\nWir weisen ausdr\u00fccklich darauf hin, dass die Kolzov-Platte (russische Bezeichnung: &#8222;Korrektoren des funktionalen Zustands&#8220;) ein alternatives Energie- und Informationsprodukt ist und kein Heilmittel im Sinne der westlichen Schulmedizin. Vielmehr ist es ein rein energetisches Hilfsmittel zur ganzheitlichen Balancierung von energetischen Disharmonien und Blockaden. Informationen \u00fcber Qualit\u00e4t und Eigenschaften des Energieobjekts beziehen sich auf Aussagen des russischen Herstellers und alternativen Theorien zu Mensch und Umwelt, auf alternative Anschauungen und esoterische \u00dcberlieferungen oder Aussagen. Sie gelten nur im Sinne der esoterischen Lebensphilosophie und daran angelehnte Alternativheilkunde. Wirkungen im Sinne westlicher Wissenschaft oder Medizin werden hier nicht behauptet.<\/strong><\/em><\/p>","protected":false},"excerpt":{"rendered":"<p>Entwickelt zur Aktivierung von hautstraffenden und pflegenden Produkten. Verst\u00e4rkt die Wirkung von Anti-Falten-Cremes, Feuchtigkeitscremes, Seren, K\u00f6rperlotionen, pflegenden Gesichtsmasken, Haut\u00f6len und \u00e4hnlichen kosmetischen Produkten, unabh\u00e4ngig vom Hauttyp oder der Altersgruppe<\/p>","protected":false},"featured_media":1686,"comment_status":"open","ping_status":"closed","template":"","meta":[],"product_brand":[],"product_cat":[27],"product_tag":[],"class_list":{"0":"post-217","1":"product","2":"type-product","3":"status-publish","4":"has-post-thumbnail","6":"product_cat-blue-series","8":"first","9":"instock","10":"sale","11":"taxable","12":"shipping-taxable","13":"purchasable","14":"product-type-variable"},"_links":{"self":[{"href":"https:\/\/vigo-rio.com\/en\/wp-json\/wp\/v2\/product\/217","targetHints":{"allow":["GET"]}}],"collection":[{"href":"https:\/\/vigo-rio.com\/en\/wp-json\/wp\/v2\/product"}],"about":[{"href":"https:\/\/vigo-rio.com\/en\/wp-json\/wp\/v2\/types\/product"}],"replies":[{"embeddable":true,"href":"https:\/\/vigo-rio.com\/en\/wp-json\/wp\/v2\/comments?post=217"}],"wp:featuredmedia":[{"embeddable":true,"href":"https:\/\/vigo-rio.com\/en\/wp-json\/wp\/v2\/media\/1686"}],"wp:attachment":[{"href":"https:\/\/vigo-rio.com\/en\/wp-json\/wp\/v2\/media?parent=217"}],"wp:term":[{"taxonomy":"product_brand","embeddable":true,"href":"https:\/\/vigo-rio.com\/en\/wp-json\/wp\/v2\/product_brand?post=217"},{"taxonomy":"product_cat","embeddable":true,"href":"https:\/\/vigo-rio.com\/en\/wp-json\/wp\/v2\/product_cat?post=217"},{"taxonomy":"product_tag","embeddable":true,"href":"https:\/\/vigo-rio.com\/en\/wp-json\/wp\/v2\/product_tag?post=217"}],"curies":[{"name":"wp","href":"https:\/\/api.w.org\/{rel}","templated":true}]}}