{"id":2169,"date":"2026-01-19T22:11:12","date_gmt":"2026-01-19T22:11:12","guid":{"rendered":"https:\/\/vigo-rio.com\/?post_type=product&#038;p=2169"},"modified":"2026-02-04T19:49:43","modified_gmt":"2026-02-04T19:49:43","slug":"fc-08-energies-of-achievements","status":"publish","type":"product","link":"https:\/\/vigo-rio.com\/en\/product\/fc-08-energies-of-achievements\/","title":{"rendered":"FC Energien der Errungenschaften \/ Energies of Achievements"},"content":{"rendered":"<div class=\"product-details product-details--layout-sidebar-right product-details--description-basic\">\n<div class=\"product-details__description\">\n<div class=\"product-details-module product-details__general-info\">\n<div class=\"product-details-module__content\">\n<div id=\"productDescription\" class=\"product-details__product-description\">\n<p><strong>Kolzov-Platte: &#8222;Energien der Erf\u00fcllung&#8220;\u00a0&#8211; (oder \u00fcbersetzt als: &#8222;Energien der Errungenschaften&#8220; genannt: hilft das Gew\u00fcnschte durch einen rechtschaffenen Lebensweg zu erreichen und einen Zustand der Erf\u00fcllung)<\/strong><br \/>\n<em><br \/>\n<\/em><\/p>\n<p><em>Die Platte tr\u00e4gt die russische Aufschrift: \u042d\u041d\u0415\u0420\u0413\u0418\u0418 \u0421\u0412\u0415\u0420\u0428\u0415\u041d\u0418\u0419<\/em><\/p>\n<p>Die Platte &#8222;Energien der Erf\u00fcllung&#8220; hilft dabei, einen Pfad der Wahrhaftigkeit, Liebe und des Glaubens zu beschreiten, sich spirituell weiter zu entwickeln. Nur durch einen rechtschaffenen Lebensweg kann das Gew\u00fcnschte erreicht werden und man zu wahrer Erf\u00fcllung und g\u00f6ttlichen Errungenschaften gelangen.<\/p>\n<p><em>Die Aussagen beziehen sich auf alternative Testmethoden wie Meridianenergie-Messungen der Organfunktionskreisl\u00e4ufe nach TCM, Kirlian-Fotografie (EPG\/GDV-Kamera), Oberon, Amsat o.\u00e4. durch den Hersteller &#8222;Planet der Regionen&#8220; und stellen keine medizinische oder auf den physischen K\u00f6rper und dessen Organe bezogenen Aussage im Sinne der westlichen Schulmedizin dar.<\/em><\/p>\n<p><strong>Die Platte ist in diesem Sinne vor allem geeignet f\u00fcr:<\/strong><\/p>\n<ul>\n<li>sie hilft auf dem Pfad der Wahrheit, Rechtschaffenheit und G\u00fcte, des Glaubens und der Weisheit durchs Leben zu gehen und er\u00f6ffnet dem Menschen, den vollkommen Pfad der Evolution und g\u00f6ttlichen Sch\u00f6pfung zu beschreiten,<\/li>\n<li>sie inspiriert den Anwender, an die Gr\u00f6\u00dfe des Geistes zu glauben und hilft dabei, die richtigen, konstruktiven Gedanken in den Geist einer Person zu ziehen, um positive Gedankenformen zu erschaffen,<\/li>\n<li>tr\u00e4gt dazu bei, verwirrende Lebenssituationen zu kl\u00e4ren, einen Weg aus den Verstrickungen des Lebens zu finden und das eigene Schicksal zu gestalten,<\/li>\n<li>hilft zu erkennen, was &#8222;die Seele braucht&#8220; und ein Verst\u00e4ndnis daf\u00fcr zu entwickeln, dass unsere St\u00e4rke in der Wahrheit und Wahrhaftigkeit liegt,<\/li>\n<li>so geleitet sie die menschliche Seele auf dem Weg der Erf\u00fcllung.<\/li>\n<\/ul>\n<p>Auf der Kolzov-Platte &#8222;Energien der Erf\u00fcllung&#8220; sind unter anderem die Informationen des kosmo-energetischen Kanals der G\u00f6ttin Prav gespeichert, welcher die Emotionen der G\u00f6ttin Prav &#8211; &#8222;Pravodast&#8220; &#8211; vermittelt: die Freude an den eigenen Errungenschaften, an der Erf\u00fcllung.<\/p>\n<p>TIPP 1: Das Gef\u00fchl, welches uns die Energien der Erf\u00fcllung verleihen, kann mit Hilfe dieser Kolzov-Platte in uns verankert werden. Dazu nimmt man die Platte &#8222;Energien der Erf\u00fcllung&#8220; in die rechte Hand, spannt den Hals leicht an und ber\u00fchrt mit der rechten Hand die rechte Halsschlagader (und informiert so mit der Platte das vorbeiflie\u00dfende Blut in der rechten Halsschlagader) f\u00fcr die Dauer von nur 1 Herzschlag. Danach wechselt man die Seite: die Platte in die linke Hand nehmen und an die linke Halsseite auf die linke Halsschlagader halten.<br \/>\nDie Farbe Scharlachrot und der Halbedelstein Karneol verst\u00e4rken die Wirkung der Platte noch.<\/p>\n<p>TIPP 2: Die Energien der Erf\u00fcllung der G\u00f6ttin Prav werden zus\u00e4tzlich gest\u00e4rkt, wenn beliebige Musikinstrument h\u00f6rt und spielt.<\/p>\n<p>TIPP 3: Die Platte &#8222;Energien der Erf\u00fcllung&#8220; kann einzeln verwendet werden, bildet aber mit der &#8222;Triumph des Seins&#8220; ein einzigartiges Gespann, denn im Zusammenspiel gleichen diese beiden Platten die oberen und unteren Chakren aus und sie verst\u00e4rken gegenseitig die positiven Effekt beider Platten. Die Platte &#8222;Energien der Erf\u00fcllung&#8220; kann aber auch in Kombination mit anderen Platten verschiedener Serien verwendet werden wie mit: &#8222;F\u00fclle und Erfolg&#8220; (Serie Gr\u00fcn), &#8222;Fortuna&#8220; (Serie Effizient), &#8222;Gl\u00fcck&#8220;, &#8222;Frieden&#8220; (Serie Elite) und dem Armband &#8222;Magnat&#8220; (Mann).<\/p>\n<p>TIPP 4: Wasser und Lebensmittel k\u00f6nnen jederzeit mit der Platte energetisiert werden. Die beste Zeit f\u00fcr eine intensive Arbeit mit der Platte bei Meditation, Gebet und energetischen Praktiken ist 1 Uhr nachts.<\/p>\n<p>ZUR BEACHTUNG: Bei der Platte &#8222;Energien der Erf\u00fcllung&#8220; sollte das Wasser zum Energetisieren mindestens 6 Stunden lang darauf gestellt werden.<\/p>\n<p><em><u>Ergebnis im LIFE-TEST:<\/u>\u00a0Die Kolzov-Platte &#8222;Energien der Erf\u00fcllung&#8220; hat ein neutrales Energiefeld mit mehr als 40 000 Bovis. Damit aktiviert sie drei Chakras auf 40 000 Bovis: Stirn-, Herz- und Solarplexus-Chakra. Das Kronen-Chakra steigt auf ebenfalls hohe 35 000 Bovis, das Wurzel-Chakra auf 28 000 Bovis, Hals- und Blase-\/Sexual-Chakra auf 21 000 Bovis. Durch die Aufladung der Chakras w\u00e4chst der bioenergetische Reaktionsabstand von zirka 75 Zentimetern um den K\u00f6rper auf 2,40 Meter.<br \/>\nWendet man die Platte Platte &#8222;Energien der Erf\u00fcllung&#8220; gemeinsam mit der Platte &#8222;Triumph des Seins&#8220; an, steigen die Chakras in ihrer Energie alle auf 40 000 Bovis und der bioenergetische Reaktionsabstand, also die Ausdehnung der Aura, w\u00e4chst auf \u00fcber 3,00 Meter.<\/em><\/p>\n<p><em><strong>Wichtiger Hinweis:<br \/>\nWir weisen ausdr\u00fccklich darauf hin, dass die Kolzov-Platte (russische Bezeichnung: &#8222;Korrektoren des funktionalen Zustands&#8220;) ein alternatives Energie- und Informationsprodukt ist und kein Heilmittel im Sinne der westlichen Schulmedizin. Vielmehr ist es ein rein energetisches Hilfsmittel zur ganzheitlichen Balancierung von energetischen Disharmonien und Blockaden. Informationen \u00fcber Qualit\u00e4t und Eigenschaften des Energieobjekts beziehen sich auf Aussagen des russischen Herstellers und alternativen Theorien zu Mensch und Umwelt, auf alternative Anschauungen und esoterische \u00dcberlieferungen oder Aussagen. Sie gelten nur im Sinne der esoterischen Lebensphilosophie und daran angelehnte Alternativheilkunde. Wirkungen im Sinne westlicher Wissenschaft oder Medizin werden hier nicht behauptet.<\/strong><\/em><\/p>\n<\/div>\n<\/div>\n<\/div>\n<\/div>\n<div class=\"clearboth\"><\/div>\n<\/div>\n<div class=\"ec-related-products\"><\/div>","protected":false},"excerpt":{"rendered":"<p>unterst\u00fctzt den Anwender dabei, einen Lebensweg der Wahrhaftigkeit und spirituellen Evolution zu beschreiten, um wahre innere Erf\u00fcllung zu erlangen. Sie hilft, verwirrende Lebenssituationen zu kl\u00e4ren, konstruktive Gedankenformen zu erschaffen und das eigene Schicksal im Einklang mit den W\u00fcnschen der Seele und g\u00f6ttlicher Sch\u00f6pfungskraft zu gestalten.<\/p>","protected":false},"featured_media":2170,"comment_status":"open","ping_status":"closed","template":"","meta":[],"product_brand":[],"product_cat":[33],"product_tag":[86],"class_list":{"0":"post-2169","1":"product","2":"type-product","3":"status-publish","4":"has-post-thumbnail","6":"product_cat-elite-series","7":"product_tag-86","9":"first","10":"instock","11":"taxable","12":"shipping-taxable","13":"purchasable","14":"product-type-simple"},"_links":{"self":[{"href":"https:\/\/vigo-rio.com\/en\/wp-json\/wp\/v2\/product\/2169","targetHints":{"allow":["GET"]}}],"collection":[{"href":"https:\/\/vigo-rio.com\/en\/wp-json\/wp\/v2\/product"}],"about":[{"href":"https:\/\/vigo-rio.com\/en\/wp-json\/wp\/v2\/types\/product"}],"replies":[{"embeddable":true,"href":"https:\/\/vigo-rio.com\/en\/wp-json\/wp\/v2\/comments?post=2169"}],"wp:featuredmedia":[{"embeddable":true,"href":"https:\/\/vigo-rio.com\/en\/wp-json\/wp\/v2\/media\/2170"}],"wp:attachment":[{"href":"https:\/\/vigo-rio.com\/en\/wp-json\/wp\/v2\/media?parent=2169"}],"wp:term":[{"taxonomy":"product_brand","embeddable":true,"href":"https:\/\/vigo-rio.com\/en\/wp-json\/wp\/v2\/product_brand?post=2169"},{"taxonomy":"product_cat","embeddable":true,"href":"https:\/\/vigo-rio.com\/en\/wp-json\/wp\/v2\/product_cat?post=2169"},{"taxonomy":"product_tag","embeddable":true,"href":"https:\/\/vigo-rio.com\/en\/wp-json\/wp\/v2\/product_tag?post=2169"}],"curies":[{"name":"wp","href":"https:\/\/api.w.org\/{rel}","templated":true}]}}