{"id":2165,"date":"2026-01-19T22:04:41","date_gmt":"2026-01-19T22:04:41","guid":{"rendered":"https:\/\/vigo-rio.com\/?post_type=product&#038;p=2165"},"modified":"2026-02-25T22:25:39","modified_gmt":"2026-02-25T22:25:39","slug":"fc-35-guardians-of-life","status":"publish","type":"product","link":"https:\/\/vigo-rio.com\/en\/product\/fc-35-guardians-of-life\/","title":{"rendered":"FC Bewahrer des Lebens \/ Guardians of Life"},"content":{"rendered":"<p><strong>Kolzov-Platte: &#8222;Bewahrer des Lebens&#8220;\u00a0&#8211; (aktiviert den energetischen Schutz und bewahrt uns in gef\u00e4hrlichen Zeiten, f\u00fcr Schutz der Sch\u00f6pfung und der Erde)<\/strong><\/p>\n<p><em>Die Platte tr\u00e4gt die russische Aufschrift: \u0425\u0420\u0410\u041d\u0418\u0422\u0415\u041b\u042c \u0416\u0418\u0417\u041d\u0418<\/em><\/p>\n<p>Die Kolzov-Platte vermittelt den Schutz der Kr\u00e4fte des Lichts und einen Zustand der Freude, der aus dem Wissen entsteht, gesch\u00fctzt und bewahrt zu sein.<\/p>\n<p><em>Die Aussagen beziehen sich auf alternative Testmethoden wie Meridianenergie-Messungen der Organfunktionskreisl\u00e4ufe nach TCM, Kirlian-Fotografie (EPG\/GDV-Kamera), Oberon, Amsat o.\u00e4. durch den Hersteller &#8222;Planet der Regionen&#8220; und stellen keine medizinische oder auf den physischen K\u00f6rper und dessen Organe bezogenen Aussage im Sinne der westlichen Schulmedizin dar.<\/em><\/p>\n<p><strong>Die Platte ist in diesem Sinne vor allem geeignet f\u00fcr:<\/strong><\/p>\n<ul>\n<li>sie erleichtert es, Schutz und Halt im Leben zu finden, beh\u00fctet die Familie und alle lebenden Gesch\u00f6pfe,<\/li>\n<li>beh\u00fctet und besch\u00fctzt in schwierigen und lebensbedrohlichen Zeiten,<\/li>\n<li>hilft dabei, die Sch\u00f6nheit und Anmut der Natur und unserer Mutter Erde zu bewahren und zu erhalten,<\/li>\n<li>f\u00f6rdert die Bewahrung von Freundschaft, Liebe und menschlicher Sch\u00f6pfung als Ergebnisse des Zusammenwirkens unserer Kreativit\u00e4t mit den H\u00f6heren M\u00e4chten,<\/li>\n<li>die Platte erhebt den Menschen auf h\u00f6here Bewusstseinsebenen, \u00f6ffnet die Seele und unterst\u00fctzt die Wahrnehmung \u00fcbersinnlicher Empfindungen, damit Ratschl\u00e4ge und Hinweise der H\u00f6heren M\u00e4chte besser empfangen werden k\u00f6nnen,<\/li>\n<li>aktiviert den Glauben an &#8222;Wunder&#8220; und \u00f6ffnet f\u00fcr das Verst\u00e4ndnis, in verschiedenen Lebenslagen g\u00f6ttliche Hilfe und Unterst\u00fctzung zu erfahren,<\/li>\n<li>sch\u00fctzt vor falschem Wissen, vor fremden und von au\u00dfen auferlegten W\u00fcnschen und negativen au\u00dferirdischen Beeinflussungen,<\/li>\n<li>\u00f6ffnet das Bewusstsein daf\u00fcr, dass die Welt das Haus des Menschen ist, in welchem man im Guten lebt, jeder offen f\u00fcr das Licht ist, seine Liebe sch\u00fctzt und bewahrt und damit den gesamten Planeten,<\/li>\n<li>die Platte hilft dabei, das zu bewahren, was wir schon besitzen (sowohl geistig als auch materiell), und gibt Halt auch in schwierigen Situationen,<\/li>\n<li>sie hat im Energetischen einen positiven Einfluss auf den Bewegungsapparat, zeigt eine entz\u00fcndungshemmende Wirkung etwa bei Arthritis, Arthrose, Schleimbeutelentz\u00fcndung usw. und bei Verletzungen, wirkt unterst\u00fctzend bei der Regeneration des Knorpelgewebes und zeigt bei langfristiger Anwendung eine schmerzlindernde Wirkung,<\/li>\n<li>die Platte verbessert die Mikrozirkulation des Blutes, entspannt bei Erkrankungen des zentralen Nervensystems die glatte Muskulatur und wird daher in der Langzeitbehandlung bei verschiedenen L\u00e4hmungserscheinungen verwendet, so etwa bei Multipler Sklerose, der infantilen Zerebralparese (ICP) oder nach einem erlittenen Schlaganfall oder nach Sch\u00e4del-Hirn-Traumata,<\/li>\n<li>wirkt entz\u00fcndungshemmend bei Erkrankungen der Beckenorgane, insbesondere auch bei Bewegungsmangel und langem Sitzen,<\/li>\n<li>wirkt energetisch unterst\u00fctzend bei Erkrankungen der Schilddr\u00fcse und der Stimmb\u00e4nder und harmonisiert auf das Hals-Chakra,<\/li>\n<li>f\u00f6rdert die Aufnahme von Vitaminen der B-Gruppe, was sich positiv auf den Zustand von Haut, Haaren und N\u00e4geln auswirkt,<\/li>\n<li>hat eine beruhigende, ausgleichende Wirkung, reduziert die Auswirkungen von nerv\u00f6sem und psychischem Stress, f\u00fchrt in einen Zustand der Ruhe und Harmonie und ist daher als energetische Unterst\u00fctzung bei Stress und depressiven Stimmungen empfehlenswert,<\/li>\n<li>die Platte hilft dabei, eine Situation richtig einzusch\u00e4tzen und nicht st\u00e4ndig alles negativ zu sehen,<\/li>\n<li>sie hilft dabei, seine Emotionen und Rede zu kontrollieren und unterst\u00fctzt es sich auszudr\u00fccken und im gesellschaftlichen Umfeld positiv zu entfalten,<\/li>\n<li>hilft in der energetischen Arbeit mit der Familie und dem Ahnenfeld, blockiert die negativen Programme vergangener Generationen und l\u00f6st karmische Probleme.<\/li>\n<\/ul>\n<p>Auf der Kolzov-Platte &#8222;Bewahrer des Lebens&#8220; sind unter anderem die Informationen des kosmo-energetischen Kanals der G\u00f6ttin des Schutzes Bereginja gespeichert, die einen Zustand der Freude vermittelt, der durch das Wissen um Schutz und Bewahrung ausgel\u00f6st wird, und das freudige Gef\u00fchl &#8222;Beredast&#8220;, das uns die G\u00f6ttin nach \u00fcberstandenen Gefahren zuteil werden l\u00e4sst.<\/p>\n<p>TIPP 1: Anfangs sollte man sich allm\u00e4hlich an die Energie gew\u00f6hnen und die Platte zun\u00e4chst nur stundenweise anwenden und noch nicht den ganzen Tag. Wenn man das Gef\u00fchl der Freude, die dem Wissen um Schutz und Unterst\u00fctzung entspringt, st\u00e4rker in sich verankern m\u00f6chte, nimmt man die Platte &#8222;Bewahrer des Lebens&#8220; in die rechte Hand, spannt den Hals leicht an und ber\u00fchrt mit der rechten Hand die rechte Halsschlagader (und informiert so mit der Platte das vorbeiflie\u00dfende Blut in der rechten Halsschlagader) f\u00fcr die Dauer von 10 Herzschl\u00e4gen. Danach wechselt man die Seite: die Platte in die linke Hand nehmen und an die linke Halsseite auf die linke Halsschlagader halten.<br \/>\nDie Farbe Blau und der Chalzedon verst\u00e4rken die Wirkung der Platte noch.<\/p>\n<p>TIPP 2: Die Energien von Schutz und Bewahrung werden zus\u00e4tzlich gest\u00e4rkt, wenn man die Platte bei sich hat und harmonische Musik etwa von der Schaleika oder der 5-saitigen Tonica-Gitarre h\u00f6rt oder spielt.<\/p>\n<p>TIPP 3: Die Platte &#8222;Bewahrer des Lebens&#8220; kann einzeln oder in Kombination verwendet werden mit den Platten: &#8222;Nr.16 &#8211; Reiner Raum&#8220; (Serie Violett), &#8222;Nr.23 &#8211; Befreiung&#8220; (Serie Gold), &#8222;Ordnungsplatte Frau&#8220; und &#8222;Ordnungsplatte Mann&#8220; (Serie Gr\u00fcn), &#8222;Gold der W\u00fcste Gobi&#8220;, &#8222;Code Gobi&#8220; und &#8222;Gr\u00fcne Tara -Kailash&#8220; (Serie Elite), &#8222;Liebe Yin&#8220;, Liebe Yang&#8220; und &#8222;Schwarzer Berg&#8220; (Serie Effizient).<\/p>\n<p>TIPP 4: Die beste Zeit f\u00fcr eine intensive Arbeit mit der Platte ist gegen 10 Uhr vormittags.<\/p>\n<p>ZUR BEACHTUNG: Bei der Platte &#8222;Bewahrer des Lebens&#8220; sollte das Wasser zum Energetisieren mindestens 4 Stunden lang darauf gestellt werden.<\/p>\n<p><em><u>Ergebnis im LIFE-TEST:\u00a0<\/u>Die Kolzov-Platte &#8222;Bewahrer des Lebens&#8220; hat ein neutrales Energiefeld mit mehr als 40 000 Bovis. Damit aktiviert sie Hals- und Solarplexus-Chakra auf \u00fcber 40 000 Bovis. Das Kronen-Chakra steigt auf ebenfals sehr hohe 35 000 Bovis. Das Herz-Chakra wird auf 28 000 Bovis, Stirn- und Wurzel-Chakra auf 21 000 Bovis aktiviert und das Blase-\/Sexual-Chakra verdoppelt seine Energie auf 14 000 Bovis. Durch die Aufladung der Chakras w\u00e4chst der bioenergetische Reaktionsabstand von zirka 75 Zentimetern um den K\u00f6rper auf 1,50 Meter.<\/em><\/p>\n<p><em><strong>Wichtiger Hinweis:<br \/>\nWir weisen ausdr\u00fccklich darauf hin, dass die Kolzov-Platte (russische Bezeichnung: &#8222;Korrektoren des funktionalen Zustands&#8220;) ein alternatives Energie- und Informationsprodukt ist und kein Heilmittel im Sinne der westlichen Schulmedizin. Vielmehr ist es ein rein energetisches Hilfsmittel zur ganzheitlichen Balancierung von energetischen Disharmonien und Blockaden. Informationen \u00fcber Qualit\u00e4t und Eigenschaften des Energieobjekts beziehen sich auf Aussagen des russischen Herstellers und alternativen Theorien zu Mensch und Umwelt, auf alternative Anschauungen und esoterische \u00dcberlieferungen oder Aussagen. Sie gelten nur im Sinne der esoterischen Lebensphilosophie und daran angelehnte Alternativheilkunde. Wirkungen im Sinne westlicher Wissenschaft oder Medizin werden hier nicht behauptet.<\/strong><\/em><\/p>","protected":false},"excerpt":{"rendered":"<p>Die Kolzov-Platte \u201eBewahrer des Lebens\u201c aktiviert einen tiefgreifenden energetischen Schutz durch die Kr\u00e4fte des Lichts und vermittelt ein Gef\u00fchl der Sicherheit und Freude. Sie unterst\u00fctzt die Regeneration des Bewegungsapparates sowie des Nervensystems, hilft bei der L\u00f6sung famili\u00e4rer Karmaprogramme und sch\u00fctzt die Seele in schwierigen Zeiten vor negativen \u00e4u\u00dferen Einfl\u00fcssen.<\/p>","protected":false},"featured_media":2166,"comment_status":"open","ping_status":"closed","template":"","meta":[],"product_brand":[],"product_cat":[33],"product_tag":[83],"class_list":{"0":"post-2165","1":"product","2":"type-product","3":"status-publish","4":"has-post-thumbnail","6":"product_cat-elite-series","7":"product_tag-83","9":"first","10":"instock","11":"taxable","12":"shipping-taxable","13":"purchasable","14":"product-type-simple"},"_links":{"self":[{"href":"https:\/\/vigo-rio.com\/en\/wp-json\/wp\/v2\/product\/2165","targetHints":{"allow":["GET"]}}],"collection":[{"href":"https:\/\/vigo-rio.com\/en\/wp-json\/wp\/v2\/product"}],"about":[{"href":"https:\/\/vigo-rio.com\/en\/wp-json\/wp\/v2\/types\/product"}],"replies":[{"embeddable":true,"href":"https:\/\/vigo-rio.com\/en\/wp-json\/wp\/v2\/comments?post=2165"}],"wp:featuredmedia":[{"embeddable":true,"href":"https:\/\/vigo-rio.com\/en\/wp-json\/wp\/v2\/media\/2166"}],"wp:attachment":[{"href":"https:\/\/vigo-rio.com\/en\/wp-json\/wp\/v2\/media?parent=2165"}],"wp:term":[{"taxonomy":"product_brand","embeddable":true,"href":"https:\/\/vigo-rio.com\/en\/wp-json\/wp\/v2\/product_brand?post=2165"},{"taxonomy":"product_cat","embeddable":true,"href":"https:\/\/vigo-rio.com\/en\/wp-json\/wp\/v2\/product_cat?post=2165"},{"taxonomy":"product_tag","embeddable":true,"href":"https:\/\/vigo-rio.com\/en\/wp-json\/wp\/v2\/product_tag?post=2165"}],"curies":[{"name":"wp","href":"https:\/\/api.w.org\/{rel}","templated":true}]}}