{"id":216,"date":"2026-01-14T12:37:48","date_gmt":"2026-01-14T12:37:48","guid":{"rendered":"https:\/\/vigo-rio.com\/?post_type=product&#038;p=216"},"modified":"2026-04-02T08:40:19","modified_gmt":"2026-04-02T08:40:19","slug":"fc-06-beautiful-skin","status":"publish","type":"product","link":"https:\/\/vigo-rio.com\/en\/product\/fc-06-beautiful-skin\/","title":{"rendered":"FC Beautiful skin"},"content":{"rendered":"<p><strong>Kolzov-Platte &#8222;Nr.6 &#8211; SCH\u00d6NE HAUT&#8220;\u00a0(Haut und Gewebe: Zellerneuerung &#8211; f\u00fcr Hautreinigung, Innere Hautstruktur verbessern, Zellerneuerung, Hautaufhellung, Energie f\u00fcr die Hautzellen 1)<br \/>\n<\/strong><\/p>\n<p><strong>&#8211; neueste Version mit 8-Elementen (8 enthaltenen Energiespeicher-Chips)<br \/>\n<\/strong><\/p>\n<p>Die bioaktiven Felder der Platte Nr.6 harmonisieren die innere Struktur der Haut und regulieren Aufbau und Funktionen der Haut. Sie verbessert die die Haut betreffende Zellkommunikation und damit Anpassungs- und Regulationsf\u00e4higkeit der Haut.<br \/>\nDie Haut ist unser Grenzfl\u00e4chenorgan, das die Au\u00dfenwelt von unserem stofflichen Organismus abgrenzt. In ihr enden Nerven, Blutgef\u00e4\u00dfe. Lymphe und Meridian-Energiekan\u00e4le und unz\u00e4hlige \u00e4u\u00dfere biogene Signale und Informationen m\u00fcssen \u00fcber unser zentrales Nervensystem verarbeitet werden. Die Haut ist ein zentraler Sammel- und Schnittpunkt unseres Organismus und sie ist der \u00dcbersetzer von<br \/>\n\u00e4u\u00dferen Energien und Informationen in K\u00f6rpersignale, Steuerung und Regulation des Organismus. Bei Fehlfunktionen in diesem komplexen Organ Haut etwa durch Verschlackung und \u00dcbers\u00e4uerung, kann es langfristig auch zu den unterschiedlichsten Erkrankungen kommen.<\/p>\n<p><em>Die Aussagen beziehen sich auf alternative Testmethoden wie Meridianenergie-Messungen der Organfunktionskreisl\u00e4ufe nach TCM, Kirlian-Fotografie (EPG\/GDV-Kamera), Oberon, Amsat o.\u00e4. durch den Hersteller &#8222;Planet der Regionen&#8220; und stellen keine medizinische oder auf den physischen K\u00f6rper und dessen Organe bezogenen Aussage im Sinne der westlichen Schulmedizin dar.<br \/>\n<\/em><\/p>\n<p><strong>Die Platte ist in diesem Sinne vor allem geeignet f\u00fcr:<\/strong><\/p>\n<ul>\n<li>Hautreinigung und -aufhellung,<\/li>\n<li>Regulation des Wasserhaushaltes der Haut,<\/li>\n<li>Regulation des Kollagenstoffwechsel,<\/li>\n<li>reguliert den S\u00e4ure-Basen-Haushalt im Gewebe,<\/li>\n<li>regeneriert des Kapillarsystem, die feinen Gef\u00e4\u00dfe im Bindegewebe,<\/li>\n<li>reguliert des mikrobiellen Hautmilieu,<\/li>\n<li>reguliert und regt die Stammzellproduktion und damit die Hauterneuerung an,<\/li>\n<li>Anti-Aging-Wirkung f\u00fcr die Haut (u.a. bei Falten, Altersflecken, Cellulitis),<\/li>\n<li>reguliert und normiert die zellul\u00e4re Kommunikation,<\/li>\n<li>hilft daher bei Akne sowie allen Haut-Erkrankungen, bei der Tiefenreinigung und Regeneration der Haut,<\/li>\n<li>Ausgleich und Normierung der Gewebe- und Gelenksfl\u00fcssigkeit,<\/li>\n<li>hilft bei Augenleiden, Gelenk- und Herz-Kreislauf-Erkrankungen, da es die Zellstruktur reguliert und verbessert<\/li>\n<li>reguliert und normiert die Funktionen von Nebennieren und Schilddr\u00fcse,hilft bei der Regeneration der Gef\u00e4\u00dfe nach Schlaganfall, bei Krampfadern, \u00d6demen oder Thrombosen,<\/li>\n<li>Regulation des Kohlehydrat- und Hormonstoffwechsels, sowie der Elektrolyte und des Nervensystems und vieles mehr.<\/li>\n<\/ul>\n<p>TIPP 1: Die besten Resultate erzielt man, wenn man mit die Platten Nr.1 und Nr.2 vorher oder parallel anwendet. Die Kozov-Platte Nr.6 kann auch sehr gut mit Nr.7 kombiniert werden.<br \/>\n<u><\/u><\/p>\n<p>TIPP 2: Alle kosmetischen Produkte f\u00fcr die Reinigung der Haut auf Platte Nr.6 stellen und aufladen!<\/p>\n<p>ZUR BEACHTUNG: Die Aktivierungszeit von Wasser auf der Platte betr\u00e4gt mindestens 15 Sekunden.<\/p>\n<p><em><u>Ergebnis im LIFE-TEST:\u00a0<\/u>Die Kolzov-Platte &#8222;Nr.6 &#8211; Sch\u00f6ne Haut&#8220; hat ein neutrales Energiefeld mit 40 000 Bovis. Damit aktiviert sie die 4 oberen Chakras auf 40 000 Bovis: also Kronen-, Stirn-, Hals- und Herz-Charka steigen auf diesen hohen Wert. Auch Solarplexus- und Blase-Sexual-Chakra erh\u00f6hen sich in ihrer Energie auf enorme 35 000 Bovis. Und das Wurzel-Chakra vervierfacht noch seine Energie auf 28 000 Bovis. Durch die Aufladung der Chakras w\u00e4chst der bioenergetische Reaktionsabstand von zirka 75 Zentimetern um den K\u00f6rper auf 1,70 Meter.<br \/>\n<\/em><\/p>\n<p><em><strong>Wichtiger Hinweis:<br \/>\nWir weisen ausdr\u00fccklich darauf hin, dass die Kolzov-Platte (russische Bezeichnung: &#8222;Korrektoren des funktionalen Zustands&#8220;) ein alternatives Energie- und Informationsprodukt ist und kein Heilmittel im Sinne der westlichen Schulmedizin. Vielmehr ist es ein rein energetisches Hilfsmittel zur ganzheitlichen Balancierung von energetischen Disharmonien und Blockaden. Informationen \u00fcber Qualit\u00e4t und Eigenschaften des Energieobjekts beziehen sich auf Aussagen des russischen Herstellers und alternativen Theorien zu Mensch und Umwelt, auf alternative Anschauungen und esoterische \u00dcberlieferungen oder Aussagen. Sie gelten nur im Sinne der esoterischen Lebensphilosophie und daran angelehnte Alternativheilkunde. Wirkungen im Sinne westlicher Wissenschaft oder Medizin werden hier nicht behauptet.<\/strong><\/em><\/p>","protected":false},"excerpt":{"rendered":"<p>Entwickelt zur Aktivierung von Hautreinigungsprodukten. Verst\u00e4rkt die Wirkung von Reinigungskremes, Gesichtswassern, Waschgels, Peelings, Masken und anderen kosmetischen Produkten, unabh\u00e4ngig vom Hauttyp oder der Altersgruppe.<\/p>","protected":false},"featured_media":1685,"comment_status":"open","ping_status":"closed","template":"","meta":[],"product_brand":[],"product_cat":[27],"product_tag":[],"class_list":{"0":"post-216","1":"product","2":"type-product","3":"status-publish","4":"has-post-thumbnail","6":"product_cat-blue-series","8":"first","9":"instock","10":"sale","11":"taxable","12":"shipping-taxable","13":"purchasable","14":"product-type-variable"},"_links":{"self":[{"href":"https:\/\/vigo-rio.com\/en\/wp-json\/wp\/v2\/product\/216","targetHints":{"allow":["GET"]}}],"collection":[{"href":"https:\/\/vigo-rio.com\/en\/wp-json\/wp\/v2\/product"}],"about":[{"href":"https:\/\/vigo-rio.com\/en\/wp-json\/wp\/v2\/types\/product"}],"replies":[{"embeddable":true,"href":"https:\/\/vigo-rio.com\/en\/wp-json\/wp\/v2\/comments?post=216"}],"wp:featuredmedia":[{"embeddable":true,"href":"https:\/\/vigo-rio.com\/en\/wp-json\/wp\/v2\/media\/1685"}],"wp:attachment":[{"href":"https:\/\/vigo-rio.com\/en\/wp-json\/wp\/v2\/media?parent=216"}],"wp:term":[{"taxonomy":"product_brand","embeddable":true,"href":"https:\/\/vigo-rio.com\/en\/wp-json\/wp\/v2\/product_brand?post=216"},{"taxonomy":"product_cat","embeddable":true,"href":"https:\/\/vigo-rio.com\/en\/wp-json\/wp\/v2\/product_cat?post=216"},{"taxonomy":"product_tag","embeddable":true,"href":"https:\/\/vigo-rio.com\/en\/wp-json\/wp\/v2\/product_tag?post=216"}],"curies":[{"name":"wp","href":"https:\/\/api.w.org\/{rel}","templated":true}]}}