{"id":215,"date":"2026-01-14T12:37:00","date_gmt":"2026-01-14T12:37:00","guid":{"rendered":"https:\/\/vigo-rio.com\/?post_type=product&#038;p=215"},"modified":"2026-03-25T16:57:02","modified_gmt":"2026-03-25T16:57:02","slug":"fc-05-anti-additction","status":"publish","type":"product","link":"https:\/\/vigo-rio.com\/en\/product\/fc-05-anti-additction\/","title":{"rendered":"FC Anti-Addiction\/ Anti-Addiction"},"content":{"rendered":"<p><strong>Kolzov-Platte &#8222;Nr.5 &#8211; ANTI-SUCHT&#8220;\u00a0(Organe und Vitalaufbau)<br \/>\n(f\u00fcr allgemeine Regulation aller Organ-Funktionskreisl\u00e4ufe, Bioregulator des inneren Systems, Anti-Suchtprogramme)<br \/>\n<\/strong><\/p>\n<p><strong>&#8211; neueste Version mit 8-Elementen (8 enthaltenen Energiespeicher-Chips)<\/strong><\/p>\n<p>Die Kolzov-Platte Nr.5 wurde im neuen Layout jetzt &#8222;Anti-Sucht&#8220; benannt, sie ist jedoch ein umfassender Regulator aller Organ-Funktionen, des Nervensystems und des Blutkreislaufes und eine Anti-Sucht-Wirkung ist nur ein kleiner Teil der umfassenden m\u00f6glichen Wirkungen:<br \/>\nDie Kolzov-Platte Nr.5 ist ein universeller Bioregulator, der die Regenerationsf\u00e4higkeit insbesondere der Organe aktiviert und daher bei allen Erkrankungen zu deutlichen Verbesserungen f\u00fchren kann. Die Platte beinhaltet das verst\u00e4rkte Programm zur Beschleunigung von Entgiftungsprozessen mit anschlie\u00dfender Regeneration von Leber und Galle.<br \/>\nDa auch S\u00fcchte eine Form von Regulationsst\u00f6rung sind, wirkt die Platte Nr.5 auch gegen alle Sucht-Mechanismen. Die Platte enth\u00e4lt hierzu noch ein spezielles Programm, das aus dem Gehirn die mentalen Sucht-Programme l\u00f6scht, welche sich nach langem Alkohol-, Drogen- und Nikotin-Konsum festgesetzt haben. Das hei\u00dft, dass die Zellen eine Unmenge von Rezeptoren f\u00fcr die Suchtstoffe ausgebildet haben, die nun nicht mehr angesprochen werden sollen. Bei einer Entw\u00f6hnung k\u00e4mpft der Geist gegen diese k\u00f6rperlichen Wirkungen an und mit der Platte Nr.5 stehen die Chancen sehr gut, dass der Geist gewinnt. Genussgifte wie Wein und Schokolade werden in ihrer negativen Wirkung gemildert, wenn man sie 5-10 Minuten auf die Platte legt. Egal, wie viele Erkrankungen man aufz\u00e4hlen w\u00fcrde, es w\u00fcrden immer noch welche fehlen \u2013 daher sei allgemein nochmals betont: Die Kolzov-Platte Nr.5 unterst\u00fctzt die Regeneration bei allen Erkrankungen.<\/p>\n<p><em>Die Aussagen beziehen sich auf alternative Testmethoden wie Meridianenergie-Messungen der Organfunktionskreisl\u00e4ufe nach TCM, Kirlian-Fotografie (EPG\/GDV-Kamera), Oberon, Amsat o.\u00e4. durch den Hersteller &#8222;Planet der Regionen&#8220; und stellen keine medizinische oder auf den physischen K\u00f6rper und dessen Organe bezogenen Aussage im Sinne der westlichen Schulmedizin dar.<br \/>\n<\/em><\/p>\n<p><strong>Die Platte ist in diesem Sinne vor allem geeignet f\u00fcr:<\/strong><\/p>\n<ul>\n<li>Verst\u00e4rkung von Entgiftungs- und Entw\u00f6hnungsprozessen (auch bei S\u00fcchten),<\/li>\n<li>St\u00e4rkung der Leber (auch bei Zirrhose, Hepatitis, Cholezystitis) ,<\/li>\n<li>St\u00e4rkung und Normierung der Bronchien und Atemwege,<\/li>\n<li>Harmonisierung der Bauchspeicheldr\u00fcse und der Milz,<\/li>\n<li>Regeneration des gesamten Gastrointestinal-Traktes,<\/li>\n<li>Unterst\u00fctzung bei allen organischen Krankheiten (auch bei Schlaganfall, Infarkt) ,<\/li>\n<li>St\u00e4rkung und Normierung von Blut und Lymphe,<\/li>\n<li>St\u00e4rkung und Reinigung der Nieren,<\/li>\n<li>Harmonisierung des Zentralnervensystems und vieles mehr.<\/li>\n<\/ul>\n<p>ZUR BEACHTUNG: Die Aktivierungszeit von Wasser auf der Platte betr\u00e4gt mindestens 15 Sekunden.<\/p>\n<p><em><u>Ergebnis im LIFE-TEST:\u00a0<\/u>Die Kolzov-Platte &#8222;Nr.5 &#8211; Anti-Sucht&#8220; hat ein neutrales Energiefeld mit 40 000 Bovis. Damit aktiviert sie die 4 Chakras auf 40 000 Bovis: Kronen-, Hals-, Solarplexus- und Blase-Sexual-Chakra. Die anderen 3 Chakras, Stirn-, Herz- und Wurzel-Chakra steigen auf sehr hohe 35 000 Bovis. Durch die Aufladung der Chakras w\u00e4chst der bioenergetische Reaktionsabstand von zirka 75 Zentimetern um den K\u00f6rper auf 1,80 Meter.<\/em><\/p>\n<p><em><strong>Wichtiger Hinweis:<br \/>\nWir weisen ausdr\u00fccklich darauf hin, dass die Kolzov-Platte (russische Bezeichnung: &#8222;Korrektoren des funktionalen Zustands&#8220;) ein alternatives Energie- und Informationsprodukt ist und kein Heilmittel im Sinne der westlichen Schulmedizin. Vielmehr ist es ein rein energetisches Hilfsmittel zur ganzheitlichen Balancierung von energetischen Disharmonien und Blockaden. Informationen \u00fcber Qualit\u00e4t und Eigenschaften des Energieobjekts beziehen sich auf Aussagen des russischen Herstellers und alternativen Theorien zu Mensch und Umwelt, auf alternative Anschauungen und esoterische \u00dcberlieferungen oder Aussagen. Sie gelten nur im Sinne der esoterischen Lebensphilosophie und daran angelehnte Alternativheilkunde. Wirkungen im Sinne westlicher Wissenschaft oder Medizin werden hier nicht behauptet.<\/strong><\/em><\/p>","protected":false},"excerpt":{"rendered":"<p>Es tr\u00e4gt dazu bei, das Verlangen nach Alkohol und anderen psychisch s\u00fcchtig machenden Substanzen zu lindern. Es beschleunigt die Regenerationsprozesse von Leber und Galleng\u00e4ngen und normalisiert deren Funktion.<\/p>","protected":false},"featured_media":1684,"comment_status":"open","ping_status":"closed","template":"","meta":[],"product_brand":[],"product_cat":[27],"product_tag":[],"class_list":{"0":"post-215","1":"product","2":"type-product","3":"status-publish","4":"has-post-thumbnail","6":"product_cat-blue-series","8":"first","9":"instock","10":"sale","11":"taxable","12":"shipping-taxable","13":"purchasable","14":"product-type-variable"},"_links":{"self":[{"href":"https:\/\/vigo-rio.com\/en\/wp-json\/wp\/v2\/product\/215","targetHints":{"allow":["GET"]}}],"collection":[{"href":"https:\/\/vigo-rio.com\/en\/wp-json\/wp\/v2\/product"}],"about":[{"href":"https:\/\/vigo-rio.com\/en\/wp-json\/wp\/v2\/types\/product"}],"replies":[{"embeddable":true,"href":"https:\/\/vigo-rio.com\/en\/wp-json\/wp\/v2\/comments?post=215"}],"wp:featuredmedia":[{"embeddable":true,"href":"https:\/\/vigo-rio.com\/en\/wp-json\/wp\/v2\/media\/1684"}],"wp:attachment":[{"href":"https:\/\/vigo-rio.com\/en\/wp-json\/wp\/v2\/media?parent=215"}],"wp:term":[{"taxonomy":"product_brand","embeddable":true,"href":"https:\/\/vigo-rio.com\/en\/wp-json\/wp\/v2\/product_brand?post=215"},{"taxonomy":"product_cat","embeddable":true,"href":"https:\/\/vigo-rio.com\/en\/wp-json\/wp\/v2\/product_cat?post=215"},{"taxonomy":"product_tag","embeddable":true,"href":"https:\/\/vigo-rio.com\/en\/wp-json\/wp\/v2\/product_tag?post=215"}],"curies":[{"name":"wp","href":"https:\/\/api.w.org\/{rel}","templated":true}]}}