{"id":214,"date":"2026-01-14T12:37:00","date_gmt":"2026-01-14T12:37:00","guid":{"rendered":"https:\/\/vigo-rio.com\/?post_type=product&#038;p=214"},"modified":"2026-04-02T08:40:19","modified_gmt":"2026-04-02T08:40:19","slug":"fc-04-for-the-men","status":"publish","type":"product","link":"https:\/\/vigo-rio.com\/en\/product\/fc-04-for-the-men\/","title":{"rendered":"FC For the Men"},"content":{"rendered":"<p><strong>Kolzov-Platte &#8222;Nr.4 &#8211; F\u00fcr den Mann&#8220;\u00a0(Grundregulation 4, M\u00e4nner-Platte) (f\u00fcr grundlegende Harmonisierung und Regulation des m\u00e4nnlichen Organismus, &#8222;YANG-Platte&#8220;)<br \/>\n<\/strong><\/p>\n<p><strong>&#8211; neueste Version mit 8-Elementen (8 enthaltenen Energiespeicher-Chips)<br \/>\n<\/strong><\/p>\n<p>Die bioaktiven Felder der Platte Nr.4 sind (entsprechend der Frauen-Platte Nr.3) auf den m\u00e4nnlichen Hormonstoffwechsel bezogen. F\u00fcr Kinder ist diese Platte nicht geeignet, wird sie jedoch mit Beginn der Pubert\u00e4t getragen, werden die damit verbundenen typischen Extreme deutlich gemildert \u2013 von den Hautproblemen bis hin zu extremen emotionalen Ausbr\u00fcchen.<\/p>\n<p><em>Die Aussagen beziehen sich auf alternative Testmethoden wie Meridianenergie-Messungen der Organfunktionskreisl\u00e4ufe nach TCM, Kirlian-Fotografie (EPG\/GDV-Kamera), Oberon, Amsat o.\u00e4. durch den Hersteller &#8222;Planet der Regionen&#8220; und stellen keine medizinische oder auf den physischen K\u00f6rper und dessen Organe bezogenen Aussage im Sinne der westlichen Schulmedizin dar.<\/em><\/p>\n<p><strong>Die Platte ist in diesem Sinne vor allem geeignet f\u00fcr:<\/strong><\/p>\n<ul>\n<li>Ausgleich und Normierung des endokrinen Systems (Dr\u00fcsensystem) und des m\u00e4nnlichen Hormonstoffwechsels,<\/li>\n<li>Wiederherstellung der Sexualkraft und Regulation bei allen &#8222;M\u00e4nnerleiden&#8220;,<\/li>\n<li>Ausgleich und Normierung des Urogenital-Traktes,<\/li>\n<li>Anti-Aging-Wirkung auf den ganzen Organismus, Verj\u00fcngung aller biologischen Systeme,<\/li>\n<li>positiver Einfluss bei beginnendem Haarverlust und Vergrauung,<\/li>\n<li>Normierung des mikrobiellen Magenmilieus und vieles mehr.<\/li>\n<\/ul>\n<p>ZUR BEACHTUNG: Die Aktivierungszeit von Wasser auf der Platte betr\u00e4gt mindestens 15 Sekunden.<em><br \/>\n<\/em><\/p>\n<p><em>Ergebnis im LIFE-TEST: Die Kolzov-Platte &#8222;Nr.4 &#8211; F\u00fcr den Mann&#8220; hat ein neutrales Energiefeld mit weit \u00fcber 40 000 Bovis. Damit aktiviert sie 4 Chakras auf \u00fcber 40 000 Bovis: das Kronen-Chakra, das auf weit \u00fcber 40 000 Bovis steigt, Herz- und Solarplexus-Chakra, welche ebenfalls noch deutlich \u00fcber 40 000 Bovis aktiviert werden, und das Hals-Chakra, das auf 40 000 Bovis steigt. Das Blase-Sexual-Chakra erh\u00f6ht sich in seiner Aktivit\u00e4t auf 28 000 Bovis, Stirn- und Wurzel-Chakra verdreifachen ihre Energie auf 21 000 Bovis.\u00a0<\/em><em>Durch die Aufladung der Chakras w\u00e4chst der bioenergetische Reaktionsabstand von zirka 75 Zentimetern um den K\u00f6rper auf 1,40 Meter.<br \/>\n<\/em><\/p>\n<p><em><strong>Wichtiger Hinweis:<br \/>\nWir weisen ausdr\u00fccklich darauf hin, dass die Kolzov-Platte (russische Bezeichnung: &#8222;Korrektoren des funktionalen Zustands&#8220;) ein alternatives Energie- und Informationsprodukt ist und kein Heilmittel im Sinne der westlichen Schulmedizin. Vielmehr ist es ein rein energetisches Hilfsmittel zur ganzheitlichen Balancierung von energetischen Disharmonien und Blockaden. Informationen \u00fcber Qualit\u00e4t und Eigenschaften des Energieobjekts beziehen sich auf Aussagen des russischen Herstellers und alternativen Theorien zu Mensch und Umwelt, auf alternative Anschauungen und esoterische \u00dcberlieferungen oder Aussagen. Sie gelten nur im Sinne der esoterischen Lebensphilosophie und daran angelehnte Alternativheilkunde. Wirkungen im Sinne westlicher Wissenschaft oder Medizin werden hier nicht behauptet.<\/strong><\/em><\/p>","protected":false},"excerpt":{"rendered":"<p>&nbsp;<\/p>\n<p>F\u00f6rdert die Normalisierung des m\u00e4nnlichen Hormonsystems und hilft dabei, einen normalen Hormonspiegel wiederherzustellen.<\/p>","protected":false},"featured_media":1683,"comment_status":"open","ping_status":"closed","template":"","meta":[],"product_brand":[],"product_cat":[27],"product_tag":[],"class_list":{"0":"post-214","1":"product","2":"type-product","3":"status-publish","4":"has-post-thumbnail","6":"product_cat-blue-series","8":"first","9":"instock","10":"sale","11":"taxable","12":"shipping-taxable","13":"purchasable","14":"product-type-variable"},"_links":{"self":[{"href":"https:\/\/vigo-rio.com\/en\/wp-json\/wp\/v2\/product\/214","targetHints":{"allow":["GET"]}}],"collection":[{"href":"https:\/\/vigo-rio.com\/en\/wp-json\/wp\/v2\/product"}],"about":[{"href":"https:\/\/vigo-rio.com\/en\/wp-json\/wp\/v2\/types\/product"}],"replies":[{"embeddable":true,"href":"https:\/\/vigo-rio.com\/en\/wp-json\/wp\/v2\/comments?post=214"}],"wp:featuredmedia":[{"embeddable":true,"href":"https:\/\/vigo-rio.com\/en\/wp-json\/wp\/v2\/media\/1683"}],"wp:attachment":[{"href":"https:\/\/vigo-rio.com\/en\/wp-json\/wp\/v2\/media?parent=214"}],"wp:term":[{"taxonomy":"product_brand","embeddable":true,"href":"https:\/\/vigo-rio.com\/en\/wp-json\/wp\/v2\/product_brand?post=214"},{"taxonomy":"product_cat","embeddable":true,"href":"https:\/\/vigo-rio.com\/en\/wp-json\/wp\/v2\/product_cat?post=214"},{"taxonomy":"product_tag","embeddable":true,"href":"https:\/\/vigo-rio.com\/en\/wp-json\/wp\/v2\/product_tag?post=214"}],"curies":[{"name":"wp","href":"https:\/\/api.w.org\/{rel}","templated":true}]}}