{"id":2139,"date":"2026-01-18T23:05:12","date_gmt":"2026-01-18T23:05:12","guid":{"rendered":"https:\/\/vigo-rio.com\/?post_type=product&#038;p=2139"},"modified":"2026-02-04T19:49:54","modified_gmt":"2026-02-04T19:49:54","slug":"fc-08-atherius","status":"publish","type":"product","link":"https:\/\/vigo-rio.com\/en\/product\/fc-08-atherius\/","title":{"rendered":"FC Atherius"},"content":{"rendered":"<p><strong>Kolzov-Platte: &#8222;Arterius&#8220;\u00a0(f\u00fcr gesunde Blutgef\u00e4\u00dfe, gesunden Cholesterin- und Fettstoffwechsel, Regeneration von Zellen, Gewebe und Organe, Anti-Aging)<\/strong><\/p>\n<p>neueste Version mit 8-Elementen (8 enthaltenen Energiespeicher-Chips)<\/p>\n<p>Die Platte tr\u00e4gt die russische Aufschrift: \u00ab\u00ab \u00ab\u0410\u0422\u0415\u0420\u0418\u0423\u0421\u00bb<\/p>\n<p>Die Platte &#8222;Arterius&#8220; ist insbesondere hilfreich f\u00fcr Menschen mittleren und h\u00f6heren Alters, um die Mikrozirkulation des Blutes zu verbessern, zur Vorbeugung und Korrektur von Herz-Kreislauf-Problemen und altersbedingten Einschr\u00e4nkungen und Erkrankungen sowie zur Reduzierung des biologischen Alters (Anit-Aging-Wirkung). M\u00e4nner und Frauen im geb\u00e4rf\u00e4higen Alter hilft die Platte, die Gesundheit des Fortpflanzungssystems zu erhalten.<\/p>\n<p>Sportler und Menschen mit einem aktiven Lebensstil unterst\u00fctzt die Platte in ihrer Leistungsf\u00e4higkeit und hilft in der Aufrechterhaltung des Energiegleichgewichts und der rationelle Energienutzung in den K\u00f6rperzellen.<\/p>\n<p>Die Platte ist auch sehr hilfreich f\u00fcr Menschen, die einen sitzenden Lebensstil f\u00fchren, die h\u00e4ufig Junk Food essen, die Rauchen oder h\u00e4ufig Alkohol trinken (Alkohol verursacht Gef\u00e4\u00dfkr\u00e4mpfe, Nikotin f\u00f6rdert die Anlagerung von Cholesterin-Plaques an den Gef\u00e4\u00dfw\u00e4nden).<\/p>\n<p>Die St\u00e4rkung des Blutkreislaufs und der Gef\u00e4\u00dfe kann zudem einen positiven Einfluss haben bei der Vorbeugung neurodegenerativer Erkrankungen wie Vergesslichkeit, Konzentrationsst\u00f6rungen, geistiger Beeintr\u00e4chtigung, Demenz, Alzheimer und Parkinson.<\/p>\n<p><em>Die Aussagen beziehen sich auf alternative Testmethoden wie Meridianenergie-Messungen der Organfunktionskreisl\u00e4ufe nach TCM, Kirlian-Fotografie (EPG\/GDV-Kamera), Oberon, Amsat o.\u00e4. durch den Hersteller &#8222;Planet der Regionen&#8220; und stellen keine medizinische oder auf den physischen K\u00f6rper und dessen Organe bezogenen Aussage im Sinne der westlichen Schulmedizin dar.<\/em><\/p>\n<div><strong>\u00a0<\/strong><\/div>\n<div><strong>Die Platte ist in diesem Sinne vor allem geeignet f\u00fcr:<\/strong><\/div>\n<ul>\n<li>hilft im Energetischen bei der Normalisierung des Herz-Kreislauf-Systems, hilft bei der Regulierung des Blutdrucks, verringert das Schlaganfall- und Herzinfarktrisiko,<\/li>\n<li>tr\u00e4gt auf energetischem Wege dazu bei, die Elastizit\u00e4t der Gef\u00e4\u00dfe wiederherzustellen, die W\u00e4nde der Blutgef\u00e4\u00dfe und des Herzmuskelgewebes (Myokard) zu st\u00e4rken, arteriosklerotischen Plaques zu verringern und Verkrampfungen der glatten Muskulatur zu reduzieren,<\/li>\n<li>zielt energetisch auf die Manifestation einer kapillarsch\u00fctzenden, antioxidativen, entgiftenden, abschwellenden, entz\u00fcndungshemmenden, stresshemmenden (adaptogenen) Wirkung ab und f\u00f6rdert eine Beschleunigung der Regenerationsprozesse,<\/li>\n<li>beugt im Energetischen eventuellen Durchblutungsst\u00f6rungen im Gehirn vor, insbesondere im Alter von \u00fcber 45 Jahren,<\/li>\n<li>hilft, einen Schutz der Zellmembranen vor freien Radikalen und Oxidantien aufzubauen, die Flie\u00dff\u00e4higkeit des Blutes und die Mikrozirkulation zu verbessern,<\/li>\n<li>tr\u00e4gt im Energetischen zur Vorbeugung und Korrektur von St\u00f6rungen des Cholesterinstoffwechsels bei, reguliert den Cholesterin- und Triglyceridspiegel im Blut, senkt den LDL-Spiegel (Low-Density-Lipoprotein oder \u201eschlechtes Cholesterin\u201c), erh\u00e4lt das Gleichgewicht von HDL (Lipoprotein hoher Dichte oder &#8222;gutes Cholesterin&#8220;) und LDL aufrecht,<\/li>\n<li>beteiligt sich im Energetischen an der Biosynthese von Cholesterin und Fetts\u00e4uren, hilft bei der Normalisierung des Lipid-(Fett-)Stoffwechsels,<\/li>\n<li>hilft, den Harns\u00e4urespiegel zu senken und entwickelt Anti-Gicht-Wirkungen,<\/li>\n<li>beteiligt sich auf energetischem Wege an der Reparatur von Zellen und Gewebe, unter anderem in Leber, Gehirn und Nervensystem und Nieren,<\/li>\n<li>hilft energetisch bei der Vorbeugung neurodegenerativer Erkrankungen wie Konzentrationsschw\u00e4che, Ged\u00e4chtnisverlust, Demenz, Alzheimer, Parkinson und psychischen St\u00f6rungen,<\/li>\n<li>hilft dabei, negative Auswirkungen von Bestrahlung und Chemotherapie zu reduzieren und kann als energetischer Strahlenschutz an der Stabilisierung von durch Strahlung gesch\u00e4digten Zellstrukturen teilnehmen,<\/li>\n<li>hemmt die vorzeitige Alterung der Zellen, st\u00e4rkt das Immunsystems und die Entgiftung und Entschlackung.<\/li>\n<\/ul>\n<p>Auf der Kolzov-Platte &#8222;Arterius&#8220; sind die Informationen von 12 ausgew\u00e4hlten ayurvedischen Heilkr\u00e4utermischungen, Algenextrakten und medizinischen Rezepturen sowie Heilpflanzen und Nahrungserg\u00e4nzungen unter anderem: Omega-3, R-Alpha-Lipons\u00e4ure, Chitosan, Spurenelemente in Chelatform (Kalzium, Kalium, Magnesium, Chrom), Pilze (Cordyceps, Reishi, Maitake, Veselka, roter Fliegenpilz), L-Carnitin, Coenzym Q10, Vitamine A, E, Gruppen B, C (in liposomaler Form), pflanzliche Phytosterole, Bienenpollen, Gel\u00e9e Royale, Perga (Bienenbrot).<\/p>\n<p>TIPP 1: Die Platte &#8222;Arterius&#8220; kann einzeln oder begleitend zu jeweiligen Therapieprogrammen verwendet werden. Sie ist besonders hilfreich f\u00fcr Menschen mit sitzender T\u00e4tigkeit und Personen mittleren und h\u00f6heren Alters zur Verbesserung der Blutzirkulation, zur Vorbeugung und Korrektur von altersbedingten Ver\u00e4nderungen und Erkrankungen und zur Gesunderhaltung des Fortpflanzungssystems.<\/p>\n<p>TIPP 2: Sie hilft Sportlern und Menschen mit einem aktiven Lebensstil ihr Energiegleichgewicht und die rationelle Nutzung der Energie durch die K\u00f6rperzellen aufrecht zu erhalten.<\/p>\n<p>TIPP 3: Personen mit sitzenden Lebensstil, mit h\u00e4ufig ungesunder Ern\u00e4hrung, erh\u00f6htem Alkoholkonsum und Raucher k\u00f6nnen sehr von positiven der Wirkung auf die Blutgef\u00e4\u00dfe profitieren.<\/p>\n<p>TIPP 4: Lassen sie sich 1-2mal t\u00e4glich mit der Platte &#8222;Durchstr\u00f6men&#8220;. Dabei k\u00f6nnen sie als erg\u00e4nzende Platte &#8222;Hepalux&#8220; (Serie Arkanum) oder &#8222;Hepavita&#8220; (Serie Kollektion) (unterst\u00fctzen die Gewichtsabnahm), &#8222;Balance&#8220; (Serie Kollektion) (bei Diabetes), &#8222;Norm des Lebens 1&#8220; (Serie Kollektion) (bei Bluthochdruck und hohem Cholesterinspiegel).<\/p>\n<div>ZUR BEACHTUNG: Bei dieser Platte sollte das Wasser zum Energetisieren mindestens 20 Minuten lang darauf gestellt werden.<\/div>\n<p><em><strong>Wichtiger Hinweis:<\/strong><\/em><\/p>\n<p><strong><em>Wir weisen ausdr\u00fccklich darauf hin, dass die Kolzov-Platte (russische Bezeichnung: &#8222;Korrektoren des funktionalen Zustands&#8220;) ein alternatives Energie- und Informationsprodukt ist und kein Heilmittel im Sinne der westlichen Schulmedizin. Vielmehr ist es ein rein energetisches Hilfsmittel zur ganzheitlichen Balancierung von energetischen Disharmonien und Blockaden. Informationen \u00fcber Qualit\u00e4t und Eigenschaften des Energieobjekts beziehen sich auf Aussagen des russischen Herstellers und alternativen Theorien zu Mensch und Umwelt, auf alternative Anschauungen und esoterische \u00dcberlieferungen oder Aussagen. Sie gelten nur im Sinne der esoterischen Lebensphilosophie und daran angelehnte Alternativheilkunde. Wirkungen im Sinne westlicher Wissenschaft oder Medizin werden hier nicht behauptet.<\/em><\/strong><\/p>","protected":false},"excerpt":{"rendered":"<p>F\u00fcr die Blutgef\u00e4\u00dfe, den Cholesterin- und Fettstoffwechsel sowie die Regeneration<\/p>","protected":false},"featured_media":2140,"comment_status":"open","ping_status":"closed","template":"","meta":[],"product_brand":[],"product_cat":[34],"product_tag":[78],"class_list":{"0":"post-2139","1":"product","2":"type-product","3":"status-publish","4":"has-post-thumbnail","6":"product_cat-arcanum-serie","7":"product_tag-78","9":"first","10":"instock","11":"taxable","12":"shipping-taxable","13":"purchasable","14":"product-type-simple"},"_links":{"self":[{"href":"https:\/\/vigo-rio.com\/en\/wp-json\/wp\/v2\/product\/2139","targetHints":{"allow":["GET"]}}],"collection":[{"href":"https:\/\/vigo-rio.com\/en\/wp-json\/wp\/v2\/product"}],"about":[{"href":"https:\/\/vigo-rio.com\/en\/wp-json\/wp\/v2\/types\/product"}],"replies":[{"embeddable":true,"href":"https:\/\/vigo-rio.com\/en\/wp-json\/wp\/v2\/comments?post=2139"}],"wp:featuredmedia":[{"embeddable":true,"href":"https:\/\/vigo-rio.com\/en\/wp-json\/wp\/v2\/media\/2140"}],"wp:attachment":[{"href":"https:\/\/vigo-rio.com\/en\/wp-json\/wp\/v2\/media?parent=2139"}],"wp:term":[{"taxonomy":"product_brand","embeddable":true,"href":"https:\/\/vigo-rio.com\/en\/wp-json\/wp\/v2\/product_brand?post=2139"},{"taxonomy":"product_cat","embeddable":true,"href":"https:\/\/vigo-rio.com\/en\/wp-json\/wp\/v2\/product_cat?post=2139"},{"taxonomy":"product_tag","embeddable":true,"href":"https:\/\/vigo-rio.com\/en\/wp-json\/wp\/v2\/product_tag?post=2139"}],"curies":[{"name":"wp","href":"https:\/\/api.w.org\/{rel}","templated":true}]}}