{"id":2137,"date":"2026-01-18T23:04:23","date_gmt":"2026-01-18T23:04:23","guid":{"rendered":"https:\/\/vigo-rio.com\/?post_type=product&#038;p=2137"},"modified":"2026-04-15T12:49:32","modified_gmt":"2026-04-15T12:49:32","slug":"fc-07-relaxium","status":"publish","type":"product","link":"https:\/\/vigo-rio.com\/en\/product\/fc-07-relaxium\/","title":{"rendered":"FC Relaxium"},"content":{"rendered":"<p><strong>Kolzov-Platte: &#8222;Relaxium&#8220;\u00a0(f\u00fcr Anti-Stress, bei \u00c4ngsten u.a. Nervenbelastungen, bei chronischen Erkrankungen, verbessert die kognitiven Funktionen, unterst\u00fctzt Lernen und Merkf\u00e4higkeit)<\/strong><\/p>\n<div>&#8211; neueste Version mit 8-Elementen (8 enthaltenen Energiespeicher-Chips)<\/div>\n<div>Die Platte tr\u00e4gt die russische Aufschrift: \u00ab\u0420\u0415\u041b\u0410\u041a\u0421\u0418\u0423\u041c\u00bb<\/div>\n<div><\/div>\n<div>Die Platte &#8222;Relaxium&#8220; hilft sowohl einmaligen Stress etwa bei Pr\u00fcfungen, \u00f6ffentlichen Reden usw. zu bew\u00e4ltigen als auch chronischen Stress beispielsweise durch \u00c4ngste, Traumata, tragische Ereignisse, Aggressionen, lange Stressphasen in Beruf und Familie, spezifischer Arbeit mit hoher Konzentration usw. Die tiefere Ursache einer Vielzahl von chronischen Krankheiten sind Stressbelastungen, daher sollte auch hier die Platte &#8222;Relaxium&#8220; mit verwendet werden.<\/div>\n<div>Kindern und Jugendlichen hilft die Platte bei der t\u00e4glichen Harmonisierung des Nervensystems (z.B. bei \u00dcberlastung und \u00dcberreizung, bei der Eingew\u00f6hnung in Kindergarten, Schule, Hochschule, Pr\u00fcfungsvorbereitung etc. und bei der Regulation von Hyperaktivit\u00e4t, Aufmerksamkeitsdefizitst\u00f6rungen (ADS\/ADHS), bei Entwicklungsverz\u00f6gerung und autistischen St\u00f6rungen.<\/div>\n<div>\u00c4ltere Menschen unterst\u00fctzt die Platte &#8222;Relaxium&#8220; dabei, ihre geistigen F\u00e4higkeiten, Denk- und Merkf\u00e4higkeit, und ihre Stressresistenz aufrechtzuerhalten.<\/div>\n<div>Frauen im geb\u00e4rf\u00e4higen Alter k\u00f6nnen damit ihren psycho-emotionalen Zustand in verschiedenen Phasen des Zyklus stabilisieren und das Nervensystem als Ganzes harmonisieren. M\u00e4nner k\u00f6nnen die Platte bei stressbedingten Potenzproblemen, zur Regulation von unmotivierten Aggressionsausbr\u00fcchen und anderen Stresssymptomen oder einfach zur Entspannung des Nervensystems nach einem anstrengenden Tag nutzen.<\/div>\n<div>Auch in vielen Berufen mit hoher Stressbelastung und erh\u00f6hter st\u00e4ndiger Konzentration ist die Platte unverzichtbar, ebenso f\u00fcr Fachkr\u00e4fte in der Pflege und psychologischen Rehabilitation.<\/div>\n<div><\/div>\n<p><em>Die Aussagen beziehen sich auf alternative Testmethoden wie Meridianenergie-Messungen der Organfunktionskreisl\u00e4ufe nach TCM, Kirlian-Fotografie (EPG\/GDV-Kamera), Oberon, Amsat o.\u00e4. durch den Hersteller &#8222;Planet der Regionen&#8220; und stellen keine medizinische oder auf den physischen K\u00f6rper und dessen Organe bezogenen Aussage im Sinne der westlichen Schulmedizin dar.<\/em><\/p>\n<div><strong>\u00a0<\/strong><\/div>\n<div><strong>Die Platte ist in diesem Sinne vor allem geeignet f\u00fcr:<\/strong><\/div>\n<div><\/div>\n<ul>\n<li>l\u00f6st die Stresswirkungen aufgrund von allt\u00e4glichen mentalen, emotionalen und intellektuellen Belastungen auf, hilft dabei, den K\u00f6rper auch vor ungew\u00f6hnlichen Stressereignissen wie den Auswirkungen von Nervenschocks, Angstzust\u00e4nden und \u00c4hnlichem zu sch\u00fctzen,<\/li>\n<li>verbessert nach und nach die Anpassungsf\u00e4higkeit des K\u00f6rpers an hohe Belastungen und Extremsituationen und hilft dabei, bewusst n\u00fctzliche Verhaltensmuster und Abwehrreaktion zu entwickeln, um negative Stressfolgen zu vermeiden,<\/li>\n<li>beruhigt das Nervensystem bei nerv\u00f6sen Spannungen, Angstzust\u00e4nde etc., ohne Schl\u00e4frigkeit oder Lethargie zu verursachen,<\/li>\n<li>hilft energetisch bei chronischem M\u00fcdigkeitssyndrom, emotionalem Burnout und neurotischen St\u00f6rungen, verhindert das Auftreten neurotischer Manifestationen mit erh\u00f6hter Emotionalit\u00e4t, Verletzlichkeit und einem Minderwertigkeitskomplex,<\/li>\n<li>verbessert bei regelm\u00e4\u00dfiger Anwendung die kognitiven Funktionen, steigert die Konzentration, hilft beim Lernen und bei der Verarbeitung von Informationen, st\u00e4rkt das Kurz- und Langzeitged\u00e4chtnis und kann begleitend in der Therapie altersbedingter kognitiver St\u00f6rungen eingesetzt werden,<\/li>\n<li>bei nerv\u00f6ser Anspannung wird oft der Atem zu flach, hier verbessert die Platte die Anpassung des K\u00f6rpers an Hypoxie (Sauerstoffmangel) und hilft, die Funktion von Nervenzellen wiederherzustellen,<\/li>\n<li>hilft im Energetischen bei posttraumatischen St\u00f6rungen und Flashbacks (unfreiwillig wiederkehrende Erinnerungen und Traumata),<\/li>\n<li>hilft die Entstehung und Entwicklung von Neurosen in verschiedenen Altersstufen zu verhindern und tr\u00e4gt zu deren Korrektur bei: etwa im Kindesalter wie Sprachst\u00f6rungen (Logoneurose), Bettn\u00e4ssen, (Enuresis), Bewegungsticks (Zwangsbewegungsneurose), postpartale Neurose bei Frauen, Potenzst\u00f6rungen bei M\u00e4nnern und anderen Formen von Neurosen,<\/li>\n<li>zielt darauf ab, das Zentralnervensystem zu harmonieren und zu korrigieren, um Phobien zu beseitigen, Panikattacken vorzubeugen und ihre Manifestationen zu lindern und die Anzahl von Panik- und Angstattacken, depressiver Zust\u00e4nde und Stimmungsschwankungen zu reduzieren,<\/li>\n<li>hilft auf energetischem Wege die Folgen zu korrigieren, die als Reaktion auf chronischen Stress oder Schocks entstanden sind wie \u00fcberm\u00e4\u00dfiger Appetit, Ansammlung von viszeralem Fett (Bauchfett), S\u00fcchte (Lebensmittel, Medikamente), hilft bei der Senkung und Regulierung des Blutdrucks, des Blutzuckerspiegels bei Typ-2-Diabetes,<\/li>\n<li>hilft energetisch bei verminderter Vitalit\u00e4t (Asthenie), verbessert die Stimmung, f\u00f6rdert die Produktion von Dopamin &#8211; dem Hormon der Freude und des Gl\u00fccks,<\/li>\n<li>kann \u00fcber die Wirkung auf das Energie- und Informationssystem des Organismus zur Vorbeugung und Korrektur einer Reihe von Erkrankungen des Atmungs-, Herz-Kreislauf-, Verdauungs-, Fortpflanzungs- und Skelettsystems sowie zur Verbesserung des Stoffwechsels und der Energieversorgung der Zellen und Gewebe des K\u00f6rpers verwendet werden,<\/li>\n<li>hilft auf energetischem Wege bei der Wiederherstellung der Funktionen des endokrinen Systems, was zur Normalisierung des gesamten Hormonspiegels beitr\u00e4gt und ein vorbeugender Mechanismus f\u00fcr koronare Herzerkrankungen (Herzinfarkte, Schlaganf\u00e4lle), Bluthochdruck, Diabetes mellitus und Schilddr\u00fcsenerkrankungen (Thyreotoxikose, Myx\u00f6dem) ist,<\/li>\n<li>reguliert die Produktion von Sexualhormonen bei Frauen und tr\u00e4gt so dazu bei, den Verlauf des pr\u00e4menstruellen Syndroms (PMS) zu verbessern, ohne dass es zu Aggressionsausbr\u00fcchen oder pl\u00f6tzlichen Stimmungsschwankungen kommt,<\/li>\n<li>aktiviert indirekt die Produktion von Melatonin (Schlafhormon) und verbessert so das Einschlafen und eventuelle Schlafst\u00f6rungen, verl\u00e4ngert die Tiefschlafphase, sodass der K\u00f6rper in der Nacht Zeit hat, sich vollst\u00e4ndig zu erholen,<\/li>\n<li>hilft, das Immunsystem und die Abwehrkr\u00e4fte des K\u00f6rpers zu st\u00e4rken.<\/li>\n<\/ul>\n<div><\/div>\n<div>Auf der Kolzov-Platte &#8222;Relaxium&#8220; sind die Informationen ausgew\u00e4hlter ayurvedischer Heilkr\u00e4uter und ayurvedischer Pflanzen-Mineral-Komplexe, Trans- und Parapharmazeutika gespeichert sowie die Informationen von Heilpflanzen wie Johanniskraut, Passionsblume, Griffonia (Griffonia simplicifolia, 5-HTP), Brahmi (Bacopa monnieri), Gotu Kola (Mandukaparni, Centella asiatica), Igel-Pilz, Roter Fliegenpilz, Nahrungserg\u00e4nzungsmittel wie Fols\u00e4ure, Omega 3-6-9, Aminos\u00e4uren (L- Tyrosin , L-Tryptophan, Ademetionin, L-Theanin und Glycin), Lachsmilchextrakt, Bienenbrot, Gel\u00e9e Royale und Spurenelemente (Magnesiummalat, Zink) sowie Vitamine C, B6 , B12.<\/div>\n<div><\/div>\n<div>TIPP 1: Bei akuten Stressproblemen trinken Sie viel mit der Platte informiertes Wasser und lassen Sie sich zusammen mit einer weiteren Platte &#8222;durchstr\u00f6men&#8220;. Bei gleichzeitig auftretenden Kopfschmerzen verwenden Sie die Platte &#8222;Relaxium&#8220; gemeinsam mit der Platte &#8222;Anti-Migr\u00e4ne&#8220; (Serie Arkanum), bei Potenzst\u00f6rungen zusammen mit der Platte &#8222;Maximus&#8220; (Serie Arkanum) und bei Libido- und Nervenproblemen der Frau zusammen mit der Platte &#8222;Bereginja (Serie Kollektion).<\/div>\n<div>Die tiefere Ursache einer Vielzahl von chronischen Krankheiten sind Stress und Angstst\u00f6rungen, daher sollte auch hier die Platte &#8222;Relaxium&#8220; mit verwendet werden.<\/div>\n<div>TIPP 2: Bei nerv\u00f6ser Anspannung h\u00f6rt der Mensch oft auf, tief zu atmen und wechselt zu einer flachen Atmung, was zur Entwicklung einer Hypoxie f\u00fchren kann. Legen Sie daher in einem Angstzustand die Platte &#8222;Relaxium&#8220; auf Ihre Brust, atmen Sie 4 Sekunden lang langsam ein, halten Sie die Luft 4 Sekunden lang an und atmen Sie dann 4 Sekunden lang aus &#8211; mehrmals wiederholen.<\/div>\n<div>TIPP 3: Sie k\u00f6nnen das Nervensystem erg\u00e4nzend mit Aromatherapie beruhigen &#8211; m\u00f6gliche hilfreiche D\u00fcfte sind Orange, Lorbeer, Bergamotte, Baldrian, Jasmin, Ylang-Ylang, Zeder, Lavendel, Weihrauch, Majoran, Mandarine, Zitronenmelisse, Myrrhe, Minze, Neroli, Patschuli, Rose, Kamille, Sandelholz.<\/div>\n<div><\/div>\n<div>ZUR BEACHTUNG: Bei dieser Platte sollte das Wasser zum Energetisieren mindestens 15 Minuten lang darauf gestellt werden.<\/div>\n<p><em><strong>Wichtiger Hinweis:<\/strong><\/em><\/p>\n<p><strong><em>Wir weisen ausdr\u00fccklich darauf hin, dass die Kolzov-Platte (russische Bezeichnung: &#8222;Korrektoren des funktionalen Zustands&#8220;) ein alternatives Energie- und Informationsprodukt ist und kein Heilmittel im Sinne der westlichen Schulmedizin. Vielmehr ist es ein rein energetisches Hilfsmittel zur ganzheitlichen Balancierung von energetischen Disharmonien und Blockaden. Informationen \u00fcber Qualit\u00e4t und Eigenschaften des Energieobjekts beziehen sich auf Aussagen des russischen Herstellers und alternativen Theorien zu Mensch und Umwelt, auf alternative Anschauungen und esoterische \u00dcberlieferungen oder Aussagen. Sie gelten nur im Sinne der esoterischen Lebensphilosophie und daran angelehnte Alternativheilkunde. Wirkungen im Sinne westlicher Wissenschaft oder Medizin werden hier nicht behauptet<\/em><\/strong><\/p>","protected":false},"excerpt":{"rendered":"<p>Gegen Stress, Angstzust\u00e4nde, nervliche Belastung und chronische Probleme<\/p>","protected":false},"featured_media":2138,"comment_status":"open","ping_status":"closed","template":"","meta":[],"product_brand":[],"product_cat":[34],"product_tag":[79],"class_list":{"0":"post-2137","1":"product","2":"type-product","3":"status-publish","4":"has-post-thumbnail","6":"product_cat-arcanum-serie","7":"product_tag-79","9":"first","10":"outofstock","11":"taxable","12":"shipping-taxable","13":"purchasable","14":"product-type-simple"},"_links":{"self":[{"href":"https:\/\/vigo-rio.com\/en\/wp-json\/wp\/v2\/product\/2137","targetHints":{"allow":["GET"]}}],"collection":[{"href":"https:\/\/vigo-rio.com\/en\/wp-json\/wp\/v2\/product"}],"about":[{"href":"https:\/\/vigo-rio.com\/en\/wp-json\/wp\/v2\/types\/product"}],"replies":[{"embeddable":true,"href":"https:\/\/vigo-rio.com\/en\/wp-json\/wp\/v2\/comments?post=2137"}],"wp:featuredmedia":[{"embeddable":true,"href":"https:\/\/vigo-rio.com\/en\/wp-json\/wp\/v2\/media\/2138"}],"wp:attachment":[{"href":"https:\/\/vigo-rio.com\/en\/wp-json\/wp\/v2\/media?parent=2137"}],"wp:term":[{"taxonomy":"product_brand","embeddable":true,"href":"https:\/\/vigo-rio.com\/en\/wp-json\/wp\/v2\/product_brand?post=2137"},{"taxonomy":"product_cat","embeddable":true,"href":"https:\/\/vigo-rio.com\/en\/wp-json\/wp\/v2\/product_cat?post=2137"},{"taxonomy":"product_tag","embeddable":true,"href":"https:\/\/vigo-rio.com\/en\/wp-json\/wp\/v2\/product_tag?post=2137"}],"curies":[{"name":"wp","href":"https:\/\/api.w.org\/{rel}","templated":true}]}}