{"id":2135,"date":"2026-01-18T23:03:34","date_gmt":"2026-01-18T23:03:34","guid":{"rendered":"https:\/\/vigo-rio.com\/?post_type=product&#038;p=2135"},"modified":"2026-02-25T20:32:00","modified_gmt":"2026-02-25T20:32:00","slug":"fc-06-antithrombin","status":"publish","type":"product","link":"https:\/\/vigo-rio.com\/en\/product\/fc-06-antithrombin\/","title":{"rendered":"FC Antithrombin"},"content":{"rendered":"<p><strong>Kolzov-Platte: &#8222;Anti-Thrombin&#8220;\u00a0(f\u00fcr bessere Flie\u00dff\u00e4higkeit des Blutes und gegen Durchblutungsst\u00f6rungen, f\u00fcr Blutdruck, Kreislaufsystem und schnelle Regeneration)<\/strong><\/p>\n<p><strong>&#8211; neueste Version mit 8-Elementen (8 enthaltenen Energiespeicher-Chips)<\/strong><\/p>\n<div><em>Die Platte tr\u00e4gt die russische Aufschrift: \u00ab\u00ab\u0410\u041d\u0422\u0418\u0422\u0420\u041e\u041c\u0411\u0418\u041d\u00bb<\/em><\/div>\n<div><\/div>\n<div>Die Platte &#8222;Anti-Thrombin&#8220; zielt auf energetischem Wege auf eine Verbesserung des Blutflusses. Ein &#8222;Zusammenkleben&#8220; der roten Blutk\u00f6rper (&#8222;Geldrollenbildung&#8220;) und der Blutpl\u00e4ttchen (Aggregation der Thrombozyten) wird energetisch positiv beeinflusst. Die Platte ist daher besonders hilfreich f\u00fcr alle, die einen sitzenden Lebensstil haben und generell f\u00fcr Menschen \u00fcber 40 Jahren, um Schlaganf\u00e4llen, Herzinfarkten, Krampfadern und der Entstehung von Blutgerinnseln vorzubeugen. Allen Menschen mit Diabetes und zur Genesung nach Operationen und akuten Viruserkrankungen wird diese Platte ebenfalls dringend empfohlen. Der Namen &#8222;Anti-Thrombin&#8220; leitet sich vom Thrombin ab, dem wichtigsten Enzym der Blutgerinnung und einer der Blutgerinnungsfaktoren.<\/div>\n<div><\/div>\n<div>\n<p><em>Die Aussagen beziehen sich auf alternative Testmethoden wie Meridianenergie-Messungen der Organfunktionskreisl\u00e4ufe nach TCM, Kirlian-Fotografie (EPG\/GDV-Kamera), Oberon, Amsat o.\u00e4. durch den Hersteller &#8222;Planet der Regionen&#8220; und stellen keine medizinische oder auf den physischen K\u00f6rper und dessen Organe bezogenen Aussage im Sinne der westlichen Schulmedizin dar.<br \/>\n<\/em><\/p>\n<p><strong>Die Platte ist in diesem Sinne vor allem geeignet f\u00fcr:<\/strong><\/p>\n<\/div>\n<div><\/div>\n<ul>\n<li>verbessert auf energetichem Wege den Blutfluss (besserer Bluttransport durch die Gef\u00e4\u00dfe, bessere Flie\u00dff\u00e4higkeit des Blutes) und verringert so das Thromboserisiko und beugt Schlaganf\u00e4llen, Herzinfarkten und Krampfadern u.a. vor,<\/li>\n<li>bringt die Blutgerinnung in ein gesundes Gleichgewicht, verhindert die Bildung von Mikro-Gerinnseln,<\/li>\n<li>hemmt auf energetischem Wege das ungesunde &#8222;Zusammenkleben&#8220; der roten Blutk\u00f6rper (&#8222;Geldrollenbildung&#8220;) und der Blutpl\u00e4ttchen (Aggregation der Thrombozyten), tr\u00e4gt zum Aufl\u00f6sen von Blutgerinnseln bei (Fibrinolytikum),<\/li>\n<li>st\u00e4rkt die Gef\u00e4\u00dfe und tr\u00e4gt zu Reparatur der Gef\u00e4\u00dfw\u00e4nde bei, verbessert die Gehirnzirkulation und verhindert Durchblutungsst\u00f6rungen,<\/li>\n<li>hat auf energetischem Wege eine indirekte gef\u00e4\u00dferweiternde Wirkung (Erweiterung von Arterien und Kapillaren), hilft so den Blutdruck zu senken, beseitigt Kr\u00e4mpfe und und verbessert die Funktion der Organe<\/li>\n<li>wirkt entz\u00fcndungshemmend und beugt dem Auftreten von Stoffwechselst\u00f6rungen vor,<\/li>\n<li>unterst\u00fctzt im Energetischen die Regeneration nach Herzinfarkt, Operationen am Herzen und Herz-Kreislaufsystem,<\/li>\n<li>hilft die Bildung von Blutgerinnseln w\u00e4hrend und nach einer Operation an H\u00fcfte oder Knien (k\u00fcnstlichen Gelenke) zu verhindern,<\/li>\n<li>bek\u00e4mpft die Verstopfung von Blutgef\u00e4\u00dfen aufgrund von Arteriosklerose oder Diabetes, und reduziert das Risiko von Durchblutungsst\u00f6rungen in den Gef\u00e4\u00dfen der Organe, der Augen oder des Geh\u00f6rs.<\/li>\n<\/ul>\n<div><\/div>\n<div>Auf der Kolzov-Platte &#8222;Anti-Thrombin&#8220; sind die Informationen von 12 ausgew\u00e4hlten ayurvedischen Heilkr\u00e4utermischungen und medizinischen Rezepturen sowie Heilpflanzen und Nahrungserg\u00e4nzungen unter anderem: Vitaminen A, E, C, Resveratrol, Quercetin (Dihydroquercetin), Omega-3, Kurkuma, Ingwer, Ginkgo Biloba, Bl\u00fctenpollen, Kr\u00e4utern (Rosskastanie, Steinklee, M\u00e4des\u00fc\u00df, Berg-Arnika), Weidenr\u00f6schen, Astragalus, Zitronenmelisse, Japanischer Schnurbaum, Schwarzer Holunder, Sumpf-Fingerkraut, Ziziphora capitate, Mandiba), Wei\u00dfe Weidenrinde, Beeren (Himbeeren, Preiselbeeren, Walderdbeeren), Pilze (Reishi, Chinesischer Schwarzbaumpilz, Schwarzer Champignon), Zwiebel- und Knoblauchsaft.<\/div>\n<div><\/div>\n<div>TIPP 1: Die Platte &#8222;Anti-Thrombin&#8220; kann einzeln oder begleitend zu jeweiligen Therapieprogrammen verwendet werden. Sie ist besonders hilfreich f\u00fcr Menschen \u00fcber 40 Jahren und alle, die einen sitzenden Lebensstil haben, um Schlaganf\u00e4llen, Herzinfarkten und der Entstehung von Blutgerinnseln vorzubeugen. Allen Menschen mit Diabetes und zur Genesung nach Operationen und akuten Viruserkrankungen wird diese Platte ebenfalls dringend empfohlen.<\/div>\n<div>TIPP 2: F\u00fcr ein umfassende und komplexe Regulierung des Kreislaufsystems und zur Korrektur einer Vielzahl von Gef\u00e4\u00df- und Hormonerkrankungen kann die Platte &#8222;Anti-Trombin&#8220; zusammen mit den Platten &#8222;Arterius&#8220; (Serie Arkanum), &#8222;Endovita&#8220; (Serie Elite) und &#8222;Balance&#8220; (Serie Kollektion) verwendet.<\/div>\n<div>TIPP 3: In der Anwendung der Platte &#8222;Anti-Thrombin&#8220; k\u00f6nnen \u00e4therische \u00d6le aus der Aromatherapie noch unterst\u00fctzen &#8211; unter anderem k\u00f6nnen Bergamotte, Ylang-Ylang, Lavendel, Weihrauch, Myrrhe, Teebaum und schwarzer Pfeffer in eine Aromalampe gegeben werden oder in ein Massage\u00f6l.<\/div>\n<div><\/div>\n<div>ZUR BEACHTUNG: Bei dieser Platte sollte das Wasser zum Energetisieren mindestens 15 Minuten lang darauf gestellt werden. Es empfiehlt sich gerade zu Beginn der Anwendung viel auf der Platte energetisiertes Wasser zu trinken (ca. 2 Liter t\u00e4glich).<\/div>\n<p><em><strong>Wichtiger Hinweis:<\/strong><\/em><\/p>\n<p><strong><em>Wir weisen ausdr\u00fccklich darauf hin, dass die Kolzov-Platte (russische Bezeichnung: &#8222;Korrektoren des funktionalen Zustands&#8220;) ein alternatives Energie- und Informationsprodukt ist und kein Heilmittel im Sinne der westlichen Schulmedizin. Vielmehr ist es ein rein energetisches Hilfsmittel zur ganzheitlichen Balancierung von energetischen Disharmonien und Blockaden. Informationen \u00fcber Qualit\u00e4t und Eigenschaften des Energieobjekts beziehen sich auf Aussagen des russischen Herstellers und alternativen Theorien zu Mensch und Umwelt, auf alternative Anschauungen und esoterische \u00dcberlieferungen oder Aussagen. Sie gelten nur im Sinne der esoterischen Lebensphilosophie und daran angelehnte Alternativheilkunde. Wirkungen im Sinne westlicher Wissenschaft oder Medizin werden hier nicht behauptet.<\/em><\/strong><\/p>","protected":false},"excerpt":{"rendered":"<p>F\u00fcr die Durchblutung, die Gehirnfunktion und das Ged\u00e4chtnis<\/p>","protected":false},"featured_media":2136,"comment_status":"open","ping_status":"closed","template":"","meta":[],"product_brand":[],"product_cat":[34],"product_tag":[80],"class_list":{"0":"post-2135","1":"product","2":"type-product","3":"status-publish","4":"has-post-thumbnail","6":"product_cat-arcanum-serie","7":"product_tag-80","9":"first","10":"instock","11":"taxable","12":"shipping-taxable","13":"purchasable","14":"product-type-simple"},"_links":{"self":[{"href":"https:\/\/vigo-rio.com\/en\/wp-json\/wp\/v2\/product\/2135","targetHints":{"allow":["GET"]}}],"collection":[{"href":"https:\/\/vigo-rio.com\/en\/wp-json\/wp\/v2\/product"}],"about":[{"href":"https:\/\/vigo-rio.com\/en\/wp-json\/wp\/v2\/types\/product"}],"replies":[{"embeddable":true,"href":"https:\/\/vigo-rio.com\/en\/wp-json\/wp\/v2\/comments?post=2135"}],"wp:featuredmedia":[{"embeddable":true,"href":"https:\/\/vigo-rio.com\/en\/wp-json\/wp\/v2\/media\/2136"}],"wp:attachment":[{"href":"https:\/\/vigo-rio.com\/en\/wp-json\/wp\/v2\/media?parent=2135"}],"wp:term":[{"taxonomy":"product_brand","embeddable":true,"href":"https:\/\/vigo-rio.com\/en\/wp-json\/wp\/v2\/product_brand?post=2135"},{"taxonomy":"product_cat","embeddable":true,"href":"https:\/\/vigo-rio.com\/en\/wp-json\/wp\/v2\/product_cat?post=2135"},{"taxonomy":"product_tag","embeddable":true,"href":"https:\/\/vigo-rio.com\/en\/wp-json\/wp\/v2\/product_tag?post=2135"}],"curies":[{"name":"wp","href":"https:\/\/api.w.org\/{rel}","templated":true}]}}