{"id":2133,"date":"2026-01-18T22:56:56","date_gmt":"2026-01-18T22:56:56","guid":{"rendered":"https:\/\/vigo-rio.com\/?post_type=product&#038;p=2133"},"modified":"2026-03-02T17:18:28","modified_gmt":"2026-03-02T17:18:28","slug":"fc-02-joints-healing","status":"publish","type":"product","link":"https:\/\/vigo-rio.com\/en\/product\/fc-02-joints-healing\/","title":{"rendered":"FC Osteovita\/ Joints Healing"},"content":{"rendered":"<p><strong>Kolzov-Platte: &#8222;Osteovita&#8220; (&#8222;Neurocephal)\u00a0&#8211; (f\u00fcr einen gesunden Bewegungsapparat, f\u00fcr Knochen und Gelenke, bei Sport, \u00dcbergewicht, nach Unf\u00e4llen, im Wachstum und gegen degenerative Bewegungseinschr\u00e4nkungen)<br \/>\n&#8211; neueste Version mit 8-Elementen (8 enthaltenen Energiespeicher-Chips)<\/strong><\/p>\n<p><em>Die Platte tr\u00e4gt die russische Aufschrift: OSTEOVITA sowie JOINTS HEALING, NEUROCEPHAL, OSTEOVITA, im Russ. \u0410\u0420\u0422\u0415\u041d\u041e\u041b<\/em><\/p>\n<p>Die Platte ist eine sehr gute Unterst\u00fctzung bei erh\u00f6hter k\u00f6rperlicher Belastung etwa durch Sport, hohes Gewicht und im Beruf. Sie beschleunigt die Heilung nach Verletzungen und Br\u00fcchen und beugt Verletzungen im Bewegungsapparat vor. Sie unterst\u00fctzt das gesunde Wachstum bei Kindern und Jugendlichen und hilft im Alter gegen den degenerativen Abbau im Bewegungsapparat. So ist die Platte eine wertvolle energetische Hilfe bei vielen Problemen im Bewegungsapparat vom Hexenschuss bis zur Arthritis.<\/p>\n<p><em>Die Aussagen beziehen sich auf alternative Testmethoden wie Meridianenergie-Messungen der Organfunktionskreisl\u00e4ufe nach TCM, Kirlian-Fotografie (EPG\/GDV-Kamera), Oberon, Amsat o.\u00e4. durch den Hersteller &#8222;Planet der Regionen&#8220; und stellen keine medizinische oder auf den physischen K\u00f6rper und dessen Organe bezogenen Aussage im Sinne der westlichen Schulmedizin dar.<br \/>\n<\/em><\/p>\n<p><strong>Die Platte ist in diesem Sinne vor allem geeignet f\u00fcr:<\/strong><\/p>\n<ul>\n<li>hilfreich bei einer Vielzahl von Erkrankungen des Bewegungsapparates, der Gelenke und der Wirbels\u00e4ule, so tr\u00e4gt die Platte auf energetischem Wege zur Vorbeugung und Korrektur etwa bei Hexenschuss, Kr\u00e4mpfen, Verletzungen und Verstauchungen, Ischias, Sch\u00e4digung des Bandapparates, Arthrose, Arthritis, Osteochondrose, Osteoarthrose, Neuralgie, Neuritis, vegetativ-vaskul\u00e4re St\u00f6rungen u.a. bei,<\/li>\n<li>verlangsamt auf energetischem Wege das Fortschreiten degenerativer Prozesse in den Gelenken, der Wirbels\u00e4ule, den Muskeln, dem Knorpel und den Weichteilen, verbessert die Stoffwechselprozesse in Knorpel und Gelenken, hemmt den Abbau und unterst\u00fctzt die Bildung von Knochengewebe, aktiviert die Regeneration des Knorpelgewebes, aktiviert die Kollagenproduktion,<\/li>\n<li>st\u00e4rkt Sehnen und B\u00e4nder, hilft bei eingeschr\u00e4nkter Mobilit\u00e4t, Steifheitsgef\u00fchlen und \u00e4hnlichen Bewegungsproblemen, einschlie\u00dflich solcher, die durch degenerative Erkrankungen verursacht werden,<\/li>\n<li>lindert Entz\u00fcndungen und Schwellungen und verbessert dadurch die Beweglichkeit, normalisiert den Bewegungsradius der Gelenke, stellt die Empfindlichkeit der Finger wieder her,<\/li>\n<li>verbessert die Mikrozirkulation im Gewebe, normalisiert die Stoffwechselprozesse in Gelenken und Muskeln,<\/li>\n<li>aktiviert Entgiftungsprozesse, wodurch die Platte einen positiven Einfluss hat bei Gicht, Salzablagerungen in den Gelenken und inneren Organen (insbesondere in den Nieren), hilft bei der Entfernung von Harns\u00e4ure aus dem K\u00f6rper und stellt auch die Prozesse ihrer Synthese wieder her,<\/li>\n<li>hilft dabei, den Prozess der Kollagenzerst\u00f6rung zu verlangsamen, den Prozess seiner nat\u00fcrlichen Produktion im K\u00f6rper zu aktivieren, so dass ein angenehmer &#8222;Nebeneffekt&#8220; darin besteht, das Risiko der Entwicklung vieler mit dem Altern verbundener Krankheiten zu verringern, dem Altern vorzubeugen (sch\u00f6ne, elastische und mit Feuchtigkeit versorgte Haut ), gesunde Gelenke und B\u00e4nder, starke Knochen, gl\u00e4nzendes Haar,<\/li>\n<li>st\u00e4rkt allgemein das Immunsystem.<\/li>\n<\/ul>\n<p>Auf der Kolzov-Platte &#8222;Osteovita&#8220; sind die Informationen ausgew\u00e4hlter ayurvedischer Heilkr\u00e4uter, medizinischer Rezepturen und Spurenelemente wie unter anderem Glucosamin, Chondroitin, Kollagen, Hyalurons\u00e4ure, Mumijo (harz\u00e4hnliche nat\u00fcrliche Substanz mit hohem Gehalt an Fulvin- und Humins\u00e4uren), Propolis, Methylsulfonylmethan (MSM), die Aminos\u00e4ure Selenomethionin, die Vitamine C, D3, die Gruppe B-Vitamine und diverse Mikroelemente in Chelatform.<\/p>\n<p>TIPP 1: Verwenden sie die Platte zur Vorbeugung oder als energetische Erg\u00e4nzung in ihrem Therapieprogrammen. F\u00fcr eine intensive Wirkung kann die Platte auch sehr gut zum &#8222;Durchstr\u00f6men&#8220; verwendet werden &#8211; hier kann als zweite Platte z.B: &#8222;Bewegungsfreiheit&#8220; (Winterserie 2020), &#8222;Gesunde Gelenke (Serie Gr\u00fcn), Nr.6 und Nr.7 (Serie Blau) genutzt werden (eine Platte in den Nacken legen eine unter das Stei\u00dfbein der unter eine Fu\u00dfsohle und 10-15 Minuten &#8222;str\u00f6men&#8220; lassen).<\/p>\n<p>TIPP 2: Trinken Sie viel reines Wasser, das auf der Platte strukturiert wurde (nach WHO-Empfehlung: 30 ml pro 1 kg K\u00f6rpergewicht pro Tag). Strukturieren Sie auf der Platte fl\u00fcssige Balsame, Cremes, Kompressen, Masken und Packungen und andere Produkte.<\/p>\n<p>ZUR BEACHTUNG: Bei dieser Platte sollte das Wasser zum Energetisieren mindestens 15 Minuten lang darauf gestellt werden.<\/p>\n<p><em><u>Ergebnis im LIFE-TEST:\u00a0<\/u>Die Kolzov-Platte &#8222;Osteovita&#8220; hat ein neutrales Energiefeld mit mehr als 40 000 Bovis. Damit aktiviert sie insbesondere die unteren 3 Chakras sowie das Stirn-Chakra auf \u00fcber 40 000 Bovis: Wurzel, Blase-\/Sexual-, Solarplexus- und das Stirn-Chakra steigen auf dieses enorme Energienieveau. Das Kronen-Chakra steigt in seiner Energie auf ebenfalls sehr hohe 35 000 Bovis, Das Herz-Chakra auf 28 000 Bovis und das Hals-Chakra verdreifacht seine Energie auf 21 000 Bovis.<br \/>\nDurch die Aufladung der Chakras w\u00e4chst der bioenergetische Reaktionsabstand von zirka 75 Zentimetern um den K\u00f6rper auf 2,10 Meter.<\/em><\/p>\n<p><em><strong>Wichtiger Hinweis:<br \/>\nWir weisen ausdr\u00fccklich darauf hin, dass die Kolzov-Platte (russische Bezeichnung: &#8222;Korrektoren des funktionalen Zustands&#8220;) ein alternatives Energie- und Informationsprodukt ist und kein Heilmittel im Sinne der westlichen Schulmedizin. Vielmehr ist es ein rein energetisches Hilfsmittel zur ganzheitlichen Balancierung von energetischen Disharmonien und Blockaden. Informationen \u00fcber Qualit\u00e4t und Eigenschaften des Energieobjekts beziehen sich auf Aussagen des russischen Herstellers und alternativen Theorien zu Mensch und Umwelt, auf alternative Anschauungen und esoterische \u00dcberlieferungen oder Aussagen. Sie gelten nur im Sinne der esoterischen Lebensphilosophie und daran angelehnte Alternativheilkunde. Wirkungen im Sinne westlicher Wissenschaft oder Medizin werden hier nicht behauptet.<\/strong><\/em><\/p>","protected":false},"excerpt":{"rendered":"<p>Neuro-Cephal, f\u00fcr einen gesunden Bewegungsapparat, f\u00fcr Sport und bei \u00dcbergewicht.<\/p>\n<p>Es dient der St\u00e4rkung des Bewegungsapparates<\/p>","protected":false},"featured_media":2134,"comment_status":"open","ping_status":"closed","template":"","meta":[],"product_brand":[],"product_cat":[34],"product_tag":[74],"class_list":{"0":"post-2133","1":"product","2":"type-product","3":"status-publish","4":"has-post-thumbnail","6":"product_cat-arcanum-serie","7":"product_tag-74","9":"first","10":"instock","11":"taxable","12":"shipping-taxable","13":"purchasable","14":"product-type-simple"},"_links":{"self":[{"href":"https:\/\/vigo-rio.com\/en\/wp-json\/wp\/v2\/product\/2133","targetHints":{"allow":["GET"]}}],"collection":[{"href":"https:\/\/vigo-rio.com\/en\/wp-json\/wp\/v2\/product"}],"about":[{"href":"https:\/\/vigo-rio.com\/en\/wp-json\/wp\/v2\/types\/product"}],"replies":[{"embeddable":true,"href":"https:\/\/vigo-rio.com\/en\/wp-json\/wp\/v2\/comments?post=2133"}],"wp:featuredmedia":[{"embeddable":true,"href":"https:\/\/vigo-rio.com\/en\/wp-json\/wp\/v2\/media\/2134"}],"wp:attachment":[{"href":"https:\/\/vigo-rio.com\/en\/wp-json\/wp\/v2\/media?parent=2133"}],"wp:term":[{"taxonomy":"product_brand","embeddable":true,"href":"https:\/\/vigo-rio.com\/en\/wp-json\/wp\/v2\/product_brand?post=2133"},{"taxonomy":"product_cat","embeddable":true,"href":"https:\/\/vigo-rio.com\/en\/wp-json\/wp\/v2\/product_cat?post=2133"},{"taxonomy":"product_tag","embeddable":true,"href":"https:\/\/vigo-rio.com\/en\/wp-json\/wp\/v2\/product_tag?post=2133"}],"curies":[{"name":"wp","href":"https:\/\/api.w.org\/{rel}","templated":true}]}}