{"id":213,"date":"2026-01-14T12:36:00","date_gmt":"2026-01-14T12:36:00","guid":{"rendered":"https:\/\/vigo-rio.com\/?post_type=product&#038;p=213"},"modified":"2026-04-15T12:49:30","modified_gmt":"2026-04-15T12:49:30","slug":"fc-03-for-the-women","status":"publish","type":"product","link":"https:\/\/vigo-rio.com\/en\/product\/fc-03-for-the-women\/","title":{"rendered":"FC For the Women"},"content":{"rendered":"<p><strong>Kolzov-Platte &#8222;Nr.3 &#8211; F\u00fcr die Frau&#8220;\u00a0(Grundregulation 3, Frauen-Platte)<br \/>\n(f\u00fcr grundlegende Harmonisierung und Regulation des weiblichen Organismus, &#8222;YIN-Platte&#8220;)<br \/>\n<\/strong><\/p>\n<p><strong>&#8211; neueste Version mit 8-Elementen (8 enthaltenen Energiespeicher-Chips)<br \/>\n<\/strong><\/p>\n<p>Die biologisch aktiven Felder der Platte Nr.3 aktivieren die Harmonisierung im hormonellen Stoffwechsel der Frau. Es werden die stoffwechselaktiven Organe wie Schilddr\u00fcse, Pankreas, Leber und Niere reguliert und der gesamte Urogenital-Traktes ausbalanciert.<br \/>\nBei hormonellen oder sexuellen Disharmonien sollte die Platte Nr.3 t\u00e4glich f\u00fcr mehrere Minuten auf den Scheitel gelegt werden, um Hypophyse und Hypothalamus als Schaltzentralen f\u00fcr das gesamte endokrine System und Hormonstoffwechsel zu harmonisieren (au\u00dferdem bei sich tragen und nachts unter das Kopfkissen legen). F\u00fcr Kinder ist diese Platte nicht geeignet.<\/p>\n<p><em>Die Aussagen beziehen sich auf alternative Testmethoden wie Meridianenergie-Messungen der Organfunktionskreisl\u00e4ufe nach TCM, Kirlian-Fotografie (EPG\/GDV-Kamera), Oberon, Amsat o.\u00e4. durch den Hersteller &#8222;Planet der Regionen&#8220; und stellen keine medizinische oder auf den physischen K\u00f6rper und dessen Organe bezogenen Aussage im Sinne der westlichen Schulmedizin dar.<br \/>\n<\/em><\/p>\n<p><strong>Die Platte ist in diesem Sinne vor allem geeignet f\u00fcr:<\/strong><\/p>\n<ul>\n<li>Ausgleich und Normierung des endokrinen Systems (Dr\u00fcsensystem) und des weiblichen Hormonstoffwechsels,<\/li>\n<li>Regulator bei allen \u201eFrauenleiden\u201c,<\/li>\n<li>stimuliert die Verbrennung von \u00fcbersch\u00fcssigem Unterhaut- und Innenfett vor dem Hintergrund der Harmonisierung des endokrinen Systems und hilft, das K\u00f6rpervolumen und den Gewichtsverlust zu reduzieren,<\/li>\n<li>Anti-Aging-Wirkung auf den ganzen Organismus, Verj\u00fcngung aller biologischen Systeme,<\/li>\n<li>Geweberegeneration (auch bei Cellulitis),<\/li>\n<li>Regulation der Serotonin-Aussch\u00fcttung,<\/li>\n<li>Ausgleich und Normierung des mikrobiellen Magenmilieus,<\/li>\n<li>St\u00e4rkung des Immunsystems,<\/li>\n<li>Verbesserung der Gehirn-Durchblutung,<\/li>\n<li>Regulation der Biorhythmen und deren Steuerung von Gehirn, zentralen Nervensystem und der inneren Organe,<\/li>\n<li>Aktivierung und Normierung der Saure-Basen-Regulation des Blutes.<\/li>\n<\/ul>\n<p>ZUR BEACHTUNG: Die Aktivierungszeit von Wasser auf der Platte betr\u00e4gt mindestens 15 Sekunden.<\/p>\n<p><em><u>Ergebnis im LIFE-TEST:\u00a0<\/u>Die Kolzov-Platte &#8222;Nr.3 &#8211; F\u00fcr die Frau&#8220; hat ein neutrales Energiefeld mit weit \u00fcber 40 000 Bovis. Damit aktiviert sie die 5 oberen Chakras auf \u00fcber 40 000 Bovis! Dabei steigen Stirn- und Solarplexus-Chakras etwas \u00fcber 40 000 Bovis, aber Kronen-, Hals und Herz-Chakra weit \u00fcber 40 000 Bovis. Das Blase-Sexual-Chakra verdreifacht noch seine Energie auf 21 000 Bovis, das Wurzel-Chakra verdoppelt seine Energie auf 14 000 Bovis. Durch die Aufladung der Chakras w\u00e4chst der bioenergetische Reaktionsabstand von zirka 75 Zentimetern um den K\u00f6rper auf 1,40 Meter.<br \/>\n<\/em><\/p>\n<p><em><strong>Wichtiger Hinweis:<br \/>\nWir weisen ausdr\u00fccklich darauf hin, dass die Kolzov-Platte (russische Bezeichnung: &#8222;Korrektoren des funktionalen Zustands&#8220;) ein alternatives Energie- und Informationsprodukt ist und kein Heilmittel im Sinne der westlichen Schulmedizin. Vielmehr ist es ein rein energetisches Hilfsmittel zur ganzheitlichen Balancierung von energetischen Disharmonien und Blockaden. Informationen \u00fcber Qualit\u00e4t und Eigenschaften des Energieobjekts beziehen sich auf Aussagen des russischen Herstellers und alternativen Theorien zu Mensch und Umwelt, auf alternative Anschauungen und esoterische \u00dcberlieferungen oder Aussagen. Sie gelten nur im Sinne der esoterischen Lebensphilosophie und daran angelehnte Alternativheilkunde. Wirkungen im Sinne westlicher Wissenschaft oder Medizin werden hier nicht behauptet.<\/strong><\/em><\/p>","protected":false},"excerpt":{"rendered":"<p>Hilft das weibliche Hormonsystem zu normalisieren. Harmonisiert die k\u00f6rpereigenen Regulationsprozesse im Zusammenhang mit dem Hormonhaushalt.<\/p>","protected":false},"featured_media":1682,"comment_status":"open","ping_status":"closed","template":"","meta":[],"product_brand":[],"product_cat":[27],"product_tag":[60],"class_list":{"0":"post-213","1":"product","2":"type-product","3":"status-publish","4":"has-post-thumbnail","6":"product_cat-blue-series","7":"product_tag-60","9":"first","10":"outofstock","11":"taxable","12":"shipping-taxable","13":"purchasable","14":"product-type-simple"},"_links":{"self":[{"href":"https:\/\/vigo-rio.com\/en\/wp-json\/wp\/v2\/product\/213","targetHints":{"allow":["GET"]}}],"collection":[{"href":"https:\/\/vigo-rio.com\/en\/wp-json\/wp\/v2\/product"}],"about":[{"href":"https:\/\/vigo-rio.com\/en\/wp-json\/wp\/v2\/types\/product"}],"replies":[{"embeddable":true,"href":"https:\/\/vigo-rio.com\/en\/wp-json\/wp\/v2\/comments?post=213"}],"wp:featuredmedia":[{"embeddable":true,"href":"https:\/\/vigo-rio.com\/en\/wp-json\/wp\/v2\/media\/1682"}],"wp:attachment":[{"href":"https:\/\/vigo-rio.com\/en\/wp-json\/wp\/v2\/media?parent=213"}],"wp:term":[{"taxonomy":"product_brand","embeddable":true,"href":"https:\/\/vigo-rio.com\/en\/wp-json\/wp\/v2\/product_brand?post=213"},{"taxonomy":"product_cat","embeddable":true,"href":"https:\/\/vigo-rio.com\/en\/wp-json\/wp\/v2\/product_cat?post=213"},{"taxonomy":"product_tag","embeddable":true,"href":"https:\/\/vigo-rio.com\/en\/wp-json\/wp\/v2\/product_tag?post=213"}],"curies":[{"name":"wp","href":"https:\/\/api.w.org\/{rel}","templated":true}]}}