{"id":212,"date":"2026-01-14T12:36:00","date_gmt":"2026-01-14T12:36:00","guid":{"rendered":"https:\/\/vigo-rio.com\/?post_type=product&#038;p=212"},"modified":"2026-04-15T08:51:20","modified_gmt":"2026-04-15T08:51:20","slug":"fc-02-detox","status":"publish","type":"product","link":"https:\/\/vigo-rio.com\/en\/product\/fc-02-detox\/","title":{"rendered":"FC Detox"},"content":{"rendered":"<p><strong>Kolzov-Platte &#8222;Nr.2 &#8211; DETOX&#8220; (Grundregulation 2)<\/strong><br \/>\n<strong>(f\u00fcr Entschlackung und Entgiftung, Regeneration, Harmonie, f\u00fcr die Grundregulation)<br \/>\n<\/strong><\/p>\n<p><strong>&#8211; neueste Version mit 8-Elementen (8 enthaltenen Energiespeicher-Chips)<br \/>\n<\/strong><\/p>\n<p>Die optimale Regeneration und Selbstregulation der Zellen ist das Hauptthema dieser Platte. Eine \u00fcbers\u00e4uerte und verschlackte Zelle wird nicht mit optimaler Zellenergie versorgt. Dadurch kann sie sich nur bedingt reparieren und nur schlecht erneuert werden. Jede Form von Infektionskrankheiten oder chronischen Erkrankungen ist immer ein Ausdruck von blockierten Regenerationsenergien, die meist durch eine sch\u00e4dliche, nieder-energetischen Lebensweise entstanden. Die Kolzov-Platte Nr.2 erzeugt Felder h\u00f6chster Ordnung f\u00fcr die Regeneration biologischer Systeme, wodurch diese eigenst\u00e4ndig ihre Selbstregulation und damit Selbstheilung durchf\u00fchren k\u00f6nnen. Die biologisch aktiven Felder, l\u00f6sen die Stoffwechsel-\u201eSchlacken\u201c nicht nur aus den Geweben und Organen, sondern helfen auch diese sofort \u00fcber die Entgiftungskan\u00e4le abzutransportieren.<br \/>\nDas kann unterschiedlich lange dauern &#8211; wichtig ist dabei die Zufuhr von ausreichender Mengen an energetisiertem Wasser (2 \u2013 4 Ltr.\/Tag, oder 30ml pro kg K\u00f6rpergewicht), damit der Stoffwechselm\u00fcll, Umweltgifte und die entstehenden Zerfallsprodukte von Parasiten aus den Zellen und extrazellul\u00e4ren R\u00e4umen ausgeschieden werden k\u00f6nnen. Das Wasser sollte 5\u201310 Minuten lang auf die Platte Nr.2 Platte gestellt und damit energetisiert werden. Wasser ist wichtig f\u00fcr alle Heilungsprozesse, welche durch die Platte angeregt werden &#8211; insbesondere bei Regulationen im Gehirn, Blut, Lymphe oder Niere.<\/p>\n<p><em>Die Aussagen beziehen sich auf alternative Testmethoden wie Meridianenergie-Messungen der Organfunktionskreisl\u00e4ufe nach TCM, Kirlian-Fotografie (EPG\/GDV-Kamera), Oberon, Amsat o.\u00e4. durch den Hersteller &#8222;Planet der Regionen&#8220; und stellen keine medizinische oder auf den physischen K\u00f6rper und dessen Organe bezogenen Aussage im Sinne der westlichen Schulmedizin dar.<br \/>\n<\/em><\/p>\n<p><strong>Die Platte ist in diesem Sinne vor allem geeignet f\u00fcr:<\/strong><\/p>\n<ul>\n<li>Entschlackung und Ausleitung von Toxinen aus dem K\u00f6rper,<\/li>\n<li>Hilfe bei der infekti\u00f6sen Intoxikation,<\/li>\n<li>Regeneration der Gef\u00e4\u00dfe und Kapillaren ,<\/li>\n<li>f\u00f6rdert die Regeneration nach Schlaganf\u00e4llen, Infarkten, Koma, Operationen, schweren<\/li>\n<li>Unf\u00e4llen, Traumata, Chemotherapie, Verbrennungen, Vergiftungen,<\/li>\n<li>hilft bei Schwellungen und Gelenkschmerzen,<\/li>\n<li>St\u00e4rkung und Normierung des Immunsystem,<\/li>\n<li>Regulation des Stoffwechsels,<\/li>\n<li>baut S\u00e4ure-Ablagerungen (sog. Oxale wie Blasen-, Gallen-, Nierensteine) ab,<\/li>\n<li>beschleunigt die Regeneration bei Augen-, Atemwegs- und HNO-Erkrankungen,<\/li>\n<li>schmerzlindernd bei Kopf-, Zahn- und Gelenks- und Muskel-Schmerzen u.a. Schmerzen (einfach auf die Schmerzstelle legen)<\/li>\n<\/ul>\n<p><u><\/u>ZUR BEACHTUNG: Die Aktivierungszeit von Wasser auf der Platte betr\u00e4gt mindestens 15 Sekunden.<em><u><br \/>\n<\/u><\/em><\/p>\n<p><em><u>Ergebnis im LIFE-TEST:<\/u>\u00a0Die Kolzov-Platte &#8222;Nr.2 &#8211; Detox&#8220; hat ein neutrales Energiefeld mit deutlich mehr als 40 000 Bovis. Damit aktiviert sie 6 der 7 Chakras auf \u00fcber 40 000 Bovis! Nur das Blase-Sexual-Chakra steigt in seiner Energie weniger stark von 7000 auf 28 000 Bovis. Durch die Aufladung der Chakras w\u00e4chst der bioenergetische Reaktionsabstand von zirka 75 Zentimetern um den K\u00f6rper sogar auf 2,20 Meter.<br \/>\n<\/em><\/p>\n<p><em><strong>Wichtiger Hinweis:<br \/>\nWir weisen ausdr\u00fccklich darauf hin, dass die Kolzov-Platte (russische Bezeichnung: &#8222;Korrektoren des funktionalen Zustands&#8220;) ein alternatives Energie- und Informationsprodukt ist und kein Heilmittel im Sinne der westlichen Schulmedizin. Vielmehr ist es ein rein energetisches Hilfsmittel zur ganzheitlichen Balancierung von energetischen Disharmonien und Blockaden. Informationen \u00fcber Qualit\u00e4t und Eigenschaften des Energieobjekts beziehen sich auf Aussagen des russischen Herstellers und alternativen Theorien zu Mensch und Umwelt, auf alternative Anschauungen und esoterische \u00dcberlieferungen oder Aussagen. Sie gelten nur im Sinne der esoterischen Lebensphilosophie und daran angelehnte Alternativheilkunde. Wirkungen im Sinne westlicher Wissenschaft oder Medizin werden hier nicht behauptet.<\/strong><\/em><\/p>","protected":false},"excerpt":{"rendered":"<p>Es hilft bei der Entgiftung des K\u00f6rpers. Es f\u00f6rdert die Reinigung des Organismus von Toxinen und Schlackenstoffen.<\/p>","protected":false},"featured_media":1681,"comment_status":"open","ping_status":"closed","template":"","meta":[],"product_brand":[],"product_cat":[27],"product_tag":[59],"class_list":{"0":"post-212","1":"product","2":"type-product","3":"status-publish","4":"has-post-thumbnail","6":"product_cat-blue-series","7":"product_tag-59","9":"first","10":"instock","11":"taxable","12":"shipping-taxable","13":"purchasable","14":"product-type-simple"},"_links":{"self":[{"href":"https:\/\/vigo-rio.com\/en\/wp-json\/wp\/v2\/product\/212","targetHints":{"allow":["GET"]}}],"collection":[{"href":"https:\/\/vigo-rio.com\/en\/wp-json\/wp\/v2\/product"}],"about":[{"href":"https:\/\/vigo-rio.com\/en\/wp-json\/wp\/v2\/types\/product"}],"replies":[{"embeddable":true,"href":"https:\/\/vigo-rio.com\/en\/wp-json\/wp\/v2\/comments?post=212"}],"wp:featuredmedia":[{"embeddable":true,"href":"https:\/\/vigo-rio.com\/en\/wp-json\/wp\/v2\/media\/1681"}],"wp:attachment":[{"href":"https:\/\/vigo-rio.com\/en\/wp-json\/wp\/v2\/media?parent=212"}],"wp:term":[{"taxonomy":"product_brand","embeddable":true,"href":"https:\/\/vigo-rio.com\/en\/wp-json\/wp\/v2\/product_brand?post=212"},{"taxonomy":"product_cat","embeddable":true,"href":"https:\/\/vigo-rio.com\/en\/wp-json\/wp\/v2\/product_cat?post=212"},{"taxonomy":"product_tag","embeddable":true,"href":"https:\/\/vigo-rio.com\/en\/wp-json\/wp\/v2\/product_tag?post=212"}],"curies":[{"name":"wp","href":"https:\/\/api.w.org\/{rel}","templated":true}]}}