{"id":211,"date":"2026-01-14T12:35:00","date_gmt":"2026-01-14T12:35:00","guid":{"rendered":"https:\/\/vigo-rio.com\/?post_type=product&#038;p=211"},"modified":"2026-04-15T08:51:20","modified_gmt":"2026-04-15T08:51:20","slug":"fc-01-anti-parasites","status":"publish","type":"product","link":"https:\/\/vigo-rio.com\/en\/product\/fc-01-anti-parasites\/","title":{"rendered":"FC Anti-Parasites"},"content":{"rendered":"<p><strong>eine universelle Platte zur Basisregulation mit einem sehr breiten Wirkungsspektrum (antiparasit\u00e4r, harmonisierend, gegen anaerobe Dysbalancen, f\u00fcr Basisregulation und Harmonie, Lebensfreude).Kolzov-Platte &#8222;Nr.1 &#8211; ANTI-PARASITEN&#8220; (Grundregulation 1)\u00a0(antiparasit\u00e4r, harmonisierend, gegen anaerobe Entgleisungen, f\u00fcr die Grundregulation und Harmonie, Lebensfreude)<br \/>\n<\/strong><\/p>\n<p><strong>&#8211; neueste Version mit 8-Elementen (8 enthaltenen Energiespeicher-Chips)<\/strong><\/p>\n<p>Die Kolzov-Platte Nr.1 ist eine universale Platte f\u00fcr die Grundregulation mit einem sehr breiten Wirkspektrum. Auf der Platte sind Informationen von etwa 80 harmonisch aufeinander abgestimmten Kr\u00e4utern und sieben ayurvedischen Anwendungen die sich aus je 15 hochaktiven Pflanzen zusammensetzen. Sie enthalten Themen von Masaru Emotos Wellen-Therapie f\u00fcr Organe und K\u00f6rper-Funktionen sowie Informationen von Orten der Kraft und Harmonie, wie z.B. Stonehege, Lourdes, sowie vieler hochschwingender Erdkraftorten und mehr.<\/p>\n<p>Anti-Parasiten-Wirkung:<\/p>\n<p>Nach den Erkenntnissen alternativer Medizinforscher werden viele Krankheiten durch Parasiten verursacht. Darunter findet man Erkrankungen wie Diabetes, Herz- und Kreislauferkrankungen (Angina, Herzinfarkt, Schlaganfall,&#8230;), Krebs, Asthma, Allergien und viele weitere Leiden. Niemand denkt daran, dass die Gef\u00e4\u00dfe voller (Blut-) Parasiten sein k\u00f6nnten, welche den Organismus von innen aufzehren. Sie besch\u00e4digen und zerst\u00f6ren Zellen, Gewebe und am Ende Organe. Ihr Wohnort sind die Stoffwechselablagerungen (auch \u201e\u00dcbers\u00e4uerungsschleim\u201c genannt), die an den W\u00e4nden der Gef\u00e4\u00dfen und im Zellzwischenraum ablagern. Ihre Ausscheidungen geben sie ins Blut ab, wodurch eine Vielzahl an Symptomen auftreten k\u00f6nnen wie Thrombosen, Gef\u00e4\u00dfverschluss, Allergien, Schlaflosigkeit, Erbrechen, Durchfall &#8230;etc. Viele parasit\u00e4re Infektionen bleiben unerkannt und f\u00fchren zu Krankheiten, denen scheinbar keine Ursache zu zuordnen ist. Die Vorbeugung gegen derlei Infektionen ist besonders wichtig, wenn Tiere im Haushalt leben und f\u00fcr Kleinkinder.<br \/>\nDie biogenen Informationsfelder der Kolzov-Platte Nr.1 bewirken eine harmonische \u201eUmverlagerung\u201c von negativen Potenzialen. Sie wandeln degenerative in regenerative Potenziale um. Mit einem \u00f6sterreichischen Mikrobiologen wurde ein einfaches Experiment gemacht, welches das Wirkprinzip sehr sch\u00f6n verdeutlicht: Eine von Milben befallene Jungpflanze wurde, quasi als letzte Rettungsma\u00dfnahme vor der Entsorgung, auf die Platte Nr.1 gestellt. Nach 2 Tagen waren keine Milben mehr da und die Pflanze bildete neue Triebe aus. Was war passiert? Die hohen Ordnungsfelder haben nur noch die regenerativen Prozesse unterst\u00fctzt. Die Abwehrkr\u00e4fte und die Regenerationsf\u00e4higkeit der Pflanze nahmen zu, wodurch die Resonanz- und Nahrungsbr\u00fccken zu den Milben unterbrochen wurden &#8211; ein Prozess der harmonischen Autoregulation, in dem nichts zerst\u00f6rt wird.<br \/>\nAuf den menschlichen Organismus \u00fcbertragen, wird nach diesem Prinzip allen parasit\u00e4ren<br \/>\n(Anaerober) Viren, W\u00fcrmern, Pilzen, Parasiten, Einzellern und pathogenen Bakterien der \u201eSaft\u201c abgedreht \u2013 auch hier bewirken die Potenzialverschiebungen einen Wandel zum gesunden Milieus hin, in dem die anaeroben Parasiten nicht existieren k\u00f6nnen.<br \/>\nIn Russland wurden unter anderem medizinische Untersuchungen mit HIV-Patienten durchgef\u00fchrt: nach etwa zwei Monate war weder der zuvor diagnostizierte HIV-Virus noch ein Hepatitis C-Virus mehr auffindbar. Die biologisch aktiven Felder der Kolzov-Platten t\u00f6ten diese Viren nicht ab &#8211; das w\u00e4re wieder nur eine Regulation niederer Ordnung, sondern sie erzeugen ein Feld, in dem sich die fremden Organismen unwohl f\u00fchlen und aufh\u00f6ren, sich zu vermehren. Als Folge dessen reduzieren sie ihre Population und passen sich den neuen Verh\u00e4ltnissen an.<\/p>\n<p><em>Die Aussagen beziehen sich auf alternative Testmethoden wie Meridianenergie-Messungen der Organfunktionskreisl\u00e4ufe nach TCM, Kirlian-Fotografie (EPG\/GDV-Kamera), Oberon, Amsat o.\u00e4. durch den Hersteller &#8222;Planet der Regionen&#8220; und stellen keine medizinische oder auf den physischen K\u00f6rper und dessen Organe bezogenen Aussage im Sinne der westlichen Schulmedizin dar.<br \/>\n<\/em><\/p>\n<p><strong>Die Platte ist in diesem Sinne vor allem geeignet f\u00fcr:<\/strong><\/p>\n<ul>\n<li>Sorgt im Energetischen f\u00fcr eine allm\u00e4hliche Hemmung und anschlie\u00dfende Abt\u00f6tung von Viren, Bakterien, W\u00fcrmern und Protozoen im menschlichen K\u00f6rper,<\/li>\n<li>Ziel ist es, \u00fcber das Informationsfeld des Organismus eine Umgebung zu schaffen, in der Parasiten nicht existieren k\u00f6nnen<\/li>\n<li>f\u00f6rdert die Ausscheidung von Zellgiften und Abfallprodukten von Parasiten, aus dem K\u00f6rper,<\/li>\n<li>f\u00f6rdert die Wiederherstellung des urspr\u00fcnglichen Aussehens der OrganzellenRegulation der Mikroflora des Magen-Darm-Traktes und damit auch<\/li>\n<li>St\u00e4rkung des Immunsystems,<\/li>\n<li>Harmonisierung und Normierung der Nebennieren, Zirbeldr\u00fcse, Hypophyse,<\/li>\n<li>Aktivierung und Optimierung der Thymusdr\u00fcse,<\/li>\n<li>Normierung der Selbstregulation (Hom\u00f6ostase) des Organismus,<\/li>\n<li>Verbesserung und Normierung der Durchblutung des Gehirns (Atlas-Wirbel-Stellung beachten!)<\/li>\n<li>Vorbeugend gegen kanzerogene Prozesse, die mit Parasiten verbunden sind,<\/li>\n<li>Regulation der Biorhythmen des Gehirns, des zentralen<\/li>\n<li>Nervensystems und der endokrinen Dr\u00fcsen,<\/li>\n<li>Normierung und Ausgleich von St\u00f6rungen bei allen Organe auf Zellebene und deren Funktionskreisl\u00e4ufen,<\/li>\n<li>Ausgleichend im emotionalen Bereich,<\/li>\n<li>St\u00e4rkung und Normierung der Sehkraft und Augen,<\/li>\n<li>Hilfreich bei Entz\u00fcndungen, Verbrennungen etc.<\/li>\n<li>Ausgleich und Normierung der Serotonin-Produktion.<\/li>\n<\/ul>\n<p>Die weitreichenden Auswirkungen der Kolzov-Platte Nr.1 basieren auf den degenerativen Folgen zu hoher Anaerober-Potenziale. Reduzieren sich die degenerativen Mikroorganismen auf ein harmonisches Ma\u00df, dann gehen auch damit verbundenen vielf\u00e4ltigen Gesundheitsprobleme zur\u00fcck. Viele der pathogenen Mikroben \u201everhungern\u201c einfach und schwirren gerade zu Beginn der Arbeit mit der Kolzov-Platte Nr.1 abgestorbent im Organismus herum, wobei sie ihre \u201eLeichengifte\u201c und gespeicherte Schadstoffe ins Gewebe abgeben. Aus diesem Grund ist es notwendig, nachmittags (bzw. ab 16 Uhr) massiv die Entgiftung und Regenration zu f\u00f6rdern &#8211; nicht nur auf energetischer Ebene (durch Anwendung der Kolzov-Platte Nr.2), sondern auch durch Meidung von gesundheitssch\u00e4dlichen Genussmitteln wie Zucker und zuviel tierische Fette und Eiwei\u00df und durch die Zufuhr gesunder Speisen und regenerativer Stoffe wie Mineralien, hochwertige Proteine, Vitamine, Frucht- und Gem\u00fcse-Extrakte sollte man diesen wichtigen Prozess unterst\u00fctzen.<\/p>\n<p>ZUR BEACHTUNG: Die Aktivierungszeit von Wasser auf der Platte betr\u00e4gt mindestens 15 Sekunden.<\/p>\n<p><em>Ergebnis im LIFE-TEST: Die Kolzov-Platte &#8222;Nr.1 &#8211; Anti-Parasiten&#8220; hat ein neutrales Energiefeld mit deutlich mehr als 40 000 Bovis. Damit aktiviert sie alle (!!!) Chakras auf \u00fcber 40 000 Bovis ! Durch die Aufladung der Chakras w\u00e4chst der bioenergetische Reaktionsabstand von zirka 75 Zentimetern um den K\u00f6rper auf 2,00 Meter.<br \/>\n<\/em><\/p>\n<p><em><strong>Wichtiger Hinweis:<br \/>\nWir weisen ausdr\u00fccklich darauf hin, dass die Kolzov-Platte (russische Bezeichnung: &#8222;Korrektoren des funktionalen Zustands&#8220;) ein alternatives Energie- und Informationsprodukt ist und kein Heilmittel im Sinne der westlichen Schulmedizin. Vielmehr ist es ein rein energetisches Hilfsmittel zur ganzheitlichen Balancierung von energetischen Disharmonien und Blockaden. Informationen \u00fcber Qualit\u00e4t und Eigenschaften des Energieobjekts beziehen sich auf Aussagen des russischen Herstellers und alternativen Theorien zu Mensch und Umwelt, auf alternative Anschauungen und esoterische \u00dcberlieferungen oder Aussagen. Sie gelten nur im Sinne der esoterischen Lebensphilosophie und daran angelehnte Alternativheilkunde. Wirkungen im Sinne westlicher Wissenschaft oder Medizin werden hier nicht behauptet.<\/strong><\/em><\/p>","protected":false},"excerpt":{"rendered":"<p>Eine universelle Platte zur Basisregulation mit einem sehr breiten Wirkungsspektrum (antiparasit\u00e4r, harmonisierend, gegen anaerobe Dysbalancen, f\u00fcr Basisregulation und Harmonie, Lebensfreude).<\/p>","protected":false},"featured_media":1679,"comment_status":"open","ping_status":"closed","template":"","meta":[],"product_brand":[],"product_cat":[27],"product_tag":[58],"class_list":{"0":"post-211","1":"product","2":"type-product","3":"status-publish","4":"has-post-thumbnail","6":"product_cat-blue-series","7":"product_tag-58","9":"first","10":"instock","11":"taxable","12":"shipping-taxable","13":"purchasable","14":"product-type-simple"},"_links":{"self":[{"href":"https:\/\/vigo-rio.com\/en\/wp-json\/wp\/v2\/product\/211","targetHints":{"allow":["GET"]}}],"collection":[{"href":"https:\/\/vigo-rio.com\/en\/wp-json\/wp\/v2\/product"}],"about":[{"href":"https:\/\/vigo-rio.com\/en\/wp-json\/wp\/v2\/types\/product"}],"replies":[{"embeddable":true,"href":"https:\/\/vigo-rio.com\/en\/wp-json\/wp\/v2\/comments?post=211"}],"wp:featuredmedia":[{"embeddable":true,"href":"https:\/\/vigo-rio.com\/en\/wp-json\/wp\/v2\/media\/1679"}],"wp:attachment":[{"href":"https:\/\/vigo-rio.com\/en\/wp-json\/wp\/v2\/media?parent=211"}],"wp:term":[{"taxonomy":"product_brand","embeddable":true,"href":"https:\/\/vigo-rio.com\/en\/wp-json\/wp\/v2\/product_brand?post=211"},{"taxonomy":"product_cat","embeddable":true,"href":"https:\/\/vigo-rio.com\/en\/wp-json\/wp\/v2\/product_cat?post=211"},{"taxonomy":"product_tag","embeddable":true,"href":"https:\/\/vigo-rio.com\/en\/wp-json\/wp\/v2\/product_tag?post=211"}],"curies":[{"name":"wp","href":"https:\/\/api.w.org\/{rel}","templated":true}]}}