{"id":2083,"date":"2026-01-18T22:00:01","date_gmt":"2026-01-18T22:00:01","guid":{"rendered":"https:\/\/vigo-rio.com\/?post_type=product&#038;p=2083"},"modified":"2026-02-23T19:09:04","modified_gmt":"2026-02-23T19:09:04","slug":"fs-zoovita","status":"publish","type":"product","link":"https:\/\/vigo-rio.com\/en\/product\/fs-zoovita\/","title":{"rendered":"FS Zoovita"},"content":{"rendered":"<p><strong>Kolzov-Platte: &#8222;Zoovita&#8220;\u00a0&#8211; (f\u00fcr Gesundheit und Heilung von Tieren: Hunde, Katzen Pferde, K\u00fche, V\u00f6gel etc.<br \/>\n&#8211; neueste Version mit 8-Elementen (8 enthaltenen Energiespeicher-Chips)<\/strong><\/p>\n<p>Die Platte &#8222;ZOOVITA&#8220; ist f\u00fcr die t\u00e4gliche Anwendung bei Tieren aller Art &#8211; egal, ob es sich im Haustiere, Gro\u00df- oder Kleinvieh, V\u00f6gel usw. handelt &#8211; gedacht. Sie st\u00e4rkt im Alltag insgesamt die Gesundheit, hilft bei der Umstellung w\u00e4hrend und nach Umz\u00fcgen, Fl\u00fcgen und Reisen und st\u00e4rkt vor und nach Operationen und Erkrankungen. Die Platte hilft bei der Vorberreitung auf Wettk\u00e4mpfe und Ausstellungen und harmonisiert die Beziehung unter den Tieren und verringert Agressionen.<\/p>\n<p><em>Die Aussagen beziehen sich auf alternative Testmethoden wie Meridianenergie-Messungen der Organfunktionskreisl\u00e4ufe nach TCM, Kirlian-Fotografie (EPG\/GDV-Kamera), Oberon, Amsat o.\u00e4. durch den Hersteller &#8222;Planet der Regionen&#8220; und stellen keine medizinische oder auf den physischen K\u00f6rper und dessen Organe bezogenen Aussage im Sinne der westlichen Schulmedizin dar.<\/em><\/p>\n<p><strong>Die Platte ist in diesem Sinne vor allem geeignet f\u00fcr:<\/strong><\/p>\n<ul>\n<li>zur Reinigung des Energiefeldes, der Energiezentren, der Meridiane und des feinstofflichen K\u00f6rpers von energetischen und informationellen \u00dcbergriffen,<\/li>\n<li>hilft, das Tier energetisch zu sch\u00fctzen und reichert sein Energiefeld mit lichten, kosmischen Energien an,<\/li>\n<li>wirkt entz\u00fcndungshemmend und antibakteriell,<\/li>\n<li>f\u00f6rdert die Gesundheit von Verdauungsapparat, Herz-Kreislauf-System und Harnwegen,<\/li>\n<li>st\u00e4rkt die Vitalit\u00e4t, Kraft und Ausdauer und f\u00f6rdert die schnellere Genesung nach<\/li>\n<li>medizinischen Eingriffen und Operationen,<\/li>\n<li>erm\u00f6glicht energetisch die Verbesserung verschiedener Indikatoren bei Tieren wie eine bessere Milchleistung von K\u00fche oder die Geschwindigkeit bei Pferden usw.,<\/li>\n<li>verringert das Auftreten von Aggressionen, wirkt ausgleichend auf den emotionaen und mentalen Zustand des Tieres.<\/li>\n<\/ul>\n<p>Auf der Platte &#8222;Zoovita&#8220; ist unter anderem der kosmoenergetische Kanal der Maya-Theurgie &#8222;MISSIK&#8220; gespeichert.<\/p>\n<p>ZUR BEACHTUNG: bei dieser Platte sollte das Wasser zum Energetisieren mindestens 30 Sekunden lang darauf gestellt werden.<\/p>\n<p><strong>Wichtiger Hinweis:<br \/>\nWir weisen ausdr\u00fccklich darauf hin, dass die Kolzov-Platte (russische Bezeichnung: &#8222;Korrektoren des funktionalen Zustands&#8220;) ein alternatives Energie- und Informationsprodukt ist und kein Heilmittel im Sinne der westlichen Schulmedizin. Vielmehr ist es ein rein energetisches Hilfsmittel zur ganzheitlichen Balancierung von energetischen Disharmonien und Blockaden. Informationen \u00fcber Qualit\u00e4t und Eigenschaften des Energieobjekts beziehen sich auf Aussagen des russischen Herstellers und alternativen Theorien zu Mensch und Umwelt, auf alternative Anschauungen und esoterische \u00dcberlieferungen oder Aussagen. Sie gelten nur im Sinne der esoterischen Lebensphilosophie und daran angelehnte Alternativheilkunde. Wirkungen im Sinne westlicher Wissenschaft oder Medizin werden hier nicht behauptet.<\/strong><\/p>","protected":false},"excerpt":{"rendered":"<p>wurde speziell f\u00fcr das Wohlbefinden von Tieren aller Art entwickelt und unterst\u00fctzt energetisch die Regeneration von Verdauung, Herz-Kreislauf und Harnwegen. Sie reinigt das Energiefeld von Haustieren und Nutztieren, lindert Aggressionen, beschleunigt die Genesung nach Eingriffen und hilft den Tieren, Stress durch Reisen, Umz\u00fcge oder Wettk\u00e4mpfe besser zu bew\u00e4ltigen.<\/p>","protected":false},"featured_media":1891,"comment_status":"open","ping_status":"closed","template":"","meta":[],"product_brand":[],"product_cat":[32],"product_tag":[],"class_list":{"0":"post-2083","1":"product","2":"type-product","3":"status-publish","4":"has-post-thumbnail","6":"product_cat-collection-series","8":"first","9":"instock","10":"taxable","11":"shipping-taxable","12":"purchasable","13":"product-type-simple"},"_links":{"self":[{"href":"https:\/\/vigo-rio.com\/en\/wp-json\/wp\/v2\/product\/2083","targetHints":{"allow":["GET"]}}],"collection":[{"href":"https:\/\/vigo-rio.com\/en\/wp-json\/wp\/v2\/product"}],"about":[{"href":"https:\/\/vigo-rio.com\/en\/wp-json\/wp\/v2\/types\/product"}],"replies":[{"embeddable":true,"href":"https:\/\/vigo-rio.com\/en\/wp-json\/wp\/v2\/comments?post=2083"}],"wp:featuredmedia":[{"embeddable":true,"href":"https:\/\/vigo-rio.com\/en\/wp-json\/wp\/v2\/media\/1891"}],"wp:attachment":[{"href":"https:\/\/vigo-rio.com\/en\/wp-json\/wp\/v2\/media?parent=2083"}],"wp:term":[{"taxonomy":"product_brand","embeddable":true,"href":"https:\/\/vigo-rio.com\/en\/wp-json\/wp\/v2\/product_brand?post=2083"},{"taxonomy":"product_cat","embeddable":true,"href":"https:\/\/vigo-rio.com\/en\/wp-json\/wp\/v2\/product_cat?post=2083"},{"taxonomy":"product_tag","embeddable":true,"href":"https:\/\/vigo-rio.com\/en\/wp-json\/wp\/v2\/product_tag?post=2083"}],"curies":[{"name":"wp","href":"https:\/\/api.w.org\/{rel}","templated":true}]}}