{"id":2082,"date":"2026-01-18T21:59:38","date_gmt":"2026-01-18T21:59:38","guid":{"rendered":"https:\/\/vigo-rio.com\/?post_type=product&#038;p=2082"},"modified":"2026-02-04T19:50:24","modified_gmt":"2026-02-04T19:50:24","slug":"fs-zhiva","status":"publish","type":"product","link":"https:\/\/vigo-rio.com\/en\/product\/fs-zhiva\/","title":{"rendered":"FS Zhiva"},"content":{"rendered":"<div class=\"product-details product-details--layout-sidebar-right product-details--description-basic\">\n<div class=\"product-details__description\">\n<div class=\"product-details-module product-details__general-info\">\n<div class=\"product-details-module__content\">\n<div id=\"productDescription\" class=\"product-details__product-description\">\n<p><strong>Kolzov-Platte &#8222;Zhiva&#8220; &#8211; dt. soviel wie &#8222;Im Fluss sein&#8220; (f\u00fcr Lymphe, Durchblutung, Reinigung)<\/strong><\/p>\n<p><strong>&#8211; neueste Version mit 8-Elementen (8 enthaltenen Energiespeicher-Chips)<\/strong><\/p>\n<p>Die Kolzov-Platte &#8222;Jiva&#8220; bringt alles in Fluss: Lymphe, Blut, Energien und das Lebens selbst<br \/>\n&#8211; alles flie\u00dft im lebendigen Fluss des Lebens.<\/p>\n<p><em>Die Aussagen beziehen sich auf alternative Testmethoden wie Meridianenergie-Messungen der Organfunktionskreisl\u00e4ufe nach TCM, Kirlian-Fotografie (EPG\/GDV-Kamera), Oberon, Amsat o.\u00e4. durch den Hersteller &#8222;Planet der Regionen&#8220; und stellen keine medizinische oder auf den physischen K\u00f6rper und dessen Organe bezogenen Aussage im Sinne der westlichen Schulmedizin dar.<\/em><\/p>\n<p><strong>Die Platte ist in diesem Sinne vor allem geeignet f\u00fcr:<\/strong><\/p>\n<ul>\n<li>harmonisiert Lymphe und normalisiert den Lymphflusses bei (wodurch die N\u00e4hrstoffzufuhr und der Abtransport von Stoffwechselresten f\u00fcr die Zellen verbessert wird) und hilft, \u00fcberschie\u00dfende Entz\u00fcndungsreaktionen am Entz\u00fcndungsherd zu vermeiden,<\/li>\n<li>f\u00f6rdert auf energetischem Wege die Reinigung des K\u00f6rpers von Parasiten (von verschiedenartigen Helminthen, Protozoen und anderen Erregern),<\/li>\n<li>hilft, die Abwehrkr\u00e4fte des K\u00f6rpers st\u00e4rken und aller Stadien der Immunreaktionen zu optimieren,<\/li>\n<li>unterst\u00fctzt die gesunde Durchblutung aller lebenswichtiger Systeme (Herz-Kreislaufsystem, Atemwege, Magen-Darm-Trakt, Harnwege, Fortpflanzungs- und Hormon-System),<\/li>\n<li>f\u00f6rdert im Energetischen die Regeneration und Normalisierung aller Stoffwechselprozesse im K\u00f6rper,<\/li>\n<li>tr\u00e4gt im Energetischen zur Heilung und Prophylaxe bei St\u00f6rungen des Hormon-Systems bei (Pankreas, Nebennieren, Schilddr\u00fcse, Geschlechtsdr\u00fcsen).<\/li>\n<\/ul>\n<p>Auf der Kolzov-Platte &#8222;Jiva&#8220; sind unter anderem Informationen des Wassers einer Quelle, die nahe einer Nomadensiedlung in der Mongolei entspringt, gespeichert.<\/p>\n<p>TIPP: Die Kolzov-Platte &#8222;Jiva&#8220; arbeitet sehr gut mit den Platten Nr.1, 2, 3, 4, 16 und 20 und mit den Themenplatten &#8222;Nat\u00fcrliches Antibiotikum&#8220;, &#8222;Lebendiges Wasser&#8220;, &#8222;Amaranth&#8220;, &#8222;Heilung 1&#8220; und &#8222;Heilung 2&#8243; Danilowo See&#8220; und &#8222;Olgir&#8220; zusammen.<\/p>\n<p>ZUR BEACHTUNG: bei dieser Platte sollte das Wasser zum Energetisieren mindestens 3 Minuten lang darauf gestellt werden, am besten einfach eine Flasche Wasser einfach \u00fcber Nacht daraufstellen und am Tag verteilt trinken.<\/p>\n<p><em><u>Ergebnis im LIFE-TEST:<\/u>\u00a0Die Platte &#8222;Jiva&#8220; strahlt ebenfalls eine sehr hohe Energie von \u00fcber 40 000 Bovis aus. Damit steigert sie die Energie von Wurzel-Chakra, Herz- und Stirn-Chakra auf enorme 40 000 Bovis. Das Solarplexus-Chakra und das Kronen-Chakra steigen auf sehr hohe 35 000 Bovis, das Blase-\/Sexual-Chakra und das Hals-Chakra auf 28 000 Bovis.<\/em><\/p>\n<p><strong><em>Wichtiger Hinweis:<br \/>\nWir weisen ausdr\u00fccklich darauf hin, dass die Kolzov-Platte (russische Bezeichnung: &#8222;Korrektoren des funktionalen Zustands&#8220;) ein alternatives Energie- und Informationsprodukt ist und kein Heilmittel im Sinne der westlichen Schulmedizin. Vielmehr ist es ein rein energetisches Hilfsmittel zur ganzheitlichen Balancierung von energetischen Disharmonien und Blockaden. Informationen \u00fcber Qualit\u00e4t und Eigenschaften des Energieobjekts beziehen sich auf Aussagen des russischen Herstellers und alternativen Theorien zu Mensch und Umwelt, auf alternative Anschauungen und esoterische \u00dcberlieferungen oder Aussagen. Sie gelten nur im Sinne der esoterischen Lebensphilosophie und daran angelehnte Alternativheilkunde. Wirkungen im Sinne westlicher Wissenschaft oder Medizin werden hier nicht behauptet.<\/em><\/strong><\/p>\n<\/div>\n<\/div>\n<\/div>\n<\/div>\n<div class=\"clearboth\"><\/div>\n<\/div>\n<div class=\"ec-related-products\"><\/div>","protected":false},"excerpt":{"rendered":"<p>bringt K\u00f6rperfl\u00fcssigkeiten und Energien in Fluss, indem sie den Lymphfluss, die Durchblutung und die energetische Entgiftung von Parasiten unterst\u00fctzt. Sie st\u00e4rkt das Immunsystem sowie die Stoffwechselprozesse und f\u00f6rdert eine ganzheitliche Regeneration f\u00fcr ein Leben in tiefer Harmonie.<\/p>","protected":false},"featured_media":1895,"comment_status":"open","ping_status":"closed","template":"","meta":[],"product_brand":[],"product_cat":[32],"product_tag":[],"class_list":{"0":"post-2082","1":"product","2":"type-product","3":"status-publish","4":"has-post-thumbnail","6":"product_cat-collection-series","8":"first","9":"instock","10":"sale","11":"taxable","12":"shipping-taxable","13":"purchasable","14":"product-type-variable"},"_links":{"self":[{"href":"https:\/\/vigo-rio.com\/en\/wp-json\/wp\/v2\/product\/2082","targetHints":{"allow":["GET"]}}],"collection":[{"href":"https:\/\/vigo-rio.com\/en\/wp-json\/wp\/v2\/product"}],"about":[{"href":"https:\/\/vigo-rio.com\/en\/wp-json\/wp\/v2\/types\/product"}],"replies":[{"embeddable":true,"href":"https:\/\/vigo-rio.com\/en\/wp-json\/wp\/v2\/comments?post=2082"}],"wp:featuredmedia":[{"embeddable":true,"href":"https:\/\/vigo-rio.com\/en\/wp-json\/wp\/v2\/media\/1895"}],"wp:attachment":[{"href":"https:\/\/vigo-rio.com\/en\/wp-json\/wp\/v2\/media?parent=2082"}],"wp:term":[{"taxonomy":"product_brand","embeddable":true,"href":"https:\/\/vigo-rio.com\/en\/wp-json\/wp\/v2\/product_brand?post=2082"},{"taxonomy":"product_cat","embeddable":true,"href":"https:\/\/vigo-rio.com\/en\/wp-json\/wp\/v2\/product_cat?post=2082"},{"taxonomy":"product_tag","embeddable":true,"href":"https:\/\/vigo-rio.com\/en\/wp-json\/wp\/v2\/product_tag?post=2082"}],"curies":[{"name":"wp","href":"https:\/\/api.w.org\/{rel}","templated":true}]}}