{"id":2081,"date":"2026-01-18T21:59:15","date_gmt":"2026-01-18T21:59:15","guid":{"rendered":"https:\/\/vigo-rio.com\/?post_type=product&#038;p=2081"},"modified":"2026-02-04T19:50:28","modified_gmt":"2026-02-04T19:50:28","slug":"fc-yudek","status":"publish","type":"product","link":"https:\/\/vigo-rio.com\/en\/product\/fc-yudek\/","title":{"rendered":"FC Yudek"},"content":{"rendered":"<p><strong>Kolzov-Platte &#8222;Yudek&#8220;\u00a0&#8211; (Hormon-Regulation 2)<br \/>\n&#8211; neueste Version mit 8-Elementen (8 enthaltenen Energiespeicher-Chips)<br \/>\n<\/strong><\/p>\n<p>Die Kolzov-Platte &#8222;Yudek&#8220; enth\u00e4lt die Energien und Informationen der Maya-Energetik &#8211; also aus jenem Maya-Energiesystem, das auch in den Platten der Serie GOLD genutzt wird -, insbesondere den Maya-Kanal Yudek.<\/p>\n<p>Die Aussagen beziehen sich auf alternative Testmethoden wie Meridianenergie-Messungen der Organfunktionskreisl\u00e4ufe nach TCM, Kirlian-Fotografie (EPG\/GDV-Kamera), Oberon, Amsat o.\u00e4. durch den Hersteller &#8222;Planet der Regionen&#8220; und stellen keine medizinische oder auf den physischen K\u00f6rper und dessen Organe bezogenen Aussage im Sinne der westlichen Schulmedizin dar.<\/p>\n<p><strong>Die Platte ist in diesem Sinne vor allem geeignet f\u00fcr:<\/strong><\/p>\n<ul>\n<li>f\u00f6rdert die Harmonisierung aller Funktionen des Hormonsystem, insbesondere der Schilddr\u00fcse (bei \u00dcber- und Unterfunktion gleicherma\u00dfen),<\/li>\n<li>normalisiert die Konzentration der verschiedenen Hormon-Botenstoffe und unterst\u00fctzt den Organismus, einen gesunden Hormonspiegel aufrecht zu erhalten,<\/li>\n<li>tr\u00e4gt auf energetischem Wege dazu bei, das die k\u00f6rpereigenen Selbstheilungskr\u00e4fte eventuelle Schilddr\u00fcsenknoten aufl\u00f6sen k\u00f6nnen,<\/li>\n<li>tr\u00e4gt energetisch zur gesunden Aufnahme und Verarbeitung des Spurenelements Jod bei,<\/li>\n<li>hilft, das Nervensystem und die Funktion der Neurotransmitter zu regulieren und zu harmonisieren, wodurch dadurch bedingte negative Einfl\u00fcsse (beispielsweise aufgrund von Dauerstress oder Schocks) auf das Hormonsystem ausgeglichen werden,<\/li>\n<li>beeinflusst entz\u00fcndliche Prozesse energetisch positiv und hat im Energetischen auch anti-virale und anti-mykotische Wirkungen.<\/li>\n<\/ul>\n<p>Die gemeinsame Verwendung der Kolzov-Platten &#8222;Indi\u201c und \u201eYudek\u201c verbessert und beschleunigt die Harmonisierung des gesamten Hormonsystems.<\/p>\n<p>ZUR BEACHTUNG: bei dieser Platte sollte das Wasser zum Energetisieren mindestens 5 Sekunden lang darauf gestellt werden.<\/p>\n<p><em><u>Ergebnis im LIFE-TEST:\u00a0<\/u>Die Platte Yudek strahlt ein neutrales Energiefeld von \u00fcber 40 000 Bovis aus. Damit l\u00e4dt sie alle Chakras sehr intensiv auf. Da die Platte die Schilddr\u00fcse regulieren soll, ist das Hals-Chakra erwartungsgem\u00e4\u00df stark mit 35 000 Bovis aufgeladen, aber auch Stirn- und Solar-Plexus-Chakra steigen auf die gleiche Energieh\u00f6he von 35 000 Bovis. Das Herz-Chakra und das Wurzel-Chakra werden sogar noch st\u00e4rker auf 40 000 Bovis aktiviert und die anderen Chakras verdreifachen sich immerhin in der Energie auf 21 000 Bovis. Insgesamt eine starke Platte, die eine Aktivierung des gesamten Systems bewirkt. (Zur gemeinsamen Anwendung von &#8222;Yudek&#8220; und &#8222;Indi&#8220; siehe bei Platte &#8222;Indi&#8220;).<\/em><\/p>\n<p><strong><em>Wichtiger Hinweis:<br \/>\nWir weisen ausdr\u00fccklich darauf hin, dass die Kolzov-Platte (russische Bezeichnung: &#8222;Korrektoren des funktionalen Zustands&#8220;) ein alternatives Energie- und Informationsprodukt ist und kein Heilmittel im Sinne der westlichen Schulmedizin. Vielmehr ist es ein rein energetisches Hilfsmittel zur ganzheitlichen Balancierung von energetischen Disharmonien und Blockaden. Informationen \u00fcber Qualit\u00e4t und Eigenschaften des Energieobjekts beziehen sich auf Aussagen des russischen Herstellers und alternativen Theorien zu Mensch und Umwelt, auf alternative Anschauungen und esoterische \u00dcberlieferungen oder Aussagen. Sie gelten nur im Sinne der esoterischen Lebensphilosophie und daran angelehnte Alternativheilkunde. Wirkungen im Sinne westlicher Wissenschaft oder Medizin werden hier nicht behauptet.<\/em><\/strong><\/p>","protected":false},"excerpt":{"rendered":"<p>nutzt die Maya-Energetik zur gezielten Harmonisierung des Hormonsystems, wobei der Fokus besonders auf der Regulation der Schilddr\u00fcsenfunktion und der Jodaufnahme liegt. Sie unterst\u00fctzt den K\u00f6rper dabei, einen gesunden Hormonspiegel aufrechtzuerhalten, gleicht stressbedingte Einfl\u00fcsse auf das Nervensystem aus und f\u00f6rdert die energetische Aufl\u00f6sung von Blockaden im Bereich der endokrinen Dr\u00fcsen.<\/p>","protected":false},"featured_media":1874,"comment_status":"open","ping_status":"closed","template":"","meta":[],"product_brand":[],"product_cat":[32],"product_tag":[],"class_list":{"0":"post-2081","1":"product","2":"type-product","3":"status-publish","4":"has-post-thumbnail","6":"product_cat-collection-series","8":"first","9":"instock","10":"sale","11":"taxable","12":"shipping-taxable","13":"purchasable","14":"product-type-variable"},"_links":{"self":[{"href":"https:\/\/vigo-rio.com\/en\/wp-json\/wp\/v2\/product\/2081","targetHints":{"allow":["GET"]}}],"collection":[{"href":"https:\/\/vigo-rio.com\/en\/wp-json\/wp\/v2\/product"}],"about":[{"href":"https:\/\/vigo-rio.com\/en\/wp-json\/wp\/v2\/types\/product"}],"replies":[{"embeddable":true,"href":"https:\/\/vigo-rio.com\/en\/wp-json\/wp\/v2\/comments?post=2081"}],"wp:featuredmedia":[{"embeddable":true,"href":"https:\/\/vigo-rio.com\/en\/wp-json\/wp\/v2\/media\/1874"}],"wp:attachment":[{"href":"https:\/\/vigo-rio.com\/en\/wp-json\/wp\/v2\/media?parent=2081"}],"wp:term":[{"taxonomy":"product_brand","embeddable":true,"href":"https:\/\/vigo-rio.com\/en\/wp-json\/wp\/v2\/product_brand?post=2081"},{"taxonomy":"product_cat","embeddable":true,"href":"https:\/\/vigo-rio.com\/en\/wp-json\/wp\/v2\/product_cat?post=2081"},{"taxonomy":"product_tag","embeddable":true,"href":"https:\/\/vigo-rio.com\/en\/wp-json\/wp\/v2\/product_tag?post=2081"}],"curies":[{"name":"wp","href":"https:\/\/api.w.org\/{rel}","templated":true}]}}