{"id":2080,"date":"2026-01-18T21:58:54","date_gmt":"2026-01-18T21:58:54","guid":{"rendered":"https:\/\/vigo-rio.com\/?post_type=product&#038;p=2080"},"modified":"2026-02-04T19:50:33","modified_gmt":"2026-02-04T19:50:33","slug":"fc-velikoretsky","status":"publish","type":"product","link":"https:\/\/vigo-rio.com\/en\/product\/fc-velikoretsky\/","title":{"rendered":"FC Welikoretsky"},"content":{"rendered":"<p><strong>Kolzov-Platte &#8222;Welikorezki&#8220;\u00a0&#8211; (f\u00fcr ganzheitliche, universelle Vitalit\u00e4t und Kraft, auch Muskelst\u00e4rke)<\/strong><\/p>\n<p><strong>&#8211; neueste Version mit 8-Elementen (8 enthaltenen Energiespeicher-Chips)<\/strong><\/p>\n<p>Die Kolzov-Platte &#8222;Welikorezki&#8220; ist eine allgemein vitalisierende und st\u00e4rkende Platte, die den gesamten Organismus &#8211; K\u00f6rper, Geist und Seele &#8211; kr\u00e4ftigt. Der Name &#8222;Welikorezki&#8220; bezieht sich auf das kleine Dorf Welikorezkoje, zu dem seit \u00fcber 600 Jahren Gl\u00e4ubige pilgern. In Welikorezkoje ist eine Quelle &#8222;Nikolai dem Wundert\u00e4ter&#8220; geweiht und gilt als ungew\u00f6hnlich st\u00e4rkend und heilkr\u00e4ftig. Der Legende nach erschien im Jahre 1383 die Ikone des Heiligen Nikolaus einem Bauern am Ufer des Flusses Welikaja. Bald darauf ereigneten sich Heilungen und Wunder und die Ikone wurde in die Kirche der Stadt Kirow (fr\u00fcher Chlynow) gebracht. Dort gelobten die Einwohner, die Ikone jedes Jahr zum Ort ihrer Erscheinung zur\u00fcckzubringen. Noch heute ziehen am 3.Juni \u00fcber 25 000 Pilger in einer dreit\u00e4gigen Prozession nach Welikorezkoje, wo am 6.Juni feierliche Gottesdienste stattfinden, und wieder zur\u00fcck nach Kirow, wo am 8.Juni im Kloster von Kirow erneut Dankgottesdienste abgehalten werden.<\/p>\n<p><em>Die Aussagen beziehen sich auf alternative Testmethoden wie Meridianenergie-Messungen der Organfunktionskreisl\u00e4ufe nach TCM, Kirlian-Fotografie (EPG\/GDV-Kamera), Oberon, Amsat o.\u00e4. durch den Hersteller &#8222;Planet der Regionen&#8220; und stellen keine medizinische oder auf den physischen K\u00f6rper und dessen Organe bezogenen Aussage im Sinne der westlichen Schulmedizin dar.<\/em><\/p>\n<p><strong>Die Platte ist in diesem Sinne vor allem geeignet f\u00fcr:<\/strong><\/p>\n<ul>\n<li>tr\u00e4gt zur allgemeinen Regeneration des gesamten Organismus bei und st\u00e4rkt die Abwehrkr\u00e4fte,<\/li>\n<li>f\u00f6rdert einen gesunden Wasserhaushalt und Mineralstoffwechsel und verbessert die Aufnahme aller Vitalstoffen wie Vitamine, Spurenelemente und Mineralstoffe,<\/li>\n<li>wirkt energetisch positiv auf das gesamte Herz-Kreislauf-System (verbesserte Ern\u00e4hrung des Herzmuskels, St\u00e4rkung des Herzmuskels, vorbeugend gegen Herzinfarkt, entz\u00fcndliche Erkrankungen des Herzens und Herzrhythmusst\u00f6rungen) ,<\/li>\n<li>unterst\u00fctzt energetisch die Normalisierung der Blut- und Lymphzirkulation und die allgemeine Entgiftung des Organismus,<\/li>\n<li>verbessert die Sauerstoffversorgung des Organismus und verbessert bei entz\u00fcndlichen Atemwegserkrankungen die Funktion der oberen Atemwege, der Bronchien und der Lunge,<\/li>\n<li>f\u00f6rdert auf energetischem Wege die St\u00e4rkung des gesamten St\u00fctz- und Bewegungsapparates, hilft energetisch beim Muskelaufbau w\u00e4hrend sportlicher Bet\u00e4tigung,<\/li>\n<li>tr\u00e4gt zur Normalisierung des Sehverm\u00f6gens durch eine St\u00e4rkung der Augenmuskulatur und besseren Durchblutung bei (kann auch vorbeugend bei Netzhautabl\u00f6sung eingesetzt werden),<\/li>\n<li>f\u00f6rdert auf energetischem Wege die Harmonisierung des Nervensystems, hat eine beruhigende, leicht sedierende Wirkung, mildert Gef\u00fchlsausbr\u00fcche und emotionale Konflikte und lindert die akute Wahrnehmung der Situation.<\/li>\n<\/ul>\n<p>Auf der Kolzov-Platte &#8222;Welikorezki&#8220; sind Informationen der heiligen Quelle von &#8222;Nikolai dem Wundert\u00e4ter&#8220; bei dem Dorf Welikorezkoje im Gebiet Kirow, Russland, gespeichert.<\/p>\n<p>ZUR BEACHTUNG: bei dieser Platte sollte das Wasser zum Energetisieren mindestens 3 Minuten lang darauf gestellt werden, am besten einfach eine Flasche Wasser einfach \u00fcber Nacht daraufstellen und am Tag verteilt trinken.<\/p>\n<p>TIPP: Die Kolzov-Platte &#8222;Welikorezki&#8220; arbeitet sehr gut mit den Platten Nr.9, 18, 19, mit den Platten der Kollektionsserie&#8220; &#8222;Norm des Lebens 1&#8220; und &#8222;Norm des Lebens 2&#8220;, &#8222;Nephrit&#8220;, &#8222;Balance&#8220;, &#8222;Indi&#8220;, &#8222;Machtvolles Wasser&#8220;, mit den Jahresplatten &#8222;Berg-Altar&#8220;, &#8222;Lhasa&#8220;, &#8222;Goldener Sand&#8220; und mit den \u00e4lteren Themenplatten &#8222;Amaranth&#8220;, Heilung 1&#8243; und &#8222;Heilung 2&#8220;, &#8222;Nat\u00fcrliches Antibiotikum&#8220;, &#8222;Sch\u00f6ne Haut&#8220; und &#8222;Lebendiges Wasser zusammen. Laut energetischer Diagnostik der russischen medizinischen Forschergruppe arbeiten die Kolzov-Platte &#8222;Welikorezki&#8220; und die Platte &#8222;Balance&#8220; sehr effektiv bei Problemen der Bauchspeicheldr\u00fcse bei Diabetes Typ 2 zusammen.<\/p>\n<p><em><u>Ergebnis im LIFE-TEST:\u00a0<\/u>Die Platte &#8222;Welikorezki&#8220; strahlt eine sehr hohe Energie von \u00fcber 40 000 Bovis aus. Damit steigert sie die Energie des Solarplexus-Chakras auf \u00fcber 40 000 Bovis, Wurzel- und Hals-Chakra steigen auf 28 000 Bovis, das Scheitel-Chakra verdreifacht seine Energie auf 21 000 Bovis und Herz- und Stirn-Chakra verdoppeln ihre Energie auf 14 000 Bovis. Ungew\u00f6hnlich ist dabei eine Umpolung des Wurzel-Chakras von neutral auf elektrisch, was Ausdruck f\u00fcr eine aktive, verst\u00e4rkte Eigenproduktion an Energie des Chakras und der zugeordneten Dr\u00fcsen ist.<br \/>\nIn der Messung der Organ-Energiewerte ist bei Anwendung der Platte &#8222;Welikorezki&#8220; eine starke energetische Verbessung zum gesunden Normalwert von 7000 in der Skala beim Herzen, bei den endokrinen Dr\u00fcsen, bei den Energiepunkten &#8222;Niere\/Blase&#8220; und &#8222;Leber\/Galle\/Dickdarm&#8220;, beim Nervensystem und beim Allergiepunkt feststellbar (orangefarbene Kurve). Geringere Verbesserungen aber auch bei allen anderen Punkten.<\/em><\/p>\n<p><strong><em>Wichtiger Hinweis:<br \/>\nWir weisen ausdr\u00fccklich darauf hin, dass die Kolzov-Platte (russische Bezeichnung: &#8222;Korrektoren des funktionalen Zustands&#8220;) ein alternatives Energie- und Informationsprodukt ist und kein Heilmittel im Sinne der westlichen Schulmedizin. Vielmehr ist es ein rein energetisches Hilfsmittel zur ganzheitlichen Balancierung von energetischen Disharmonien und Blockaden. Informationen \u00fcber Qualit\u00e4t und Eigenschaften des Energieobjekts beziehen sich auf Aussagen des russischen Herstellers und alternativen Theorien zu Mensch und Umwelt, auf alternative Anschauungen und esoterische \u00dcberlieferungen oder Aussagen. Sie gelten nur im Sinne der esoterischen Lebensphilosophie und daran angelehnte Alternativheilkunde. Wirkungen im Sinne westlicher Wissenschaft oder Medizin werden hier nicht behauptet.<\/em><\/strong><\/p>","protected":false},"excerpt":{"rendered":"<p>dient der ganzheitlichen Vitalisierung und kr\u00e4ftigt K\u00f6rper, Geist und Seele durch die Informationen einer legend\u00e4ren russischen Heilquelle. Sie st\u00e4rkt gezielt den Herzmuskel, f\u00f6rdert den Muskelaufbau sowie den Bewegungsapparat und unterst\u00fctzt die Sauerstoffversorgung sowie die Aufnahme essenzieller Vitalstoffe f\u00fcr eine universelle St\u00e4rkung des Organismus.<\/p>","protected":false},"featured_media":1898,"comment_status":"open","ping_status":"closed","template":"","meta":[],"product_brand":[],"product_cat":[32],"product_tag":[],"class_list":{"0":"post-2080","1":"product","2":"type-product","3":"status-publish","4":"has-post-thumbnail","6":"product_cat-collection-series","8":"first","9":"instock","10":"sale","11":"taxable","12":"shipping-taxable","13":"purchasable","14":"product-type-variable"},"_links":{"self":[{"href":"https:\/\/vigo-rio.com\/en\/wp-json\/wp\/v2\/product\/2080","targetHints":{"allow":["GET"]}}],"collection":[{"href":"https:\/\/vigo-rio.com\/en\/wp-json\/wp\/v2\/product"}],"about":[{"href":"https:\/\/vigo-rio.com\/en\/wp-json\/wp\/v2\/types\/product"}],"replies":[{"embeddable":true,"href":"https:\/\/vigo-rio.com\/en\/wp-json\/wp\/v2\/comments?post=2080"}],"wp:featuredmedia":[{"embeddable":true,"href":"https:\/\/vigo-rio.com\/en\/wp-json\/wp\/v2\/media\/1898"}],"wp:attachment":[{"href":"https:\/\/vigo-rio.com\/en\/wp-json\/wp\/v2\/media?parent=2080"}],"wp:term":[{"taxonomy":"product_brand","embeddable":true,"href":"https:\/\/vigo-rio.com\/en\/wp-json\/wp\/v2\/product_brand?post=2080"},{"taxonomy":"product_cat","embeddable":true,"href":"https:\/\/vigo-rio.com\/en\/wp-json\/wp\/v2\/product_cat?post=2080"},{"taxonomy":"product_tag","embeddable":true,"href":"https:\/\/vigo-rio.com\/en\/wp-json\/wp\/v2\/product_tag?post=2080"}],"curies":[{"name":"wp","href":"https:\/\/api.w.org\/{rel}","templated":true}]}}