{"id":2079,"date":"2026-01-18T21:58:25","date_gmt":"2026-01-18T21:58:25","guid":{"rendered":"https:\/\/vigo-rio.com\/?post_type=product&#038;p=2079"},"modified":"2026-03-29T15:36:39","modified_gmt":"2026-03-29T15:36:39","slug":"fc-winner","status":"publish","type":"product","link":"https:\/\/vigo-rio.com\/en\/product\/fc-winner\/","title":{"rendered":"FC Sieger \/ Winner"},"content":{"rendered":"<p><strong>Kolzov-Platte &#8222;Sieger&#8220;\u00a0&#8211; (Anti-Stress, Energie und Kraft, Schutz)<br \/>\n&#8211; neueste Version mit 8-Elementen (8 enthaltenen Energiespeicher-Chips)<\/strong><\/p>\n<p>Die Kolzov-Platte &#8222;Sieger&#8220; ist gedacht zur Unterst\u00fctzung bei hoher Belastung k\u00f6rperlicher, geistiger oder emotionaler Art, also bei viel Stress, in Beruf und Alltag, im Sport usw.<\/p>\n<p>Die Aussagen beziehen sich auf alternative Testmethoden wie Meridianenergie-Messungen der Organfunktionskreisl\u00e4ufe nach TCM, Kirlian-Fotografie (EPG\/GDV-Kamera), Oberon, Amsat o.\u00e4. durch den Hersteller &#8222;Planet der Regionen&#8220; und stellen keine medizinische oder auf den physischen K\u00f6rper und dessen Organe bezogenen Aussage im Sinne der westlichen Schulmedizin dar.<\/p>\n<p><strong>Die Platte ist in diesem Sinne vor allem geeignet f\u00fcr:<\/strong><\/p>\n<ul>\n<li>um seine ureigenen Potentiale in Intellekt, Spiritualit\u00e4t und Emotionen besser nutzen zu k\u00f6nnen und deren Interaktion zu verbessern,<\/li>\n<li>f\u00f6rdert die schnelle Erholung nach k\u00f6rperlicher Belastung unterschiedlicher Dauer und Intensit\u00e4t,<\/li>\n<li>f\u00f6rdert eine St\u00e4rkung und Harmonisierung der emotionalen Ebene,<\/li>\n<li>st\u00e4rkt die Gesundheit und Regeneration bei l\u00e4nger anhaltenden erh\u00f6htem Stress in verschiedenen Bereichen des menschlichen Lebens,<\/li>\n<li>hilft das Herz-Kreislauf-Systems zu normalisieren und st\u00e4rkt so die Toleranz gegen\u00fcber Stress und Belastungen,<\/li>\n<li>hilft im Energetischen m\u00f6gliche Entgleisungen und Erkrankungen der Regulationssysteme von Herz-Kreislauf, Nerven, Dr\u00fcsen und Atmung vorzubeugen<\/li>\n<li>stimuliert die Gehirnaktivit\u00e4ten und f\u00f6rdert eine harmonische Zusammenarbeit aller Hirnareale, was auch zur Gesunderhaltung beitr\u00e4gt,<\/li>\n<li>st\u00e4rkt die Ich-Pers\u00f6nlichkeit, Emotionen und Durchsetzungskraft in verschiedenen Stresssituationen (Wettk\u00e4mpfe, Pr\u00fcfungen, \u00dcberforderung, negative Emotionen),<\/li>\n<li>f\u00f6rdert die Sensitivit\u00e4t, Intuition und Kontaktf\u00e4higkeit,<\/li>\n<li>f\u00f6rdert die Wiederherstellung der Energiebilanz des K\u00f6rpers und den sch\u00fctzt Aura und Energiesystem vor Fremdenergien.<\/li>\n<\/ul>\n<p>Auf der Kolzov-Platte sind unter anderem die Informationen des Wassers einer der Heilquellen von Shargalzhut in Bayankhongor Aimak, Mongolei, gespeichert.<\/p>\n<p>ZUR BEACHTUNG: bei dieser Platte sollte das Wasser zum Energetisieren mindestens 1 Minute lang darauf gestellt werden.<\/p>\n<p>TIPP: F\u00fcr eine schnelle und umfassende Erholung des K\u00f6rpers etwa im Sport oder in der Rehabilitation empfiehlt sich die kombinierte Anwendung mit der Platte &#8222;Machtvolles Wasser&#8220;.<\/p>\n<p><em><u>Ergebnis im LIFE-TEST:\u00a0<\/u>Die Platte &#8222;Sieger&#8220; strahlt eine sehr hohe Energie von \u00fcber 40 000 Bovis aus. Sie ist eine der st\u00e4rksten Platten \u00fcberhaupt und steigert die Energie gleich von 5 Chakras auf sehr hohe Energie: Wurzel-Chakra, Blase-\/Sexual-Chakra, Solarplexus-Chakra, Hals-Chakra und Kronen-Chakra steigen auf enorme 40 000 Bovis. Das Herz-Chakra steigt auf 28 000 und das Stirn-Chakra auf 21 000 Bovis.<\/em><\/p>\n<p><strong><em>Wichtiger Hinweis:<br \/>\nWir weisen ausdr\u00fccklich darauf hin, dass die Kolzov-Platte (russische Bezeichnung: &#8222;Korrektoren des funktionalen Zustands&#8220;) ein alternatives Energie- und Informationsprodukt ist und kein Heilmittel im Sinne der westlichen Schulmedizin. Vielmehr ist es ein rein energetisches Hilfsmittel zur ganzheitlichen Balancierung von energetischen Disharmonien und Blockaden. Informationen \u00fcber Qualit\u00e4t und Eigenschaften des Energieobjekts beziehen sich auf Aussagen des russischen Herstellers und alternativen Theorien zu Mensch und Umwelt, auf alternative Anschauungen und esoterische \u00dcberlieferungen oder Aussagen. Sie gelten nur im Sinne der esoterischen Lebensphilosophie und daran angelehnte Alternativheilkunde. Wirkungen im Sinne westlicher Wissenschaft oder Medizin werden hier nicht behauptet.<\/em><\/strong><\/p>","protected":false},"excerpt":{"rendered":"<p>Die Kolzov-Platte \u201eSieger\u201c bietet maximale Unterst\u00fctzung bei extremen k\u00f6rperlichen, geistigen und emotionalen Belastungen, indem sie die Regeneration beschleunigt und die Stressresistenz des Herz-Kreislauf-Systems st\u00e4rkt. Sie sch\u00fctzt das Biofeld vor Fremdeinfl\u00fcssen, f\u00f6rdert die Durchsetzungskraft in Pr\u00fcfungs- oder Wettkampfsituationen und hilft dabei, das volle Potenzial von Intellekt und Intuition auszusch\u00f6pfen.<\/p>","protected":false},"featured_media":1878,"comment_status":"open","ping_status":"closed","template":"","meta":[],"product_brand":[],"product_cat":[32],"product_tag":[],"class_list":{"0":"post-2079","1":"product","2":"type-product","3":"status-publish","4":"has-post-thumbnail","6":"product_cat-collection-series","8":"first","9":"instock","10":"sale","11":"taxable","12":"shipping-taxable","13":"purchasable","14":"product-type-variable"},"_links":{"self":[{"href":"https:\/\/vigo-rio.com\/en\/wp-json\/wp\/v2\/product\/2079","targetHints":{"allow":["GET"]}}],"collection":[{"href":"https:\/\/vigo-rio.com\/en\/wp-json\/wp\/v2\/product"}],"about":[{"href":"https:\/\/vigo-rio.com\/en\/wp-json\/wp\/v2\/types\/product"}],"replies":[{"embeddable":true,"href":"https:\/\/vigo-rio.com\/en\/wp-json\/wp\/v2\/comments?post=2079"}],"wp:featuredmedia":[{"embeddable":true,"href":"https:\/\/vigo-rio.com\/en\/wp-json\/wp\/v2\/media\/1878"}],"wp:attachment":[{"href":"https:\/\/vigo-rio.com\/en\/wp-json\/wp\/v2\/media?parent=2079"}],"wp:term":[{"taxonomy":"product_brand","embeddable":true,"href":"https:\/\/vigo-rio.com\/en\/wp-json\/wp\/v2\/product_brand?post=2079"},{"taxonomy":"product_cat","embeddable":true,"href":"https:\/\/vigo-rio.com\/en\/wp-json\/wp\/v2\/product_cat?post=2079"},{"taxonomy":"product_tag","embeddable":true,"href":"https:\/\/vigo-rio.com\/en\/wp-json\/wp\/v2\/product_tag?post=2079"}],"curies":[{"name":"wp","href":"https:\/\/api.w.org\/{rel}","templated":true}]}}