{"id":2078,"date":"2026-01-18T21:58:00","date_gmt":"2026-01-18T21:58:00","guid":{"rendered":"https:\/\/vigo-rio.com\/?post_type=product&#038;p=2078"},"modified":"2026-02-04T19:50:46","modified_gmt":"2026-02-04T19:50:46","slug":"fs-zdrava","status":"publish","type":"product","link":"https:\/\/vigo-rio.com\/en\/product\/fs-zdrava\/","title":{"rendered":"FS Sdrawa"},"content":{"rendered":"<p><strong>Kolzov-Platte &#8222;Sdrawa&#8220;\u00a0&#8211; zu dt. soviel wie &#8222;Wohlbefinden&#8220; (f\u00fcr Gehirn, Nerven und geistige &#8222;Fitness&#8220; &#8211; mit Anti-Kopfschmerz und Anti-Demenz)<br \/>\n&#8211; neueste Version mit 8-Elementen (8 enthaltenen Energiespeicher-Chips)<\/strong><\/p>\n<p>Die Platte &#8222;Sdrawa&#8220; kann jeder als Unterst\u00fctzung gebrauchen: kreative Menschen bei der Entwicklung und Umsetzung ihrer Ideen, zur Lernunterst\u00fctzung in Schule und Studium und Beruf, zur geistigen Fitness im Alter, wenn man an der eigenen Bewusstseinsentwicklung und Selbstvervollkommnung arbeitet oder angestrengte k\u00f6rperliche Arbeiten verrichtet, aber auch bei gesundheitlichen Problemen wie Kopfschmerzen, Gleichgewichtsst\u00f6rungen und schlechter Durchblutung des Gehirns.<\/p>\n<p><em>Die Aussagen beziehen sich auf alternative Testmethoden wie Meridianenergie-Messungen der Organfunktionskreisl\u00e4ufe nach TCM, Kirlian-Fotografie (EPG\/GDV-Kamera), Oberon, Amsat o.\u00e4. durch den Hersteller &#8222;Planet der Regionen&#8220; und stellen keine medizinische oder auf den physischen K\u00f6rper und dessen Organe bezogenen Aussage im Sinne der westlichen Schulmedizin dar.<\/em><\/p>\n<p><strong>Die Platte ist in diesem Sinne vor allem geeignet f\u00fcr:<\/strong><\/p>\n<ul>\n<li>f\u00f6rdert die R\u00fcckkehr des bildhaften Ged\u00e4chtnisses und die Regeneration kognitiver Funktionen des Gehirns und ist damit im Energetischen auch vorbeugend eine Hilfe bei Demenz,<\/li>\n<li>st\u00e4rkt die Entfaltung des kreativen Potenzials,<\/li>\n<li>harmonisiert die Funktion beider Hirnh\u00e4lften, unterst\u00fctzt deren Aktivierung und Synchronisierung,<\/li>\n<li>f\u00f6rdert die Entfaltung von Sensitivit\u00e4t und Intuition,<\/li>\n<li>unterst\u00fctzt die Harmonisierung des emotionalen Zustands, hilft auf energetischem Wege emotionalen Stress und neurotischer Zust\u00e4nde, die bei Stress, sowie hoher geistiger und k\u00f6rperlicher Belastung auftreten k\u00f6nnen, abzubauen,<\/li>\n<li>hilft auf energetischem Wege bei Kopfschmerzen verschiedener Herkunft (etwa bei Migr\u00e4ne, Tinnitus, in Folge von Erk\u00e4ltung, HNO-Krankheiten, Gef\u00e4\u00dfverengungen etc.)<\/li>\n<li>tr\u00e4gt zu Verbesserung und Regeneration der Gehirn-Durchblutung und zur Normalisierung des Hirndrucks bei,<\/li>\n<li>beugt der Entstehung degenerativer Erkrankungen des zentralen Nervensystems (Ged\u00e4chtnisst\u00f6rungen, Intelligenzminderung, Demenz, Verhaltens\u00e4nderungen, etc.) vor,<\/li>\n<li>hat antibakterielle und entz\u00fcndungshemmende Wirkung<\/li>\n<li>tr\u00e4gt energetisch zur Regeneration des Gleichgewichtsorgans bei und reduziert Schwindelanf\u00e4llen, darunter auch solche, die begleitend bei \u00dcbelkeit, Erbrechen, Tinnitus und hohem Blutdruck auftreten k\u00f6nnen.<\/li>\n<\/ul>\n<p>Auf der Kolzov-Platte &#8222;Sdrawa&#8220; sind unter anderem die Informationen der Maya-Energie, der Kanal &#8222;Kapu&#8220;, gespeichert sowie Informationen einer der Heilquellen von Shargalzhut in Bayankhongor Aimak, Mongolei.<\/p>\n<p>ZUR BEACHTUNG: bei dieser Platte sollte das Wasser zum Energetisieren mindestens 90 Sekunden lang darauf gestellt werden, am besten einfach eine Flasche Wasser einfach \u00fcber Nacht daraufstellen und am Tag verteilt trinken.<\/p>\n<p>TIPP: Die Kolzov-Platte &#8222;Sdrawa&#8220; arbeitet sehr gut mit den Platten Nr.1, 2, 10, 12, 13, 15 und der Verst\u00e4rkerplatte &#8222;Kamerton &#8222;zusammen, sowie mit den Themenplatten &#8222;Langes Leben&#8220;, Indi&#8220;, &#8222;Amaranth&#8220;, &#8222;Quelle des Lebens&#8220;, &#8222;Machtvolles Wasser&#8220;, &#8222;Berg-Altar&#8220;, &#8222;Lhasa&#8220; und &#8222;Goldener Schnitt&#8220;.<\/p>\n<p><em><u>Ergebnis im LIFE-TEST:<\/u>\u00a0Die Platte &#8222;Sdrawa&#8220; strahlt ebenfalls eine sehr hohe Energie von \u00fcber 40 000 Bovis aus. Sie zeigt eine sehr intensive Wirkung und steigert gleich 4 Chakras, n\u00e4mlich Wurzel-Chakra, Solarplexus-, Herz- und Hals-Chakra, in ihrer Energie auf enorme 40 000 Bovis auf. Das Blase-\/Sexual-Chakra steigt auf sehr hohe 35 000 Bovis und Stirn- und Scheitel-Chakra auf 28 000 Bovis.<\/em><\/p>\n<p><strong><em>Wichtiger Hinweis:<br \/>\nWir weisen ausdr\u00fccklich darauf hin, dass die Kolzov-Platte (russische Bezeichnung: &#8222;Korrektoren des funktionalen Zustands&#8220;) ein alternatives Energie- und Informationsprodukt ist und kein Heilmittel im Sinne der westlichen Schulmedizin. Vielmehr ist es ein rein energetisches Hilfsmittel zur ganzheitlichen Balancierung von energetischen Disharmonien und Blockaden. Informationen \u00fcber Qualit\u00e4t und Eigenschaften des Energieobjekts beziehen sich auf Aussagen des russischen Herstellers und alternativen Theorien zu Mensch und Umwelt, auf alternative Anschauungen und esoterische \u00dcberlieferungen oder Aussagen. Sie gelten nur im Sinne der esoterischen Lebensphilosophie und daran angelehnte Alternativheilkunde. Wirkungen im Sinne westlicher Wissenschaft oder Medizin werden hier nicht behauptet.<\/em><\/strong><\/p>","protected":false},"excerpt":{"rendered":"<p>f\u00f6rdert die geistige Fitness und kognitive Regeneration, indem sie die Gehirndurchblutung harmonisiert, beide Hirnh\u00e4lften synchronisiert und kognitiven Abbau energetisch vorbeugt. Sie bietet effektive Unterst\u00fctzung bei Kopfschmerzen, Stress und Schwindel, w\u00e4hrend sie gleichzeitig die Kreativit\u00e4t sowie die Intuition im Studium, Beruf und Alter st\u00e4rkt.<\/p>","protected":false},"featured_media":1894,"comment_status":"open","ping_status":"closed","template":"","meta":[],"product_brand":[],"product_cat":[32],"product_tag":[],"class_list":{"0":"post-2078","1":"product","2":"type-product","3":"status-publish","4":"has-post-thumbnail","6":"product_cat-collection-series","8":"first","9":"instock","10":"sale","11":"taxable","12":"shipping-taxable","13":"purchasable","14":"product-type-variable"},"_links":{"self":[{"href":"https:\/\/vigo-rio.com\/en\/wp-json\/wp\/v2\/product\/2078","targetHints":{"allow":["GET"]}}],"collection":[{"href":"https:\/\/vigo-rio.com\/en\/wp-json\/wp\/v2\/product"}],"about":[{"href":"https:\/\/vigo-rio.com\/en\/wp-json\/wp\/v2\/types\/product"}],"replies":[{"embeddable":true,"href":"https:\/\/vigo-rio.com\/en\/wp-json\/wp\/v2\/comments?post=2078"}],"wp:featuredmedia":[{"embeddable":true,"href":"https:\/\/vigo-rio.com\/en\/wp-json\/wp\/v2\/media\/1894"}],"wp:attachment":[{"href":"https:\/\/vigo-rio.com\/en\/wp-json\/wp\/v2\/media?parent=2078"}],"wp:term":[{"taxonomy":"product_brand","embeddable":true,"href":"https:\/\/vigo-rio.com\/en\/wp-json\/wp\/v2\/product_brand?post=2078"},{"taxonomy":"product_cat","embeddable":true,"href":"https:\/\/vigo-rio.com\/en\/wp-json\/wp\/v2\/product_cat?post=2078"},{"taxonomy":"product_tag","embeddable":true,"href":"https:\/\/vigo-rio.com\/en\/wp-json\/wp\/v2\/product_tag?post=2078"}],"curies":[{"name":"wp","href":"https:\/\/api.w.org\/{rel}","templated":true}]}}