{"id":2077,"date":"2026-01-18T21:57:28","date_gmt":"2026-01-18T21:57:28","guid":{"rendered":"https:\/\/vigo-rio.com\/?post_type=product&#038;p=2077"},"modified":"2026-02-10T20:52:31","modified_gmt":"2026-02-10T20:52:31","slug":"fc-key-to-health-2","status":"publish","type":"product","link":"https:\/\/vigo-rio.com\/en\/product\/fc-key-to-health-2\/","title":{"rendered":"FC Schl\u00fcssel zur Gesundheit 2 \/ Key to Health-2"},"content":{"rendered":"<p><strong>Kolzov-Platte &#8222;Schl\u00fcssel zur Gesundheit 2&#8220;\u00a0&#8211; (gesunder Darm)<br \/>\n&#8211; neueste Version mit 8-Elementen (8 enthaltenen Energiespeicher-Chips)<\/strong><\/p>\n<p>Die Kolzov-Platte &#8222;Schl\u00fcssel zur Gesundheit 2&#8220; erg\u00e4nzt die Informationen rund um die Gesundheit des Magen-Darm-Traktes der Platte &#8222;Schl\u00fcssel zur Gesundheit&#8220;. Sie kann zusammen mit dieser oder auch allein angewendet werden. Die Platte wird vor allem empfohlen bei unausgewogener Ern\u00e4hrung, sitzender T\u00e4tigkeit, Verdauungsproblemen durch Stress und Depressionen und geschw\u00e4chtem Immunsystem sowie vor und nach Darmoperationen und begleitend zu einer Ern\u00e4hrungsumstellung oder Di\u00e4t.<\/p>\n<p><em>Die Aussagen beziehen sich auf alternative Testmethoden wie Meridianenergie-Messungen der Organfunktionskreisl\u00e4ufe nach TCM, Kirlian-Fotografie (EPG\/GDV-Kamera), Oberon, Amsat o.\u00e4. durch den Hersteller &#8222;Planet der Regionen&#8220; und stellen keine medizinische oder auf den physischen K\u00f6rper und dessen Organe bezogenen Aussage im Sinne der westlichen Schulmedizin dar.<\/em><\/p>\n<p><strong>Die Platte ist in diesem Sinne vor allem geeignet f\u00fcr:<\/strong><\/p>\n<ul>\n<li>f\u00f6rdert die Wiederherstellung und Aufrechterhaltung der normalen Darmflora und hilft so auch bei der St\u00e4rkung der Abwehrkr\u00e4fte, erh\u00f6ht die Widerstandskraft gegen Viren und Infektionen und reguliert das Hautbild<\/li>\n<li>f\u00f6rdert die Verdauung, reguliert die Synthese von Verdauungsenzymen, unterst\u00fctzt die Gallenfunktion und verbessert so die Aufnahme wertvoller N\u00e4hrstoffe und Spurenelemente,<\/li>\n<li>hilft h\u00e4ufige Verstopfungen oder Durchf\u00e4lle und insgesamt den Stuhlgang zu regulieren, unterst\u00fctzt energetisch die Wiederherstellung einer gesunden Peristaltik und der motorischen Funktionen des Darms,<\/li>\n<li>f\u00f6rdert die Heilung der Darmschleimhaut,<\/li>\n<li>wirkt positiv auf alle Abschnitte des Darms aus, besonders auf D\u00fcnn- und Dickdarm,<\/li>\n<li>hilft auf energetischem Wege unterst\u00fctzend bei Reizdarmsyndrom und Leaky-Gut-Syndrom (undichte Darmschleimhaut) und chronisch-entz\u00fcndlichen Darmerkrankungen (Colitis ulcerosa) und unterst\u00fctzt die Erholung nach Darmerkrankungen verschiedenster Art und nach chirurgischen Eingriffen,<\/li>\n<li>hilft auf energetischem Wege Darmerkrankungen und Sch\u00e4den an der Darmschleimhaut vorzubeugen, lindert die Beschwerden bei Reizdarmproblemen und reduziert die Schmerzanf\u00e4lle, unterst\u00fctzt energetisch die Heilung von D\u00fcnn- und Dickdarm,<\/li>\n<li>hilft energetisch unterst\u00fctzend bei Essst\u00f6rungen wie Esssucht und Bulimie,<\/li>\n<li>hilft im akuten Fall bei schwer vertr\u00e4glichen Mahlzeiten wie zu stark ger\u00e4ucherten, gesalzenen oder fettreichen Mahlzeiten und unvertr\u00e4glichen chemischen Lebensmittelzus\u00e4tzen durch einen Ausgleich im Energetischen bei der Selbstregulation der Verdauungskr\u00e4fte.<\/li>\n<\/ul>\n<p>Die Kolzov-Platte &#8222;Schl\u00fcssel zur Gesundheit 2&#8220; ist auch eine wertvolle Unterst\u00fctzung in Zeiten unregelm\u00e4\u00dfiger und unausgewogener Ern\u00e4hrung, bei erh\u00f6htem Fast-Food-Konsum. Zus\u00e4tzlich kann eine Nahrungserg\u00e4nzung mit einigen Kapseln lebender Bakterien-Kulturen wie Milchs\u00e4urebakterien sinnvoll sein.<br \/>\nAuf der Kolzov-Platte sind unter anderem die Informationen des Wassers einer der Heilquellen von Shargalzhut in Bayankhongor Aimak, Mongolei, gespeichert.<\/p>\n<p>ZUR BEACHTUNG: bei dieser Platte sollte das Wasser zum Energetisieren mindestens 1 Minute lang darauf gestellt werden.<\/p>\n<p><em><u>Ergebnis im LIFE-TEST:<\/u>\u00a0Die Platte &#8222;Schl\u00fcssel zur Gesundheit 2&#8220; strahlt eine sehr hohe Energie von \u00fcber 40 000 Bovis aus. Damit steigert sie vor allem die Energie des Wurzel-Chakras auf enorme 40 000 Bovis, sowie Kronen- und Scheitel-Chakra auf sehr hohe 35 000 Bovis. Das Wurzel-Chakra ist dem Enddarm energetisch zugeordnet, die Kopf-Chakras der Steuerungsebene. Hingegen steigt die Energie der ebenfalls dem Verdauungssystem zugeordneten Chakras (Solarplexus-Chakra und Sexual-\/Blasen-Chakra) moderat auf je 14 000 Bovis. In der Messung der Organ-Energiewerte ist bei Anwendung der Platte &#8222;Schl\u00fcssel zur Gesundheit 2&#8220; tats\u00e4chlich eine starke energetische Verbesserung beim Organpunkt &#8222;Leber\/Galle\/Dickdarm&#8220; zu erkennen, der fast sofort den gesunden Normalwert von 7000 in der Skala erreicht (orangefarbene Kurve). Auch der Organpunkt &#8222;Niere\/Blase&#8220; zeigt eine starke energetische Verbesserung, der Organpunkt &#8222;D\u00fcnndarm&#8220; verbessert sich noch deutlich, sowie geringf\u00fcgig die Punkte f\u00fcr endokrine Dr\u00fcsen, Herz und Lunge.<\/em><\/p>\n<p><strong><em>Wichtiger Hinweis:<br \/>\nWir weisen ausdr\u00fccklich darauf hin, dass die Kolzov-Platte (russische Bezeichnung: &#8222;Korrektoren des funktionalen Zustands&#8220;) ein alternatives Energie- und Informationsprodukt ist und kein Heilmittel im Sinne der westlichen Schulmedizin. Vielmehr ist es ein rein energetisches Hilfsmittel zur ganzheitlichen Balancierung von energetischen Disharmonien und Blockaden. Informationen \u00fcber Qualit\u00e4t und Eigenschaften des Energieobjekts beziehen sich auf Aussagen des russischen Herstellers und alternativen Theorien zu Mensch und Umwelt, auf alternative Anschauungen und esoterische \u00dcberlieferungen oder Aussagen. Sie gelten nur im Sinne der esoterischen Lebensphilosophie und daran angelehnte Alternativheilkunde. Wirkungen im Sinne westlicher Wissenschaft oder Medizin werden hier nicht behauptet.<\/em><\/strong><\/p>","protected":false},"excerpt":{"rendered":"<p>\u201eSchl\u00fcssel zur Gesundheit 2\u201c ist spezialisiert auf die Sanierung der Darmflora und die St\u00e4rkung der Abwehrkr\u00e4fte durch eine optimierte Verdauung in D\u00fcnn- und Dickdarm. Sie unterst\u00fctzt energetisch die Heilung der Darmschleimhaut bei Entz\u00fcndungen oder Reizdarm, reguliert die Enzymbildung und hilft dem K\u00f6rper, auch bei unausgewogener Ern\u00e4hrung oder nach Operationen wieder in sein nat\u00fcrliches Gleichgewicht zu finden.<\/p>","protected":false},"featured_media":1885,"comment_status":"open","ping_status":"closed","template":"","meta":[],"product_brand":[],"product_cat":[32],"product_tag":[],"class_list":{"0":"post-2077","1":"product","2":"type-product","3":"status-publish","4":"has-post-thumbnail","6":"product_cat-collection-series","8":"first","9":"instock","10":"sale","11":"taxable","12":"shipping-taxable","13":"purchasable","14":"product-type-variable"},"_links":{"self":[{"href":"https:\/\/vigo-rio.com\/en\/wp-json\/wp\/v2\/product\/2077","targetHints":{"allow":["GET"]}}],"collection":[{"href":"https:\/\/vigo-rio.com\/en\/wp-json\/wp\/v2\/product"}],"about":[{"href":"https:\/\/vigo-rio.com\/en\/wp-json\/wp\/v2\/types\/product"}],"replies":[{"embeddable":true,"href":"https:\/\/vigo-rio.com\/en\/wp-json\/wp\/v2\/comments?post=2077"}],"wp:featuredmedia":[{"embeddable":true,"href":"https:\/\/vigo-rio.com\/en\/wp-json\/wp\/v2\/media\/1885"}],"wp:attachment":[{"href":"https:\/\/vigo-rio.com\/en\/wp-json\/wp\/v2\/media?parent=2077"}],"wp:term":[{"taxonomy":"product_brand","embeddable":true,"href":"https:\/\/vigo-rio.com\/en\/wp-json\/wp\/v2\/product_brand?post=2077"},{"taxonomy":"product_cat","embeddable":true,"href":"https:\/\/vigo-rio.com\/en\/wp-json\/wp\/v2\/product_cat?post=2077"},{"taxonomy":"product_tag","embeddable":true,"href":"https:\/\/vigo-rio.com\/en\/wp-json\/wp\/v2\/product_tag?post=2077"}],"curies":[{"name":"wp","href":"https:\/\/api.w.org\/{rel}","templated":true}]}}