{"id":2076,"date":"2026-01-18T21:56:59","date_gmt":"2026-01-18T21:56:59","guid":{"rendered":"https:\/\/vigo-rio.com\/?post_type=product&#038;p=2076"},"modified":"2026-02-04T19:51:15","modified_gmt":"2026-02-04T19:51:15","slug":"fc-key-to-health","status":"publish","type":"product","link":"https:\/\/vigo-rio.com\/en\/product\/fc-key-to-health\/","title":{"rendered":"FC Schl\u00fcssel zur Gesundheit \/ Key to Health"},"content":{"rendered":"<p><strong>Kolzov-Platte &#8222;Schl\u00fcssel zur Gesundheit&#8220;\u00a0&#8211; (gesunder Magen und Darm)<br \/>\n&#8211; neueste Version mit 8-Elementen (8 enthaltenen Energiespeicher-Chips)<\/strong><\/p>\n<p>Die Kolzov-Platte &#8222;Schl\u00fcssel zur Gesundheit&#8220; enth\u00e4lt die Energie und Informationen einer heilkr\u00e4ftigen, schwefelwasserstoff-haltigen Quelle auf Kamtschatka und andere Informationen f\u00fcr die Gesundheit des Magen-Darmtraktes.<\/p>\n<p><em>Die Aussagen beziehen sich auf alternative Testmethoden wie Meridianenergie-Messungen der Organfunktionskreisl\u00e4ufe nach TCM, Kirlian-Fotografie (EPG\/GDV-Kamera), Oberon, Amsat o.\u00e4. durch den Hersteller &#8222;Planet der Regionen&#8220; und stellen keine medizinische oder auf den physischen K\u00f6rper und dessen Organe bezogenen Aussage im Sinne der westlichen Schulmedizin dar.<\/em><\/p>\n<p><strong>Die Platte ist in diesem Sinne vor allem geeignet f\u00fcr:<\/strong><\/p>\n<ul>\n<li>stimuliert auf energetischem Wege die Regeneration der Verdauungsorgane &#8211; insbesondere des Magen-Darm-Traktes,<\/li>\n<li>wirkt auf energetischem Wege entz\u00fcndungshemmend, antibakteriell und wundheilend bei Sch\u00e4digungen der Magen und Darm-Schleimh\u00e4ute,<\/li>\n<li>wirkt krampflindernd und unterst\u00fctzend bei der Heilung des Reizdarm-Syndroms,<\/li>\n<li>stimuliert im Energetischen die Regulation und Regeneration der sekretorischen Funktionen des Magen-Darm-Traktes,<\/li>\n<li>optimiert auf energetischem Wege die Verdauung und lindert Bl\u00e4hungen,<\/li>\n<li>stimuliert die Regulation und Regeneration der Ausscheidungsfunktion des Magen-Darm-Traktes sowohl bei latentem Durchfall als auch bei Verstopfung,<\/li>\n<li>tr\u00e4gt energetisch zur Harmonisierung des peripheren Nervensystems und der Nervenfunktionen von Magen und Darm (auch als Produzent von Neurohormonen und Neurotransmittern) bei,<\/li>\n<li>unterst\u00fctzt die Regulierung der T\u00e4tigkeit der Nebennieren und der Hormonaussch\u00fcttung (steroide Hormone, Hormone des Fortpflanzungssystems, Adrenalin, Noradrenalin)<\/li>\n<li>tr\u00e4gt auf energetischem Wege zur Regulation des Wasser-Salz-Gleichgewichts im K\u00f6rper bei und lindert dadurch \u00d6deme und Schwellungen,<\/li>\n<li>f\u00f6rdert die Normalisierung des Fettstoffwechsels und des Cholesterinspiegels,<\/li>\n<li>f\u00f6rdert die Regeneration des Blut-und Lymphkreislaufes,<\/li>\n<li>ein mit dieser Kolzov-Platte energetisiertes Wasser wirkt bei \u00e4u\u00dferlicher Anwendung in Form von Umschl\u00e4gen oder Verb\u00e4nden schmerzlindernd und harmonisierend bei Verletzungen, Zerrungen, Hautabsch\u00fcrfungen (auch bei kleinen Wunden, Insektenstiche usw.).<\/li>\n<li>wirkt bei verschiedenen, hautsch\u00e4digenden Krankheiten regenerierend auf alle Hautschichten,<\/li>\n<li>f\u00f6rdert die Regeneration des Tastsinns (taktile Informationen, W\u00e4rme- und K\u00e4lteempfinden, Schmerzempfindlichkeit, Geschmacksempfindlichkeit, Erfassen von Objekten im Raum mit den H\u00e4nden, etc.).<\/li>\n<\/ul>\n<p>Das Wasser aus der heilkr\u00e4ftigen, schwefelwasserstoffhaltigen Quelle auf Kamtschatka, das als Information auf dieser Platte gespeichert ist, wird von der einheimischen Bev\u00f6lkerung bereits seit langer Zeit f\u00fcr medizinische Zwecke f\u00fcr Menschen und Tiere verwendet und hilft auch bei der Verbesserung der Pflanzengesundheit.<\/p>\n<p>TIPP: Bei bestehenden chronischen Darmproblemen kann die begleitende Einnahme von chlorophyllhaltigen Nahrungserg\u00e4nzungen (Gr\u00fcne S\u00e4fte, Spirulina- und Chlorella-Mikroalgen o.\u00e4) und Pr\u00e4paraten zur Unterst\u00fctzung der Darmflora die Genesung beschleunigen.<\/p>\n<p>ZUR BEACHTUNG: bei dieser Platte sollte das Wasser zum Energetisieren mindestens 1 Minute lang darauf gestellt werden.<\/p>\n<p><em><u>Ergebnis im LIFE-TEST:<\/u>\u00a0Die Platte strahlt ein neutrales Energiefeld von 35 000 Bovis aus. Damit steigert sie die Energie des Wurzel-Chakras auf enorme 40 000 Bovis, Solarplexus-Chakra, Sexual-\/Blasen-Chakra und Hals-Chakra steigen auf ebenfalls hohe 35 000 Bovis, das Herz-Chakra auf 28 000 Bovis, das Scheitel-Chakra auf 21 000 Bovis und das Stirn-Chakra verdoppelt seine Energie auf 14 000 Bovis.<\/em><\/p>\n<p><em><strong>Wichtiger Hinweis:<br \/>\nWir weisen ausdr\u00fccklich darauf hin, dass die Kolzov-Platte (russische Bezeichnung: &#8222;Korrektoren des funktionalen Zustands&#8220;) ein alternatives Energie- und Informationsprodukt ist und kein Heilmittel im Sinne der westlichen Schulmedizin. Vielmehr ist es ein rein energetisches Hilfsmittel zur ganzheitlichen Balancierung von energetischen Disharmonien und Blockaden. Informationen \u00fcber Qualit\u00e4t und Eigenschaften des Energieobjekts beziehen sich auf Aussagen des russischen Herstellers und alternativen Theorien zu Mensch und Umwelt, auf alternative Anschauungen und esoterische \u00dcberlieferungen oder Aussagen. Sie gelten nur im Sinne der esoterischen Lebensphilosophie und daran angelehnte Alternativheilkunde. Wirkungen im Sinne westlicher Wissenschaft oder Medizin werden hier nicht behauptet.<\/strong><\/em><\/p>","protected":false},"excerpt":{"rendered":"<p>\u201eSchl\u00fcssel zur Gesundheit\u201c f\u00f6rdert die energetische Regeneration des gesamten Magen-Darm-Traktes, wirkt krampflindernd und unterst\u00fctzt die nat\u00fcrliche Verdauungs- sowie Ausscheidungsfunktion. Sie harmonisiert zudem das periphere Nervensystem, reguliert den Fettstoffwechsel und unterst\u00fctzt bei \u00e4u\u00dferlicher Anwendung die Heilung von Hautverletzungen sowie die Regeneration des Tastsinns.<\/p>","protected":false},"featured_media":1885,"comment_status":"open","ping_status":"closed","template":"","meta":[],"product_brand":[],"product_cat":[32],"product_tag":[],"class_list":{"0":"post-2076","1":"product","2":"type-product","3":"status-publish","4":"has-post-thumbnail","6":"product_cat-collection-series","8":"first","9":"instock","10":"sale","11":"taxable","12":"shipping-taxable","13":"purchasable","14":"product-type-variable"},"_links":{"self":[{"href":"https:\/\/vigo-rio.com\/en\/wp-json\/wp\/v2\/product\/2076","targetHints":{"allow":["GET"]}}],"collection":[{"href":"https:\/\/vigo-rio.com\/en\/wp-json\/wp\/v2\/product"}],"about":[{"href":"https:\/\/vigo-rio.com\/en\/wp-json\/wp\/v2\/types\/product"}],"replies":[{"embeddable":true,"href":"https:\/\/vigo-rio.com\/en\/wp-json\/wp\/v2\/comments?post=2076"}],"wp:featuredmedia":[{"embeddable":true,"href":"https:\/\/vigo-rio.com\/en\/wp-json\/wp\/v2\/media\/1885"}],"wp:attachment":[{"href":"https:\/\/vigo-rio.com\/en\/wp-json\/wp\/v2\/media?parent=2076"}],"wp:term":[{"taxonomy":"product_brand","embeddable":true,"href":"https:\/\/vigo-rio.com\/en\/wp-json\/wp\/v2\/product_brand?post=2076"},{"taxonomy":"product_cat","embeddable":true,"href":"https:\/\/vigo-rio.com\/en\/wp-json\/wp\/v2\/product_cat?post=2076"},{"taxonomy":"product_tag","embeddable":true,"href":"https:\/\/vigo-rio.com\/en\/wp-json\/wp\/v2\/product_tag?post=2076"}],"curies":[{"name":"wp","href":"https:\/\/api.w.org\/{rel}","templated":true}]}}