{"id":2075,"date":"2026-01-18T21:56:32","date_gmt":"2026-01-18T21:56:32","guid":{"rendered":"https:\/\/vigo-rio.com\/?post_type=product&#038;p=2075"},"modified":"2026-02-04T19:51:21","modified_gmt":"2026-02-04T19:51:21","slug":"fc-source-of-a-great-mountain","status":"publish","type":"product","link":"https:\/\/vigo-rio.com\/en\/product\/fc-source-of-a-great-mountain\/","title":{"rendered":"FC Quelle vom erhabenes Berg \/ Source of a Great Mountain"},"content":{"rendered":"<p><strong>Kolzov-Platte: &#8222;Quelle vom erhabenen Berg&#8220;\u00a0&#8211; (st\u00e4rkt die Kr\u00e4fte zu Selbstheilung und Selbstregulation)<br \/>\n&#8211; neueste Version mit 8-Elementen (8 enthaltenen Energiespeicher-Chips)<\/strong><\/p>\n<p>Diese Platte &#8222;Quelle vom erhabenen Berg&#8220; vermittelt einen besseren Kontakt zu den ureigenen inneren Schutz- und Regenerationssystemen, aktiviert die Kr\u00e4fte zur Selbstheilung und Selbstregulation &#8211; auch bei langen zehrenden Krankheiten und Verletzungen in K\u00f6rper und Seele.<\/p>\n<p><em>Die Aussagen beziehen sich auf alternative Testmethoden wie Meridianenergie-Messungen der Organfunktionskreisl\u00e4ufe nach TCM, Kirlian-Fotografie (EPG\/GDV-Kamera), Oberon, Amsat o.\u00e4. durch den Hersteller &#8222;Planet der Regionen&#8220; und stellen keine medizinische oder auf den physischen K\u00f6rper und dessen Organe bezogenen Aussage im Sinne der westlichen Schulmedizin dar.<\/em><\/p>\n<p><strong>Die Platte ist in diesem Sinne vor allem geeignet f\u00fcr:<\/strong><\/p>\n<ul>\n<li>aktiviert die Kr\u00e4fte zur Selbstheilung und Selbstregulation, unterst\u00fctzt die Entschlackung und Reinigung, f\u00f6rdert die Erneuerung des K\u00f6rpers,<\/li>\n<li>st\u00e4rkt auf energetischem Wege die allgemeine Widerstandkraft gegen sch\u00e4dliche Umwelteinfl\u00fcsse (bei \u00f6kologischen Extrembedingungen, Strahlung, Chemotherapie, Antibiotika, Stress und besonderen k\u00f6rperlichen und nervlichen Belastungen, bei Infektionen, Verletzungen usw.),<\/li>\n<li>tr\u00e4gt auf energetischem Wege zur allgemeinen St\u00e4rkung der k\u00f6rpereigenen Abwehrkr\u00e4fte bei, st\u00e4rkt das Immunsystem auch gegen jahreszeitlich auftretende Krankheiten und Epidemien und errichtet einen Schutz gegen Infektionen durch Viren, Bakterien und Pilzen,<\/li>\n<li>beugt im Besonderen auch h\u00e4ufigen Erk\u00e4ltungen und Erkrankungen der Atemwege vor und unterst\u00fctzt energetisch deren Heilung (auch bei Bronchitis, Lungenentz\u00fcndung, Asthma, prim\u00e4re Atelektase),<\/li>\n<li>hilft im Energetischen bei der Wiederherstellung des S\u00e4ure-Basen-Gleichgewichts, unterst\u00fctzt die Funktionen der Leber, reguliert den Blutdruck und senkt die Herzfrequenz und tr\u00e4gt zur Normalisierung der Nebennieren-Funktion bei,<\/li>\n<li>unterst\u00fctzt energetisch die Regeneration und Harmonisierung des K\u00f6rpers und seiner Funktionen, was zu einer Verz\u00f6gerung des Alterns beitr\u00e4gt,<\/li>\n<li>f\u00f6rdert die Reinigung der Energiezentren (Chakras), entfernt eigene und induzierte destruktive Programme und sch\u00fctzt das Biofeld (Aura) vor unbefugten Eingriffe,<\/li>\n<li>hilft dabei, Urvertrauen in seinen inneren Kern der Pers\u00f6nlichkeit zu fassen und die Verbindung zu h\u00f6heren Selbst zu st\u00e4rken,<\/li>\n<li>hilft bei der Erf\u00fcllung der Herzensw\u00fcnsche, f\u00f6rdert Gl\u00fcck und Wohlbefinden und kann als Schutzplatte f\u00fcr das eigene Heim verwendet werden,<\/li>\n<li>weckt die Liebe zum Reisen und hilft besondere Anstrengungen dabei (auch bei Extremtouren wie Bergwanderungen, River-Rafting usw.) zu meistern.<\/li>\n<\/ul>\n<p>Auf der Kolzov- Platte &#8222;Quelle vom erhabenen Berg&#8220; sind unter anderem die Informationen einer Quelle gespeichert, die in einer H\u00f6he von 4142 Metern auf dem heiligen Berg Schalbus-Dag in Dagestan im Nordkaukasus entspringt.<\/p>\n<p>TIPP: Die Platte &#8222;Quelle vom erhabenen Berg&#8220; ist mit allen bisher erschienenen Kolzov-Platten kompatibel, besonders empfiehlt sich eine Kombination mit den Platten der Serie Gold Nr.17-24.<\/p>\n<p>ZUR BEACHTUNG: Bei dieser Platte sollte das Wasser zum Energetisieren mindestens 12 Minuten lang darauf gestellt werden. Trinken Sie das Wasser und tragen Sie die Platte am K\u00f6rper.<\/p>\n<p><em><u>Ergebnis im LIFE-TEST:<\/u>\u00a0Die Kolzov-Platte &#8222;Quelle vom erhabenen Berg&#8220; hat ein neutrales Energiefeld mit mehr als 40 000 Bovis. Damit aktiviert sie alle (!) Chakras auf enorme 40 000 Bovis (40 000 Bovis ist in dieser Testmethode die gesicherte Nachweisgrenze, also das oberste Ende der Skala).<br \/>\nIn der Messung der Meridianenergien per Hautwiderstandmessung zeigt sich insgesamt eine deutliche Aktivierung, so dass das Energieniveau wieder bei dem eines gesunden Erwachsenen liegt. Die Energieanhebeng erfolgt relativ gleichm\u00e4\u00dfig \u00fcber alle Energiefunktionskreisl\u00e4ufe hinweg, nur die endokrinen Dr\u00fcsen werden noch etwas st\u00e4rker aktiviert. Die hohe Aufladung aller Chakras bewirkt auch eine gro\u00dfe Ausdehnung des gesamten Energiefeldes: der bioenergetische Reaktionsabstand w\u00e4chst von 75 Zentimetern um den K\u00f6rper auf 2,10 Meter.<\/em><\/p>\n<p><strong><em>Wichtiger Hinweis:<br \/>\nWir weisen ausdr\u00fccklich darauf hin, dass die Kolzov-Platte (russische Bezeichnung: &#8222;Korrektoren des funktionalen Zustands&#8220;) ein alternatives Energie- und Informationsprodukt ist und kein Heilmittel im Sinne der westlichen Schulmedizin. Vielmehr ist es ein rein energetisches Hilfsmittel zur ganzheitlichen Balancierung von energetischen Disharmonien und Blockaden. Informationen \u00fcber Qualit\u00e4t und Eigenschaften des Energieobjekts beziehen sich auf Aussagen des russischen Herstellers und alternativen Theorien zu Mensch und Umwelt, auf alternative Anschauungen und esoterische \u00dcberlieferungen oder Aussagen. Sie gelten nur im Sinne der esoterischen Lebensphilosophie und daran angelehnte Alternativheilkunde. Wirkungen im Sinne westlicher Wissenschaft oder Medizin werden hier nicht behauptet.<\/em><\/strong><\/p>","protected":false},"excerpt":{"rendered":"<p>aktiviert die ureigenen Kr\u00e4fte zur Selbstheilung und Selbstregulation, besonders bei zehrenden Krankheiten oder hoher Belastung. Sie st\u00e4rkt das Immunsystem gegen Infektionen, sch\u00fctzt die Aura vor destruktiven Programmen und f\u00f6rdert durch die enorme energetische Aufladung aller Chakren das Urvertrauen sowie die Verbindung zum h\u00f6heren Selbst.<\/p>","protected":false},"featured_media":1889,"comment_status":"open","ping_status":"closed","template":"","meta":[],"product_brand":[],"product_cat":[32],"product_tag":[],"class_list":{"0":"post-2075","1":"product","2":"type-product","3":"status-publish","4":"has-post-thumbnail","6":"product_cat-collection-series","8":"first","9":"instock","10":"sale","11":"taxable","12":"shipping-taxable","13":"purchasable","14":"product-type-variable"},"_links":{"self":[{"href":"https:\/\/vigo-rio.com\/en\/wp-json\/wp\/v2\/product\/2075","targetHints":{"allow":["GET"]}}],"collection":[{"href":"https:\/\/vigo-rio.com\/en\/wp-json\/wp\/v2\/product"}],"about":[{"href":"https:\/\/vigo-rio.com\/en\/wp-json\/wp\/v2\/types\/product"}],"replies":[{"embeddable":true,"href":"https:\/\/vigo-rio.com\/en\/wp-json\/wp\/v2\/comments?post=2075"}],"wp:featuredmedia":[{"embeddable":true,"href":"https:\/\/vigo-rio.com\/en\/wp-json\/wp\/v2\/media\/1889"}],"wp:attachment":[{"href":"https:\/\/vigo-rio.com\/en\/wp-json\/wp\/v2\/media?parent=2075"}],"wp:term":[{"taxonomy":"product_brand","embeddable":true,"href":"https:\/\/vigo-rio.com\/en\/wp-json\/wp\/v2\/product_brand?post=2075"},{"taxonomy":"product_cat","embeddable":true,"href":"https:\/\/vigo-rio.com\/en\/wp-json\/wp\/v2\/product_cat?post=2075"},{"taxonomy":"product_tag","embeddable":true,"href":"https:\/\/vigo-rio.com\/en\/wp-json\/wp\/v2\/product_tag?post=2075"}],"curies":[{"name":"wp","href":"https:\/\/api.w.org\/{rel}","templated":true}]}}