{"id":2074,"date":"2026-01-18T21:55:56","date_gmt":"2026-01-18T21:55:56","guid":{"rendered":"https:\/\/vigo-rio.com\/?post_type=product&#038;p=2074"},"modified":"2026-02-04T19:51:28","modified_gmt":"2026-02-04T19:51:28","slug":"fc-phoenix","status":"publish","type":"product","link":"https:\/\/vigo-rio.com\/en\/product\/fc-phoenix\/","title":{"rendered":"FC Ph\u00f6nix"},"content":{"rendered":"<p><strong>Kolzov-Platte &#8222;Ph\u00f6nix&#8220;\u00a0&#8211; (bei inneren und \u00e4u\u00dferlichen Wunden, gegen Entz\u00fcndungen und Narbenbildung)<br \/>\n&#8211; neueste Version mit 8-Elementen (8 enthaltenen Energiespeicher-Chips)<\/strong><\/p>\n<p>Die Kolzov-Platte &#8222;Ph\u00f6nix&#8220; ist eine wertvolle Hilfe bei allen Arten von Wunden und Verletzungen. Dabei hilft sie auch, die energetischen Wunden der Aura zu schlie\u00dfen und zu harmonisieren. Ihre starke antibakterielle und entz\u00fcndungshemmende Wirkung ist bei vielen Gesundheitsproblemen eine gute Unterst\u00fctzung. Zudem hilft sie, die tieferliegenden Ursachen wiederholter Unf\u00e4lle und Verletzungen und von anhaltenden Pechstr\u00e4hne zu erkennen.<\/p>\n<p><em>Die Aussagen beziehen sich auf alternative Testmethoden wie Meridianenergie-Messungen der Organfunktionskreisl\u00e4ufe nach TCM, Kirlian-Fotografie (EPG\/GDV-Kamera), Oberon, Amsat o.\u00e4. durch den Hersteller &#8222;Planet der Regionen&#8220; und stellen keine medizinische oder auf den physischen K\u00f6rper und dessen Organe bezogenen Aussage im Sinne der westlichen Schulmedizin dar.<\/em><\/p>\n<p><strong>Die Platte ist in diesem Sinne vor allem geeignet f\u00fcr:<\/strong><\/p>\n<ul>\n<li>Verf\u00fcgt \u00fcber eine starke antibakterielle und entz\u00fcndungshemmende Wirkung durch die sie die Infektion von \u00e4u\u00dferlichen Wundfl\u00e4chen (wie beispielsweise von Wunden, Kratzern, Absch\u00fcrfungen, postoperative N\u00e4hten, Dekubitus, trophische Geschw\u00fcren, Verbrennungen, darunter auch Sonnenbr\u00e4nde) verhindert.<\/li>\n<li>Die starke antibakterielle und entz\u00fcndungshemmende Wirkung verhindert ebenso die Infektion innenliegender Wundfl\u00e4chen und f\u00f6rdert die schnellere Heilung &#8211; speziell im Verdauungstrakt und im Zw\u00f6lffingerdarm, bei Sch\u00e4digungen der Speiser\u00f6hre durch den R\u00fcckfluss von Magens\u00e4ure (Reflux) und bei anderen Sch\u00e4digungen erosiv-ulzer\u00f6ser Art.<\/li>\n<li>F\u00f6rdert eine schnellere Regeneration der Haut und der Schleimh\u00e4ute bei verschiedenen Verletzungen, die durch Unfall, operative Eingriffe, hautsch\u00e4digende Behandlungen (auch kosmetischer Art, wie Peeling, Injektionen, T\u00e4towierungen, Tattoos oder Piercing) zugef\u00fcgt wurden.<\/li>\n<li>F\u00f6rdert die Wiederherstellung der Mikrozirkulation des Blutes in den Geweben verschiedener Organe, speziell in gesch\u00e4digten Organen.<\/li>\n<li>Verhindert die Bildung von Keloid-Narben bei Haut- und Schleimhautverletzungen.<\/li>\n<li>Hilft, den Immunstatus des K\u00f6rpers auf physiologischer Ebene wiederherzustellen und zu erhalten.<\/li>\n<li>Hilft auch bei Verletzungen der Aura und ist wirksam bei unbefugtem Eindringen ins Biofeld. Hierbei tr\u00e4gt sie dazu bei, die m\u00f6glichen Auswirkungen informationeller und energetischer Art schnell zu beseitigen und die Aura zu schlie\u00dfen und zu harmonisieren &#8211; egal, ob die Ursachen \u00e4u\u00dferen oder inneren Ursprungs sind (einschlie\u00dflich psychologischer Traumata und Blockaden).<\/li>\n<li>Sorgt bei Beeintr\u00e4chtigungen der Chakras f\u00fcr eine schnelle Verbindung und Aktivierung aller Energiezentren (vor allem des 5., 6. und 7. Chakras) und st\u00e4rkt die lange Aufrechterhaltung harmonischer Funktionsabl\u00e4ufe.<\/li>\n<li>Arbeitet kraftvoll auf den subtilen Ebenen, harmonisiert im feinstofflichen und energetischen Bereich die Schwingungsstr\u00f6me des \u00e4u\u00dferen Aura-Feldes und des inneren Feldes Menschen. F\u00f6rdert dabei auch die Pers\u00f6nlichkeitsentwicklung durch die Aufdeckung, Manifestation und Anerkennung des wahren Selbst.<\/li>\n<li>Hilft, den wahren Stand der Dinge in allen Lebensbereichen zu sehen und zu verstehen, die Ursachen zu identifizieren und Wege f\u00fcr eine bessere L\u00f6sung zu finden.<\/li>\n<li>F\u00fchrt den Menschen in einen Zustand innerer Harmonie, in die Einheit mit der ihn umgebenden Welt.<\/li>\n<li>F\u00f6rdert die Manifestation und Offenlegung von Talenten und F\u00e4higkeiten.<\/li>\n<li>F\u00f6rdert die allgemeine Verj\u00fcngung des K\u00f6rpers, die Wiederherstellung der physiologischen Prozesse bis zum Erreichen eines optimalen Niveaus.<\/li>\n<\/ul>\n<p>Auf der Platte sind Informationen ist die Polarisation des Wassers der Hochgebirgsquelle &#8222;Shuvuuny Urt&#8220; (&#8222;Vogelnest&#8220;), die in der n\u00f6rdlichen Provinz Bulan in der Mongolei entspringt, gespeichert.<\/p>\n<p>ZUR BEACHTUNG: bei dieser Platte sollte das Wasser zum Energetisieren mindestens 6 Minuten lang darauf gestellt werden, am besten einfach eine Flasche Wasser einfach \u00fcber Nacht daraufstellen und am Tag verteilt trinken.<\/p>\n<p>TIPP: Bei \u00e4u\u00dferen Hautverletzungen wird neben dem Trinken von energetisiertem Wasser auch die \u00e4u\u00dferliche Anwendung in Form von Umschl\u00e4gen, Packungen und Applikationen mit Wasser, welches mit Hilfe der Kolzov-Platte &#8222;Ph\u00f6nix&#8220; energetisiert wurde, empfohlen. Ebenso k\u00f6nnen Salben, Cremes, Einreibungen und antiseptische Mittel energetisiert werden. Bei Schwielen und H\u00fchneraugen ist die Anwendung der Platte w\u00e4hrend der Pedik\u00fcre und Manik\u00fcre mit Trimmen der Nagelhaut empfehlenswert.<\/p>\n<p><em><u>Ergebnis im LIFE-TEST:\u00a0<\/u>Die Platte &#8222;Ph\u00f6nix&#8220; strahlt eine sehr hohe Energie von \u00fcber 40 000 Bovis aus. Die Platte zeigt im Test einige sehr ungew\u00f6hnliche Ergebnisse und steigert vor allem die oberen Chakras in ihrer Energie: Scheitel- und Solarplexus-Chakras stiegen in ihrer Energie auf enorme \u00fcber 40 000 Bovis, das Herz-Chakra auf ebenfalls sehr hohe 35 000 Bovis, Stirn- und Hals-Chakra auf 28 000 Bovis und Wurzel- und Blase-\/Sexual-Chakra verdoppeln ihre Energie auf 14 000 Bovis. Zum zweiten Mal zeigt sich hier bei einer Kolzov-Platte die ungew\u00f6hnliche Umpolung eines Chakras von neutral auf elektrisch, was Ausdruck f\u00fcr eine aktive, verst\u00e4rkte Eigenproduktion an Energie des Chakras und der zugeordneten Dr\u00fcsen ist &#8211; bei dieser Platte tritt es sogar bei zwei Chakras auf, n\u00e4mlich bei Hals- und Solar-Plexus-Chakra.<br \/>\nIn der Messung der Organ-Energiewerte ist bei Anwendung der Platte &#8222;Ph\u00f6nix&#8220; eine starke energetische Verbesserung zum gesunden Normalwert von 7000 in der Skala beim Energiepunkt &#8222;Leber\/Galle\/Dickdarm&#8220;, beim Nervensystem, bei den endokrinen Dr\u00fcsen und im R\u00fccken (orangefarbene Kurve). Geringere Verbesserungen sind auch noch bei Herz, Kreislauf und Lunge erkennbar. Nur die Energiepunkte von &#8222;Niere\/Blase&#8220;, D\u00fcnndarm und Lymphe reagieren kaum.<\/em><\/p>\n<p><strong><em>Wichtiger Hinweis:<br \/>\nWir weisen ausdr\u00fccklich darauf hin, dass die Kolzov-Platte (russische Bezeichnung: &#8222;Korrektoren des funktionalen Zustands&#8220;) ein alternatives Energie- und Informationsprodukt ist und kein Heilmittel im Sinne der westlichen Schulmedizin. Vielmehr ist es ein rein energetisches Hilfsmittel zur ganzheitlichen Balancierung von energetischen Disharmonien und Blockaden. Informationen \u00fcber Qualit\u00e4t und Eigenschaften des Energieobjekts beziehen sich auf Aussagen des russischen Herstellers und alternativen Theorien zu Mensch und Umwelt, auf alternative Anschauungen und esoterische \u00dcberlieferungen oder Aussagen. Sie gelten nur im Sinne der esoterischen Lebensphilosophie und daran angelehnte Alternativheilkunde. Wirkungen im Sinne westlicher Wissenschaft oder Medizin werden hier nicht behauptet.<\/em><\/strong><\/p>","protected":false},"excerpt":{"rendered":"<p>\u201ePh\u00f6nix\u201c wirkt wie ein energetisches Schutzschild und Regenerationsbeschleuniger, der die Heilung von inneren und \u00e4u\u00dferen Wunden f\u00f6rdert sowie die Narbenbildung minimiert. Sie reinigt und schlie\u00dft zudem Verletzungen in der Aura, hilft dabei, tiefere Ursachen f\u00fcr wiederkehrende Schicksalsschl\u00e4ge zu erkennen, und f\u00fchrt den Anwender zur\u00fcck in einen Zustand innerer Harmonie und Verj\u00fcngung.<\/p>","protected":false},"featured_media":1877,"comment_status":"open","ping_status":"closed","template":"","meta":[],"product_brand":[],"product_cat":[32],"product_tag":[],"class_list":{"0":"post-2074","1":"product","2":"type-product","3":"status-publish","4":"has-post-thumbnail","6":"product_cat-collection-series","8":"first","9":"instock","10":"sale","11":"taxable","12":"shipping-taxable","13":"purchasable","14":"product-type-variable"},"_links":{"self":[{"href":"https:\/\/vigo-rio.com\/en\/wp-json\/wp\/v2\/product\/2074","targetHints":{"allow":["GET"]}}],"collection":[{"href":"https:\/\/vigo-rio.com\/en\/wp-json\/wp\/v2\/product"}],"about":[{"href":"https:\/\/vigo-rio.com\/en\/wp-json\/wp\/v2\/types\/product"}],"replies":[{"embeddable":true,"href":"https:\/\/vigo-rio.com\/en\/wp-json\/wp\/v2\/comments?post=2074"}],"wp:featuredmedia":[{"embeddable":true,"href":"https:\/\/vigo-rio.com\/en\/wp-json\/wp\/v2\/media\/1877"}],"wp:attachment":[{"href":"https:\/\/vigo-rio.com\/en\/wp-json\/wp\/v2\/media?parent=2074"}],"wp:term":[{"taxonomy":"product_brand","embeddable":true,"href":"https:\/\/vigo-rio.com\/en\/wp-json\/wp\/v2\/product_brand?post=2074"},{"taxonomy":"product_cat","embeddable":true,"href":"https:\/\/vigo-rio.com\/en\/wp-json\/wp\/v2\/product_cat?post=2074"},{"taxonomy":"product_tag","embeddable":true,"href":"https:\/\/vigo-rio.com\/en\/wp-json\/wp\/v2\/product_tag?post=2074"}],"curies":[{"name":"wp","href":"https:\/\/api.w.org\/{rel}","templated":true}]}}