{"id":2073,"date":"2026-01-18T21:55:31","date_gmt":"2026-01-18T21:55:31","guid":{"rendered":"https:\/\/vigo-rio.com\/?post_type=product&#038;p=2073"},"modified":"2026-02-04T19:51:33","modified_gmt":"2026-02-04T19:51:33","slug":"fc-pearl-of-serbia","status":"publish","type":"product","link":"https:\/\/vigo-rio.com\/en\/product\/fc-pearl-of-serbia\/","title":{"rendered":"FC Perlen von Serbien \/ Pearl of Serbia"},"content":{"rendered":"<p><strong>Kolzov-Platte &#8222;Perle Serbiens&#8220;\u00a0&#8211; (bei Durchblutungsst\u00f6rungen (auch auf Fl\u00fcgen), gegen H\u00e4morrhoiden, Krampfadern und \u00d6deme)<br \/>\n&#8211; neueste Version mit 8-Elementen (8 enthaltenen Energiespeicher-Chips)<\/strong><\/p>\n<p>Die Platte &#8222;Perle Serbiens&#8220; ist unentbehrlich f\u00fcr Menschen mit Durchblutungsst\u00f6rungen, insbesondere der Extremit\u00e4ten, und vorbeugend f\u00fcr Menschen mit sitzender Lebensweise und w\u00e4hrend langer Flugreisen. Sie ist ebenso hilfreich bei Durchblutungsproblemen durch Diabetes, bei Rauchern und zur Unterst\u00fctzung bei der Neigung zu H\u00e4morrhoiden, Krampfadern und \u00d6demen.<\/p>\n<p><em>Die Aussagen beziehen sich auf alternative Testmethoden wie Meridianenergie-Messungen der Organfunktionskreisl\u00e4ufe nach TCM, Kirlian-Fotografie (EPG\/GDV-Kamera), Oberon, Amsat o.\u00e4. durch den Hersteller &#8222;Planet der Regionen&#8220; und stellen keine medizinische oder auf den physischen K\u00f6rper und dessen Organe bezogenen Aussage im Sinne der westlichen Schulmedizin dar.<\/em><\/p>\n<p><strong>Die Platte ist in diesem Sinne vor allem geeignet f\u00fcr:<\/strong><\/p>\n<ul>\n<li>f\u00f6rdert die Wiederherstellung der gesamten Durchblutung (kapill\u00e4r, ven\u00f6s und arteriell) der oberen und unteren Extremit\u00e4ten (auch bei Tendenzen zu Thrombose oder Embolie, arterieller und ven\u00f6ser Hyper\u00e4mie und Isch\u00e4mie),<\/li>\n<li>f\u00f6rdert im Energetischen den Abbau bestehender Verengungen in den Blutgef\u00e4\u00dfen und beugt diesen Ablagerungen vor, verbessert so den Blutfluss in den H\u00e4nden und F\u00fc\u00dfen,<\/li>\n<li>hemmt auf energetischen Wege Entz\u00fcndungen in den Blutgef\u00e4\u00dfen, welche den Blutflusses beeintr\u00e4chtigen k\u00f6nnen,<\/li>\n<li>hilft Durchblutungsst\u00f6rungen im gesamten Kreislaufsystems zu verhindern und Stauungen im Venensystem zu aufzul\u00f6sen,<\/li>\n<li>beugt der Entstehung von H\u00e4morrhoiden vor und lindert h\u00e4morrhoidale Entz\u00fcndungen,<\/li>\n<li>lindert Problemen durch Krampfadern und beugt deren Entstehung vor,<\/li>\n<li>beugt der Entstehung von Blutgerinnseln (Thrombosen) vor,<\/li>\n<li>hilft Stauungen im kleinen Becken zu verhindern und stellt dadurch den normalen Blutfluss in den Fortpflanzungsorganen wieder her, was zu verbesserter Libido und Potenz f\u00fchren kann,<\/li>\n<li>unterst\u00fctzt den Lymphfluss, hilft bei \u00d6demen und beugt deren Entstehung vor,<\/li>\n<li>lindert auftretende Schmerzen, die bei Bewegung in H\u00fcften, Knien, Beinen, F\u00fc\u00dfen oder im Hintern auftreten (beruhigen sich in der Ruhe) und stellt die normale Empfindlichkeit in H\u00e4nden und F\u00fc\u00dfen wieder her,<\/li>\n<li>normalisiert die Reizleitung bei Nervenentz\u00fcndungen entlang der Gliedma\u00dfen,<\/li>\n<li>hilft energetisch bei Entz\u00fcndungen und Kr\u00e4mpfen bei Magen-Darm-Erkrankungen (Gastritis, Ulcus, Colitis, Enteritis),<\/li>\n<li>hilft bei der Regeneration der Schleimhaut des Verdauungstraktes, unterst\u00fctzt energetisch die Heilung von Erosionen und Geschw\u00fcre, f\u00f6rdert eine normale gesunde Mikroflora.<\/li>\n<\/ul>\n<p>Auf der Kolzov-Platte &#8222;Perle Serbiens&#8220; sind vor allem die Informationen der Heil- und Thermalquellen des Kurortes Atomska Banja in Serbien gespeichert. Die Mineralquellen weisen eine besondere Vielzahl seltener Elemente wie Lithium, Silber und Mangan und ganzleicht radioaktive Substanzen auf, was ihnen den Namen &#8222;Atom&#8220;ska (deutsch: &#8222;Atombad&#8220;) verliehen hat.<\/p>\n<p>ZUR BEACHTUNG: Bei dieser Platte sollte das Wasser zum Energetisieren nicht weniger als 6 Minuten lang darauf gestellt werden, am einfachsten eine Flasche Wasser \u00fcber Nacht darauf stehen lassen. Mit dem auf dieser Platte strukturiertem Wasser sollte eine Trinkkur mit einer Trinkmenge von zirka 1,5 Litern pro Tag durchgef\u00fchrt werden, am besten \u00fcber den Tag verteilt jeweils eine halbe Stunde vor und eine Stunde nach dem Essen ein Glas voll trinken.<\/p>\n<p>TIPP: Auch \u00e4u\u00dfere Anwendungen wie Wickel, Abreibungen, B\u00e4der oder Duschen mit Wasser, welches mit der Platte &#8222;Perle Serbiens&#8220; energetisiert wurde, sind wirkungsvoll. Zudem k\u00f6nnen Salben, Cremes, Lotionen etc. f\u00fcr die \u00e4u\u00dferliche Anwendung damit energetisiert werden.<\/p>\n<p><em><u>Ergebnis im LIFE-TEST:\u00a0<\/u>Die Platte &#8222;Perle Serbiens&#8220; strahlt auch eine sehr hohe Energie von \u00fcber 40 000 Bovis aus. Sie aktiviert damit das Wurzel- und das Hals-Chakra auf enorme 40 000 Bovis. Stirn- und Solarplexus-Chakra steigern ihre Energie auf 35 000 Bovis. Das Kronen-Chakra wird auf 28 000 Bovis aktiviert und Herz- und Blase-\/Sexual-Chakra verdreifachen ihre Energie auf 21 000 Bovis.<\/em><\/p>\n<p><strong><em>Wichtiger Hinweis:<br \/>\nWir weisen ausdr\u00fccklich darauf hin, dass die Kolzov-Platte (russische Bezeichnung: &#8222;Korrektoren des funktionalen Zustands&#8220;) ein alternatives Energie- und Informationsprodukt ist und kein Heilmittel im Sinne der westlichen Schulmedizin. Vielmehr ist es ein rein energetisches Hilfsmittel zur ganzheitlichen Balancierung von energetischen Disharmonien und Blockaden. Informationen \u00fcber Qualit\u00e4t und Eigenschaften des Energieobjekts beziehen sich auf Aussagen des russischen Herstellers und alternativen Theorien zu Mensch und Umwelt, auf alternative Anschauungen und esoterische \u00dcberlieferungen oder Aussagen. Sie gelten nur im Sinne der esoterischen Lebensphilosophie und daran angelehnte Alternativheilkunde. Wirkungen im Sinne westlicher Wissenschaft oder Medizin werden hier nicht behauptet.<\/em><\/strong><\/p>","protected":false},"excerpt":{"rendered":"<p>spezialisiert auf die Revitalisierung des gesamten Kreislauf- und Lymphsystems und bietet effektive energetische Hilfe bei Durchblutungsst\u00f6rungen, Krampfadern, H\u00e4morrhoiden und \u00d6demen. Sie l\u00f6st Stauungen im Venensystem sowie im kleinen Becken und ist ein unverzichtbarer Begleiter bei langem Sitzen oder Flugreisen, um den Blutfluss in den Extremit\u00e4ten aktiv zu halten.<\/p>","protected":false},"featured_media":1896,"comment_status":"open","ping_status":"closed","template":"","meta":[],"product_brand":[],"product_cat":[32],"product_tag":[],"class_list":{"0":"post-2073","1":"product","2":"type-product","3":"status-publish","4":"has-post-thumbnail","6":"product_cat-collection-series","8":"first","9":"instock","10":"sale","11":"taxable","12":"shipping-taxable","13":"purchasable","14":"product-type-variable"},"_links":{"self":[{"href":"https:\/\/vigo-rio.com\/en\/wp-json\/wp\/v2\/product\/2073","targetHints":{"allow":["GET"]}}],"collection":[{"href":"https:\/\/vigo-rio.com\/en\/wp-json\/wp\/v2\/product"}],"about":[{"href":"https:\/\/vigo-rio.com\/en\/wp-json\/wp\/v2\/types\/product"}],"replies":[{"embeddable":true,"href":"https:\/\/vigo-rio.com\/en\/wp-json\/wp\/v2\/comments?post=2073"}],"wp:featuredmedia":[{"embeddable":true,"href":"https:\/\/vigo-rio.com\/en\/wp-json\/wp\/v2\/media\/1896"}],"wp:attachment":[{"href":"https:\/\/vigo-rio.com\/en\/wp-json\/wp\/v2\/media?parent=2073"}],"wp:term":[{"taxonomy":"product_brand","embeddable":true,"href":"https:\/\/vigo-rio.com\/en\/wp-json\/wp\/v2\/product_brand?post=2073"},{"taxonomy":"product_cat","embeddable":true,"href":"https:\/\/vigo-rio.com\/en\/wp-json\/wp\/v2\/product_cat?post=2073"},{"taxonomy":"product_tag","embeddable":true,"href":"https:\/\/vigo-rio.com\/en\/wp-json\/wp\/v2\/product_tag?post=2073"}],"curies":[{"name":"wp","href":"https:\/\/api.w.org\/{rel}","templated":true}]}}