{"id":2072,"date":"2026-01-18T21:54:44","date_gmt":"2026-01-18T21:54:44","guid":{"rendered":"https:\/\/vigo-rio.com\/?post_type=product&#038;p=2072"},"modified":"2026-03-13T16:08:15","modified_gmt":"2026-03-13T16:08:15","slug":"fc-olgir-anti-cancer-plate","status":"publish","type":"product","link":"https:\/\/vigo-rio.com\/en\/product\/fc-olgir-anti-cancer-plate\/","title":{"rendered":"FC Olgir (Anti-Cancer)"},"content":{"rendered":"<p>Kolzov-Platte &#8222;OLGIR&#8220;\u00a0&#8211; (Anti-Krebs-Informationen)<br \/>\n&#8211; diese Platte enth\u00e4lt 5 Chips und wird nicht in der Version mit 8-Elementen hergestellt<\/p>\n<p><em>Die Aussagen beziehen sich auf alternative Testmethoden wie Meridianenergie-Messungen der Organfunktionskreisl\u00e4ufe nach TCM, Kirlian-Fotografie (EPG\/GDV-Kamera), Oberon, Amsat o.\u00e4. durch den Hersteller &#8222;Planet der Regionen&#8220; und stellen keine medizinische oder auf den physischen K\u00f6rper und dessen Organe bezogenen Aussage im Sinne der westlichen Schulmedizin dar.<\/em><\/p>\n<p><strong>Die Platte ist in diesem Sinne vor allem geeignet f\u00fcr:<\/strong><\/p>\n<ul>\n<li>normalisiert und st\u00e4rkt das Immunsystem im Allgemeinen, korrigiert und st\u00e4rkt die zellul\u00e4re Immunit\u00e4t,<\/li>\n<li>sch\u00fctzt und st\u00e4rkt die k\u00f6rpereigene Abwehr gegen\u00fcber \u00e4u\u00dferen Einfl\u00fcssen, die zu Degenerationen gesunder Zellen (krankhaften Mutationen) f\u00fchren k\u00f6nnen,<\/li>\n<li>unterst\u00fctzt auf energetischem Wege die Regeneration bei degenerativen Prozessen (Mutationen) und normalisiert den Ablauf der sogenannten Zell-Apoptose (so nennt man das k\u00f6rpereigene Reparaturprogramm des Organismus, bei dem sich der gesunde Organismus von Zellen entledigt, die nicht mehr richtig funktionieren oder sogar in Krebs entarten k\u00f6nnten &#8211; auch &#8222;programmierter Zelltod&#8220; genannt, wichtig auch bei Viren-Erkrankungen),<\/li>\n<li>hilft dem Organismus, das unbegrenzte Wachstum von mutierten Zellen (Krebszellen) zu verlangsamen und zu stoppen,<\/li>\n<li>f\u00f6rdert die Entstehung eines k\u00f6rpereigenen, ung\u00fcnstigen Milieus f\u00fcr Krebszellen, wodurch ein krankhaftes Zellwachstum gehemmt wird,<\/li>\n<li>f\u00f6rdert die Korrektur und R\u00fcckbildung von allen negativen Prozesse in \u201eKnoten\u201c, und Metastasen,<\/li>\n<li>st\u00e4rkt und harmonisiert die Abwehrkr\u00e4fte bei bakteriellen und viralen Erkrankungen und bei entz\u00fcndlichen Prozessen,<\/li>\n<li>tr\u00e4gt zur Korrektur und Wiederherstellung des Hormonstatus\u2028bei,<\/li>\n<li>verbessert die Rehabilitation nach Krebsbehandlungen, tr\u00e4gt zur allgemeinen Verbesserung der Lebensqualit\u00e4t nach invasiven Krebsbehandlungen bei und verl\u00e4ngert die Anzahl der aktiven Jahre,<\/li>\n<li>verbessert die Rehabilitation nach Viren-Erkrankungen und verhindert das &#8222;Einnisten&#8220; von Viren als St\u00f6rfelder und Entz\u00fcndungsursache im Gewebe,<\/li>\n<li>entfernt fremde negative Programme aus der menschliche Aura (die mit Krebserkrankungen einhergehen k\u00f6nnen)<\/li>\n<li>st\u00e4rkt allgemein den energetischen Schutz des Organismus<\/li>\n<li>Die Kolzov-Platte &#8222;Olgir&#8220; enth\u00e4lt (wie die Platten der Serie GOLD) kosmische Energie- und Informationskan\u00e4le Kan\u00e4le des Maya-Wissens, hier insbesondere den Kanal &#8222;Olgir&#8220;.<\/li>\n<\/ul>\n<p>ZUR BEACHTUNG: bei dieser Platte sollte das Wasser zum Energetisieren mindestens 20 Minuten lang darauf gestellt werden<\/p>\n<p><em><u>Ergebnis im LIFE-TEST:<\/u>\u00a0Die Platte f\u00fchrt insbesondere den unteren Chakras, also den Vitalit\u00e4tszentren eine hohe Energie zu: Das Wurzel-Chakra und damit das wichtigste Zentrum der vitalen Lebensenergie steigt auf \u00fcber 40 000 Bovis (40 000 Bovis ist die messtechnisch sichere Nachweisgrenze, dar\u00fcber und ist nur noch &#8222;Mehr&#8220; feststellbar aber nicht exakt wieviel mehr). Eine solch starke Anregung im Energetischen stellt dem gesamten Organismus nach und nach im gesamten System mehr Vitalenergie zur Verf\u00fcgung.<br \/>\nDas Solarplexus-Chakra steigt auf hohe 35 000 Bovis, das Sexual-\/Blasen-Chakra auf 28 000 Bovis, Herz-Chakra auf 28 000, Hals-Chakra auf 21 000 Bovis, und Kronen- und Stirn-Chakra verdoppeln ihre Energie auf 14 000 Bovis.<\/em><\/p>\n<p><strong><em>Wichtiger Hinweis:<br \/>\nWir weisen ausdr\u00fccklich darauf hin, dass die Kolzov-Platte (russische Bezeichnung: &#8222;Korrektoren des funktionalen Zustands&#8220;) ein alternatives Energie- und Informationsprodukt ist und kein Heilmittel im Sinne der westlichen Schulmedizin. Vielmehr ist es ein rein energetisches Hilfsmittel zur ganzheitlichen Balancierung von energetischen Disharmonien und Blockaden. Informationen \u00fcber Qualit\u00e4t und Eigenschaften des Energieobjekts beziehen sich auf Aussagen des russischen Herstellers und alternativen Theorien zu Mensch und Umwelt, auf alternative Anschauungen und esoterische \u00dcberlieferungen oder Aussagen. Sie gelten nur im Sinne der esoterischen Lebensphilosophie und daran angelehnte Alternativheilkunde. Wirkungen im Sinne westlicher Wissenschaft oder Medizin werden hier nicht behauptet.<\/em><\/strong><\/p>","protected":false},"excerpt":{"rendered":"<p data-path-to-node=\"1\"><b data-path-to-node=\"1\" data-index-in-node=\"0\">\u201eOLGIR\u201c nutzt den Maya-Kanal \u201eOlgir\u201c, um das Immunsystem tiefgreifend zu st\u00e4rken und den K\u00f6rper energetisch bei der Korrektur degenerativer Zellprozesse zu unterst\u00fctzen. Sie f\u00f6rdert das nat\u00fcrliche Zell-Reparaturprogramm (Apoptose), hilft bei der Rehabilitation nach invasiven Behandlungen und sch\u00fctzt die Aura vor negativen energetischen Einfl\u00fcssen.<\/b><\/p>","protected":false},"featured_media":1879,"comment_status":"open","ping_status":"closed","template":"","meta":[],"product_brand":[],"product_cat":[32],"product_tag":[],"class_list":{"0":"post-2072","1":"product","2":"type-product","3":"status-publish","4":"has-post-thumbnail","6":"product_cat-collection-series","8":"first","9":"instock","10":"sale","11":"taxable","12":"shipping-taxable","13":"purchasable","14":"product-type-variable"},"_links":{"self":[{"href":"https:\/\/vigo-rio.com\/en\/wp-json\/wp\/v2\/product\/2072","targetHints":{"allow":["GET"]}}],"collection":[{"href":"https:\/\/vigo-rio.com\/en\/wp-json\/wp\/v2\/product"}],"about":[{"href":"https:\/\/vigo-rio.com\/en\/wp-json\/wp\/v2\/types\/product"}],"replies":[{"embeddable":true,"href":"https:\/\/vigo-rio.com\/en\/wp-json\/wp\/v2\/comments?post=2072"}],"wp:featuredmedia":[{"embeddable":true,"href":"https:\/\/vigo-rio.com\/en\/wp-json\/wp\/v2\/media\/1879"}],"wp:attachment":[{"href":"https:\/\/vigo-rio.com\/en\/wp-json\/wp\/v2\/media?parent=2072"}],"wp:term":[{"taxonomy":"product_brand","embeddable":true,"href":"https:\/\/vigo-rio.com\/en\/wp-json\/wp\/v2\/product_brand?post=2072"},{"taxonomy":"product_cat","embeddable":true,"href":"https:\/\/vigo-rio.com\/en\/wp-json\/wp\/v2\/product_cat?post=2072"},{"taxonomy":"product_tag","embeddable":true,"href":"https:\/\/vigo-rio.com\/en\/wp-json\/wp\/v2\/product_tag?post=2072"}],"curies":[{"name":"wp","href":"https:\/\/api.w.org\/{rel}","templated":true}]}}