{"id":2071,"date":"2026-01-18T21:53:56","date_gmt":"2026-01-18T21:53:56","guid":{"rendered":"https:\/\/vigo-rio.com\/?post_type=product&#038;p=2071"},"modified":"2026-02-04T19:51:43","modified_gmt":"2026-02-04T19:51:43","slug":"fc-norm-of-life-2","status":"publish","type":"product","link":"https:\/\/vigo-rio.com\/en\/product\/fc-norm-of-life-2\/","title":{"rendered":"FC Norm des Lebens 2 \/ Norm of Life-2"},"content":{"rendered":"<p><strong>Kolzov-Platte &#8222;Norm des Lebens 2&#8220;\u00a0&#8211; (gegen niedrigen Blutdruck)<br \/>\n&#8211; neueste Version mit 8-Elementen (8 enthaltenen Energiespeicher-Chips)<\/strong><\/p>\n<p><em>Die Aussagen beziehen sich auf alternative Testmethoden wie Meridianenergie-Messungen der Organfunktionskreisl\u00e4ufe nach TCM, Kirlian-Fotografie (EPG\/GDV-Kamera), Oberon, Amsat o.\u00e4. durch den Hersteller &#8222;Planet der Regionen&#8220; und stellen keine medizinische oder auf den physischen K\u00f6rper und dessen Organe bezogenen Aussage im Sinne der westlichen Schulmedizin dar.<\/em><\/p>\n<p><strong>Die Platte ist in diesem Sinne vor allem geeignet f\u00fcr:<\/strong><\/p>\n<ul>\n<li>wirkt auf energetischem Wege blutdrucksteigernd bei verschiedenen Ursachen von niedrigem Blutdruck (Hypotonie),<\/li>\n<li>tr\u00e4gt zur Normalisierung des Hormonspiegels bei, insbesondere der vom Herzen gebildeten Neurohormone, und wirkt sich positiv auf die Aufrechterhaltung des Gef\u00e4\u00dftonus und der St\u00e4rke der Herzkontraktionen aus,<\/li>\n<li>unterst\u00fctzt die Regelung der Adrenalin-Aussch\u00fcttung, reduziert nervliche und psychische \u00dcberanstrengung,<\/li>\n<li>unterst\u00fctzt energetisch die Behebung des Syndroms der chronischen M\u00fcdigkeit und von Depressionen,<\/li>\n<li>baut energetisch einen vorbeugenden Anti-Stress-Effekt auf,<\/li>\n<li>unterst\u00fctzt die Wiederherstellung einer energetischen Balance und verringert emotionale Unausgeglichenheit (Labilit\u00e4t),<\/li>\n<li>tr\u00e4gt zur Normalisierung und Regulierung von Aussch\u00fcttung und Aufnahme essentieller Vitamine und N\u00e4hrstoffe im K\u00f6rper bei, was zu einer Erh\u00f6hung lebenswichtiger Ressourcen f\u00fchrt,<\/li>\n<li>stimuliert die Produktion von Antik\u00f6rpern und f\u00f6rdert damit die Widerstandsf\u00e4higkeit gegen\u00fcber Virusinfektionen und unterst\u00fctzt die Immunit\u00e4t.<\/li>\n<\/ul>\n<p>Auf der Kolzov-Platte sind Informationen der Maya-Energie, der Kanal &#8222;TAKOR&#8220; im &#8222;Modus Blutdruckerh\u00f6hung&#8220; gespeichert.<\/p>\n<p>ZUR BEACHTUNG: bei dieser Platte sollte das Wasser zum Energetisieren mindestens 15 Sekunden lang darauf gestellt werden.<\/p>\n<p><em><u>Ergebnis im LIFE-TEST:\u00a0<\/u>Die Platte &#8222;Norm des Lebens 2&#8220; strahlt ein neutrales Energiefeld von 28 000 Bovis aus. Sie l\u00e4dt das Wurzel-Chakra und damit die Vitalenergie mit enormen 40 000 Bovis auf und das Sexual-\/Blasen-Chakra mit ebenfalls sehr hohen 35 000 Bovis. Herz- und Hals-Chakra steigen auf 28 000 Bovis, Kronen- und Solarplexus-Chakra auf 21 000 Bovis und das Stirn-Chakra auf 14 000 Bovis.<\/em><\/p>\n<p><strong><em>Wichtiger Hinweis:<br \/>\nWir weisen ausdr\u00fccklich darauf hin, dass die Kolzov-Platte (russische Bezeichnung: &#8222;Korrektoren des funktionalen Zustands&#8220;) ein alternatives Energie- und Informationsprodukt ist und kein Heilmittel im Sinne der westlichen Schulmedizin. Vielmehr ist es ein rein energetisches Hilfsmittel zur ganzheitlichen Balancierung von energetischen Disharmonien und Blockaden. Informationen \u00fcber Qualit\u00e4t und Eigenschaften des Energieobjekts beziehen sich auf Aussagen des russischen Herstellers und alternativen Theorien zu Mensch und Umwelt, auf alternative Anschauungen und esoterische \u00dcberlieferungen oder Aussagen. Sie gelten nur im Sinne der esoterischen Lebensphilosophie und daran angelehnte Alternativheilkunde. Wirkungen im Sinne westlicher Wissenschaft oder Medizin werden hier nicht behauptet.<\/em><\/strong><\/p>","protected":false},"excerpt":{"rendered":"<p>\u201eNorm des Lebens 2\u201c dient der energetischen Anhebung des Blutdrucks bei Hypotonie, indem sie den Gef\u00e4\u00dftonus st\u00e4rkt und die Herzkontraktionen harmonisiert. Sie wirkt chronischer M\u00fcdigkeit entgegen, f\u00f6rdert die Produktion von Antik\u00f6rpern zur Immunst\u00e4rkung und hilft durch den Maya-Kanal \u201eTakor\u201c, die emotionale Stabilit\u00e4t sowie die Vitalreserven des K\u00f6rpers wiederherzustellen.<\/p>","protected":false},"featured_media":1880,"comment_status":"open","ping_status":"closed","template":"","meta":[],"product_brand":[],"product_cat":[32],"product_tag":[],"class_list":{"0":"post-2071","1":"product","2":"type-product","3":"status-publish","4":"has-post-thumbnail","6":"product_cat-collection-series","8":"first","9":"instock","10":"sale","11":"taxable","12":"shipping-taxable","13":"purchasable","14":"product-type-variable"},"_links":{"self":[{"href":"https:\/\/vigo-rio.com\/en\/wp-json\/wp\/v2\/product\/2071","targetHints":{"allow":["GET"]}}],"collection":[{"href":"https:\/\/vigo-rio.com\/en\/wp-json\/wp\/v2\/product"}],"about":[{"href":"https:\/\/vigo-rio.com\/en\/wp-json\/wp\/v2\/types\/product"}],"replies":[{"embeddable":true,"href":"https:\/\/vigo-rio.com\/en\/wp-json\/wp\/v2\/comments?post=2071"}],"wp:featuredmedia":[{"embeddable":true,"href":"https:\/\/vigo-rio.com\/en\/wp-json\/wp\/v2\/media\/1880"}],"wp:attachment":[{"href":"https:\/\/vigo-rio.com\/en\/wp-json\/wp\/v2\/media?parent=2071"}],"wp:term":[{"taxonomy":"product_brand","embeddable":true,"href":"https:\/\/vigo-rio.com\/en\/wp-json\/wp\/v2\/product_brand?post=2071"},{"taxonomy":"product_cat","embeddable":true,"href":"https:\/\/vigo-rio.com\/en\/wp-json\/wp\/v2\/product_cat?post=2071"},{"taxonomy":"product_tag","embeddable":true,"href":"https:\/\/vigo-rio.com\/en\/wp-json\/wp\/v2\/product_tag?post=2071"}],"curies":[{"name":"wp","href":"https:\/\/api.w.org\/{rel}","templated":true}]}}