{"id":2070,"date":"2026-01-18T21:53:25","date_gmt":"2026-01-18T21:53:25","guid":{"rendered":"https:\/\/vigo-rio.com\/?post_type=product&#038;p=2070"},"modified":"2026-03-13T16:11:08","modified_gmt":"2026-03-13T16:11:08","slug":"fc-norm-of-life-1","status":"publish","type":"product","link":"https:\/\/vigo-rio.com\/en\/product\/fc-norm-of-life-1\/","title":{"rendered":"FC Norm des Lebens 1 \/ Norm of Life 1"},"content":{"rendered":"<p><strong>Kolzov-Platte &#8222;Norm des Lebens 1&#8220;\u00a0&#8211; (gegen hohen Blutdruck und &#8222;Verkalkung&#8220;)<br \/>\n&#8211; neueste Version mit 8-Elementen (8 enthaltenen Energiespeicher-Chips)<\/strong><\/p>\n<p><em>Die Aussagen beziehen sich auf alternative Testmethoden wie Meridianenergie-Messungen der Organfunktionskreisl\u00e4ufe nach TCM, Kirlian-Fotografie (EPG\/GDV-Kamera), Oberon, Amsat o.\u00e4. durch den Hersteller &#8222;Planet der Regionen&#8220; und stellen keine medizinische oder auf den physischen K\u00f6rper und dessen Organe bezogenen Aussage im Sinne der westlichen Schulmedizin dar.<\/em><\/p>\n<p><strong>Die Platte ist in diesem Sinne vor allem geeignet f\u00fcr:<\/strong><\/p>\n<ul>\n<li>wirkt auf energetischem Wege blutdrucksenkend bei verschiedenen Ursachen von Bluthochdruck (Hypertonie),<\/li>\n<li>f\u00f6rdert die Wiederherstellung der Elastizit\u00e4t der Gef\u00e4\u00dfw\u00e4nde und erweitert bereits verengte (&#8222;verkalkte&#8220;) Blutgef\u00e4\u00dfe, was sich ebenfalls blutdrucksenkend auswirkt,<\/li>\n<li>hilft den Cholesterinspiegel auszugleichen und arteriosklerotische Plaques in den Gef\u00e4\u00dfw\u00e4nden zu beseitigen,<\/li>\n<li>unterst\u00fctzt die Normalisierung der Durchl\u00e4ssigkeit der Zellmembranen, was von gro\u00dfer Bedeutung f\u00fcr die Aufrechterhaltung einer konstanten physikalisch-chemischen Zusammensetzung der Zellen (Hom\u00f6ostase) und der Zellfunktionen ist,<\/li>\n<li>unterst\u00fctzt die Regeneration des Ionenaustausches, insbesondere des Natrium- und Calciumhaushaltes, was die Wassermenge in den Zellen reguliert und \u00d6deme reduziert,<\/li>\n<li>tr\u00e4gt zur Regeneration der Funktionen von Nieren und Harnwege bei,<\/li>\n<li>tr\u00e4gt zur Normalisierung des Hormonspiegels bei, insbesondere der vom Herzen gebildeten Neurohormone, und wirkt sich positiv auf die Aufrechterhaltung des Gef\u00e4\u00dftonus und die St\u00e4rke der Herzkontraktionen aus,<\/li>\n<li>unterst\u00fctzt die Regelung der Adrenalin-Aussch\u00fcttung, steigert Stressresistenz und reduziert psychische \u00dcberanstrengung.<\/li>\n<\/ul>\n<p>Auf der Kolzov-Platte sind Informationen der Maya-Energie, der Kanal &#8222;TAKOR&#8220; im &#8222;Modus Blutdrucksenkung&#8220; gespeichert.<\/p>\n<p>ZUR BEACHTUNG: bei dieser Platte sollte das Wasser zum Energetisieren mindestens 15 Sekunden lang darauf gestellt werden.<\/p>\n<p><em><u>Ergebnis im LIFE-TEST:\u00a0<\/u>Die Platte &#8222;Norm des Lebens 1&#8220; strahlt ein neutrales Energiefeld von 21 000 Bovis aus. Sie l\u00e4dt das Wurzel-Chakra und damit die Vitalenergie mit enormen 40 000 Bovis auf und das Solarplexus-Chakra mit ebenfalls sehr hohen 35 000 Bovis. Herz- und Hals-Chakra steigen auf 21 000 Bovis, die anderen Chakras verdoppeln ihre Energie auf 14 000 Bovis.<\/em><\/p>\n<p><strong><em>Wichtiger Hinweis:<br \/>\nWir weisen ausdr\u00fccklich darauf hin, dass die Kolzov-Platte (russische Bezeichnung: &#8222;Korrektoren des funktionalen Zustands&#8220;) ein alternatives Energie- und Informationsprodukt ist und kein Heilmittel im Sinne der westlichen Schulmedizin. Vielmehr ist es ein rein energetisches Hilfsmittel zur ganzheitlichen Balancierung von energetischen Disharmonien und Blockaden. Informationen \u00fcber Qualit\u00e4t und Eigenschaften des Energieobjekts beziehen sich auf Aussagen des russischen Herstellers und alternativen Theorien zu Mensch und Umwelt, auf alternative Anschauungen und esoterische \u00dcberlieferungen oder Aussagen. Sie gelten nur im Sinne der esoterischen Lebensphilosophie und daran angelehnte Alternativheilkunde. Wirkungen im Sinne westlicher Wissenschaft oder Medizin werden hier nicht behauptet.<\/em><\/strong><\/p>","protected":false},"excerpt":{"rendered":"<p>\u201eNorm des Lebens 1\u201c dient der energetischen Unterst\u00fctzung bei Bluthochdruck, indem sie die Elastizit\u00e4t der Gef\u00e4\u00dfw\u00e4nde f\u00f6rdert und den Cholesterinspiegel sowie den Ionenaustausch harmonisiert. Mithilfe des Maya-Kanals \u201eTakor\u201c hilft sie, Stressresistenz zu erh\u00f6hen, die Nierenfunktion zu st\u00e4rken und den Gef\u00e4\u00dftonus auf nat\u00fcrliche Weise zu regulieren.<\/p>","protected":false},"featured_media":1881,"comment_status":"open","ping_status":"closed","template":"","meta":[],"product_brand":[],"product_cat":[32],"product_tag":[],"class_list":{"0":"post-2070","1":"product","2":"type-product","3":"status-publish","4":"has-post-thumbnail","6":"product_cat-collection-series","8":"first","9":"instock","10":"sale","11":"taxable","12":"shipping-taxable","13":"purchasable","14":"product-type-variable"},"_links":{"self":[{"href":"https:\/\/vigo-rio.com\/en\/wp-json\/wp\/v2\/product\/2070","targetHints":{"allow":["GET"]}}],"collection":[{"href":"https:\/\/vigo-rio.com\/en\/wp-json\/wp\/v2\/product"}],"about":[{"href":"https:\/\/vigo-rio.com\/en\/wp-json\/wp\/v2\/types\/product"}],"replies":[{"embeddable":true,"href":"https:\/\/vigo-rio.com\/en\/wp-json\/wp\/v2\/comments?post=2070"}],"wp:featuredmedia":[{"embeddable":true,"href":"https:\/\/vigo-rio.com\/en\/wp-json\/wp\/v2\/media\/1881"}],"wp:attachment":[{"href":"https:\/\/vigo-rio.com\/en\/wp-json\/wp\/v2\/media?parent=2070"}],"wp:term":[{"taxonomy":"product_brand","embeddable":true,"href":"https:\/\/vigo-rio.com\/en\/wp-json\/wp\/v2\/product_brand?post=2070"},{"taxonomy":"product_cat","embeddable":true,"href":"https:\/\/vigo-rio.com\/en\/wp-json\/wp\/v2\/product_cat?post=2070"},{"taxonomy":"product_tag","embeddable":true,"href":"https:\/\/vigo-rio.com\/en\/wp-json\/wp\/v2\/product_tag?post=2070"}],"curies":[{"name":"wp","href":"https:\/\/api.w.org\/{rel}","templated":true}]}}