{"id":2069,"date":"2026-01-18T21:52:56","date_gmt":"2026-01-18T21:52:56","guid":{"rendered":"https:\/\/vigo-rio.com\/?post_type=product&#038;p=2069"},"modified":"2026-04-18T07:27:49","modified_gmt":"2026-04-18T07:27:49","slug":"fc-neurovita","status":"publish","type":"product","link":"https:\/\/vigo-rio.com\/en\/product\/fc-neurovita\/","title":{"rendered":"FC Neurovita"},"content":{"rendered":"<p><strong>Kolzov-Platte &#8222;Neurovita&#8220;\u00a0&#8211; (nach Unf\u00e4llen, allgemein zur &#8222;Reha&#8220; und bei rheumatischen, entz\u00fcndlichen und neurologischen Erkrankungen)<br \/>\n&#8211; neueste Version mit 8-Elementen (8 enthaltenen Energiespeicher-Chips)<\/strong><\/p>\n<p>Die Platte &#8222;Neurovita&#8220; ist sehr hilfreich bei allen Formen rheumatischer, entz\u00fcndlicher und neurologischer Erkrankungen, w\u00e4hrend komplexer Reha-Prozessen etwa nach Unf\u00e4llen, Traumata, Sportverletzungen, bei kr\u00e4ftezehrenden akuten und chronischen Erkrankungen, aber auch bei Erberkrankungen, bei Kinderwunsch und f\u00fcr eine gesunde embryonale Entwicklung.<\/p>\n<p><em>Die Aussagen beziehen sich auf alternative Testmethoden wie Meridianenergie-Messungen der Organfunktionskreisl\u00e4ufe nach TCM, Kirlian-Fotografie (EPG\/GDV-Kamera), Oberon, Amsat o.\u00e4. durch den Hersteller &#8222;Planet der Regionen&#8220; und stellen keine medizinische oder auf den physischen K\u00f6rper und dessen Organe bezogenen Aussage im Sinne der westlichen Schulmedizin dar.<\/em><\/p>\n<p><strong>Die Platte ist in diesem Sinne vor allem geeignet f\u00fcr:<\/strong><\/p>\n<ul>\n<li>dient im Energetischen der Vorbeugung und Korrektur rheumatischer Erkrankungen unterschiedlicher Art von Gelenken, Wirbels\u00e4ule, Muskulatur und Nerven (u.a. Arthritis &#8211; einschlie\u00dflich rheumatoider Arthritis -, Osteoarthrose, Spondyloarthritis &#8211; einschlie\u00dflich Morbus Bechterew`sche Erkrankungen &#8211; und Spondyloarthrose, Bursitis, Myositis, Neuralgien usw.),<\/li>\n<li>tr\u00e4gt im Energetischen zur Vorbeugung und Korrektur bei neurologischen Erkrankungen unterschiedlicher Herkunft, auch psychogener Art (Neurosen, innere Unruhe, Depression, Hypochondrie, Dystonie, L\u00e4hmungen, Paresen, usw.) bei,<\/li>\n<li>dient im Energetischen der Vorbeugung und Korrektur von Erkrankungen entz\u00fcndlicher Natur und von Krankheiten, die mit einer Sch\u00e4digung der Hirnhaut einhergehen (auch nach Unf\u00e4llen und erlittenen Sch\u00e4del-Hirn-Traumata oder Neuroinfektionen, u.a. Arachnoiditis, Neurosyphilis, Botulismus, Brucellose, Tuberkulose usw.),<\/li>\n<li>wichtig f\u00fcr werdende M\u00fctter, da sie den Einfluss unerw\u00fcnschter Faktoren, die in verschiedenen Phasen der Gehirnbildung auf das kindliche Gehirn einwirken k\u00f6nnen, verringert und nivelliert &#8211; und das w\u00e4hrend der gesamten Schwangerschaftszeit und in den ersten Lebenswochen des Babys,<\/li>\n<li>wirkt im Energetischen vorbeugend auf das Entstehen verschiedener Erkrankungen der Nervenzellen im Gehirn und f\u00f6rdert die Aktivierung bereits gest\u00f6rter Nervenzellen im Gehirn (infantile Zerebralparese, degenerative Erkrankungen, sklerotische Erscheinungen),<\/li>\n<li>hilft im Energetischen verschiedenen St\u00f6rungen vorzubeugen: allgemein im Stoffwechsel einschlie\u00dflich Fettstoffwechsel, in antioxidativen Schutzsystem und Sauerstoffversorgung der Zellen (auch bei Rachitis oder An\u00e4mie),<\/li>\n<li>lindert insbesondere nach Unf\u00e4llen und Erkrankungen eventuelle Begleiterscheinungen wie motorische, Sprach- und geistige St\u00f6rungen, normalisiert nach Schockzust\u00e4nden den emotionalen Zustand (Harmonisierung des psycho-emotionalen Zustands und der Funktion beider Hirnh\u00e4lften),<\/li>\n<li>f\u00f6rdert auf energetischem Wege die Normalisierung der Mikrozirkulation in Gehirn, zentralen und peripheren Nervensystem (einschlie\u00dflich Mikron\u00e4hrstoffe und Botenstoffe),<\/li>\n<li>unterst\u00fctzt im Energetischen Rehabilitationsprozesse nach erlittenen Traumata, Frakturen, Zerrungen, Erkrankungen und f\u00f6rdert die Regeneration der Zellversorgung und der Leitung Nervenreize.<\/li>\n<\/ul>\n<p>Auf der Kolzov-Platte &#8222;Neurovita&#8220; sind Informationen einer Heil- und Thermalquelle des Kurortes Atomska Banja in Serbien gespeichert. Die dortigen verschiedenen Mineralquellen weisen eine besondere Vielzahl seltener Elemente wie Lithium, Silber und Mangan und ganzleicht radioaktive Substanzen auf, was ihnen den Namen &#8222;Atom&#8220;ska (deutsch: &#8222;Atombad&#8220;) verliehen hat.<\/p>\n<p>ZUR BEACHTUNG: bei dieser Platte sollte das Wasser zum Energetisieren mindestens 6 Minuten lang darauf gestellt werden, am besten einfach eine Flasche Wasser \u00fcber Nacht daraufstellen und am Tag verteilt trinken.<\/p>\n<p>TIPP: Die Kolzov-Platte &#8222;Neurovita&#8220; arbeitet sehr gut mit den Platten Nr.1, 2, 7, mit den Platten der Kollektionsserie &#8222;Perle Serbiens&#8220; und &#8222;Sdrawa&#8220;, &#8222;Jiva&#8220; und &#8222;Ph\u00f6nix&#8220; und mit den \u00e4lteren Themenplatten &#8222;Langes Leben&#8220;, &#8222;Goldener Schnitt&#8220;, Berg-Altar&#8220;, &#8222;Amaranth&#8220; und &#8222;Indi&#8220; zusammen.<br \/>\nDie Kolzov-Platte &#8222;Neurovita&#8220; ist eine hilfreiche Unterst\u00fctzung w\u00e4hrend Reha-Ma\u00dfnahmen wie Krankengymnastik, Heilgymnastik, Fitnesstraining und bei anderen K\u00f6rpertherapien und -behandlung, aber auch zur Energetisierung von Heilsalben, -\u00f6len etc.<\/p>\n<p><em><u>Ergebnis im LIFE-TEST:<\/u>\u00a0Die Platte &#8222;Neurovita&#8220; strahlt auch eine sehr hohe Energie von \u00fcber 40 000 Bovis aus. Mit ihrer Energie werden gleich drei Chakras auf 40 000 Bovis aktiviert: das Kronen- und das Stirn-Chakra, die f\u00fcr das zentrale Nervensystem und dessen Regulation zust\u00e4ndig sind, und das Wurzel-Chakra, als Zentrum der Lebensenergie. Das Herz-Chakra steigt auf 28 000 Bovis. Hals- und Solarplexus-Chakra verdreifachen ihre Energie auf 21 000 Bovis und das Blase-\/Sexual-Chakra steigt auf 14 000 Bovis.<\/em><\/p>\n<p><strong><em>Wichtiger Hinweis:<br \/>\nWir weisen ausdr\u00fccklich darauf hin, dass die Kolzov-Platte (russische Bezeichnung: &#8222;Korrektoren des funktionalen Zustands&#8220;) ein alternatives Energie- und Informationsprodukt ist und kein Heilmittel im Sinne der westlichen Schulmedizin. Vielmehr ist es ein rein energetisches Hilfsmittel zur ganzheitlichen Balancierung von energetischen Disharmonien und Blockaden. Informationen \u00fcber Qualit\u00e4t und Eigenschaften des Energieobjekts beziehen sich auf Aussagen des russischen Herstellers und alternativen Theorien zu Mensch und Umwelt, auf alternative Anschauungen und esoterische \u00dcberlieferungen oder Aussagen. Sie gelten nur im Sinne der esoterischen Lebensphilosophie und daran angelehnte Alternativheilkunde. Wirkungen im Sinne westlicher Wissenschaft oder Medizin werden hier nicht behauptet.<\/em><\/strong><\/p>","protected":false},"excerpt":{"rendered":"<p>bietet energetische Unterst\u00fctzung bei neurologischen, rheumatischen und entz\u00fcndlichen Erkrankungen sowie in komplexen Rehabilitationsprozessen nach Unf\u00e4llen oder Traumata. Sie f\u00f6rdert die Regeneration von Nervenzellen und Gelenken, harmonisiert den psycho-emotionalen Zustand und unterst\u00fctzt eine gesunde embryonale Entwicklung w\u00e4hrend der Schwangerschaft.<\/p>","protected":false},"featured_media":1882,"comment_status":"open","ping_status":"closed","template":"","meta":[],"product_brand":[],"product_cat":[32],"product_tag":[],"class_list":{"0":"post-2069","1":"product","2":"type-product","3":"status-publish","4":"has-post-thumbnail","6":"product_cat-collection-series","8":"first","9":"instock","10":"sale","11":"taxable","12":"shipping-taxable","13":"purchasable","14":"product-type-variable"},"_links":{"self":[{"href":"https:\/\/vigo-rio.com\/en\/wp-json\/wp\/v2\/product\/2069","targetHints":{"allow":["GET"]}}],"collection":[{"href":"https:\/\/vigo-rio.com\/en\/wp-json\/wp\/v2\/product"}],"about":[{"href":"https:\/\/vigo-rio.com\/en\/wp-json\/wp\/v2\/types\/product"}],"replies":[{"embeddable":true,"href":"https:\/\/vigo-rio.com\/en\/wp-json\/wp\/v2\/comments?post=2069"}],"wp:featuredmedia":[{"embeddable":true,"href":"https:\/\/vigo-rio.com\/en\/wp-json\/wp\/v2\/media\/1882"}],"wp:attachment":[{"href":"https:\/\/vigo-rio.com\/en\/wp-json\/wp\/v2\/media?parent=2069"}],"wp:term":[{"taxonomy":"product_brand","embeddable":true,"href":"https:\/\/vigo-rio.com\/en\/wp-json\/wp\/v2\/product_brand?post=2069"},{"taxonomy":"product_cat","embeddable":true,"href":"https:\/\/vigo-rio.com\/en\/wp-json\/wp\/v2\/product_cat?post=2069"},{"taxonomy":"product_tag","embeddable":true,"href":"https:\/\/vigo-rio.com\/en\/wp-json\/wp\/v2\/product_tag?post=2069"}],"curies":[{"name":"wp","href":"https:\/\/api.w.org\/{rel}","templated":true}]}}