{"id":2068,"date":"2026-01-18T21:52:20","date_gmt":"2026-01-18T21:52:20","guid":{"rendered":"https:\/\/vigo-rio.com\/?post_type=product&#038;p=2068"},"modified":"2026-02-23T19:12:28","modified_gmt":"2026-02-23T19:12:28","slug":"fc-nephrite","status":"publish","type":"product","link":"https:\/\/vigo-rio.com\/en\/product\/fc-nephrite\/","title":{"rendered":"FC Nephrit"},"content":{"rendered":"<p><strong>Kolzov-Platte &#8222;Nephrit&#8220;\u00a0&#8211; (Gesundung der Harnwege &#8211; Niere, Blase, Prostata)<\/strong><\/p>\n<p><strong>&#8211; neueste Version mit 8-Elementen (8 enthaltenen Energiespeicher-Chips)<\/strong><\/p>\n<p>Die Kolzov-Platte ist vor allem geeignet zur Unterst\u00fctzung bei Entschlackung und Entgiftungskuren und f\u00fcr einen ausgeglichenen S\u00e4ure-Basen- und Wasser-Haushalt, bei Erkrankungen der Nieren und Harnwege, bei abnehmenden Funktionen des Harntrakts im Alter und vergr\u00f6\u00dferter Prostata, zur energetischen Unterst\u00fctzung bei Operationen im Urogenitaltrakt oder Untersuchungen wie Kathetern und bei der Neigung zu \u00d6demen.<\/p>\n<p><em>Die Aussagen beziehen sich auf alternative Testmethoden wie Meridianenergie-Messungen der Organfunktionskreisl\u00e4ufe nach TCM, Kirlian-Fotografie (EPG\/GDV-Kamera), Oberon, Amsat o.\u00e4. durch den Hersteller &#8222;Planet der Regionen&#8220; und stellen keine medizinische oder auf den physischen K\u00f6rper und dessen Organe bezogenen Aussage im Sinne der westlichen Schulmedizin dar.<\/em><\/p>\n<p><strong>Die Platte ist in diesem Sinne vor allem geeignet f\u00fcr:<\/strong><\/p>\n<ul>\n<li>Wirkt vorbeugend und unterst\u00fctzend bei unterschiedlichen Entz\u00fcndungen der Harnwege, die durch Viren oder Bakterien ausgel\u00f6st werden &#8211; etwa der Blase (Zystitis), der Nieren (Glomerulonephritis), der Harnr\u00f6hre (Urethritis), und der Prostata (Prostatitis),<\/li>\n<li>wirkt energetisch unterst\u00fctzend bei Harn- und Nierensteinen,<\/li>\n<li>mindert auf energetischem Wege eventuelle Schmerzen, die im Zusammenhang mit Harnwegsleiden auftreten k\u00f6nnen etwa beim Urinieren, im Lendenbereich oder Unterbauch usw.,<\/li>\n<li>wirkt energetisch unterst\u00fctzend bei Personen mit bakteriellen Belastungen im Urin (Bakteriurie), bei Schwangeren und Menschen mit Blasenkatheter,<\/li>\n<li>unterst\u00fctzt energetisch die Regeneration und Leistungsf\u00e4higkeit der Nieren,<\/li>\n<li>f\u00f6rdert die R\u00fcckbildung von \u00d6demen und die Verringerung von hohem Blutdruck, wenn diese durch Erkrankungen der Harnwege bedingt sind,<\/li>\n<li>f\u00f6rdert Prozesse der Entgiftung und unterst\u00fctzt einen ausgeglichenen S\u00e4ure-Basen- und Wasser-Haushalt, was ganz wesentlich f\u00fcr die menschliche Gesundheit ist,<\/li>\n<li>tr\u00e4gt energetisch zur Balance des Hormonspiegels der Nebennieren und der Fortpflanzungsorgane (des Fortpflanzungssystem bei Frauen und M\u00e4nnern) bei,<\/li>\n<li>lindert auf energetischem Wege Probleme bei Vergr\u00f6\u00dferungen der Prostata,<\/li>\n<li>hilft im Energetischen bei Tumoren der Harnwege (Prostata-Adenom, Nierenzysten, Polypen und Polyposis der Harnblase, etc.).<\/li>\n<\/ul>\n<p>Auf der Platte ist auch der Maya-Kanal &#8222;Baka&#8220; nach der kosmischen Maya-Theurgie gespeichert.<\/p>\n<p>ZUR BEACHTUNG: bei dieser Platte sollte das Wasser zum Energetisieren mindestens 15 Sekunden lang darauf gestellt werden.<\/p>\n<p>TIPP: &#8211; F\u00fcr eine intensive Anwendung k\u00f6nnen ein oder zwei Platten im Bereich der Nieren getragen werden (z.B. mit Kolzov-G\u00fcrtel, siehe dort).<br \/>\n&#8211; Bei Menschen mit chronischen Nierenerkrankungen kann die Aufnahme von auf der Platte energetisiertem Wasser begrenzt sein. F\u00fcr diese ist es daher empfehlenswert, zus\u00e4tzlich Umschl\u00e4ge und B\u00e4der mit dem energetisiertem Wasser zu machen.<br \/>\n&#8211; F\u00fcr eine st\u00e4rkere Aktivierung des Maya-Kanals &#8222;Baka&#8220; kann man sich innerlich aktiv verbinden und zum Beispiel wie folgt formulieren: &#8222;Ich \u00f6ffne den Kanal: &#8218;Kanal der Kosmischen Maya-Theurgie &#8218;BAKA&#8220; f\u00fcr &#8230; (einf\u00fcgen: z.B. &#8218;die Heilung der Pyelonephritis&#8216;)&#8230; &#8211; START! Ich erteile folgende Anweisungen: Ich reinige die Schleimh\u00e4ute der ableitenden Harnwege und das Nierenparenchym von negativen Ablagerungen und Blockaden sowie negativen Programmen. Ich vernichte die Krankheitserreger. Ich sende eine m\u00e4chtige Energie zur Heilung des entz\u00fcndlichen Prozesses. Ich normalisiere meine K\u00f6rpertemperatur. Ich l\u00f6sche die R\u00fcckenschmerzen im Lendenbereich. Das Wasserlassen ist wieder ganz normal m\u00f6glich.&#8220;&#8230;.<\/p>\n<p><em><u>Ergebnis im LIFE-TEST:<\/u>\u00a0Die Platte Nephrit strahlt ein neutrales Energiefeld mit einer sehr starken Energie von \u00fcber 40 000 Bovis aus. Damit steigert sie die Energie des Wurzel- und des Sexual-\/Blasen-Chakras auf enorme 40 000 Bovis, das Solarplexus-Chakra erh\u00f6ht sich in der Energie auf 35 000 Bovis, Herz- und Stirn-Chakra verdreifachen ihre Energie auf 21 000 Bovis, das Hals-Chakra sogar wieder h\u00f6her auf 28 000 Bovis und das Kronen-Chakra auf 14 000 Bovis.<\/em><\/p>\n<p>&nbsp;<\/p>\n<p>&nbsp;<\/p>\n<p><em><strong>Wichtiger Hinweis:<br \/>\nWir weisen ausdr\u00fccklich darauf hin, dass die Kolzov-Platte (russische Bezeichnung: &#8222;Korrektoren des funktionalen Zustands&#8220;) ein alternatives Energie- und Informationsprodukt ist und kein Heilmittel im Sinne der westlichen Schulmedizin. Vielmehr ist es ein rein energetisches Hilfsmittel zur ganzheitlichen Balancierung von energetischen Disharmonien und Blockaden. Informationen \u00fcber Qualit\u00e4t und Eigenschaften des Energieobjekts beziehen sich auf Aussagen des russischen Herstellers und alternativen Theorien zu Mensch und Umwelt, auf alternative Anschauungen und esoterische \u00dcberlieferungen oder Aussagen. Sie gelten nur im Sinne der esoterischen Lebensphilosophie und daran angelehnte Alternativheilkunde. Wirkungen im Sinne westlicher Wissenschaft oder Medizin werden hier nicht behauptet.<\/strong><\/em><\/p>","protected":false},"excerpt":{"rendered":"<p data-path-to-node=\"1\"><b data-path-to-node=\"1\" data-index-in-node=\"0\">Die Kolzov-Platte \u201eNephrit\u201c unterst\u00fctzt energetisch die Regeneration des gesamten Urogenitaltrakts, insbesondere bei Beschwerden von Nieren, Blase und Prostata. Sie f\u00f6rdert die Entgiftung, harmonisiert den Wasser- sowie S\u00e4ure-Basen-Haushalt und st\u00e4rkt durch den Maya-Kanal \u201eBaka\u201c gezielt die unteren Energiezentren.<\/b><\/p>","protected":false},"featured_media":1888,"comment_status":"open","ping_status":"closed","template":"","meta":[],"product_brand":[],"product_cat":[32],"product_tag":[],"class_list":{"0":"post-2068","1":"product","2":"type-product","3":"status-publish","4":"has-post-thumbnail","6":"product_cat-collection-series","8":"first","9":"instock","10":"sale","11":"taxable","12":"shipping-taxable","13":"purchasable","14":"product-type-variable"},"_links":{"self":[{"href":"https:\/\/vigo-rio.com\/en\/wp-json\/wp\/v2\/product\/2068","targetHints":{"allow":["GET"]}}],"collection":[{"href":"https:\/\/vigo-rio.com\/en\/wp-json\/wp\/v2\/product"}],"about":[{"href":"https:\/\/vigo-rio.com\/en\/wp-json\/wp\/v2\/types\/product"}],"replies":[{"embeddable":true,"href":"https:\/\/vigo-rio.com\/en\/wp-json\/wp\/v2\/comments?post=2068"}],"wp:featuredmedia":[{"embeddable":true,"href":"https:\/\/vigo-rio.com\/en\/wp-json\/wp\/v2\/media\/1888"}],"wp:attachment":[{"href":"https:\/\/vigo-rio.com\/en\/wp-json\/wp\/v2\/media?parent=2068"}],"wp:term":[{"taxonomy":"product_brand","embeddable":true,"href":"https:\/\/vigo-rio.com\/en\/wp-json\/wp\/v2\/product_brand?post=2068"},{"taxonomy":"product_cat","embeddable":true,"href":"https:\/\/vigo-rio.com\/en\/wp-json\/wp\/v2\/product_cat?post=2068"},{"taxonomy":"product_tag","embeddable":true,"href":"https:\/\/vigo-rio.com\/en\/wp-json\/wp\/v2\/product_tag?post=2068"}],"curies":[{"name":"wp","href":"https:\/\/api.w.org\/{rel}","templated":true}]}}