{"id":2067,"date":"2026-01-18T21:51:45","date_gmt":"2026-01-18T21:51:45","guid":{"rendered":"https:\/\/vigo-rio.com\/?post_type=product&#038;p=2067"},"modified":"2026-02-19T18:05:34","modified_gmt":"2026-02-19T18:05:34","slug":"fc-mamma","status":"publish","type":"product","link":"https:\/\/vigo-rio.com\/en\/product\/fc-mamma\/","title":{"rendered":"FC Mamma"},"content":{"rendered":"<p><strong>Kolzov-Platte &#8222;Mamma&#8220;\u00a0&#8211; (f\u00fcr eine gesunde weibliche Brust)<\/strong><\/p>\n<p><strong>&#8211; neueste Version mit 8-Elementen (8 enthaltenen Energiespeicher-Chips)<\/strong><\/p>\n<p>&#8222;Mamma&#8220; ist die medizinische, lateinische Bezeichnung f\u00fcr die Brustdr\u00fcse. Diese Kolzov-Platte wurde speziell f\u00fcr die weibliche Brustdr\u00fcse entwickelt. Sie ist die energetische Hilfe f\u00fcr Schwangere und stillende M\u00fctter, bei Zysten, Brustkrebs und generell f\u00fcr eine gesunde Brust.<\/p>\n<p><em>Die Aussagen beziehen sich auf alternative Testmethoden wie Meridianenergie-Messungen der Organfunktionskreisl\u00e4ufe nach TCM, Kirlian-Fotografie (EPG\/GDV-Kamera), Oberon, Amsat o.\u00e4. durch den Hersteller &#8222;Planet der Regionen&#8220; und stellen keine medizinische oder auf den physischen K\u00f6rper und dessen Organe bezogenen Aussage im Sinne der westlichen Schulmedizin dar.<\/em><\/p>\n<p><strong>Die Platte ist in diesem Sinne vor allem geeignet f\u00fcr:<\/strong><\/p>\n<ul>\n<li>hilft im Energetischen bei entz\u00fcndlichen Prozessen der Milchdr\u00fcsen und beugt diesen vor (Mastitis),<\/li>\n<li>wirkt vorbeugend gegen verschiedene pathologische Ver\u00e4nderungen in den Zellen der Milchdr\u00fcsen,<\/li>\n<li>hemmt die fortschreitende Entwicklung bereits bestehender Erkrankungen der Milchdr\u00fcsen und f\u00f6rdert die R\u00fcckbildung pathologisch ver\u00e4nderter Zellen,<\/li>\n<li>hilft im Energetischen bei zystisch-fibr\u00f6sen Ver\u00e4nderungen der Gewebe der Milchdr\u00fcsen und beugt diesen vor (auch bei hormonell bedingten),<\/li>\n<li>lindert einen eventuell auftretenden Milchstau bei stillenden M\u00fcttern.<\/li>\n<\/ul>\n<p>Auf der Platte ist u.a. die Information\/Polarisation des Wassers einer der Heilquellen von Shargalshuut, in der Provinz Bajanchongor in der Mongolei gelegen, gespeichert. Der Ort, an dem diese Thermalquelle entspringt, erinnert in seiner Form an eine weibliche Brust und das Wasser wird seit alters her von Frauen f\u00fcr Heilzwecke genutzt. Das Heilwasser dieser Quelle ist reich an Silizium.<\/p>\n<p>ZUR BEACHTUNG: bei dieser Platte sollte das Wasser zum Energetisieren mindestens 1 Minute lang darauf gestellt werden.<\/p>\n<p>TIPP: Neben dem Tragen der Platte und dem Trinken von darauf energetisiertem Wasser ist es bei Problemen auch empfehlenswert, Umschl\u00e4ge, Wickel oder Auflagen auf die Milchdr\u00fcsen aufzubringen, die mit dem energetisierten Wasser der Platte &#8222;MAMMA&#8220; befeuchtet wurden.<br \/>\nDie gleichzeitige Anwendung der Kolzov-Platte &#8222;MAMMA&#8220; mit den Platten Nr.3 (&#8222;Frauen-Platte&#8220; der blauen Serie) und &#8222;OLGIR&#8220; beschleunigt positive Ver\u00e4nderungen bei Problemen mit der Gesundheit der Milchdr\u00fcsen.<\/p>\n<p><em><u>Ergebnis im LIFE-TEST:\u00a0<\/u>Die Platte &#8222;Mamma&#8220; strahlt ein neutrales Energiefeld von enormen 40 000 Bovis aus. Sie l\u00e4dt das Wurzel-Chakra und das Hals-Chakra stark auf, so dass diese ihre Energie auf 40 000 Bovis steigern, Stirn- und Solarplexus-Chakra steigen auf 35 000 Bovis, Scheitel- und Sexual-\/Blasen-Chakra auf 28 000 Bovis, das Herz-Chakra auf 21 000 Bovis.<\/em><\/p>\n<p><strong><em>Wichtiger Hinweis:<br \/>\nWir weisen ausdr\u00fccklich darauf hin, dass die Kolzov-Platte (russische Bezeichnung: &#8222;Korrektoren des funktionalen Zustands&#8220;) ein alternatives Energie- und Informationsprodukt ist und kein Heilmittel im Sinne der westlichen Schulmedizin. Vielmehr ist es ein rein energetisches Hilfsmittel zur ganzheitlichen Balancierung von energetischen Disharmonien und Blockaden. Informationen \u00fcber Qualit\u00e4t und Eigenschaften des Energieobjekts beziehen sich auf Aussagen des russischen Herstellers und alternativen Theorien zu Mensch und Umwelt, auf alternative Anschauungen und esoterische \u00dcberlieferungen oder Aussagen. Sie gelten nur im Sinne der esoterischen Lebensphilosophie und daran angelehnte Alternativheilkunde. Wirkungen im Sinne westlicher Wissenschaft oder Medizin werden hier nicht behauptet.<\/em><\/strong><\/p>","protected":false},"excerpt":{"rendered":"<p>Die Kolzov-Platte \u201eMamma\u201c wurde speziell zur energetischen Unterst\u00fctzung der weiblichen Brustgesundheit entwickelt und hilft bei Entz\u00fcndungen, Zysten sowie Milchstau w\u00e4hrend der Stillzeit. Sie wirkt regenerierend auf das Gewebe der Milchdr\u00fcsen und f\u00f6rdert durch eine hohe energetische Aufladung die ganzheitliche Balance des weiblichen Organismus.<\/p>","protected":false},"featured_media":1884,"comment_status":"open","ping_status":"closed","template":"","meta":[],"product_brand":[],"product_cat":[32],"product_tag":[],"class_list":{"0":"post-2067","1":"product","2":"type-product","3":"status-publish","4":"has-post-thumbnail","6":"product_cat-collection-series","8":"first","9":"instock","10":"sale","11":"taxable","12":"shipping-taxable","13":"purchasable","14":"product-type-variable"},"_links":{"self":[{"href":"https:\/\/vigo-rio.com\/en\/wp-json\/wp\/v2\/product\/2067","targetHints":{"allow":["GET"]}}],"collection":[{"href":"https:\/\/vigo-rio.com\/en\/wp-json\/wp\/v2\/product"}],"about":[{"href":"https:\/\/vigo-rio.com\/en\/wp-json\/wp\/v2\/types\/product"}],"replies":[{"embeddable":true,"href":"https:\/\/vigo-rio.com\/en\/wp-json\/wp\/v2\/comments?post=2067"}],"wp:featuredmedia":[{"embeddable":true,"href":"https:\/\/vigo-rio.com\/en\/wp-json\/wp\/v2\/media\/1884"}],"wp:attachment":[{"href":"https:\/\/vigo-rio.com\/en\/wp-json\/wp\/v2\/media?parent=2067"}],"wp:term":[{"taxonomy":"product_brand","embeddable":true,"href":"https:\/\/vigo-rio.com\/en\/wp-json\/wp\/v2\/product_brand?post=2067"},{"taxonomy":"product_cat","embeddable":true,"href":"https:\/\/vigo-rio.com\/en\/wp-json\/wp\/v2\/product_cat?post=2067"},{"taxonomy":"product_tag","embeddable":true,"href":"https:\/\/vigo-rio.com\/en\/wp-json\/wp\/v2\/product_tag?post=2067"}],"curies":[{"name":"wp","href":"https:\/\/api.w.org\/{rel}","templated":true}]}}