{"id":2066,"date":"2026-01-18T21:51:21","date_gmt":"2026-01-18T21:51:21","guid":{"rendered":"https:\/\/vigo-rio.com\/?post_type=product&#038;p=2066"},"modified":"2026-04-01T16:01:28","modified_gmt":"2026-04-01T16:01:28","slug":"fc-mighty-water","status":"publish","type":"product","link":"https:\/\/vigo-rio.com\/en\/product\/fc-mighty-water\/","title":{"rendered":"FC Machtvolles Wasser \/ Mighty Water"},"content":{"rendered":"<div class=\"product-details product-details--layout-sidebar-right product-details--description-basic\">\n<div class=\"product-details__description\">\n<div class=\"product-details-module product-details__general-info\">\n<div class=\"product-details-module__content\">\n<div id=\"productDescription\" class=\"product-details__product-description\">\n<p><strong>Kolzov-Platte &#8222;Machtvolles Wasser&#8220;\u00a0&#8211; (Kraft und Anti-Jetlag)<br \/>\n&#8211; neueste Version mit 8-Elementen (8 enthaltenen Energiespeicher-Chips)<\/strong><\/p>\n<p><em>Die Aussagen beziehen sich auf alternative Testmethoden wie Meridianenergie-Messungen der Organfunktionskreisl\u00e4ufe nach TCM, Kirlian-Fotografie (EPG\/GDV-Kamera), Oberon, Amsat o.\u00e4. durch den Hersteller &#8222;Planet der Regionen&#8220; und stellen keine medizinische oder auf den physischen K\u00f6rper und dessen Organe bezogenen Aussage im Sinne der westlichen Schulmedizin dar.<\/em><\/p>\n<p><strong>Die Platte ist in diesem Sinne vor allem geeignet f\u00fcr:<\/strong><\/p>\n<ul>\n<li>wirkt dem Chronischen M\u00fcdigkeitssyndrom (CFS) und Ersch\u00f6pfungssyndrom (CES) entgegen,<\/li>\n<li>verschafft Erleichterung bei vegetativ-vaskul\u00e4rer Dystonie (Entgleisung des vegetativen Nervensystems, also des unwillk\u00fcrlichen Nervensystem, welches Blutdruck, Puls, Atemfrequenz und Verdauung u.a. regelt), Ausgleich von Sympathikus und Parasympathikus,<\/li>\n<li>f\u00f6rdert die schnellere Regeneration der k\u00f6rperlichen Kr\u00e4fte,<\/li>\n<li>tr\u00e4gt zu einer erfolgreichen und schnelleren Rehabilitationsphase bei, f\u00f6rdert z.B. die Erholung nach \u00fcberstandenen Erkrankungen und Verletzungen,<\/li>\n<li>st\u00e4rkt die Ausdauer des K\u00f6rpers bei physischen Belastungen in Arbeit und Sport,<\/li>\n<li>f\u00f6rdert die Erhaltung der k\u00f6rperlichen Aktivit\u00e4t bei erh\u00f6hten Belastungen w\u00e4hrend des Studiums oder Trainings (Sportler, Sch\u00fcler, Studenten),<\/li>\n<li>erm\u00f6glicht die leichtere Eingew\u00f6hnung nach Fl\u00fcgen und langen Reisen, sowie eine schnellere Akklimatisation (Anti-Jetlag),<\/li>\n<li>unterst\u00fctzt die Wiederherstellung und Aufrechterhaltung der energetischen Balance.<\/li>\n<li>Auf der Platte ist unter anderem die Information\/Polarisation des Wassers einer der Heilquellen von Shargalshuut, in der Provinz Bajanchongor in der Mongolei gelegen, gespeichert.<\/li>\n<\/ul>\n<p>ZUR BEACHTUNG: bei dieser Platte sollte das Wasser zum Energetisieren mindestens 1 Minute lang darauf gestellt werden.<\/p>\n<p>Besonders empfohlen wird die Verwendung der Kolzov-Platte &#8222;Machtvolles Wasser&#8220;:<\/p>\n<ul>\n<li>f\u00fcr alle Personen in der Gesundungsphase und generell bei Energie- und Antriebsschw\u00e4che,<\/li>\n<li>bei ungewohnten k\u00f6rperlichen Anstrengungen, f\u00fcr Hobby- und Profi-Sportler,<\/li>\n<li>f\u00fcr Personen, die Nachtschichten und Schichtarbeit leisten m\u00fcssen,<\/li>\n<li>f\u00fcr Vielfliegern und Personen, die lange Reisen unternehmen,<\/li>\n<\/ul>\n<p>Empfehlenswert ist die Kombination mit der Kolzov-Platte &#8222;INDI&#8220; um das Gleichgewicht des physischen K\u00f6rpers und des psycho-emotionalen Zustands wiederherzustellen.<\/p>\n<p><u>E<\/u><em><u>rgebnis im LIFE-TEST:\u00a0<\/u>Die Platte &#8222;Machtvolles Wasser&#8220; strahlt ein neutrales Energiefeld von beachtlichen 40 000 Bovis aus. Sie erzeugt damit eine sehr intensive Energieanregung aller Chakras, die als deutliche allgemeine Aktivierung sp\u00fcrbar ist. Dabei steigt die Energie von Wurzel-, Herz- und Kronen-Chakra auf enorme 40 000 Bovis, so dass alle drei f\u00fcr den Energiefluss in K\u00f6rper, Geist und Seele grundlegend wichtigen Chakras stark aufgeladen werden. Stirn- und Hals-Chakra seigern ihre Energie auf hohe 35 000 Bovis, das Sexual-\/Blasen-Chakra auf 28 000 Bovis und das Solarplexus-Chakra auf 21 000 Bovis.<\/em><\/p>\n<p><strong><em>Wichtiger Hinweis:<br \/>\nWir weisen ausdr\u00fccklich darauf hin, dass die Kolzov-Platte (russische Bezeichnung: &#8222;Korrektoren des funktionalen Zustands&#8220;) ein alternatives Energie- und Informationsprodukt ist und kein Heilmittel im Sinne der westlichen Schulmedizin. Vielmehr ist es ein rein energetisches Hilfsmittel zur ganzheitlichen Balancierung von energetischen Disharmonien und Blockaden. Informationen \u00fcber Qualit\u00e4t und Eigenschaften des Energieobjekts beziehen sich auf Aussagen des russischen Herstellers und alternativen Theorien zu Mensch und Umwelt, auf alternative Anschauungen und esoterische \u00dcberlieferungen oder Aussagen. Sie gelten nur im Sinne der esoterischen Lebensphilosophie und daran angelehnte Alternativheilkunde. Wirkungen im Sinne westlicher Wissenschaft oder Medizin werden hier nicht behauptet.<\/em><\/strong><\/p>\n<\/div>\n<\/div>\n<\/div>\n<\/div>\n<div class=\"clearboth\"><\/div>\n<\/div>\n<div class=\"ec-related-products\"><\/div>","protected":false},"excerpt":{"rendered":"<p>dient als intensiver Energiespender bei Ersch\u00f6pfung und chronischer M\u00fcdigkeit, indem sie die k\u00f6rperliche Ausdauer st\u00e4rkt und die Regeneration nach Belastungen beschleunigt. Sie ist ideal zur \u00dcberwindung von Jetlag sowie zur Harmonisierung des vegetativen Nervensystems und sorgt f\u00fcr eine kraftvolle Aktivierung aller Energiezentren.<\/p>","protected":false},"featured_media":1883,"comment_status":"open","ping_status":"closed","template":"","meta":[],"product_brand":[],"product_cat":[32],"product_tag":[],"class_list":{"0":"post-2066","1":"product","2":"type-product","3":"status-publish","4":"has-post-thumbnail","6":"product_cat-collection-series","8":"first","9":"instock","10":"sale","11":"taxable","12":"shipping-taxable","13":"purchasable","14":"product-type-variable"},"_links":{"self":[{"href":"https:\/\/vigo-rio.com\/en\/wp-json\/wp\/v2\/product\/2066","targetHints":{"allow":["GET"]}}],"collection":[{"href":"https:\/\/vigo-rio.com\/en\/wp-json\/wp\/v2\/product"}],"about":[{"href":"https:\/\/vigo-rio.com\/en\/wp-json\/wp\/v2\/types\/product"}],"replies":[{"embeddable":true,"href":"https:\/\/vigo-rio.com\/en\/wp-json\/wp\/v2\/comments?post=2066"}],"wp:featuredmedia":[{"embeddable":true,"href":"https:\/\/vigo-rio.com\/en\/wp-json\/wp\/v2\/media\/1883"}],"wp:attachment":[{"href":"https:\/\/vigo-rio.com\/en\/wp-json\/wp\/v2\/media?parent=2066"}],"wp:term":[{"taxonomy":"product_brand","embeddable":true,"href":"https:\/\/vigo-rio.com\/en\/wp-json\/wp\/v2\/product_brand?post=2066"},{"taxonomy":"product_cat","embeddable":true,"href":"https:\/\/vigo-rio.com\/en\/wp-json\/wp\/v2\/product_cat?post=2066"},{"taxonomy":"product_tag","embeddable":true,"href":"https:\/\/vigo-rio.com\/en\/wp-json\/wp\/v2\/product_tag?post=2066"}],"curies":[{"name":"wp","href":"https:\/\/api.w.org\/{rel}","templated":true}]}}