{"id":2065,"date":"2026-01-18T21:50:50","date_gmt":"2026-01-18T21:50:50","guid":{"rendered":"https:\/\/vigo-rio.com\/?post_type=product&#038;p=2065"},"modified":"2026-02-19T10:34:54","modified_gmt":"2026-02-19T10:34:54","slug":"fc-bereginya","status":"publish","type":"product","link":"https:\/\/vigo-rio.com\/en\/product\/fc-bereginya\/","title":{"rendered":"FC Kinderwunsch\/Bereginja"},"content":{"rendered":"<p><strong>Kolzov-Platte &#8222;Kinderwunsch&#8220; &#8211; (gesunde weibliche Fortpflanzungsorgane)<br \/>\n&#8211; neueste Version mit 8-Elementen (8 enthaltenen Energiespeicher-Chips)<\/strong><\/p>\n<p>die Kolzov-Platte aus der neuen Serie der Kollektions-Platten ist f\u00fcr alle Frauen beginnend ab der Pubert\u00e4t und \u00fcber die Menopause hinaus geeignet. Sie tr\u00e4gt in allen Lebensphase von Pubert\u00e4t, Schwangerschaft, Menopause usw. zur Gesunderhaltung und Vorbeugung bei &#8211; sowohl bei den Organen wie Geb\u00e4rmutter und Eierst\u00f6cken als auch beim Hormonsystem.<\/p>\n<p><em>Die Aussagen beziehen sich auf alternative Testmethoden wie Meridianenergie-Messungen der Organfunktionskreisl\u00e4ufe nach TCM, Kirlian-Fotografie (EPG\/GDV-Kamera), Oberon, Amsat o.\u00e4. durch den Hersteller &#8222;Planet der Regionen&#8220; und stellen keine medizinische oder auf den physischen K\u00f6rper und dessen Organe bezogenen Aussage im Sinne der westlichen Schulmedizin dar.<\/em><\/p>\n<p><strong>Die Platte ist in diesem Sinne vor allem geeignet f\u00fcr:<\/strong><\/p>\n<ul>\n<li>lindert im Energetischen die Symptome des PMS (pr\u00e4menstruelles Syndrom), sorgt f\u00fcr Erleichterung in den \u201ekritischen Tagen\u201c und hilft, diesbez\u00fcgliche Schmerzen zu reduzieren,<\/li>\n<li>schenkt eine &#8222;zweite Jugend&#8220;, verbessert die Lebensqualit\u00e4t, tr\u00e4gt zur Verl\u00e4ngerung der aktiven Lebensphase bei,<\/li>\n<li>hilft energetisch, den Eintritt und den Verlauf des \u201edritten Lebensalters&#8220; der Frau &#8211; des Klimakteriums &#8211; zu erleichtern.<\/li>\n<li>Bei entz\u00fcndlichen Prozessen in den Beckenorganen tr\u00e4gt sie energetisch zur schnelleren Heilung bei und verhindert das Auftreten m\u00f6glicher Komplikationen (Eileiterverschluss, Fehlgeburten, Eileiterschwangerschaft, Unfruchtbarkeit, Adh\u00e4sionen usw.),<\/li>\n<li>bei pathologischen Ver\u00e4nderungen in den Geweben der Beckenorgane, f\u00f6rdert sie im Energetischen die Aufl\u00f6sung bereits existierender krankhaft-ver\u00e4nderter Zellen,<\/li>\n<li>f\u00f6rdert im Energetischen die Heilung und Gesunderhaltung bei den unterschiedlichsten Problemen wie: Entz\u00fcndungen der Geb\u00e4rmutterschleimhaut und der Muskelschicht (Endometritis, Hyperplasie, Endometriose, Myome usw.), entz\u00fcndlichen Prozessen in den Ovarien (Oophoritis, Adnexitis, Salpingitis) und ovarieller Dysfunktionen, Eierstockzysten, uterine und vaginale Polypen, Muttermunddefekten (Portioerosion) uvm.,<\/li>\n<li>f\u00f6rdert die Wiederherstellung und Aufrechterhaltung des Hormonhaushalts und der Funktionen des Fortpflanzungssystems, kann so auch die Fruchtbarkeit der Frau bewahren und verl\u00e4ngern.<\/li>\n<\/ul>\n<p>Auf der Kolzov-Platte &#8222;Bereginja&#8220; ist die Polarisation des Wassers einer der Heilquellen von Shargalshuut, in der Provinz Bajanchongor in der Mongolei, gespeichert.<\/p>\n<p>ZUR BEACHTUNG: bei dieser Platte sollte das Wasser zum Energetisieren mindestens 1 Minute lang darauf gestellt werden.<\/p>\n<p><em><u>Ergebnis im LIFE-TEST:<\/u>\u00a0Die Platte Bereginja strahlt ein neutrales Energiefeld mit einer Energie von 28 000 Bovis aus. Damit steigert sie die Energie des Wurzel-Chakras auf enorme 40 000 Bovis, das Sexual-\/Blasen-Chakra, Solarplexus-Chakra und Herz-Chakra erh\u00f6hen ihre Energie auf jeweils 35 000 Bovis, Hals- und Kronen-Chakra steigen auf 28 000 Bovis und das Stirn-Chakra auf 21 000 Bovis. Insgesamt also eine starke Wirkung auf alle Chakras.<\/em><\/p>\n<p><em><strong>Wichtiger Hinweis:<br \/>\nWir weisen ausdr\u00fccklich darauf hin, dass die Kolzov-Platte (russische Bezeichnung: &#8222;Korrektoren des funktionalen Zustands&#8220;) ein alternatives Energie- und Informationsprodukt ist und kein Heilmittel im Sinne der westlichen Schulmedizin. Vielmehr ist es ein rein energetisches Hilfsmittel zur ganzheitlichen Balancierung von energetischen Disharmonien und Blockaden. Informationen \u00fcber Qualit\u00e4t und Eigenschaften des Energieobjekts beziehen sich auf Aussagen des russischen Herstellers und alternativen Theorien zu Mensch und Umwelt, auf alternative Anschauungen und esoterische \u00dcberlieferungen oder Aussagen. Sie gelten nur im Sinne der esoterischen Lebensphilosophie und daran angelehnte Alternativheilkunde. Wirkungen im Sinne westlicher Wissenschaft oder Medizin werden hier nicht behauptet.<\/strong><\/em><\/p>","protected":false},"excerpt":{"rendered":"<p>begleitet Frauen in jeder Lebensphase \u2013 von der Pubert\u00e4t bis \u00fcber die Menopause hinaus \u2013 und unterst\u00fctzt energetisch die Gesunderhaltung der weiblichen Fortpflanzungsorgane sowie des Hormonsystems. Sie lindert Beschwerden wie PMS oder Wechseljahressymptome, f\u00f6rdert die Regeneration bei Entz\u00fcndungen im Beckenraum und tr\u00e4gt zur Bewahrung der weiblichen Fruchtbarkeit und Vitalit\u00e4t bei.<\/p>","protected":false},"featured_media":1901,"comment_status":"open","ping_status":"closed","template":"","meta":[],"product_brand":[],"product_cat":[32],"product_tag":[],"class_list":{"0":"post-2065","1":"product","2":"type-product","3":"status-publish","4":"has-post-thumbnail","6":"product_cat-collection-series","8":"first","9":"instock","10":"sale","11":"taxable","12":"shipping-taxable","13":"purchasable","14":"product-type-variable"},"_links":{"self":[{"href":"https:\/\/vigo-rio.com\/en\/wp-json\/wp\/v2\/product\/2065","targetHints":{"allow":["GET"]}}],"collection":[{"href":"https:\/\/vigo-rio.com\/en\/wp-json\/wp\/v2\/product"}],"about":[{"href":"https:\/\/vigo-rio.com\/en\/wp-json\/wp\/v2\/types\/product"}],"replies":[{"embeddable":true,"href":"https:\/\/vigo-rio.com\/en\/wp-json\/wp\/v2\/comments?post=2065"}],"wp:featuredmedia":[{"embeddable":true,"href":"https:\/\/vigo-rio.com\/en\/wp-json\/wp\/v2\/media\/1901"}],"wp:attachment":[{"href":"https:\/\/vigo-rio.com\/en\/wp-json\/wp\/v2\/media?parent=2065"}],"wp:term":[{"taxonomy":"product_brand","embeddable":true,"href":"https:\/\/vigo-rio.com\/en\/wp-json\/wp\/v2\/product_brand?post=2065"},{"taxonomy":"product_cat","embeddable":true,"href":"https:\/\/vigo-rio.com\/en\/wp-json\/wp\/v2\/product_cat?post=2065"},{"taxonomy":"product_tag","embeddable":true,"href":"https:\/\/vigo-rio.com\/en\/wp-json\/wp\/v2\/product_tag?post=2065"}],"curies":[{"name":"wp","href":"https:\/\/api.w.org\/{rel}","templated":true}]}}