{"id":2064,"date":"2026-01-18T21:50:12","date_gmt":"2026-01-18T21:50:12","guid":{"rendered":"https:\/\/vigo-rio.com\/?post_type=product&#038;p=2064"},"modified":"2026-03-29T15:36:39","modified_gmt":"2026-03-29T15:36:39","slug":"fc-diapason","status":"publish","type":"product","link":"https:\/\/vigo-rio.com\/en\/product\/fc-diapason\/","title":{"rendered":"FC Kamerton \/ Diapason"},"content":{"rendered":"<p><strong>Kolzov-Platte &#8222;Kamerton&#8220;\u00a0&#8211; (intensiviert alle anderen Platten)<br \/>\n&#8211; neueste Version mit 8-Elementen (8 enthaltenen Energiespeicher-Chips)<\/strong><\/p>\n<p>Die Kolzov-Platte &#8222;Kamerton&#8220; (deutsch: &#8222;Stimmgabel&#8220;) aus der neuen Serie der Kollektions-Platten ist eine universell wirkende Platte, die die Wirkung jeder anderen Platte unterst\u00fctzt und intensiviert. Diese au\u00dfergew\u00f6hnliche Platte stimmt den Organismus wie eine Stimmgabel ein, um die Schwingungen der jeweiligen Kolzov-Platte schneller, harmonischer und umfassender nutzen zu k\u00f6nnen. Und zugleich stimmt sie damit den Organismus auf die Frequenz\u00e4nderungen auf der Erde selbst besser ein und verbessert die Flexibilit\u00e4t, Reaktions- und Resonanzf\u00e4higkeit und die harmonische Stabilit\u00e4t unseres Energiesystems. Zus\u00e4tzlich zu den unterst\u00fctzenden und verst\u00e4rkender Wirkung f\u00fcr andere Platten hat die &#8222;Kamerton&#8220; noch weitere Informationen gespeichert und bietet damit beim Tragen noch eine zus\u00e4tzliche Wirkungsebene.<\/p>\n<p><em>Die Aussagen beziehen sich auf alternative Testmethoden wie Meridianenergie-Messungen der Organfunktionskreisl\u00e4ufe nach TCM, Kirlian-Fotografie (EPG\/GDV-Kamera), Oberon, Amsat o.\u00e4. durch den Hersteller &#8222;Planet der Regionen&#8220; und stellen keine medizinische oder auf den physischen K\u00f6rper und dessen Organe bezogenen Aussage im Sinne der westlichen Schulmedizin dar.<\/em><\/p>\n<p><strong>Die Platte &#8222;Kamerton&#8220; dient in diesem Sinne als erg\u00e4nzende &#8222;Verst\u00e4rker-Platte&#8220; vor allem:<\/strong><\/p>\n<ul>\n<li>zur Intensivierung der Wirkung jeder anderen Kolzov-Platte, beschleunigt und verbessert die Einstimmung des menschlichen Organismus und Energiesystems auf die jeweilige Kolzov-Platte und verst\u00e4rkt und verfestigt damit die Wirkung jeder beliebigen Kolzov-Platte,<\/li>\n<li>beseitigt Ungleichgewichte und Blockaden im Energiefluss durch die Chakras und Energiebahnen,<\/li>\n<li>f\u00f6rdert und st\u00e4rkt die Selbstheilungskr\u00e4fte des Organismus,<\/li>\n<li>stimmt den K\u00f6rper auch auf die hohen Schwingungen und Informationen der Kolzov-Platten ein und unterst\u00fctzt so noch einmal Spiritualit\u00e4t und Pers\u00f6nlichkeitsentwicklung.<\/li>\n<\/ul>\n<p><strong>Als Verst\u00e4rker-Platte<\/strong>\u00a0ist die Wirkung auf andere Platten mit einer k\u00f6rperlicheren Wirkung schneller st\u00e4rker sp\u00fcrbar als auf Platten mit geistig-spiritueller Wirkrichtung, also bei Platten der Serie Blau Nr.1-8, Serie Violett Nr.9-16, bei gr\u00fcnen Platten wie &#8222;Langes Leben&#8220;, &#8222;Harmonie&#8220;, &#8222;Heilung1 und 2&#8220; st\u00e4rker als bei Platten der Serie Gold oder Sonderplatten wie Lhasa, Shambala etc. Dennoch werden auch bei diesen die k\u00f6rperlich-energetischen Bedingungen f\u00fcr eine bessere geistig-spirituelle Wirkung verbessert.<\/p>\n<p><strong>Als eigenst\u00e4ndige Platte<\/strong>\u00a0&#8222;Kamerton&#8220;, also wenn man nur diese Platte anwendet und bei sich tr\u00e4gt, dann\u00a0<strong>ist sie in oben genannten Sinne vor allem geeignet f\u00fcr:<\/strong><\/p>\n<ul>\n<li>reduziert das Zusammenkleben der roten Blutk\u00f6rperchen (Geldrollenbildung) und verbessert so die Flie\u00dff\u00e4higkeit des Blutes, was wiederum viele positive Einfl\u00fcsse haben kann wie etwa bei Kopfschmerz, Durchblutungsst\u00f6rungen,<\/li>\n<li>st\u00e4rkt die Sinnesorgane und die Wahrnehmungsf\u00e4higkeit,<\/li>\n<li>st\u00e4rkt die Selbstheilungskr\u00e4fte und beschleunigt die Regeneration nach Erkrankungen,<\/li>\n<li>unterst\u00fctzt das L\u00f6sen von \u00c4ngsten, Illusionen und Abh\u00e4ngigkeiten,hilft die eigene Mitte zu finden und seine W\u00fcnsche im Einklang mit der Sch\u00f6pfung zu verwirklichen.<\/li>\n<\/ul>\n<p>Die Kolzov-Platte &#8222;Kamerton&#8220; enth\u00e4lt unter anderem die Schwingungen der mongolischen Heilquelle &#8222;108 Tropfen&#8220;.<\/p>\n<p>ZUR BEACHTUNG: bei dieser Platte sollte das Wasser zum Energetisieren mindestens 1 Minute lang darauf gestellt werden.<\/p>\n<p>TIPP 1: Trinken 2-3mal t\u00e4glich je etwa 100-150ml von diesem energetisierten Wasser &#8211; das gen\u00fcgt bereits f\u00fcr eine Intensivierung der Wirkung jener Platten, die Sie an diesem Tag verwenden. Auf diese Weise k\u00f6nnen Sie die Platte zus\u00e4tzlich bei sich tragen, m\u00fcssen es aber nicht, wenn Sie bereits mehrere andere verwenden.<br \/>\nDas energetisierte Wasser eignet sich auch sehr gut f\u00fcr Mundsp\u00fclungen, feuchte Umschl\u00e4ge, Duschen und B\u00e4der.<\/p>\n<p>TIPP 2 &#8211; ein paar Anwendungsbeispiele:<br \/>\n&#8211; die Kombination von Platte &#8222;Kamerton&#8220; mit den Platten &#8222;Goldener Sand&#8220; und &#8222;Quelle der Lamas&#8220; st\u00e4rkt das Bewusstsein, die Ausrichtung auf das &#8222;Hier-und-Jetzt&#8220;<br \/>\n&#8211; die Kombination von &#8222;Kamerton&#8220; mit &#8222;Wahrhaftiger Liebe&#8220; und &#8222;Harmonie&#8220; kl\u00e4rt und st\u00e4rkt die Emotionen<br \/>\n&#8211; die Kombination von &#8222;Kamerton&#8220; mit den Platten &#8222;Indi&#8220; und &#8222;Yudek&#8220; beseitigt Blockaden und Ungleichgewichte in den Chakren und Akupunkturmeridanen sowie bei negativen psychischen Energien &#8211; sehr gut zum Auflegen auch die Chakras,<br \/>\n&#8211; die Kombination von &#8222;Kamerton&#8220; mit den &#8222;Extra HNO&#8220; st\u00e4rkt das Immunsystem<br \/>\n&#8211; bauen Sie ein &#8222;Haus&#8220; aus den drei Platten &#8222;Indi&#8220;, &#8222;Geheimer Heiliger See&#8220; und der Platte Nr.9 (siehe Filzst\u00e4nder &#8222;Energie-Haus&#8220; in &#8222;ZUBEH\u00d6R&#8220;), stellen Sie die Platten dann auf die Verst\u00e4rkerplatte &#8222;Kamerton&#8220; und platzieren Sie das Ganze im Liegen auf Ihrer Brust im Bereich der Thymusdr\u00fcse &#8211; dadurch wird das Herz-Chakra intensiv aktiviert. Das Herz-Chakra stellt eine Br\u00fccke dar zwischen den drei unteren &#8222;materielleren&#8220; Chakras und den drei oberen &#8222;spirituelleren&#8220; Chakras.<\/p>\n<p><em><u>Ergebnis im LIFE-TEST:<\/u>\u00a0Die Platte Kamerton strahlt ein neutrales Energiefeld von 40 000 Bovis aus. Damit steigert sie die Energie des Wurzel-Chakras und des Hals-Chakras auf enorme 40 000 Bovis, Solarplexus-Chakra und Stirn-Chakra steigen auf ebenfalls hohe 35 000 Bovis, das Herz-Chakra und Scheitel-Chakra auf 28 000 Bovis, das Sexual-\/Blasen-Chakra verdreifacht immerhin noch seine Energie auf 21 000 Bovis.<br \/>\nVerwendet man nun die Platte Kamerton als Verst\u00e4rkerplatte wird beispielsweise die Wirkung der neuen Platte Extra-HNO so verst\u00e4rkt, dass sich fast alle Chakras in ihrer Energie auf 40 000 Bovis erh\u00f6hen (Hals-, Solar-Plexus-, Sexual-\/Blasen-Chakra und Wurzel-Chakra), die anderen auf ebenfalls noch enorme 35 000 Bovis (Scheitel-, Stirn- und Herz-Chakra) &#8211; und das sowohl wenn man die Platte tr\u00e4gt als auch wenn man ein Glas Wasser trinkt, das man zwanzig Minuten lang mit Kamerton energetisiert hat.<br \/>\nVerwendet man die Platte Kamerton als Verst\u00e4rkerplatte f\u00fcr eine Platte der blauen Serie zum Beispiel Nr.7 so erh\u00f6hen sich die Energien der Chakras zus\u00e4tzlich jeweils um 7000 oder 14 000 Bovis, so dass die Energie der Chakras auf 28000 bis sogar 40 000 Bovis steigen. Dank der Verst\u00e4rkerplatte Kamerton wird so eine Platte Nr.7 aus den ersten Produktionsserie mit 4 Chips (erkennbar am silbernen Aufkleber) st\u00e4rker als eine neue Nr.7 mit 5 Chips (erkennbar am goldenem Aufkleber). So kann man tats\u00e4chlich mit der Platte Kamerton alle \u00e4lteren Platten in der Energie enorm steigern &#8211; aber nat\u00fcrlich auch die neuen Platten, denn auch eine neue Nr.7 mit 5 Chips wird nochmals st\u00e4rker in der Energie.<br \/>\nDank der st\u00e4rkeren Energien mit Hilfe der Kamerton-Platte kann die jeweils gespeicherte Information einer anderen Platte, also die eigentliche Anwendungsbestimmung einer Platte, noch intensiver im Energiesystem der Chakras und Meridianenergien wirksam werden.<\/em><\/p>\n<p><em>\u00a0<\/em><\/p>\n<p><strong><em>Wichtiger Hinweis:<br \/>\nWir weisen ausdr\u00fccklich darauf hin, dass die Kolzov-Platte (russische Bezeichnung: &#8222;Korrektoren des funktionalen Zustands&#8220;) ein alternatives Energie- und Informationsprodukt ist und kein Heilmittel im Sinne der westlichen Schulmedizin. Vielmehr ist es ein rein energetisches Hilfsmittel zur ganzheitlichen Balancierung von energetischen Disharmonien und Blockaden. Informationen \u00fcber Qualit\u00e4t und Eigenschaften des Energieobjekts beziehen sich auf Aussagen des russischen Herstellers und alternativen Theorien zu Mensch und Umwelt, auf alternative Anschauungen und esoterische \u00dcberlieferungen oder Aussagen. Sie gelten nur im Sinne der esoterischen Lebensphilosophie und daran angelehnte Alternativheilkunde. Wirkungen im Sinne westlicher Wissenschaft oder Medizin werden hier nicht behauptet.<\/em><\/strong><\/p>","protected":false},"excerpt":{"rendered":"<p>fungiert als universeller Verst\u00e4rker, der die Wirkung aller anderen Kolzov-Platten intensiviert und das Energiesystem pr\u00e4zise wie eine Stimmgabel auf harmonische Heilfrequenzen einstimmt. Sie l\u00f6st tiefsitzende Blockaden, f\u00f6rdert die Durchblutung sowie die Selbstheilungskr\u00e4fte und unterst\u00fctzt die k\u00f6rperliche wie spirituelle Regeneration.<\/p>","protected":false},"featured_media":1887,"comment_status":"open","ping_status":"closed","template":"","meta":[],"product_brand":[],"product_cat":[32],"product_tag":[],"class_list":{"0":"post-2064","1":"product","2":"type-product","3":"status-publish","4":"has-post-thumbnail","6":"product_cat-collection-series","8":"first","9":"instock","10":"sale","11":"taxable","12":"shipping-taxable","13":"purchasable","14":"product-type-variable"},"_links":{"self":[{"href":"https:\/\/vigo-rio.com\/en\/wp-json\/wp\/v2\/product\/2064","targetHints":{"allow":["GET"]}}],"collection":[{"href":"https:\/\/vigo-rio.com\/en\/wp-json\/wp\/v2\/product"}],"about":[{"href":"https:\/\/vigo-rio.com\/en\/wp-json\/wp\/v2\/types\/product"}],"replies":[{"embeddable":true,"href":"https:\/\/vigo-rio.com\/en\/wp-json\/wp\/v2\/comments?post=2064"}],"wp:featuredmedia":[{"embeddable":true,"href":"https:\/\/vigo-rio.com\/en\/wp-json\/wp\/v2\/media\/1887"}],"wp:attachment":[{"href":"https:\/\/vigo-rio.com\/en\/wp-json\/wp\/v2\/media?parent=2064"}],"wp:term":[{"taxonomy":"product_brand","embeddable":true,"href":"https:\/\/vigo-rio.com\/en\/wp-json\/wp\/v2\/product_brand?post=2064"},{"taxonomy":"product_cat","embeddable":true,"href":"https:\/\/vigo-rio.com\/en\/wp-json\/wp\/v2\/product_cat?post=2064"},{"taxonomy":"product_tag","embeddable":true,"href":"https:\/\/vigo-rio.com\/en\/wp-json\/wp\/v2\/product_tag?post=2064"}],"curies":[{"name":"wp","href":"https:\/\/api.w.org\/{rel}","templated":true}]}}