{"id":2063,"date":"2026-01-18T21:49:45","date_gmt":"2026-01-18T21:49:45","guid":{"rendered":"https:\/\/vigo-rio.com\/?post_type=product&#038;p=2063"},"modified":"2026-02-04T19:52:28","modified_gmt":"2026-02-04T19:52:28","slug":"fc-indi","status":"publish","type":"product","link":"https:\/\/vigo-rio.com\/en\/product\/fc-indi\/","title":{"rendered":"FC Indi"},"content":{"rendered":"<p><strong>Kolzov-Platte &#8222;Indi&#8220;\u00a0&#8211; (Hormon-Regulation 1)<\/strong><\/p>\n<p><strong>&#8211; neueste Version mit 8-Elementen (8 enthaltenen Energiespeicher-Chips)<\/strong><\/p>\n<p>Die Kolzov-Platte &#8222;Indi&#8220; enth\u00e4lt die Energie und Informationen eines geheim gehaltenen, heiligen Sees in Indien und die &#8222;Mahatma&#8220;-Energie.<\/p>\n<p><em>Die Aussagen beziehen sich auf alternative Testmethoden wie Meridianenergie-Messungen der Organfunktionskreisl\u00e4ufe nach TCM, Kirlian-Fotografie (EPG\/GDV-Kamera), Oberon, Amsat o.\u00e4. durch den Hersteller &#8222;Planet der Regionen&#8220; und stellen keine medizinische oder auf den physischen K\u00f6rper und dessen Organe bezogenen Aussage im Sinne der westlichen Schulmedizin dar.<\/em><\/p>\n<p><strong>Die Platte ist in diesem Sinne vor allem geeignet f\u00fcr:<\/strong><\/p>\n<ul>\n<li>hilft, den Hormonstatus zu normalisieren und die Abl\u00e4ufe und Funktionen im gesamten Hormonsystem und aller endokrinen Dr\u00fcsen wiederherzustellen (\u00fcber das Hormonsystem und dessen Botenstoffe werden wiederum Stoffwechsel und Organfunktionen gesteuert und reguliert),<\/li>\n<li>erleichtert es, bewusste und unbewusste \u00c4ngste zu erkennen und aufzul\u00f6sen, einschlie\u00dflich solche, die mit negativen Erfahrungen in der Vergangenheit verbunden sind (\u00c4ngste k\u00f6nnen das hormonelle System akut und chronisch beeintr\u00e4chtigten und zu Fehlsteuerungen f\u00fchren)<\/li>\n<li>harmonisiert den seelischen Zustand des Menschen, indem es Zust\u00e4nde von Bedr\u00fccktheit und Unruhe, \u00c4ngste und Depression lindert oder sogar aufl\u00f6st,<\/li>\n<li>hilft dabei das eigene Lebensziel zu erkennen, die Priorit\u00e4ten zum Erreichen des Ziels zu setzen und jene Hindernisse zu beseitigen, die dem wahren Ziel der Seele im Wege stehen,<\/li>\n<li>f\u00f6rdert die Aktivit\u00e4t aller Chakras und harmonisiert die Energiezentren,<\/li>\n<li>hilft dabei Fremdenergien und astrale und energetische Angriffe abzuwehren und zu beseitigen,<\/li>\n<li>f\u00f6rdert die energetische Regeneration und einen Zustand innerer Ruhe und Harmonie,<\/li>\n<li>hilft, einen Zustand der inneren F\u00fclle und eines freien inneren Raums zu erlangen und l\u00e4sst so einen &#8222;H\u00f6henflug der Seele&#8220; erleben,<\/li>\n<li>st\u00e4rkt die Spiritualit\u00e4t, f\u00f6rdert die Intuition, hilft bei der Erweiterung des Bewusstseins und bei der Aktivierung und dem Ausdruck der Herzenergie und h\u00f6heren Liebe; hebt insgesamt das Schwingungsniveau im Energiesystem,<\/li>\n<li>durch all dies hilft es nebenbei Rauchern, sich aus den Zw\u00e4ngen der Sucht zu l\u00f6sen.<\/li>\n<\/ul>\n<p>Die Kolzov-Platte &#8222;Indi&#8220; aktiviert sich bei Anwendung f\u00fcr jeden Nutzer individuell unterschiedlich intensiv &#8211; je nach gegenw\u00e4rtigem Stand der Pers\u00f6nlichkeitsentwicklung, der Spiritualit\u00e4t und aktuellen Situation. Das hei\u00dft: interaktiv rufen unser Energiesystem und unser H\u00f6heres Bewusstsein genau jene Informationen und Energien ab, die sie zur Unterst\u00fctzung ben\u00f6tigen. So wird die Platte f\u00fcr jeden Benutzer auf seinem Energieniveau aktiv und die Aktivierung schreitet mit ihm voran. Eine positive Lebenseinstellung f\u00f6rdert den Prozess dieser fortschreitenden Aktivierung. Dennoch k\u00f6nnen \u00c4ngste oder starke Gef\u00fchle beim L\u00f6sen der Blockade noch einmal aktiv werden, diese l\u00f6sen sich schneller auf, wenn man sie bewusst und dankend wahrnimmt und &#8222;ins Licht schickt&#8220;.<\/p>\n<p>ZUR BEACHTUNG: bei dieser Platte sollte das Wasser zum Energetisieren mindestens 1 Minute lang darauf gestellt werden.<\/p>\n<p>TIPP 1: Beginnen Sie die Anwendung der Platte langsam, indem Sie im ersten Monat zun\u00e4chst nur 100-400 ml pro Tag von dem darauf aktivierten Wasser trinken. Im zweiten Monat tragen Sie zus\u00e4tzlich die Platte zun\u00e4chst nur f\u00fcr 20-30 Minuten pro Tag. Danach k\u00f6nnen Sie die Wassermenge und Tragezeit langsam weiter steigern, bitte beobachten Sie jedoch die St\u00e4rke der Wirkung und steigern sie nur langsam.<br \/>\nF\u00fcr Menschen mit hohem Blutdruck wird empfohlen, den Blutdruck bei Anwendung zu kontrollieren und bei Bedarf weniger vom aktivierten Wasser zu trinken und zus\u00e4tzlich die Platte &#8222;Langes Leben&#8220; zu verwenden.<\/p>\n<p>TIPP 2: Die gemeinsame Anwendung der Kolzov-Platten &#8222;Indi\u201c und \u201eYudek\u201c wird f\u00fcr eine schnellere Harmonisierung des gesamten Hormonsystems empfohlen.<br \/>\nF\u00fcr die Entwicklung von Intuition und Spiritualit\u00e4t und damit auch der h\u00f6heren Ebenen in der Aktivit\u00e4t der sieben endokrinen Hauptdr\u00fcsen des Menschen &#8211; insbesondere von Zirbeldr\u00fcse, Hypophyse und Herz &#8211; ist die gemeinsame Anwendung der Kolzov-Platten &#8222;Indi&#8220;, Lhasa\u201c, \u201eBerg-Altar\/Orion-Sirus-Portal&#8220; und Danilowo See&#8220; und Geheimer heiliger See&#8220; hilfreich. F\u00fcr die Harmonisierung der Chakras arbeiten die Platten &#8222;Indi&#8220; und &#8222;Nr.18 Synchronisation&#8220; sehr gut zusammen.<\/p>\n<p><em><u>Ergebnis im LIFE-TEST:<\/u>\u00a0Die Platte strahlt ein neutrales Energiefeld von 28 000 Bovis aus. Die Platte dient der Regulation des allgemeinen Hormonstatus unter anderem durch ein Ausbalancieren der Hypophyse als Hauptsteuerungsdr\u00fcse. Je nach individueller Schwachstelle ist die Reaktion auch individuell unterschiedlich, je nachdem welche der 7 Dr\u00fcsen und damit indirekt auch der 7 Chakras st\u00e4rkeren Regulationsbedarf hat &#8211; im Durchschnitt der Probanden reagierten vor allem Hals- und Wurzel-Chakra am st\u00e4rksten auf die Platte: Das Kronen-Chakra verdoppelt sich in der Energie auf 14 000 Bovis, das Stirn-Chakra steigt sogar auf 28 000 Bovis, das Hals-Chakra am st\u00e4rksten auf 40 000 Bovis, Herz-Chakra auf 21 000 Bovis, Solarplexus-Chakra auf 14 000 Bovis, Sexual-Chakra ebenfalls auf 14 000 Bovis und das Wurzel-Chakra auf 35 000 Bovis.<br \/>\nDie gemeinsame Anwendung der beiden Platten &#8222;Indi&#8220; und &#8222;Yudek&#8220; bringt eine enorme Aufladung der Chakras: mit Wurzel-Chakra, Solarplexus-, Herz-, Hals und Kronen-Chakra steigt die Energie von 5 Chakras auf 40 000 Bovis (und damit bis zur sicheren Messgrenze). Das Stirn-Chakra erh\u00f6ht seine Energie auf 35 000 Bovis und das Sexual-\/Blasen-Chakra auf 28 000 Bovis.<\/em><\/p>\n<p><strong><em>Wichtiger Hinweis:<br \/>\nWir weisen ausdr\u00fccklich darauf hin, dass die Kolzov-Platte (russische Bezeichnung: &#8222;Korrektoren des funktionalen Zustands&#8220;) ein alternatives Energie- und Informationsprodukt ist und kein Heilmittel im Sinne der westlichen Schulmedizin. Vielmehr ist es ein rein energetisches Hilfsmittel zur ganzheitlichen Balancierung von energetischen Disharmonien und Blockaden. Informationen \u00fcber Qualit\u00e4t und Eigenschaften des Energieobjekts beziehen sich auf Aussagen des russischen Herstellers und alternativen Theorien zu Mensch und Umwelt, auf alternative Anschauungen und esoterische \u00dcberlieferungen oder Aussagen. Sie gelten nur im Sinne der esoterischen Lebensphilosophie und daran angelehnte Alternativheilkunde. Wirkungen im Sinne westlicher Wissenschaft oder Medizin werden hier nicht behauptet.<\/em><\/strong><\/p>","protected":false},"excerpt":{"rendered":"<p>dient der ganzheitlichen Hormonregulation und emotionalen Balance, indem sie \u00c4ngste l\u00f6st und die Funktion der endokrinen Dr\u00fcsen energetisch harmonisiert. Gleichzeitig f\u00f6rdert sie die spirituelle Entwicklung, st\u00e4rkt die Intuition und bringt die Chakren f\u00fcr einen Zustand innerer F\u00fclle in Einklang.<\/p>","protected":false},"featured_media":1890,"comment_status":"open","ping_status":"closed","template":"","meta":[],"product_brand":[],"product_cat":[32],"product_tag":[],"class_list":{"0":"post-2063","1":"product","2":"type-product","3":"status-publish","4":"has-post-thumbnail","6":"product_cat-collection-series","8":"first","9":"instock","10":"sale","11":"taxable","12":"shipping-taxable","13":"purchasable","14":"product-type-variable"},"_links":{"self":[{"href":"https:\/\/vigo-rio.com\/en\/wp-json\/wp\/v2\/product\/2063","targetHints":{"allow":["GET"]}}],"collection":[{"href":"https:\/\/vigo-rio.com\/en\/wp-json\/wp\/v2\/product"}],"about":[{"href":"https:\/\/vigo-rio.com\/en\/wp-json\/wp\/v2\/types\/product"}],"replies":[{"embeddable":true,"href":"https:\/\/vigo-rio.com\/en\/wp-json\/wp\/v2\/comments?post=2063"}],"wp:featuredmedia":[{"embeddable":true,"href":"https:\/\/vigo-rio.com\/en\/wp-json\/wp\/v2\/media\/1890"}],"wp:attachment":[{"href":"https:\/\/vigo-rio.com\/en\/wp-json\/wp\/v2\/media?parent=2063"}],"wp:term":[{"taxonomy":"product_brand","embeddable":true,"href":"https:\/\/vigo-rio.com\/en\/wp-json\/wp\/v2\/product_brand?post=2063"},{"taxonomy":"product_cat","embeddable":true,"href":"https:\/\/vigo-rio.com\/en\/wp-json\/wp\/v2\/product_cat?post=2063"},{"taxonomy":"product_tag","embeddable":true,"href":"https:\/\/vigo-rio.com\/en\/wp-json\/wp\/v2\/product_tag?post=2063"}],"curies":[{"name":"wp","href":"https:\/\/api.w.org\/{rel}","templated":true}]}}