{"id":2062,"date":"2026-01-18T21:49:14","date_gmt":"2026-01-18T21:49:14","guid":{"rendered":"https:\/\/vigo-rio.com\/?post_type=product&#038;p=2062"},"modified":"2026-04-15T08:51:22","modified_gmt":"2026-04-15T08:51:22","slug":"fc-grace","status":"publish","type":"product","link":"https:\/\/vigo-rio.com\/en\/product\/fc-grace\/","title":{"rendered":"FC Gl\u00fcckseligkeit \/ Grace"},"content":{"rendered":"<p><strong>Kolzov-Platte &#8222;Gl\u00fcckseligkeit&#8220;\u00a0&#8211; (bei Stress, Gereiztheit und Depressionen, f\u00fcr Harmonie und pers\u00f6nliche Entwicklung, Aura-Reinigung)<\/strong><\/p>\n<p><strong>&#8211; neueste Version mit 8-Elementen (8 enthaltenen Energiespeicher-Chips)<\/strong><\/p>\n<p>Die Kolzov-Platte &#8222;Gl\u00fcckseligkeit&#8220; hilft in der heutigen, stressbelasteten Zeit ruhig, gelassen und beschwingt durchs Leben zu gehen und in seiner Mitte zu bleiben. Sie hilft, depressive Stimmungen zu beenden, Stress- und Konfliktsituationen zu l\u00f6sen und Harmonie zu erlangen. Sie unterst\u00fctzt geistige , spirituelle und k\u00f6rperliche \u00dcbungen und Praktiken, verleiht neue Energie und hebt das Schwingungsniveau.<\/p>\n<p><em>Die Aussagen beziehen sich auf alternative Testmethoden wie Meridianenergie-Messungen der Organfunktionskreisl\u00e4ufe nach TCM, Kirlian-Fotografie (EPG\/GDV-Kamera), Oberon, Amsat o.\u00e4. durch den Hersteller &#8222;Planet der Regionen&#8220; und stellen keine medizinische oder auf den physischen K\u00f6rper und dessen Organe bezogenen Aussage im Sinne der westlichen Schulmedizin dar.<\/em><\/p>\n<p><strong>Die Platte ist in diesem Sinne vor allem geeignet f\u00fcr:<\/strong><\/p>\n<ul>\n<li>hilft, nerv\u00f6se Spannungen, Gereiztheit, M\u00fcdigkeit, Stress und Depressionen zu l\u00f6sen und schneller zu \u00fcberwinden, und einen Zustand der Harmonie, Liebe, Ruhe und Ausgeglichenheit zu erlangen und zu bewahren,<\/li>\n<li>f\u00f6rdert eine ganzheitliche, kraftvolle Heilung von K\u00f6rper, Geist und Seele,<\/li>\n<li>entfernt ungew\u00fcnschte Beeinflussungen durch Energien und Informationsprogramme (Aura-Reinigung),<\/li>\n<li>unterst\u00fctzt das L\u00f6sen von Konflikten im sozialen Umfeld und in der Familie und hilft, auf eine neue Ebene der Kommunikation zu gelangen (basierend auf Annahme, Mitgef\u00fchl, Dankbarkeit und Liebe),<\/li>\n<li>harmonisiert die Funktion der beiden Gehirnh\u00e4lften, f\u00f6rdert die Verwirklichung des kreativen und spirituellen Potenzials,<\/li>\n<li>erh\u00f6ht das Schwingungsniveau des Anwenders und die Entwicklung der Intuition und einer intuitiven Weltsicht, \u00f6ffnet den Zugang zur inneren Quelle der Kraft,<\/li>\n<li>hilft, sehnliche Tr\u00e4ume und W\u00fcnsche zu erf\u00fcllen.<\/li>\n<\/ul>\n<p>Auf der Kolzov-Platte &#8222;Gl\u00fcckseligkeit&#8220; sind unter anderem die Informationen dreier heiliger, wirkm\u00e4chtiger Quellen gespeichert:<br \/>\n&#8211; der Quelle des heiligen Sergius von Radonesh (Gremjatschi Kljutsch), die im kleinen \u00d6rtchen Malinniki im Kreis Sergijew Posad im Moskauer Umland entspringt,<br \/>\n&#8211; der Quelle der Kasaner Ikone der Mutter Gottes der Ortschaft Radonesh im Kreis Sergijew Posad im Moskauer Umland,<br \/>\n&#8211; der Sabbas-Storoshewski-Quelle in Sergijew Posad.<\/p>\n<p>ZUR BEACHTUNG: bei dieser Platte sollte das Wasser zum Energetisieren mindestens 3 Minuten lang darauf gestellt werden.<\/p>\n<p><em><u>Ergebnis im LIFE-TEST:<\/u>\u00a0Die Platte &#8222;Gl\u00fcckseligkeit&#8220; hat eine sehr hohe Energie von 40 000 Bovis mit neutralem Energiefeld. Damit l\u00e4dt sie insbesondere das Kronen-Chakra, das Herz-Chakra und das Blasen-\/Sexual-Chakra auf enorme 40 000 Bovis auf. Stirn-Chakra und Hals-Cahkra steigen auf 28 000 Bovis, Solarplexus-Chakra und Wurzel-Chakra auf 21 000 Bovis.<\/em><\/p>\n<p><em><strong>Wichtiger Hinweis:<br \/>\nWir weisen ausdr\u00fccklich darauf hin, dass die Kolzov-Platte (russische Bezeichnung: &#8222;Korrektoren des funktionalen Zustands&#8220;) ein alternatives Energie- und Informationsprodukt ist und kein Heilmittel im Sinne der westlichen Schulmedizin. Vielmehr ist es ein rein energetisches Hilfsmittel zur ganzheitlichen Balancierung von energetischen Disharmonien und Blockaden. Informationen \u00fcber Qualit\u00e4t und Eigenschaften des Energieobjekts beziehen sich auf Aussagen des russischen Herstellers und alternativen Theorien zu Mensch und Umwelt, auf alternative Anschauungen und esoterische \u00dcberlieferungen oder Aussagen. Sie gelten nur im Sinne der esoterischen Lebensphilosophie und daran angelehnte Alternativheilkunde. Wirkungen im Sinne westlicher Wissenschaft oder Medizin werden hier nicht behauptet.<\/strong><\/em><\/p>","protected":false},"excerpt":{"rendered":"<p>Diese Platte unterst\u00fctzt das L\u00f6sen von nerv\u00f6sen Spannungen, Stress und depressiven Stimmungen, um einen dauerhaften Zustand der Harmonie, Ruhe und Ausgeglichenheit zu bewahren. Sie reinigt die Aura von unerw\u00fcnschten Informationsprogrammen, harmonisiert die Zusammenarbeit der Gehirnh\u00e4lften und f\u00f6rdert die Entfaltung des kreativen sowie spirituellen Potenzials, w\u00e4hrend sie gleichzeitig das Schwingungsniveau erh\u00f6ht und den Zugang zur inneren Kraftquelle \u00f6ffnet.<\/p>","protected":false},"featured_media":1900,"comment_status":"open","ping_status":"closed","template":"","meta":[],"product_brand":[],"product_cat":[32],"product_tag":[],"class_list":{"0":"post-2062","1":"product","2":"type-product","3":"status-publish","4":"has-post-thumbnail","6":"product_cat-collection-series","8":"first","9":"instock","10":"sale","11":"taxable","12":"shipping-taxable","13":"purchasable","14":"product-type-variable"},"_links":{"self":[{"href":"https:\/\/vigo-rio.com\/en\/wp-json\/wp\/v2\/product\/2062","targetHints":{"allow":["GET"]}}],"collection":[{"href":"https:\/\/vigo-rio.com\/en\/wp-json\/wp\/v2\/product"}],"about":[{"href":"https:\/\/vigo-rio.com\/en\/wp-json\/wp\/v2\/types\/product"}],"replies":[{"embeddable":true,"href":"https:\/\/vigo-rio.com\/en\/wp-json\/wp\/v2\/comments?post=2062"}],"wp:featuredmedia":[{"embeddable":true,"href":"https:\/\/vigo-rio.com\/en\/wp-json\/wp\/v2\/media\/1900"}],"wp:attachment":[{"href":"https:\/\/vigo-rio.com\/en\/wp-json\/wp\/v2\/media?parent=2062"}],"wp:term":[{"taxonomy":"product_brand","embeddable":true,"href":"https:\/\/vigo-rio.com\/en\/wp-json\/wp\/v2\/product_brand?post=2062"},{"taxonomy":"product_cat","embeddable":true,"href":"https:\/\/vigo-rio.com\/en\/wp-json\/wp\/v2\/product_cat?post=2062"},{"taxonomy":"product_tag","embeddable":true,"href":"https:\/\/vigo-rio.com\/en\/wp-json\/wp\/v2\/product_tag?post=2062"}],"curies":[{"name":"wp","href":"https:\/\/api.w.org\/{rel}","templated":true}]}}