{"id":2061,"date":"2026-01-18T21:48:49","date_gmt":"2026-01-18T21:48:49","guid":{"rendered":"https:\/\/vigo-rio.com\/?post_type=product&#038;p=2061"},"modified":"2026-03-29T15:36:39","modified_gmt":"2026-03-29T15:36:39","slug":"fc-healthy-teeth","status":"publish","type":"product","link":"https:\/\/vigo-rio.com\/en\/product\/fc-healthy-teeth\/","title":{"rendered":"FC Gesunde Z\u00e4hne \/ Healthy Teeth"},"content":{"rendered":"<p><strong>Kolzov-Platte &#8222;Gesunde Z\u00e4hne&#8220;\u00a0&#8211; (f\u00fcr Z\u00e4hne, Zahnfleisch und Kiefer)<br \/>\n&#8211; neueste Version mit 8-Elementen (8 enthaltenen Energiespeicher-Chips)<\/strong><\/p>\n<p>Die Kolzov-Platte &#8222;Gesunde Z\u00e4hne&#8220; dient der Gesunderhaltung von Z\u00e4hne, Zahnfleisch und Kiefer.<\/p>\n<p><em>Die Aussagen beziehen sich auf alternative Testmethoden wie Meridianenergie-Messungen der Organfunktionskreisl\u00e4ufe nach TCM, Kirlian-Fotografie (EPG\/GDV-Kamera), Oberon, Amsat o.\u00e4. durch den Hersteller &#8222;Planet der Regionen&#8220; und stellen keine medizinische oder auf den physischen K\u00f6rper und dessen Organe bezogenen Aussage im Sinne der westlichen Schulmedizin dar.<\/em><\/p>\n<p><strong>Die Platte ist in diesem Sinne vor allem geeignet f\u00fcr:<\/strong><\/p>\n<ul>\n<li>f\u00f6rdert die Wiederherstellung und Erhaltung der normalen Mikroflora der Mundh\u00f6hle,<\/li>\n<li>hat eine unterst\u00fctzende entz\u00fcndungshemmende und antibakterielle Wirkung bei verschiedenen Erkrankungen von Z\u00e4hnen und Zahnfleisch bzw. der Mundh\u00f6hle und Mundschleimhaut,<\/li>\n<li>f\u00f6rdert die Wundheilung im Mund und die Wiederherstellung der Mundschleimhaut und des Zahnfleisches z.B. nach chirurgischen Eingriffen,<\/li>\n<li>reduziert das Risiko von Komplikationen bei Zahn- und Zahnfleisch-Behandlungen, bei Zahnentfernung und Zahnimplantation u.\u00e4.,<\/li>\n<li>tr\u00e4gt im Energetischen zur Festigung des Knochengewebes im Kiefer bei und verhindert dessen Abbau,<\/li>\n<li>verringert die Gefahr der Absto\u00dfung von Zahnimplantaten, reduziert die Entwicklung von Zahnfleischwucherungen,<\/li>\n<li>beugt der Bildung von Kieferzysten unterschiedlicher Herkunft vor und hilft, Infektionen und Kieferzysten zu heilen.<\/li>\n<\/ul>\n<p>Die Anwendung der Kolzov-Platte &#8222;Gesunde Z\u00e4hne&#8220; wird auch bei jedem Zahnarztbesuch empfohlen, insbesondere vor chirurgischen Eingriffen (Entfernung, Implantation usw.) und danach zur schnelleren Genesung.<\/p>\n<p>Auf der Kolzov-Platte sind unter anderem die Informationen der Maya-Energie, der Kanal &#8222;KAPSUP&#8220;, gespeichert sowie energetischen Informationen des Wassers einer der Heilquellen von Shargalzhut in Bayankhongor Aimak, Mongolei.<\/p>\n<p>ZUR BEACHTUNG: bei dieser Platte sollte das Wasser zum Energetisieren mindestens 1 Minute lang darauf gestellt werden.<\/p>\n<p>TIPP: Verwenden Sie die Platte &#8222;Gesunde Z\u00e4hne&#8220; zusammen mit der Verst\u00e4rker-Platte &#8222;Kamerton&#8220;, um die Energie zu verst\u00e4rken. Zus\u00e4tzlich kann man sie noch zusammen mit der Platte &#8222;Danilowo See&#8220; erg\u00e4nzen, die u.a. Schutzifnformationen f\u00fcr den Zahnschmelz und Anti-Karies-Infos gepseichert hat.<\/p>\n<p><em><u>Ergebnis im LIFE-TEST:<\/u>\u00a0Die Platte &#8222;Gesunde Z\u00e4hne&#8220; steigert vor allem die Energie des Wurzel-Chakras auf hohe 35 000 Bovis, sowie Hals- und Stirn-Chakra auf ebenfalls hohe 28 000 Bovis. die anderen Chakras verdoppeln bzw. verdreifachen immerhin ihre Eenrgie auf 21 000 bzw. 14 000 Bovis. Durch gemeinsame Anwendung mit der Verst\u00e4rkerplatte &#8222;Kamerton&#8220; (morgens und abends ein damit energetisiertes Glas Wasser trinken) steigen alle Chakras auf 40 000 bzw. 35 000 Bovis.<\/em><\/p>\n<p><em><strong>Wichtiger Hinweis:<br \/>\nWir weisen ausdr\u00fccklich darauf hin, dass die Kolzov-Platte (russische Bezeichnung: &#8222;Korrektoren des funktionalen Zustands&#8220;) ein alternatives Energie- und Informationsprodukt ist und kein Heilmittel im Sinne der westlichen Schulmedizin. Vielmehr ist es ein rein energetisches Hilfsmittel zur ganzheitlichen Balancierung von energetischen Disharmonien und Blockaden. Informationen \u00fcber Qualit\u00e4t und Eigenschaften des Energieobjekts beziehen sich auf Aussagen des russischen Herstellers und alternativen Theorien zu Mensch und Umwelt, auf alternative Anschauungen und esoterische \u00dcberlieferungen oder Aussagen. Sie gelten nur im Sinne der esoterischen Lebensphilosophie und daran angelehnte Alternativheilkunde. Wirkungen im Sinne westlicher Wissenschaft oder Medizin werden hier nicht behauptet.<\/strong><\/em><\/p>","protected":false},"excerpt":{"rendered":"<p>unterst\u00fctzt gezielt die Gesunderhaltung von Z\u00e4hnen, Zahnfleisch und Kieferknochen, indem sie die normale Mikroflora der Mundh\u00f6hle f\u00f6rdert und energetisch entz\u00fcndungshemmend sowie antibakteriell wirkt. Sie beschleunigt die Wundheilung nach chirurgischen Eingriffen, festigt das Knochengewebe im Kiefer und reduziert das Risiko von Komplikationen oder Absto\u00dfungsreaktionen bei Zahnimplantaten, was sie zu einem idealen Begleiter f\u00fcr jeden Zahnarztbesuch macht.<\/p>","protected":false},"featured_media":1893,"comment_status":"open","ping_status":"closed","template":"","meta":[],"product_brand":[],"product_cat":[32],"product_tag":[],"class_list":{"0":"post-2061","1":"product","2":"type-product","3":"status-publish","4":"has-post-thumbnail","6":"product_cat-collection-series","8":"first","9":"instock","10":"sale","11":"taxable","12":"shipping-taxable","13":"purchasable","14":"product-type-variable"},"_links":{"self":[{"href":"https:\/\/vigo-rio.com\/en\/wp-json\/wp\/v2\/product\/2061","targetHints":{"allow":["GET"]}}],"collection":[{"href":"https:\/\/vigo-rio.com\/en\/wp-json\/wp\/v2\/product"}],"about":[{"href":"https:\/\/vigo-rio.com\/en\/wp-json\/wp\/v2\/types\/product"}],"replies":[{"embeddable":true,"href":"https:\/\/vigo-rio.com\/en\/wp-json\/wp\/v2\/comments?post=2061"}],"wp:featuredmedia":[{"embeddable":true,"href":"https:\/\/vigo-rio.com\/en\/wp-json\/wp\/v2\/media\/1893"}],"wp:attachment":[{"href":"https:\/\/vigo-rio.com\/en\/wp-json\/wp\/v2\/media?parent=2061"}],"wp:term":[{"taxonomy":"product_brand","embeddable":true,"href":"https:\/\/vigo-rio.com\/en\/wp-json\/wp\/v2\/product_brand?post=2061"},{"taxonomy":"product_cat","embeddable":true,"href":"https:\/\/vigo-rio.com\/en\/wp-json\/wp\/v2\/product_cat?post=2061"},{"taxonomy":"product_tag","embeddable":true,"href":"https:\/\/vigo-rio.com\/en\/wp-json\/wp\/v2\/product_tag?post=2061"}],"curies":[{"name":"wp","href":"https:\/\/api.w.org\/{rel}","templated":true}]}}