{"id":2060,"date":"2026-01-18T21:48:17","date_gmt":"2026-01-18T21:48:17","guid":{"rendered":"https:\/\/vigo-rio.com\/?post_type=product&#038;p=2060"},"modified":"2026-02-28T22:00:10","modified_gmt":"2026-02-28T22:00:10","slug":"fc-easy-breath","status":"publish","type":"product","link":"https:\/\/vigo-rio.com\/en\/product\/fc-easy-breath\/","title":{"rendered":"FC Gesunde Lunge \/ Easy Breath"},"content":{"rendered":"<p><strong>Kolzov-Platte &#8222;Gesunde Lunge&#8220;\u00a0&#8211; (f\u00fcr gesunde Lunge, Verbesserung der Atemfunktion)<br \/>\n&#8211; neueste Version mit 8-Elementen (8 enthaltenen Energiespeicher-Chips)<\/strong><\/p>\n<p>Die Kolzov-Platte &#8222;Gesunde Lunge&#8220; ist besonders empfehlenswert bei Erkrankungen der Atemwege, f\u00fcr Sportler und im Alter zur Verbesserung der Lungenfunktion, f\u00fcr aktive oder passive Raucher, f\u00fcr Menschen, die unter Luftverschmutzungen leiden sowie f\u00fcr Menschen mit geschw\u00e4chtem Immunsystem, bei chronischen Erkrankungen des Herzens und der Lunge.<\/p>\n<p><em>Die Aussagen beziehen sich auf alternative Testmethoden wie Meridianenergie-Messungen der Organfunktionskreisl\u00e4ufe nach TCM, Kirlian-Fotografie (EPG\/GDV-Kamera), Oberon, Amsat o.\u00e4. durch den Hersteller &#8222;Planet der Regionen&#8220; und stellen keine medizinische oder auf den physischen K\u00f6rper und dessen Organe bezogenen Aussage im Sinne der westlichen Schulmedizin dar.<\/em><\/p>\n<p><strong>Die Platte ist in diesem Sinne vor allem geeignet f\u00fcr:<\/strong><\/p>\n<ul>\n<li>ist eine energetisch wirksame Hilfe bei Beeintr\u00e4chtigungen der grundlegenden Lungenfunktion (Schwierigkeiten beim Atmen, Anreicherung des Blutes mit Sauerstoff, Abatmen von Kohlendioxid und toxischen Substanzen, etc.),<\/li>\n<li>unterst\u00fctzt die Reinigung der Atemwege von Schleim und Auswurf,<\/li>\n<li>tr\u00e4gt zur Verbesserung der Blutversorgung der Lungen bei,<\/li>\n<li>hat entz\u00fcndungshemmende, antibakterielle, antimykotische und antiparasit\u00e4re Wirkung bei verschiedenen Atemwegserkrankungen (akute und chronische Bronchitis, Lungenentz\u00fcndung, Asthma bronchiale, Lungenentz\u00fcndung, etc.),<\/li>\n<li>beugt im Energetischen der Entstehung und Entwicklung von Erkrankungen der Lunge vor &#8211; etwa bei Belastungen auf Arbeit, bei Wohn- und Umweltgiften,<\/li>\n<li>f\u00f6rdert die schnellere Genesung nach akuten und chronischen Atemwegserkrankungen und st\u00e4rkt das Immunsystem,<\/li>\n<li>hat regenerierende Wirkung wie etwa zum Wiederaufbau gesunder Schleimh\u00e4ute im Atmungssystems,<\/li>\n<li>reduziert das Risiko von Komplikationen nach operativen Eingriffen und k\u00fcnstlicher Beatmung.<\/li>\n<li>Auf der Kolzov-Platte &#8222;Gesunde Lunge&#8220; sind Informationen einer Heilquelle gespeichert, die in den Ausl\u00e4ufern des Altai in der Mongolei entspringt, sowie der Kraftorte &#8222;Kleiner Drache&#8220; und &#8222;Gro\u00dfe Schildkr\u00f6te&#8220;, die sich im Park der Drachen in der Region Primorje im S\u00fcdosten Russlands befinden.<\/li>\n<\/ul>\n<p>ZUR BEACHTUNG: bei dieser Platte sollte das Wasser zum Energetisieren mindestens 1 Minute lang darauf gestellt werden.<\/p>\n<p>TIPP 1: Die Kolzov-Platte &#8222;Gesunde Lunge&#8220; arbeitet sehr gut mit den Platten Nr.1, 2, &#8222;Extra-HNO&#8220;, &#8222;Allergie-Schutz&#8220;, &#8222;Amaranth&#8220; zusammen. Bei gleichzeitiger Anwendung wird eine st\u00e4rkere heilende Wirkung erzielt.<\/p>\n<p>TIPP 2: Zus\u00e4tzlich zum Trinken des Wasser und dem Tragen der Platte kann auch energetisiertes Wasser \u00fcber ein Dampfbad inhaliert werden (Dauer der Anwendung 5-10 Minuten, mindestens 10 Anwendungen).<\/p>\n<p><em><u>Ergebnis im LIFE-TEST:\u00a0<\/u><\/em><em>Die Platte &#8222;Gesunde Lunge&#8220; strahlt ebenfalls eine sehr hohe Energie von \u00fcber 40 000 Bovis aus. Damit l\u00e4dt sie vor allem die unteren Chakras, das Wurzel- und das Blase-\/Sexual-Chakra, auf enorme 40 000 Bovis auf. Das Solarplexus-Chakra und das Herz-Chakra steigen auf ebenfalls sehr hohe 35 000 Bovis und Stirn- und Hals-Chakra auf 28 000 Bovis. Das Kronen-Chakra verdreifacht immerhin noch seine Energie auf 21 000 Bovis. In der Messung der Organ-Energiewerte ist bei Anwendung der Platte &#8222;Gesunde Lunge&#8220; tats\u00e4chlich eine starke energetische Verbesserung beim Organpunkt &#8222;Lunge&#8220; zu erkennen, der fast sofort den gesunden Normalwert von 7000 in der Skala erreicht (orangefarbene Kurve).<\/em><\/p>\n<p><strong><em>Wichtiger Hinweis:<br \/>\nWir weisen ausdr\u00fccklich darauf hin, dass die Kolzov-Platte (russische Bezeichnung: &#8222;Korrektoren des funktionalen Zustands&#8220;) ein alternatives Energie- und Informationsprodukt ist und kein Heilmittel im Sinne der westlichen Schulmedizin. Vielmehr ist es ein rein energetisches Hilfsmittel zur ganzheitlichen Balancierung von energetischen Disharmonien und Blockaden. Informationen \u00fcber Qualit\u00e4t und Eigenschaften des Energieobjekts beziehen sich auf Aussagen des russischen Herstellers und alternativen Theorien zu Mensch und Umwelt, auf alternative Anschauungen und esoterische \u00dcberlieferungen oder Aussagen. Sie gelten nur im Sinne der esoterischen Lebensphilosophie und daran angelehnte Alternativheilkunde. Wirkungen im Sinne westlicher Wissenschaft oder Medizin werden hier nicht behauptet.<\/em><\/strong><\/p>","protected":false},"excerpt":{"rendered":"<p>unterst\u00fctzt gezielt die grundlegende Lungenfunktion und tr\u00e4gt zur optimalen Sauerstoffanreicherung des Blutes sowie zur effektiven Reinigung der Atemwege von Schleim und Schadstoffen bei. Sie wirkt energetisch entz\u00fcndungshemmend und regenerierend auf die Schleimh\u00e4ute des Atmungssystems, verbessert die Blutversorgung der Lunge und st\u00e4rkt das Immunsystem, was sie zu einem idealen Begleiter f\u00fcr Sportler, Raucher sowie Menschen mit chronischen Belastungen oder Umweltgiften macht.<\/p>","protected":false},"featured_media":1892,"comment_status":"open","ping_status":"closed","template":"","meta":[],"product_brand":[],"product_cat":[32],"product_tag":[],"class_list":{"0":"post-2060","1":"product","2":"type-product","3":"status-publish","4":"has-post-thumbnail","6":"product_cat-collection-series","8":"first","9":"instock","10":"sale","11":"taxable","12":"shipping-taxable","13":"purchasable","14":"product-type-variable"},"_links":{"self":[{"href":"https:\/\/vigo-rio.com\/en\/wp-json\/wp\/v2\/product\/2060","targetHints":{"allow":["GET"]}}],"collection":[{"href":"https:\/\/vigo-rio.com\/en\/wp-json\/wp\/v2\/product"}],"about":[{"href":"https:\/\/vigo-rio.com\/en\/wp-json\/wp\/v2\/types\/product"}],"replies":[{"embeddable":true,"href":"https:\/\/vigo-rio.com\/en\/wp-json\/wp\/v2\/comments?post=2060"}],"wp:featuredmedia":[{"embeddable":true,"href":"https:\/\/vigo-rio.com\/en\/wp-json\/wp\/v2\/media\/1892"}],"wp:attachment":[{"href":"https:\/\/vigo-rio.com\/en\/wp-json\/wp\/v2\/media?parent=2060"}],"wp:term":[{"taxonomy":"product_brand","embeddable":true,"href":"https:\/\/vigo-rio.com\/en\/wp-json\/wp\/v2\/product_brand?post=2060"},{"taxonomy":"product_cat","embeddable":true,"href":"https:\/\/vigo-rio.com\/en\/wp-json\/wp\/v2\/product_cat?post=2060"},{"taxonomy":"product_tag","embeddable":true,"href":"https:\/\/vigo-rio.com\/en\/wp-json\/wp\/v2\/product_tag?post=2060"}],"curies":[{"name":"wp","href":"https:\/\/api.w.org\/{rel}","templated":true}]}}