{"id":2059,"date":"2026-01-18T21:47:17","date_gmt":"2026-01-18T21:47:17","guid":{"rendered":"https:\/\/vigo-rio.com\/?post_type=product&#038;p=2059"},"modified":"2026-02-04T19:52:55","modified_gmt":"2026-02-04T19:52:55","slug":"fc-gift-of-fire","status":"publish","type":"product","link":"https:\/\/vigo-rio.com\/en\/product\/fc-gift-of-fire\/","title":{"rendered":"FC Geschenk des Feuers \/ Gift of Fire"},"content":{"rendered":"<p><strong>Kolzov-Platte: &#8222;Geschenk des Feuers&#8220;\u00a0&#8211; (Schutz der Atemwege und der Aura, Synchronisation des Zellged\u00e4chtnisses, &#8222;Anti-Seuchen&#8220;-Platte)<br \/>\n&#8211; neueste Version mit 8-Elementen (8 enthaltenen Energiespeicher-Chips)<\/strong><\/p>\n<p>Die Platte wurde einerseits aktuell zur Corona-Pandemie konzipiert und dient dem energetischen Schutz und der Regulation unterschiedlicher Atemwegserkrankungen insbesondere bei Epidemien. Sie dient andererseits aber auch dazu, negative Beeinflussungen und Angriffe verschiedenster Art auf Geist und Bewusstsein zu verhindern, sie soll die Gedanken kl\u00e4ren und den gesamten Organismus wieder in Einklang mit seiner ureigenen Zellinformationen und der nat\u00fcrlichen Umwelt bringen.<br \/>\nDie Platte hilft dabei, uns selbst als ein offenes energetisches Informationssystem wahrzunehmen, das untrennbar mit seiner Umwelt verbunden ist &#8211; und sie hilft, die Einbindung des Einzelnen in die kosmischen Energien des Universums und in die evolution\u00e4ren Menschheitsgeschichte zu begreifen. Die regelm\u00e4\u00dfige Arbeit mit dieser Platte verwandelt den menschlichen Organismus in ein harmonisches, flexibel reagierendes System mit einem m\u00e4chtigen energetischen Aura-Schutzschild. Laut Kolzov besitzt der energetische Schutz so hohe feinstoffliche Energien, dass niedrig-schwingende &#8222;Viren&#8220; und anderen &#8222;Seuchen&#8220; keine dauerhafte Andockchance haben.<\/p>\n<p><em>Die Aussagen beziehen sich auf alternative Testmethoden wie Meridianenergie-Messungen der Organfunktionskreisl\u00e4ufe nach TCM, Kirlian-Fotografie (EPG\/GDV-Kamera), Oberon, Amsat o.\u00e4. durch den Hersteller &#8222;Planet der Regionen&#8220; und stellen keine medizinische oder auf den physischen K\u00f6rper und dessen Organe bezogenen Aussage im Sinne der westlichen Schulmedizin dar.<br \/>\n<\/em><\/p>\n<p><strong>Die Platte ist in diesem Sinne vor allem geeignet f\u00fcr:<\/strong><\/p>\n<ul>\n<li>Die Platte wurde konzipiert f\u00fcr den Schutz und die energetische Regulation unterschiedlicher Atemwegserkrankungen, insbesondere bei Epidemien und Pandemien.<\/li>\n<li>Sie ist eine wertvolle energetische Hilfe und Unterst\u00fctzung bei allen Erkrankungen mit unklarer Diagnose und Herkunft, bei allen schweren und\/oder langwierigen und chronischen Erkrankungen.<\/li>\n<li>Die Platte &#8222;Geschenk des Feuers&#8220; dient dar\u00fcber hinaus aber vor allem f\u00fcr:<\/li>\n<li>die Platte hilft dabei, negativen \u00e4u\u00dferen Einfl\u00fcssen auf das Bewusstsein, auf K\u00f6rper und Biofeld zu widerstehen &#8211; egal, ob diese durch allgemeine chaotische Umst\u00e4nde oder gezielte menschengemachte Ursachen hervorgerufen werden,<\/li>\n<li>tr\u00e4gt zur Neutralisierung und L\u00f6schung unbefugten Eindringens in das pers\u00f6nliche Biofeld per Energie oder Information bei, wenn dies die menschliche Gesundheit und den energetischen Zustand negativ beeinflussen soll,<\/li>\n<li>hilft dabei, sich von energetischen Anhaftungen zu l\u00f6sen, die Gedanken zu kl\u00e4ren und Negatives in die Energien von Liebe und Dankbarkeit zu transformieren,<\/li>\n<li>hilft dabei, negative Einfl\u00fcsse aus psychischen Abh\u00e4ngigkeiten (Alkoholismus, Rauchen, \u00fcberm\u00e4\u00dfiges Essen, Drogenabh\u00e4ngigkeit usw.) zu lindern,<\/li>\n<li>unterst\u00fctzt dabei, auch eventuelle negative Einfl\u00fcsse von Vorfahren und Ahnenlinien zu l\u00f6sen und die positive Kr\u00e4fte im genetischen Ahnenged\u00e4chtnisses zu erwecken.<\/li>\n<li>Die Platte st\u00e4rkt die Aktivierung der ureigenen Zellinformationen im genetische Ged\u00e4chtnis und ihre Verkn\u00fcpfung mit dem zentralen Nervensystems,<\/li>\n<li>verbessert die Synchronisation im menschlichen Biofeld und dessen Einbindung in das nat\u00fcrliche Energie- und Informationsfeld des Universums, st\u00e4rkt das pers\u00f6nliche Biofeld (die Aura) und stattet es mit vielen neuen Schutzstufen und damit einem erweitertem Auraschutz aus.<\/li>\n<li>Die Platte kann auch zur Reinigung von R\u00e4ume verwendet werden.<\/li>\n<\/ul>\n<p>Auf der Kolzov- Platte &#8222;Geschenk des Feuers&#8220; sind unter anderem die Informationen kosmischen Energie- und Sonnenkan\u00e4le Perun, Ra und Ar im Feuermodus gespeichert.<\/p>\n<p>ZUR BEACHTUNG: Bei dieser Platte sollte das Wasser zum Energetisieren mindestens 15 Sekunden lang darauf gestellt werden. Trinken Sie das Wasser und tragen Sie die Platte am K\u00f6rper.<\/p>\n<p><em><u>Ergebnis im LIFE-TEST:\u00a0<\/u>Die Kolzov-Platte &#8222;Geschenk des Feuers&#8220; hat ein neutrales Energiefeld mit mehr als 40 000 Bovis. Damit aktiviert sie alle (!) Chakras auf enorme 40 000 Bovis (40 000 Bovis ist in dieser Testmethode die gesicherte Nachweisgrenze, also das oberste Ende der Skala).<br \/>\nIn der Messung der Meridianenergien per Hautwiderstandsmessung zeigt sich insgesamt eine deutliche Aktivierung, so dass das Energieniveau wieder bei dem eines gesunden Erwachsenen liegt. Besonders aktiviert wird aber der Funktionskreis der Lunge, was ein energetischer Hinweis auf den beschriebenen Schutz der Atemwege ist.<br \/>\nDie hohe Aufladung aller Chakras bewirkt auch eine gro\u00dfe Ausdehnung des gesamten Energiefeldes: der bioenergetische Reaktionsabstand w\u00e4chst von 75 Zentimetern um den K\u00f6rper auf 1,80 Meter.<\/em><\/p>\n<p><em><strong>Wichtiger Hinweis:<br \/>\nWir weisen ausdr\u00fccklich darauf hin, dass die Kolzov-Platte (russische Bezeichnung: &#8222;Korrektoren des funktionalen Zustands&#8220;) ein alternatives Energie- und Informationsprodukt ist und kein Heilmittel im Sinne der westlichen Schulmedizin. Vielmehr ist es ein rein energetisches Hilfsmittel zur ganzheitlichen Balancierung von energetischen Disharmonien und Blockaden. Informationen \u00fcber Qualit\u00e4t und Eigenschaften des Energieobjekts beziehen sich auf Aussagen des russischen Herstellers und alternativen Theorien zu Mensch und Umwelt, auf alternative Anschauungen und esoterische \u00dcberlieferungen oder Aussagen. Sie gelten nur im Sinne der esoterischen Lebensphilosophie und daran angelehnte Alternativheilkunde. Wirkungen im Sinne westlicher Wissenschaft oder Medizin werden hier nicht behauptet.<\/strong><\/em><\/p>","protected":false},"excerpt":{"rendered":"<p>fungiert als m\u00e4chtiger energetischer Schutzschild f\u00fcr die Atemwege und die Aura, der den gesamten Organismus in Einklang mit seiner ureigenen Zellinformation bringt. Sie hilft dabei, negativen \u00e4u\u00dferen Einfl\u00fcssen auf das Bewusstsein zu widerstehen, energetische Anhaftungen zu l\u00f6sen und psychische Abh\u00e4ngigkeiten sowie belastende Ahnenlinien zu kl\u00e4ren. Durch die Aktivierung aller Chakren auf ein Maximum erweitert sie das pers\u00f6nliche Biofeld und transformiert negative Energien in Liebe und Dankbarkeit, w\u00e4hrend sie gleichzeitig die Synchronisation mit dem universellen Informationsfeld st\u00e4rkt.<\/p>","protected":false},"featured_media":1897,"comment_status":"open","ping_status":"closed","template":"","meta":[],"product_brand":[],"product_cat":[32],"product_tag":[],"class_list":{"0":"post-2059","1":"product","2":"type-product","3":"status-publish","4":"has-post-thumbnail","6":"product_cat-collection-series","8":"first","9":"instock","10":"sale","11":"taxable","12":"shipping-taxable","13":"purchasable","14":"product-type-variable"},"_links":{"self":[{"href":"https:\/\/vigo-rio.com\/en\/wp-json\/wp\/v2\/product\/2059","targetHints":{"allow":["GET"]}}],"collection":[{"href":"https:\/\/vigo-rio.com\/en\/wp-json\/wp\/v2\/product"}],"about":[{"href":"https:\/\/vigo-rio.com\/en\/wp-json\/wp\/v2\/types\/product"}],"replies":[{"embeddable":true,"href":"https:\/\/vigo-rio.com\/en\/wp-json\/wp\/v2\/comments?post=2059"}],"wp:featuredmedia":[{"embeddable":true,"href":"https:\/\/vigo-rio.com\/en\/wp-json\/wp\/v2\/media\/1897"}],"wp:attachment":[{"href":"https:\/\/vigo-rio.com\/en\/wp-json\/wp\/v2\/media?parent=2059"}],"wp:term":[{"taxonomy":"product_brand","embeddable":true,"href":"https:\/\/vigo-rio.com\/en\/wp-json\/wp\/v2\/product_brand?post=2059"},{"taxonomy":"product_cat","embeddable":true,"href":"https:\/\/vigo-rio.com\/en\/wp-json\/wp\/v2\/product_cat?post=2059"},{"taxonomy":"product_tag","embeddable":true,"href":"https:\/\/vigo-rio.com\/en\/wp-json\/wp\/v2\/product_tag?post=2059"}],"curies":[{"name":"wp","href":"https:\/\/api.w.org\/{rel}","templated":true}]}}