{"id":2058,"date":"2026-01-18T21:46:47","date_gmt":"2026-01-18T21:46:47","guid":{"rendered":"https:\/\/vigo-rio.com\/?post_type=product&#038;p=2058"},"modified":"2026-04-12T17:08:18","modified_gmt":"2026-04-12T17:08:18","slug":"fc-fungimin","status":"publish","type":"product","link":"https:\/\/vigo-rio.com\/en\/product\/fc-fungimin\/","title":{"rendered":"FC Fungimin"},"content":{"rendered":"<p><strong>Kolzov-Platte: &#8222;Fungimin&#8220;\u00a0&#8211; (gegen Pilz-Infektionen auf Haut, Schleimhaut, Darm, N\u00e4gel und generell im K\u00f6rper)<br \/>\n&#8211; neueste Version mit 8-Elementen (8 enthaltenen Energiespeicher-Chips)<br \/>\n<\/strong><\/p>\n<p>Diese Platte ist hilfreich bei jeder Art von Pilzerkrankung. Aber auch wenn man keine Pilzerkrankung hat, ist es sehr sinnvoll kurweise jedes Jahr einmal die Platte zu verwenden, um die mikrobielle Belastung des K\u00f6rpers und die allgemeine Genesung zu reduzieren. Bei Erkrankungen mit unklarer Ursache kann die Anwendung der Platte der entscheidende Schl\u00fcssel f\u00fcr den Weg zur Heilung sein.<\/p>\n<p><em>Die Aussagen beziehen sich auf alternative Testmethoden wie Meridianenergie-Messungen der Organfunktionskreisl\u00e4ufe nach TCM, Kirlian-Fotografie (EPG\/GDV-Kamera), Oberon, Amsat o.\u00e4. durch den Hersteller &#8222;Planet der Regionen&#8220; und stellen keine medizinische oder auf den physischen K\u00f6rper und dessen Organe bezogenen Aussage im Sinne der westlichen Schulmedizin dar.<\/em><\/p>\n<p><strong>Die Platte ist in diesem Sinne vor allem geeignet f\u00fcr:<\/strong><\/p>\n<ul>\n<li>hilft auf energetischem Wege, Symptome von Pilzerkrankungen zu stoppen, verhindert und beseitigt die Ursachen von Pilzinfektionen, und zielt darauf ab, das Entstehen von Komplikationen und Reinfektionen zu verhindern,<\/li>\n<li>beugt wirksam dem Auftreten verschiedener Pilzinfektionen (Mykosen) vor, auch wenn der K\u00f6rper eine verringerte Abwehrkraft (Immunschw\u00e4che) hat,<\/li>\n<li>hilft bei systemischen Mykosen, also bei Sch\u00e4digungen des gesamten K\u00f6rpers durch Pilze, wenn verschiedene Organe und Systeme beteiligt sind,<\/li>\n<li>hilft bei Nagelpilz-Erkrankungen (auch bei Onycholyse, die vollst\u00e4ndige oder teilweise Abl\u00f6sung des Nagels vom Nagelbett) und bei Pilze-Erkrankungen der Haut,<\/li>\n<li>zielt darauf ab, das gesch\u00e4digte Gewebe wiederherzustellen, sowohl bei den Nagelplatten als auch bei der Epidermis und verbessert den \u00e4u\u00dferen Zustand der Haut,<\/li>\n<li>beseitigt durch Pilzerkrankungen hervorgerufene Schwellungen des Weichgewebes, macht raue Haut weicher und f\u00f6rdert das Peeling betroffener verhornter Zellen,<\/li>\n<li>die Platte hilft auf energetischem Wege bei Pilzerkrankungen der Schleimh\u00e4ute wie im Bereich von Gyn\u00e4kologie, Urologie, Magen-Darm-Trakt, HNO-Organe und bei L\u00e4sionen der Schleimh\u00e4ute der Mundh\u00f6hle,<\/li>\n<li>verhindert Pilzinfektionen und korrigiert auch den Zustand der Kopfhaut bei \u00e4u\u00dferen Anzeichen wie Schuppen, Juckreiz, Peeling),<\/li>\n<li>hilft energetisch bei Reizungen, Schnitte, Sch\u00fcrfwunden, Windelausschlag, \u00fcberm\u00e4\u00dfiges Schwitzen und anderen Hautsch\u00e4den m\u00f6gliche Pilz-Infektionen zu verhindern,<\/li>\n<li>reduziert das Auftreten von Schwei\u00dff\u00fc\u00dfen, verringert Geruch und Juckreiz zder Schwei\u00dff\u00fc\u00dfe, die oft mit Pilzinfektionen einhergehen,<\/li>\n<li>die Platte sch\u00fctzt vor negativen Einfl\u00fcssen der \u00e4u\u00dferen Umgebung, durch die eine Ansiedlung mit Pilzen erleichtert wird, und hat neben dieser antimykotischen Wirkung so auch einen generell positiven Einfluss auf das energetische Umfeld f\u00fcr die Zellen.<\/li>\n<\/ul>\n<p>Auf der Platte sind Informationen organischer, pflanzlicher Fungizide gespeichert.<\/p>\n<p>TIPP 1: Trinken Sie t\u00e4glich genug strukturiertes Wasser von dieser Platte \u00fcber einen l\u00e4ngeren Zeitraum &#8211; je nach Pilzerkrankung kann es zwischen einem Monat und einem Jahr dauern. Bleiben Sie geduldig und wenden Sie die Platte lange genug an.<br \/>\nAuch wenn man keine Pilzerkrankung hat, ist es sehr sinnvoll kurweise jedes Jahr einmal die Platte zu verwenden, um die mikrobielle Belastung des K\u00f6rpers und die allgemeine Genesung zu reduzieren.<\/p>\n<p>TIPP 2: Die Platte erh\u00f6ht die antimikrobielle und antibakterielle Wirkung von Antipilz-Pr\u00e4paraten. Zus\u00e4tzlich k\u00f6nnen mit dieser Platte informierte L\u00f6sungen f\u00fcr Sp\u00fclungen (Gyn\u00e4kologie, Urologie, HNO, Haut und Haare) angefertigt werden. Die Haut kann vor dem Auftragen von Antipilzpr\u00e4paraten mit informierten Wasser benetzt werden usw.. B\u00e4der mit dem strukturierten Wasser (ca. 30 Minuten lang) sind zur Erholung und Wiederherstellung der N\u00e4gel sind sehr hilfreich.<\/p>\n<p>TIPP 3: Es wird empfohlen, Sportschuhe (und andere) zur Vorbeugung von Pilzinfektionen regelm\u00e4\u00dfig mit strukturiertem Wasser zu sp\u00fclen oder zu bespr\u00fchen.<\/p>\n<p>TIPP 4: Das mit dieser Platte informierte Wasser kann auch f\u00fcr Pflanzen und Tiere verwendet werden. Gie\u00dfen Sie Zimmerpflanzen, Obst und Gem\u00fcse mit dem Wasser und geben Sie es in die Trinkschale der Haustiere.<\/p>\n<p>ZUR BEACHTUNG: Bei dieser Platte sollte das Wasser zum Energetisieren mindestens 10 Minuten lang darauf gestellt werden.<\/p>\n<p><em><u>Ergebnis im LIFE-TEST:\u00a0<\/u>Die Kolzov-Platte &#8222;Fungimin&#8220; hat ein neutrales Energiefeld mit mehr als 40 000 Bovis. Damit aktiviert sie jeweils die drei unteren Chakras auf 40 000 Bovis: also Wurzel-, Blase-\/Sexual- und Solarplexus-Chakra steigen auf 40 000 Bovis. das Kronen-Chakra auf ebenfalls sehr hohe 35 000 Bovis. Stirn- und Hals-Chakra erh\u00f6hen ihre Eenrgie auf 28 000 und das Herz-Chakra verdreifacht noch seine Energie auf 21 Bovis. Durch die Aufladung der Chakras w\u00e4chst der bioenergetische Reaktionsabstand von zirka 75 Zentimetern um den K\u00f6rper auf 1,60 Meter.<\/em><\/p>\n<p><em><br \/>\n<strong>Wichtiger Hinweis:<br \/>\nWir weisen ausdr\u00fccklich darauf hin, dass die Kolzov-Platte (russische Bezeichnung: &#8222;Korrektoren des funktionalen Zustands&#8220;) ein alternatives Energie- und Informationsprodukt ist und kein Heilmittel im Sinne der westlichen Schulmedizin. Vielmehr ist es ein rein energetisches Hilfsmittel zur ganzheitlichen Balancierung von energetischen Disharmonien und Blockaden. Informationen \u00fcber Qualit\u00e4t und Eigenschaften des Energieobjekts beziehen sich auf Aussagen des russischen Herstellers und alternativen Theorien zu Mensch und Umwelt, auf alternative Anschauungen und esoterische \u00dcberlieferungen oder Aussagen. Sie gelten nur im Sinne der esoterischen Lebensphilosophie und daran angelehnte Alternativheilkunde. Wirkungen im Sinne westlicher Wissenschaft oder Medizin werden hier nicht behauptet.<\/strong><\/em><\/p>","protected":false},"excerpt":{"rendered":"<p>Diese Platte bietet eine kraftvolle energetische Unterst\u00fctzung bei jeglicher Art von Pilzinfektionen auf der Haut, den N\u00e4geln sowie den Schleimh\u00e4uten im gesamten K\u00f6rper. Sie zielt darauf ab, die Ursachen von Mykosen zu beseitigen, gesch\u00e4digtes Gewebe der Epidermis zu regenerieren und das Immunsystem bei systemischen Belastungen zu st\u00e4rken. Zudem sch\u00fctzt sie vor Reinfektionen, lindert Begleiterscheinungen wie Juckreiz oder Schwellungen und eignet sich hervorragend zur regelm\u00e4\u00dfigen energetischen Reinigung des mikrobiellen Umfelds.<\/p>","protected":false},"featured_media":1876,"comment_status":"open","ping_status":"closed","template":"","meta":[],"product_brand":[],"product_cat":[32],"product_tag":[],"class_list":{"0":"post-2058","1":"product","2":"type-product","3":"status-publish","4":"has-post-thumbnail","6":"product_cat-collection-series","8":"first","9":"instock","10":"taxable","11":"shipping-taxable","12":"purchasable","13":"product-type-simple"},"_links":{"self":[{"href":"https:\/\/vigo-rio.com\/en\/wp-json\/wp\/v2\/product\/2058","targetHints":{"allow":["GET"]}}],"collection":[{"href":"https:\/\/vigo-rio.com\/en\/wp-json\/wp\/v2\/product"}],"about":[{"href":"https:\/\/vigo-rio.com\/en\/wp-json\/wp\/v2\/types\/product"}],"replies":[{"embeddable":true,"href":"https:\/\/vigo-rio.com\/en\/wp-json\/wp\/v2\/comments?post=2058"}],"wp:featuredmedia":[{"embeddable":true,"href":"https:\/\/vigo-rio.com\/en\/wp-json\/wp\/v2\/media\/1876"}],"wp:attachment":[{"href":"https:\/\/vigo-rio.com\/en\/wp-json\/wp\/v2\/media?parent=2058"}],"wp:term":[{"taxonomy":"product_brand","embeddable":true,"href":"https:\/\/vigo-rio.com\/en\/wp-json\/wp\/v2\/product_brand?post=2058"},{"taxonomy":"product_cat","embeddable":true,"href":"https:\/\/vigo-rio.com\/en\/wp-json\/wp\/v2\/product_cat?post=2058"},{"taxonomy":"product_tag","embeddable":true,"href":"https:\/\/vigo-rio.com\/en\/wp-json\/wp\/v2\/product_tag?post=2058"}],"curies":[{"name":"wp","href":"https:\/\/api.w.org\/{rel}","templated":true}]}}