{"id":2057,"date":"2026-01-18T21:46:19","date_gmt":"2026-01-18T21:46:19","guid":{"rendered":"https:\/\/vigo-rio.com\/?post_type=product&#038;p=2057"},"modified":"2026-04-18T07:27:49","modified_gmt":"2026-04-18T07:27:49","slug":"fc-extra-ent-doctor","status":"publish","type":"product","link":"https:\/\/vigo-rio.com\/en\/product\/fc-extra-ent-doctor\/","title":{"rendered":"FC Extra HNO \/ Extra Ent Doctor"},"content":{"rendered":"<p><strong>Kolzov-Platte &#8222;Extra HNO&#8220;\u00a0&#8211; (Hals, Nase, Ohren, Kehlkopf, Lunge)<br \/>\n&#8211; neueste Version mit 8-Elementen (8 enthaltenen Energiespeicher-Chips)<\/strong><\/p>\n<p><em>Die Aussagen beziehen sich auf alternative Testmethoden wie Meridianenergie-Messungen der Organfunktionskreisl\u00e4ufe nach TCM, Kirlian-Fotografie (EPG\/GDV-Kamera), Oberon, Amsat o.\u00e4. durch den Hersteller &#8222;Planet der Regionen&#8220; und stellen keine medizinische oder auf den physischen K\u00f6rper und dessen Organe bezogenen Aussage im Sinne der westlichen Schulmedizin dar.<\/em><\/p>\n<p><strong>Die Platte ist in diesem Sinne vor allem geeignet f\u00fcr:<\/strong><\/p>\n<ul>\n<li>zur energetischen Vorbeugung und Korrektur von Erkrankungen der HNO-Organe und der unteren Atemwege (Hals, Nase, Ohren, Mundh\u00f6hle, Rachen, Kehlkopf, Lunge) verschiedener Herkunft wie beispielsweise: virale und bakterielle Erkrankungen in akuter oder chronischer Form (Grippe, Influenza, SARS, Otitis, Rhinitis, Sinusitis, Adenoide, Mandelentz\u00fcndung, Bronchitis, Tracheitis , Laryngitis, Tonsillitis, etc.),<\/li>\n<li>hilft energetisch bei begleitenden Symptomen, die mit Erkrankungen der HNO-Organe und der unteren Atemwege einhergehen (\u00d6deme der Schleimh\u00e4ute, Schwei\u00df, Husten usw.)<\/li>\n<li>f\u00f6rdert eine schnellere Genesung bei Problemen im HNO-Bereich,<\/li>\n<li>hilft auf energetischem Wege bei verstopfter Nase auch aufgrund von allergischen Symptomen (Rhinitis, Sinusitis, Rhinosinusopathie, etc.),<\/li>\n<li>hilft unterst\u00fctzend bei Schwerh\u00f6rigkeit, die durch Infektionskrankheiten und Krankheitserreger verursacht wurde (etwa durch Viren, Staphylokokken, Streptokokken, Pilze usw.),<\/li>\n<li>beugt Komplikationen bei den verschiedenen Erkrankungen der HNO-Organe vor,<\/li>\n<li>hilft die Abwehrkr\u00e4fte zu st\u00e4rken insbesondere in der &#8222;Grippe-Zeit&#8220; und bei saisonalen Krankheiten und Epidemien, st\u00e4rkt die Selbstheilungskr\u00e4fte.<\/li>\n<li>Die Kolzov-Platte &#8222;Extra HNO&#8220; enth\u00e4lt die energetischen Informationen des Wassers einer der Heilquellen von Shargalzhut in Bayankhongor Aimak, Mongolei. Dieses ber\u00fchmte Heilwasser enth\u00e4lt unter anderem besonders hohe Mengen an Silizium.<\/li>\n<\/ul>\n<p>ZUR BEACHTUNG: bei dieser Platte sollte das Wasser zum Energetisieren mindestens 1 Minute lang darauf gestellt werden.<\/p>\n<p>TIPP: Auf dieser Kolzov-Platte k\u00f6nnen neben dem Trinkwasser zum Beispiel auch Nasentropfen, Sprays f\u00fcr die Atemwege, Sirup f\u00fcr Hals-Nase-Ohren, Br\u00fchen gegen Grippe und vieles mehr energetisiert werden.<\/p>\n<p><em><u>Ergebnis im LIFE-TEST:<\/u>\u00a0Die Platte Extra-HNO strahlt ein neutrales Energiefeld von 40 000 Bovis aus. Damit steigert sie die Energie des Wurzel-Chakras auf 40 000 Bovis, Solarplexus-Chakra und Hals-Chakra steigen auf ebenfalls hohe 35 000 Bovis, das Herz-Chakra und Stirn-Charka auf 28 000 Bovis, das Sexual-\/Blasen-Chakra verdreifacht immerhin noch seine Energie auf 21 000 Bovis.<\/em><br \/>\n<em>Verwendet man nun die Platte Kamerton als Verst\u00e4rkerplatte wird beispielsweise die Wirkung der neuen Platte Extra-HNO so verst\u00e4rkt, dass sich fast alle Chakras in ihrer Energie auf 40 000 Bovis erh\u00f6hen (Hals-, Solar-Plexus-, Sexual-\/Blasen-Cahkra und Wurzel-Chakra), die anderen auf ebenfalls noch enorme 35 00 Bovis (Scheitel-, Stirn- und Herz-Chakra) &#8211; und das sowohl wenn man die Platte tr\u00e4gt als auch wenn man ein Glas Wasser mit Kamerton trinkt.<\/em><\/p>\n<p><em><br \/>\n<strong>Wichtiger Hinweis:<br \/>\nWir weisen ausdr\u00fccklich darauf hin, dass die Kolzov-Platte (russische Bezeichnung: &#8222;Korrektoren des funktionalen Zustands&#8220;) ein alternatives Energie- und Informationsprodukt ist und kein Heilmittel im Sinne der westlichen Schulmedizin. Vielmehr ist es ein rein energetisches Hilfsmittel zur ganzheitlichen Balancierung von energetischen Disharmonien und Blockaden. Informationen \u00fcber Qualit\u00e4t und Eigenschaften des Energieobjekts beziehen sich auf Aussagen des russischen Herstellers und alternativen Theorien zu Mensch und Umwelt, auf alternative Anschauungen und esoterische \u00dcberlieferungen oder Aussagen. Sie gelten nur im Sinne der esoterischen Lebensphilosophie und daran angelehnte Alternativheilkunde. Wirkungen im Sinne westlicher Wissenschaft oder Medizin werden hier nicht behauptet.<\/strong><\/em><\/p>","protected":false},"excerpt":{"rendered":"<p>Diese Platte dient der gezielten energetischen Vorbeugung und Korrektur von akuten sowie chronischen Erkrankungen im Hals-Nasen-Ohren-Bereich und der unteren Atemwege. Sie unterst\u00fctzt eine schnellere Genesung bei Infekten, lindert Symptome wie Schleimhautschwellungen oder Husten und st\u00e4rkt nachhaltig die Abwehrkr\u00e4fte sowie die Selbstheilungskr\u00e4fte des Organismus, insbesondere w\u00e4hrend der Erk\u00e4ltungs- und Grippezeit.<\/p>","protected":false},"featured_media":1875,"comment_status":"open","ping_status":"closed","template":"","meta":[],"product_brand":[],"product_cat":[32],"product_tag":[],"class_list":{"0":"post-2057","1":"product","2":"type-product","3":"status-publish","4":"has-post-thumbnail","6":"product_cat-collection-series","8":"first","9":"instock","10":"sale","11":"taxable","12":"shipping-taxable","13":"purchasable","14":"product-type-variable"},"_links":{"self":[{"href":"https:\/\/vigo-rio.com\/en\/wp-json\/wp\/v2\/product\/2057","targetHints":{"allow":["GET"]}}],"collection":[{"href":"https:\/\/vigo-rio.com\/en\/wp-json\/wp\/v2\/product"}],"about":[{"href":"https:\/\/vigo-rio.com\/en\/wp-json\/wp\/v2\/types\/product"}],"replies":[{"embeddable":true,"href":"https:\/\/vigo-rio.com\/en\/wp-json\/wp\/v2\/comments?post=2057"}],"wp:featuredmedia":[{"embeddable":true,"href":"https:\/\/vigo-rio.com\/en\/wp-json\/wp\/v2\/media\/1875"}],"wp:attachment":[{"href":"https:\/\/vigo-rio.com\/en\/wp-json\/wp\/v2\/media?parent=2057"}],"wp:term":[{"taxonomy":"product_brand","embeddable":true,"href":"https:\/\/vigo-rio.com\/en\/wp-json\/wp\/v2\/product_brand?post=2057"},{"taxonomy":"product_cat","embeddable":true,"href":"https:\/\/vigo-rio.com\/en\/wp-json\/wp\/v2\/product_cat?post=2057"},{"taxonomy":"product_tag","embeddable":true,"href":"https:\/\/vigo-rio.com\/en\/wp-json\/wp\/v2\/product_tag?post=2057"}],"curies":[{"name":"wp","href":"https:\/\/api.w.org\/{rel}","templated":true}]}}