{"id":2056,"date":"2026-01-18T21:45:47","date_gmt":"2026-01-18T21:45:47","guid":{"rendered":"https:\/\/vigo-rio.com\/?post_type=product&#038;p=2056"},"modified":"2026-02-04T19:53:14","modified_gmt":"2026-02-04T19:53:14","slug":"fc-barbaras-source","status":"publish","type":"product","link":"https:\/\/vigo-rio.com\/en\/product\/fc-barbaras-source\/","title":{"rendered":"FC Barbara&#8217;s Quelle \/ Barbara&#8217;s Source"},"content":{"rendered":"<p><strong>Kolzov-Platte &#8222;Barbara Quelle&#8220;\u00a0&#8211; (bei Entz\u00fcndungen,<br \/>\nbakteriellen Erkrankung und Pilzkrankheiten, und bei Computer-T\u00e4tigkeit)<\/strong><\/p>\n<p><strong>&#8211; neueste Version mit 8-Elementen (8 enthaltenen Energiespeicher-Chips)<\/strong><\/p>\n<p>Die Kolzov-Platte &#8222;Barbara Quelle&#8220; ist hilfreich zur Vorbeugung und Linderung der unterschiedlichsten entz\u00fcndlichen und bakteriellen Erkrankungen und bei Pilzkrankheiten. Au\u00dferdem hilft sie beim Syndrom des &#8222;trockenen Auges&#8220; und Gef\u00e4\u00dfkr\u00e4mpfen, die durch langes Arbeiten am Computer entstehen k\u00f6nnen.<\/p>\n<p><em>Die Aussagen beziehen sich auf alternative Testmethoden wie Meridianenergie-Messungen der Organfunktionskreisl\u00e4ufe nach TCM, Kirlian-Fotografie (EPG\/GDV-Kamera), Oberon, Amsat o.\u00e4. durch den Hersteller &#8222;Planet der Regionen&#8220; und stellen keine medizinische oder auf den physischen K\u00f6rper und dessen Organe bezogenen Aussage im Sinne der westlichen Schulmedizin dar.<\/em><\/p>\n<p><strong>Die Platte ist in diesem Sinne vor allem geeignet f\u00fcr:<\/strong><\/p>\n<ul>\n<li>hat eine allgemeine antientz\u00fcndliche, antibakterielle und antimykotische Wirkung,<\/li>\n<li>hilft bei entz\u00fcndlichen Erkrankungen des Fortpflanzungssystems bei Frauen und M\u00e4nnern,<\/li>\n<li>hat eine ausgepr\u00e4gte entz\u00fcndungshemmende Wirkung auf die Schleimhaut der Mundh\u00f6hle und des Zahnfleisches (Gingivitis, Stomatitis, Parodontitis),<\/li>\n<li>hilft bei entz\u00fcndliche Hauterkrankungen (einschlie\u00dflich Furunkulose, Karbunkel),<\/li>\n<li>st\u00e4rkt das Immunsystem und die unterst\u00fctzt eine schnellere Genesung nach akuten oder virusbedingten Atemwegserkrankungen auch noch beim Auftreten erster Krankheitssymptome,<\/li>\n<li>verbessert die Aufnahme von Vitaminen und Mineralien so auch des Spurenelements Magnesium, das f\u00fcr viele Lebensprozesse im K\u00f6rper wichtig ist (insbesondere im Nerven-, Herz-Kreislauf-, Knochen- und Verdauungssystem),<\/li>\n<li>f\u00f6rdert die Wiederherstellung des Phosphor- und Kohlenhydratstoffwechsels<\/li>\n<li>f\u00f6rdert die Wiederherstellung wichtiger enzymatischer Reaktionen im Organismus (in Verdauungstrakt, Leber, Gallenblase),<\/li>\n<li>tr\u00e4gt zur Zellerneuerung und Regeneration der Zellen von Geweben und Organen,<\/li>\n<li>lindert verschiedene Erkrankungen der oberen Atemwege, unterst\u00fctzt die Verfl\u00fcssigung und das Abhusten von &#8222;Verschleimungen&#8220;,<\/li>\n<li>lindert energetisch St\u00f6rungen der Hirnfunktionen (in Hypothalamus, Hypophyse, Epiphyse) und hat positiven Einfluss auf St\u00f6rungen im Hormonsystem,<\/li>\n<li>hilft bei der Beseitigung des &#8222;trockenen Augen&#8220;-Syndroms und lindert Kr\u00e4mpfe, die durch l\u00e4ngeres Arbeiten am Computer verursacht werden,<\/li>\n<li>wirkt sich positiv auf Beeintr\u00e4chtigungen des Glask\u00f6rpers des Auges aus und ist hilfreich bei Linsentr\u00fcbungen (Grauer Star).<\/li>\n<li>F\u00f6rdert die Linderung einer Reihe unterschiedlicher Symptome, die mit einer Fehlfunktion des vegetativen Nervensystems zusammenh\u00e4ngen (vegetativ-vaskul\u00e4re Dystonie), stellt die Elastizit\u00e4t der Blutgef\u00e4\u00dfe wieder her, f\u00f6rdert die Blutverd\u00fcnnung und beugt der Bildung von Thrombosen vor,<\/li>\n<li>f\u00f6rdert im Energetischen die Heilung von Pilzerkrankungen bei N\u00e4geln und Haut (einschlie\u00dflich Seborrhoe der Kopfhaut) und beugt ihnen vor.<\/li>\n<\/ul>\n<p>Auf der Kolzov-Platte &#8222;Barbara Quelle&#8220; sind Informationen der heiligen Barbara-Quelle gespeichert. Diese ber\u00fchmte Quelle entspringt in der N\u00e4he der Stadt Pereslawl-Salesski im Gebiet Jaroslawl. Die Barbara-Quelle bildet zusammen mit dem Alexandrowa-Berg, dem Blauen Stein und dem Pleschtschejewo-See eine altslawische Kultst\u00e4tte, die dem Gott Jaril geweiht war. Die Stadt Pereslawl-Salesski ist heute eine der am besten erhaltenen St\u00e4dte Zentralrusslands und ist Bestandteil des sogenannten &#8222;Goldenen Rings&#8220; historischer St\u00e4dte um Moskau. Seine Kathedrale z\u00e4hlt zu den \u00e4ltesten russisch-orthodoxen Sakralbauten. Die Barbara-Quelle ist ein heiliger Ort, daher sollte man mit der Platte respektvoll arbeiten.<\/p>\n<p>ZUR BEACHTUNG: Bei dieser Platte sollte das Wasser zum Energetisieren nicht weniger als 6 Minuten lang darauf gestellt werden, am einfachsten eine Flasche Wasser \u00fcber Nacht darauf stehen lassen.<\/p>\n<p>TIPP: Die Kolzov-Platte &#8222;Barbara Quelle&#8220; kann bei Pilzinfektionen noch mit den Platten Nr.1 und Nr.2 der blauen Serie kombiniert werden. Bei Erkrankungen der Mundschleimh\u00e4ute und des Zahnfleischs erg\u00e4nzen und verst\u00e4rken sich die Platten &#8222;Barbara Quelle&#8220; und &#8222;Gesunde Z\u00e4hne&#8220;. Wasser, das mit der Kolzov-Platte &#8222;Barbara Quelle&#8220; energetisiert wurde, kann sehr gut bei der Herstellung von hausgemachten Konserven verwendet werden, also beim Einmachen von Obst und Gem\u00fcse und beim Marmeladekochen. Alles bleibt knackiger und wird nicht schlecht. Die Platte kann auch f\u00fcr Haustiere, wie Katzen, Hunde, V\u00f6gel usw. verwendet und in der Viehwirtschaft sehr gut verwendet werden.<\/p>\n<p><em><u>Ergebnis im LIFE-TEST:<\/u>\u00a0Die Platte &#8222;Barbara Quelle&#8220; strahlt ebenfalls eine sehr hohe Energie von \u00fcber 40 000 Bovis aus. Sie aktiviert insbesondere das Herz-Chakra und steigert dessen Energie auf enorme 40 000 Bovis und das Wurzel-Chakra steigt auf 35 000 Bovis. Hals-Chakra und Blase-\/Sexual-Chakra steigern ihre Energie auf 28 000 Bovis. Stirn- und Solarplexus-Chakra verdreifachen ihre Energie auf 21 000 Bovis und das Kronen-Chakra verdoppelt seine Energie auf 14 000 Bovis.<\/em><\/p>\n<p><em><strong>Wichtiger Hinweis:<br \/>\nWir weisen ausdr\u00fccklich darauf hin, dass die Kolzov-Platte (russische Bezeichnung: &#8222;Korrektoren des funktionalen Zustands&#8220;) ein alternatives Energie- und Informationsprodukt ist und kein Heilmittel im Sinne der westlichen Schulmedizin. Vielmehr ist es ein rein energetisches Hilfsmittel zur ganzheitlichen Balancierung von energetischen Disharmonien und Blockaden. Informationen \u00fcber Qualit\u00e4t und Eigenschaften des Energieobjekts beziehen sich auf Aussagen des russischen Herstellers und alternativen Theorien zu Mensch und Umwelt, auf alternative Anschauungen und esoterische \u00dcberlieferungen oder Aussagen. Sie gelten nur im Sinne der esoterischen Lebensphilosophie und daran angelehnte Alternativheilkunde. Wirkungen im Sinne westlicher Wissenschaft oder Medizin werden hier nicht behauptet.<\/strong><\/em><\/p>","protected":false},"excerpt":{"rendered":"<p>Diese Platte wirkt umfassend entz\u00fcndungshemmend, antibakteriell sowie antimykotisch und unterst\u00fctzt die Regeneration bei Infektionen der Haut, des Mundraums sowie des Fortpflanzungssystems. Sie bietet zudem eine wertvolle Hilfe bei Computer-T\u00e4tigkeit, indem sie das Syndrom des \u201etrockenen Auges\u201c lindert, w\u00e4hrend sie gleichzeitig das Immunsystem st\u00e4rkt, die Magnesiumaufnahme verbessert und die Elastizit\u00e4t der Blutgef\u00e4\u00dfe sowie den Hormonhaushalt energetisch harmonisiert.<\/p>","protected":false},"featured_media":1899,"comment_status":"open","ping_status":"closed","template":"","meta":[],"product_brand":[],"product_cat":[32],"product_tag":[],"class_list":{"0":"post-2056","1":"product","2":"type-product","3":"status-publish","4":"has-post-thumbnail","6":"product_cat-collection-series","8":"first","9":"instock","10":"sale","11":"taxable","12":"shipping-taxable","13":"purchasable","14":"product-type-variable"},"_links":{"self":[{"href":"https:\/\/vigo-rio.com\/en\/wp-json\/wp\/v2\/product\/2056","targetHints":{"allow":["GET"]}}],"collection":[{"href":"https:\/\/vigo-rio.com\/en\/wp-json\/wp\/v2\/product"}],"about":[{"href":"https:\/\/vigo-rio.com\/en\/wp-json\/wp\/v2\/types\/product"}],"replies":[{"embeddable":true,"href":"https:\/\/vigo-rio.com\/en\/wp-json\/wp\/v2\/comments?post=2056"}],"wp:featuredmedia":[{"embeddable":true,"href":"https:\/\/vigo-rio.com\/en\/wp-json\/wp\/v2\/media\/1899"}],"wp:attachment":[{"href":"https:\/\/vigo-rio.com\/en\/wp-json\/wp\/v2\/media?parent=2056"}],"wp:term":[{"taxonomy":"product_brand","embeddable":true,"href":"https:\/\/vigo-rio.com\/en\/wp-json\/wp\/v2\/product_brand?post=2056"},{"taxonomy":"product_cat","embeddable":true,"href":"https:\/\/vigo-rio.com\/en\/wp-json\/wp\/v2\/product_cat?post=2056"},{"taxonomy":"product_tag","embeddable":true,"href":"https:\/\/vigo-rio.com\/en\/wp-json\/wp\/v2\/product_tag?post=2056"}],"curies":[{"name":"wp","href":"https:\/\/api.w.org\/{rel}","templated":true}]}}