{"id":2055,"date":"2026-01-18T21:45:16","date_gmt":"2026-01-18T21:45:16","guid":{"rendered":"https:\/\/vigo-rio.com\/?post_type=product&#038;p=2055"},"modified":"2026-02-09T23:06:13","modified_gmt":"2026-02-09T23:06:13","slug":"fc-balance","status":"publish","type":"product","link":"https:\/\/vigo-rio.com\/en\/product\/fc-balance\/","title":{"rendered":"FC Balance"},"content":{"rendered":"<p><strong>Kolzov-Platte &#8222;Balance&#8220;\u00a0&#8211; (Bauchspeicheldr\u00fcse)<br \/>\n&#8211; neueste Version mit 8-Elementen (8 enthaltenen Energiespeicher-Chips)<\/strong><\/p>\n<p><em>Die Aussagen beziehen sich auf alternative Testmethoden wie Meridianenergie-Messungen der Organfunktionskreisl\u00e4ufe nach TCM, Kirlian-Fotografie (EPG\/GDV-Kamera), Oberon, Amsat o.\u00e4. durch den Hersteller &#8222;Planet der Regionen&#8220; und stellen keine medizinische oder auf den physischen K\u00f6rper und dessen Organe bezogenen Aussage im Sinne der westlichen Schulmedizin dar.<br \/>\n<\/em><\/p>\n<p><strong>Die Platte ist in diesem Sinne vor allem geeignet f\u00fcr:<\/strong><\/p>\n<ul>\n<li>Unterst\u00fctzt die Regeneration und die korrekte Funktion der Bauchspeicheldr\u00fcse,<\/li>\n<li>wirkt unterst\u00fctzend bei der Prophylaxe und der Behebung von St\u00f6rungen der Insulinproduktion,<\/li>\n<li>bietet pr\u00e4ventive und korrektive Wirkung auf Prozesse im Zusammenhang mit der Insulinverwertung,<\/li>\n<li>unterst\u00fctzt die Regeneration und Regulation des Stoffwechsels (Metabolismus)<\/li>\n<li>unterst\u00fctzt die Regeneration der Blutzusammensetzung,<\/li>\n<li>stimuliert die Produktion von Antik\u00f6rpern und wirkt vorbeugend gegen virale Erkrankungen,<\/li>\n<li>unterst\u00fctzt die Regeneration und Verbesserung der Immunit\u00e4t.<\/li>\n<li>Auf der Kolzov-Platte sind Informationen der Maya-Energie, der Kanal &#8222;CHAO&#8220;, gespeichert.<\/li>\n<\/ul>\n<p>ZUR BEACHTUNG: bei dieser Platte sollte das Wasser zum Energetisieren mindestens 15 Sekunden lang darauf gestellt werden.<\/p>\n<p><em><u>Ergebnis im LIFE-TEST:<\/u>\u00a0Die Platte Balance strahlt ein neutrales, fluktuierendes Energiefeld von &#8222;nur&#8220; 28-35 000 Bovis aus. Dennoch steigen die beiden Vitalzentren Wurzel- und Herz-Chakra auf 40 000 Bovis, Kronen-, Hals- und Sexual-\/Blasen-Chakra auf ebenfalls starke 35 000 Bovis, Solarplexus-Chakra auf 28 000 Bovis und das Stirn-Chakra auf 21 00 Bovis.<\/em><\/p>\n<p><strong><em>Wichtiger Hinweis:<br \/>\nWir weisen ausdr\u00fccklich darauf hin, dass die Kolzov-Platte (russische Bezeichnung: &#8222;Korrektoren des funktionalen Zustands&#8220;) ein alternatives Energie- und Informationsprodukt ist und kein Heilmittel im Sinne der westlichen Schulmedizin. Vielmehr ist es ein rein energetisches Hilfsmittel zur ganzheitlichen Balancierung von energetischen Disharmonien und Blockaden. Informationen \u00fcber Qualit\u00e4t und Eigenschaften des Energieobjekts beziehen sich auf Aussagen des russischen Herstellers und alternativen Theorien zu Mensch und Umwelt, auf alternative Anschauungen und esoterische \u00dcberlieferungen oder Aussagen. Sie gelten nur im Sinne der esoterischen Lebensphilosophie und daran angelehnte Alternativheilkunde. Wirkungen im Sinne westlicher Wissenschaft oder Medizin werden hier nicht behauptet.<\/em><\/strong><\/p>","protected":false},"excerpt":{"rendered":"<p>Diese Platte unterst\u00fctzt gezielt die Regeneration und korrekte Funktion der Bauchspeicheldr\u00fcse sowie die Regulierung der Insulinproduktion und -verwertung. Sie f\u00f6rdert nachhaltig die Regeneration des Stoffwechsels und der Blutzusammensetzung, w\u00e4hrend sie gleichzeitig das Immunsystem durch die Stimulation von Antik\u00f6rpern st\u00e4rkt und energetischen Schutz vor viralen Erkrankungen bietet.<\/p>","protected":false},"featured_media":1903,"comment_status":"open","ping_status":"closed","template":"","meta":[],"product_brand":[],"product_cat":[32],"product_tag":[],"class_list":{"0":"post-2055","1":"product","2":"type-product","3":"status-publish","4":"has-post-thumbnail","6":"product_cat-collection-series","8":"first","9":"instock","10":"sale","11":"taxable","12":"shipping-taxable","13":"purchasable","14":"product-type-variable"},"_links":{"self":[{"href":"https:\/\/vigo-rio.com\/en\/wp-json\/wp\/v2\/product\/2055","targetHints":{"allow":["GET"]}}],"collection":[{"href":"https:\/\/vigo-rio.com\/en\/wp-json\/wp\/v2\/product"}],"about":[{"href":"https:\/\/vigo-rio.com\/en\/wp-json\/wp\/v2\/types\/product"}],"replies":[{"embeddable":true,"href":"https:\/\/vigo-rio.com\/en\/wp-json\/wp\/v2\/comments?post=2055"}],"wp:featuredmedia":[{"embeddable":true,"href":"https:\/\/vigo-rio.com\/en\/wp-json\/wp\/v2\/media\/1903"}],"wp:attachment":[{"href":"https:\/\/vigo-rio.com\/en\/wp-json\/wp\/v2\/media?parent=2055"}],"wp:term":[{"taxonomy":"product_brand","embeddable":true,"href":"https:\/\/vigo-rio.com\/en\/wp-json\/wp\/v2\/product_brand?post=2055"},{"taxonomy":"product_cat","embeddable":true,"href":"https:\/\/vigo-rio.com\/en\/wp-json\/wp\/v2\/product_cat?post=2055"},{"taxonomy":"product_tag","embeddable":true,"href":"https:\/\/vigo-rio.com\/en\/wp-json\/wp\/v2\/product_tag?post=2055"}],"curies":[{"name":"wp","href":"https:\/\/api.w.org\/{rel}","templated":true}]}}