{"id":2054,"date":"2026-01-18T21:44:38","date_gmt":"2026-01-18T21:44:38","guid":{"rendered":"https:\/\/vigo-rio.com\/?post_type=product&#038;p=2054"},"modified":"2026-04-18T07:27:49","modified_gmt":"2026-04-18T07:27:49","slug":"fc-anti-allergy","status":"publish","type":"product","link":"https:\/\/vigo-rio.com\/en\/product\/fc-anti-allergy\/","title":{"rendered":"FC Allergieschutz \/ Anti-Allergy"},"content":{"rendered":"<p><strong>Kolzov-Platte &#8222;Allergie-Schutz&#8220;\u00a0&#8211; (lindert alle Arten von Allergiesymptomen)<br \/>\n&#8211; neueste Version mit 8-Elementen (8 enthaltenen Energiespeicher-Chips)<br \/>\n<\/strong><\/p>\n<p>Die Kolzov-Platte &#8222;Allergie-Schutz&#8220; ist unverzichtbar f\u00fcr alle Allergiker, unabh\u00e4ngig von Herkunft des Allergens und Saisonalit\u00e4t der Erkrankung (Bl\u00fcte, Sonne, K\u00e4lte, etc.). Die Platte hilft, eine normale gesunde Abwehrreaktion zu erhalten und \u00fcbersch\u00e4umende Reaktionen zu lindern &#8211; egal, ob die allergischen Erscheinungen aufgrund von saisonalen Belastungen auftreten, durch Umweltverschmutzung, am Arbeitsplatz, durch Medikamente, Hormone etc.<\/p>\n<p><em>Die Aussagen beziehen sich auf alternative Testmethoden wie Meridianenergie-Messungen der Organfunktionskreisl\u00e4ufe nach TCM, Kirlian-Fotografie (EPG\/GDV-Kamera), Oberon, Amsat o.\u00e4. durch den Hersteller &#8222;Planet der Regionen&#8220; und stellen keine medizinische oder auf den physischen K\u00f6rper und dessen Organe bezogenen Aussage im Sinne der westlichen Schulmedizin dar.<\/em><\/p>\n<p><strong>Die Platte ist in diesem Sinne vor allem geeignet f\u00fcr:<\/strong><\/p>\n<ul>\n<li>Die Platte hilft im Energetischen das Auftreten allergischer Reaktionen im K\u00f6rper zu verhindern oder zumindest deutlich zu lindern. Sie beugt im Energetischen der Entstehung allergischer Reaktionen vom Typ &#8222;Antigen-Antik\u00f6rper&#8220; vor, f\u00f6rdert die Bildung von Immunkomplexen und die Ausscheidung von allergischen Komplexen.<\/li>\n<li>Sie erh\u00f6ht die Reaktionsschwelle des Immunsystems gegen\u00fcber verschiedenen Allergenen und verbessert dadurch die Immunit\u00e4t,<\/li>\n<li>hilft im Energetischen mit einer entz\u00fcndungshemmenden, antibakteriellen, antimykotischen, antiparasit\u00e4ren Wirkung bei allergischen Erkrankungen unterschiedlicher Genesis (Asthma bronchiale, allergische Rhinitis, allergische Konjunktivitis, Helminthosen-Allergien, etc.),<\/li>\n<li>lindert allergische Erscheinungen nichtinfekti\u00f6sen Charakters (z.B. bei nerv\u00f6s bedingten Allergien, Allergien auf Lebensmittel, Pharmazeutika, solare und andere Arten von Allergien),<\/li>\n<li>lindert die \u00e4u\u00dferen Anzeichen allergischer Reaktionen auch im Zustand der Verschlimmerung (Hautreizungen, verschiedene Hautausschl\u00e4ge, Dermatitis, Ekzeme, Psoriasis),<\/li>\n<li>behebt Atemschwierigkeiten und lindert Schleimhautschwellungen,<\/li>\n<li>hilft energetisch bei der komplexen Behandlung allergischer Erscheinungen bei verschiedenen St\u00f6rungen des Hormonspiegels zur Korrektur des Stoffwechsels<\/li>\n<li>hilft im Energetischen eventuelle Stoffwechselst\u00f6rungen bei chronischer Einnahme von Medikamenten zu lindern oder vorzubeugen,<\/li>\n<li>tr\u00e4gt zur Erhaltung der normalen Mikroflora der Schleimh\u00e4ute und Haut bei,<\/li>\n<li>hilft energetisch allergischen Erkrankungen, die durch psychosomatische Erkrankungen, langandauernden nerv\u00f6sen Stress verursacht werden, vorzubeugen.<\/li>\n<\/ul>\n<p>Auf der Kolzov-Platte sind unter anderem die Informationen des Wassers einer der Heilquellen von Shargalzhut in Bayankhongor Aimak, Mongolei, gespeichert-<\/p>\n<p>ZUR BEACHTUNG: bei dieser Platte sollte das Wasser zum Energetisieren mindestens 1 Minute lang darauf gestellt werden.<\/p>\n<p>TIPP 1: Die Kolzov-Platte &#8222;Allergie-Schutz&#8220; arbeitet sehr gut mit den Platten Nr. 1, 2, 5, &#8222;Gesunde Lunge&#8220;, Extra-HNO&#8220;, &#8222;Schl\u00fcssel der Gesundheit&#8220;, &#8222;Indi&#8220; und &#8222;Kamerton&#8220; zusammen und kann durch diese unterst\u00fctzt und verst\u00e4rkt werden. Nat\u00fcrlich sollte dennoch auf bisherige Empfehlungen etwa zur Ern\u00e4hrung geachtet werden. Darmgesunde Ern\u00e4hrung und Stressreduzierung haben einen positiven Einfluss bei Allergien.<\/p>\n<p>TIPP 2: Die Kolzov-Platte &#8222;Allergie-Schutz&#8220; kann auch zum Energetisieren und Informieren von Salben und Cremes verwendet werden, zum Bespr\u00fchen der Haut oder befeuchten von Umschl\u00e4gen mit damit energetisiertem Wasser.<\/p>\n<p><em><u>Ergebnis im LIFE-TEST:<\/u>\u00a0Die Platte&#8220;Allergie-Schutz&#8220; strahlt ebenfalls eine sehr hohe Energie von \u00fcber 40 000 Bovis aus. Durch ihre Energie werden insbesondere Solarplexus-Chakra, Hals-Chakra und Herz-Chakra auf enorme 40 000 Bovis aufgeladen. Das Stirn-Chakra steigt in seiner Energie auf 35 000 Bovis, Wurzel- und Kronen-Chakra auf 28 000 Bovis und Blase-\/Sexual-Chakra auf 21 00 Bovis.<\/em><\/p>\n<p><em><strong>Wichtiger Hinweis:<br \/>\nWir weisen ausdr\u00fccklich darauf hin, dass die Kolzov-Platte (russische Bezeichnung: &#8222;Korrektoren des funktionalen Zustands&#8220;) ein alternatives Energie- und Informationsprodukt ist und kein Heilmittel im Sinne der westlichen Schulmedizin. Vielmehr ist es ein rein energetisches Hilfsmittel zur ganzheitlichen Balancierung von energetischen Disharmonien und Blockaden. Informationen \u00fcber Qualit\u00e4t und Eigenschaften des Energieobjekts beziehen sich auf Aussagen des russischen Herstellers und alternativen Theorien zu Mensch und Umwelt, auf alternative Anschauungen und esoterische \u00dcberlieferungen oder Aussagen. Sie gelten nur im Sinne der esoterischen Lebensphilosophie und daran angelehnte Alternativheilkunde. Wirkungen im Sinne westlicher Wissenschaft oder Medizin werden hier nicht behauptet.<\/strong><\/em><\/p>","protected":false},"excerpt":{"rendered":"<p>Diese Platte bietet einen unverzichtbaren energetischen Schutz f\u00fcr Allergiker und hilft dabei, \u00fcberschie\u00dfende Reaktionen auf saisonale Belastungen, Umweltfaktoren oder Lebensmittel deutlich zu lindern. Sie erh\u00f6ht die Reaktionsschwelle des Immunsystems, wirkt energetisch entz\u00fcndungshemmend bei Atemwegs- sowie Hautbeschwerden und unterst\u00fctzt die Aufrechterhaltung einer gesunden Mikroflora sowie eines harmonischen Stoffwechsels.<\/p>","protected":false},"featured_media":1904,"comment_status":"open","ping_status":"closed","template":"","meta":[],"product_brand":[],"product_cat":[32],"product_tag":[],"class_list":{"0":"post-2054","1":"product","2":"type-product","3":"status-publish","4":"has-post-thumbnail","6":"product_cat-collection-series","8":"first","9":"instock","10":"sale","11":"taxable","12":"shipping-taxable","13":"purchasable","14":"product-type-variable"},"_links":{"self":[{"href":"https:\/\/vigo-rio.com\/en\/wp-json\/wp\/v2\/product\/2054","targetHints":{"allow":["GET"]}}],"collection":[{"href":"https:\/\/vigo-rio.com\/en\/wp-json\/wp\/v2\/product"}],"about":[{"href":"https:\/\/vigo-rio.com\/en\/wp-json\/wp\/v2\/types\/product"}],"replies":[{"embeddable":true,"href":"https:\/\/vigo-rio.com\/en\/wp-json\/wp\/v2\/comments?post=2054"}],"wp:featuredmedia":[{"embeddable":true,"href":"https:\/\/vigo-rio.com\/en\/wp-json\/wp\/v2\/media\/1904"}],"wp:attachment":[{"href":"https:\/\/vigo-rio.com\/en\/wp-json\/wp\/v2\/media?parent=2054"}],"wp:term":[{"taxonomy":"product_brand","embeddable":true,"href":"https:\/\/vigo-rio.com\/en\/wp-json\/wp\/v2\/product_brand?post=2054"},{"taxonomy":"product_cat","embeddable":true,"href":"https:\/\/vigo-rio.com\/en\/wp-json\/wp\/v2\/product_cat?post=2054"},{"taxonomy":"product_tag","embeddable":true,"href":"https:\/\/vigo-rio.com\/en\/wp-json\/wp\/v2\/product_tag?post=2054"}],"curies":[{"name":"wp","href":"https:\/\/api.w.org\/{rel}","templated":true}]}}