{"id":2050,"date":"2026-01-18T21:31:10","date_gmt":"2026-01-18T21:31:10","guid":{"rendered":"https:\/\/vigo-rio.com\/?post_type=product&#038;p=2050"},"modified":"2026-02-04T19:53:35","modified_gmt":"2026-02-04T19:53:35","slug":"fc-22-black-mountain","status":"publish","type":"product","link":"https:\/\/vigo-rio.com\/en\/product\/fc-22-black-mountain\/","title":{"rendered":"FC Schwarzer Berg\/ Black Mountain"},"content":{"rendered":"<p><strong>Kolzov-Platte &#8222;Schwarzer Berg&#8220; (Black Mountain)\u00a0&#8211; (f\u00fcr Wunscherf\u00fcllung, st\u00e4rkt die Durchsetzungskraft und m\u00e4nnliche Aspekte, Kraftplatz Berg in W\u00fcste Gobi)<br \/>\n&#8211; neueste Version mit 8-Elementen (8 enthaltenen Energiespeicher-Chips)<\/strong><\/p>\n<p>Black Mountain, der Schwarze Berg, ist der ber\u00fchmteste Berg in der W\u00fcste Gobi (1032 Meter hoch). Er liegt 23 Kilometer s\u00fcd\u00f6stlich des Klosters Khamarin-Hid (siehe die neue Kolzov-Platte &#8222;Shambala&#8220;). Der wirkliche Name des Black Mountain, sein &#8222;Geistname&#8220; und seine spirituelle Bedeutung ist &#8222;Reiches Herz&#8220; bzw. &#8222;Innerer Reichtum&#8220; (&#8222;Bayanzurkh&#8220;) &#8211; der Grund daf\u00fcr ist: Menschen, die den Berg ehren, werden in vielf\u00e4ltiger Weise beschenkt und ihre W\u00fcnsche erf\u00fcllen sich &#8211; daher auch sein Beiname &#8222;Juwel, das W\u00fcnsche wahr macht&#8220;. Seit vielen Jahrhunderten ist es bei den Mongolen Tradition, ihre heiligen Berge als g\u00f6ttliche Kraftorte zu ehren, Opfergaben dort darzubringen und ihnen W\u00fcnsche anzuvertrauen. Im schamanisch gepr\u00e4gten Buddhismus der Mongolei kommen seit alters her auch die Lamas an solchen Orten zusammen, um zu beten, um die Energien von Land, Mensch und Tier zu reinigen und dem G\u00f6ttlichen zu opfern. Der Black Mountain ist ein ganz besonderer Kraftort. Aufgrund seiner Energie zieht er heute tausende Pilger aus der ganzen Welt an. Sie kommen, um hier die Ber\u00fchrung mit der grenzenlosen, allm\u00e4chtigen, nicht enden wollenden Energie des Universums zu erleben. Oft steigen nicht nur M\u00e4nner, sondern auch kleine Kinder des steilen, unbefestigten Pfad hinauf auf den Gipfel. Dort schreiben sie ihre Herzensw\u00fcnsche auf ein St\u00fcck Papier und verbrennen dieses, damit der Wunsch in die g\u00f6ttliche Dimension transformiert wird und lassen ein blaues Tuch als Verehrung zur\u00fcck. Frauen d\u00fcrfen den Berggipfel nicht besteigen und verrichten ihre Gebete und Wunschopfer am Fu\u00dfe des Berges.<\/p>\n<p><em>Die Aussagen beziehen sich auf alternative Testmethoden wie Meridianenergie-Messungen der Organfunktionskreisl\u00e4ufe nach TCM, Kirlian-Fotografie (EPG\/GDV-Kamera), Oberon, Amsat o.\u00e4. durch den Hersteller &#8222;Planet der Regionen&#8220; und stellen keine medizinische oder auf den physischen K\u00f6rper und dessen Organe bezogenen Aussage im Sinne der westlichen Schulmedizin dar.<\/em><\/p>\n<p><strong>Die Platte ist in diesem Sinne vor allem geeignet f\u00fcr:<\/strong><\/p>\n<ul>\n<li>erleichtert die Erf\u00fcllung und Umsetzung von W\u00fcnschen &#8211; egal, ob M\u00e4nnern oder Frauen,<\/li>\n<li>tr\u00e4gt zur Harmonisierung in den verschiedenen Bereichen des Lebens bei (im Beruf und Privat),<\/li>\n<li>beseitigt psychologische Hindernisse, die mit dem Setzen und Erreichen von Zielen verbunden sind,<\/li>\n<li>st\u00e4rkt die Yang-Kr\u00e4fte, die m\u00e4nnlichen Energien und das Selbstbewusstsein<\/li>\n<li>Zus\u00e4tzlich ist die Platte bei M\u00e4nnern hilfreich f\u00fcr:<\/li>\n<li>hilft M\u00e4nnern, sich selbst zu finden und den Sinn in ihrem Leben zu erkennen,<\/li>\n<li>hilft bei der psychische Reifung und Entwicklung vom Jugendlichen zum Mann (auch noch im Erwachsenenalter),<\/li>\n<li>harmonisiert das Sexualleben und st\u00e4rkt die sexuelle Energie und Potenz des Mannes.<\/li>\n<\/ul>\n<p>ZUR BEACHTUNG: Die Aktivierungszeit von Wasser auf der Platte betr\u00e4gt mindestens 15 Sekunden.<\/p>\n<p><em><u>Ergebnis im LIFE-TEST:\u00a0<\/u>Die Kolzov-Platte &#8222;Schwarzer Berg&#8220; hat ein neutrales Energiefeld mit einer Abstrahlung von 40 000 Bovis. Damit aktiviert sie gleich 3 Chakras auf 40 000 Bovis: Kronen-, Stirn- und Solarplexus-Chakra, wobei letzteres sogar auf deutlich \u00fcber 40 000 Bovis steigt. Das Herz-Charka steigt auf 35 000 Bovis, das Sexual- bzw. Blasen-Chakra auf 28000 Bovis, Hals- und Wurzel-Chakra auf 21 000 Bovis. Durch die Aufladung der Chakras w\u00e4chst der bioenergetische Reaktionsabstand von zirka 75 Zentimetern um den K\u00f6rper auf 1,60 Meter.<\/em><\/p>\n<p><strong>Wichtiger Hinweis:<br \/>\nWir weisen ausdr\u00fccklich darauf hin, dass die Kolzov-Platte (russische Bezeichnung: &#8222;Korrektoren des funktionalen Zustands&#8220;) ein alternatives Energie- und Informationsprodukt ist und kein Heilmittel im Sinne der westlichen Schulmedizin. Vielmehr ist es ein rein energetisches Hilfsmittel zur ganzheitlichen Balancierung von energetischen Disharmonien und Blockaden. Informationen \u00fcber Qualit\u00e4t und Eigenschaften des Energieobjekts beziehen sich auf Aussagen des russischen Herstellers und alternativen Theorien zu Mensch und Umwelt, auf alternative Anschauungen und esoterische \u00dcberlieferungen oder Aussagen. Sie gelten nur im Sinne der esoterischen Lebensphilosophie und daran angelehnte Alternativheilkunde. Wirkungen im Sinne westlicher Wissenschaft oder Medizin werden hier nicht behauptet.<\/strong><\/p>","protected":false},"excerpt":{"rendered":"<p>f\u00fcr Wunscherf\u00fcllung, Durchsetzungsverm\u00f6gen und m\u00e4nnliche Aspekte.<\/p>","protected":false},"featured_media":1911,"comment_status":"open","ping_status":"closed","template":"","meta":[],"product_brand":[],"product_cat":[31],"product_tag":[],"class_list":{"0":"post-2050","1":"product","2":"type-product","3":"status-publish","4":"has-post-thumbnail","6":"product_cat-exclusive-series","8":"first","9":"instock","10":"sale","11":"taxable","12":"shipping-taxable","13":"purchasable","14":"product-type-variable"},"_links":{"self":[{"href":"https:\/\/vigo-rio.com\/en\/wp-json\/wp\/v2\/product\/2050","targetHints":{"allow":["GET"]}}],"collection":[{"href":"https:\/\/vigo-rio.com\/en\/wp-json\/wp\/v2\/product"}],"about":[{"href":"https:\/\/vigo-rio.com\/en\/wp-json\/wp\/v2\/types\/product"}],"replies":[{"embeddable":true,"href":"https:\/\/vigo-rio.com\/en\/wp-json\/wp\/v2\/comments?post=2050"}],"wp:featuredmedia":[{"embeddable":true,"href":"https:\/\/vigo-rio.com\/en\/wp-json\/wp\/v2\/media\/1911"}],"wp:attachment":[{"href":"https:\/\/vigo-rio.com\/en\/wp-json\/wp\/v2\/media?parent=2050"}],"wp:term":[{"taxonomy":"product_brand","embeddable":true,"href":"https:\/\/vigo-rio.com\/en\/wp-json\/wp\/v2\/product_brand?post=2050"},{"taxonomy":"product_cat","embeddable":true,"href":"https:\/\/vigo-rio.com\/en\/wp-json\/wp\/v2\/product_cat?post=2050"},{"taxonomy":"product_tag","embeddable":true,"href":"https:\/\/vigo-rio.com\/en\/wp-json\/wp\/v2\/product_tag?post=2050"}],"curies":[{"name":"wp","href":"https:\/\/api.w.org\/{rel}","templated":true}]}}